{"id":11967,"date":"2025-09-16T15:34:12","date_gmt":"2025-09-16T12:34:12","guid":{"rendered":"https:\/\/arpon.com.tr\/energy-study\/"},"modified":"2025-12-10T11:07:50","modified_gmt":"2025-12-10T08:07:50","slug":"energy-study","status":"publish","type":"page","link":"https:\/\/arpon.com.tr\/en\/service\/energy-study\/","title":{"rendered":"Energy Study"},"content":{"rendered":"\t\t<div data-elementor-type=\"wp-page\" data-elementor-id=\"11967\" class=\"elementor elementor-11967 elementor-4568\">\n\t\t\t\t<div class=\"wd-negative-gap elementor-element elementor-element-04a07ce e-flex e-con-boxed e-con e-parent\" data-id=\"04a07ce\" data-element_type=\"container\" data-e-type=\"container\">\n\t\t\t\t\t<div class=\"e-con-inner\">\n\t\t\t\t<div class=\"elementor-element elementor-element-6f05297 wd-el-breadcrumbs text-left elementor-widget elementor-widget-wd_wc_breadcrumb\" data-id=\"6f05297\" data-element_type=\"widget\" data-e-type=\"widget\" data-widget_type=\"wd_wc_breadcrumb.default\">\n\t\t\t\t<div class=\"elementor-widget-container\">\n\t\t\t\t\t<nav class=\"wd-breadcrumbs woocommerce-breadcrumb\" aria-label=\"Breadcrumb\">\t\t\t\t<span class=\"wd-last\">\n\t\t\t\t\tHome\t\t\t\t<\/span>\n\t\t\t<\/nav>\t\t\t\t<\/div>\n\t\t\t\t<\/div>\n\t\t\t\t\t<\/div>\n\t\t\t\t<\/div>\n\t\t<div class=\"wd-negative-gap elementor-element elementor-element-fe9d2e4 e-grid e-con-boxed e-con e-parent\" data-id=\"fe9d2e4\" data-element_type=\"container\" data-e-type=\"container\">\n\t\t\t\t\t<div class=\"e-con-inner\">\n\t\t\t\t<div class=\"elementor-element elementor-element-b15f198 elementor-widget elementor-widget-wd_text_block\" data-id=\"b15f198\" data-element_type=\"widget\" data-e-type=\"widget\" data-widget_type=\"wd_text_block.default\">\n\t\t\t\t<div class=\"elementor-widget-container\">\n\t\t\t\t\t\t\t<div class=\"wd-text-block reset-last-child text-left\">\n\t\t\t\n\t\t\t<p><span style=\"font-family: georgia, palatino; font-size: 24pt; color: #b8be14;\"><em>\"A clean future lies in the energy we share\"<\/em><\/span><\/p><p>Climate change, industrialization, and population growth are increasing the importance of efficient use of water resources worldwide. By 2030, approximately <strong>700 million people are expected to leave their regions due to water scarcity<\/strong>. Although 70% of the Earth's surface consists of water, <strong>freshwater accounts for only 2.5%<\/strong>. It is estimated that half of the world's population will live in regions with limited water resources by 2025.<\/p><p>According to Global Water Institute and UNICEF data, <strong>one in four primary schools worldwide lacks access to clean drinking water<\/strong> and <strong>more than 700 children die daily<\/strong> from diseases caused by unsanitary water sources. Additionally, <strong>2.1 billion people worldwide cannot access clean water<\/strong>. The use of 70% of freshwater in agriculture, increasing population, and water consumption for cooling in energy production clearly demonstrate that <strong>resources need to be managed more efficiently<\/strong>.<\/p>\n\t\t\t\t\t<\/div>\n\t\t\t\t\t\t<\/div>\n\t\t\t\t<\/div>\n\t\t\t\t<div class=\"elementor-element elementor-element-855ccc9 elementor-widget elementor-widget-wd_image_or_svg\" data-id=\"855ccc9\" data-element_type=\"widget\" data-e-type=\"widget\" data-widget_type=\"wd_image_or_svg.default\">\n\t\t\t\t<div class=\"elementor-widget-container\">\n\t\t\t\t\t\n\t\t<div class=\"wd-image text-center\">\n\t\t\t\t\t\t\t\t<img fetchpriority=\"high\" decoding=\"async\" width=\"1000\" height=\"575\" src=\"https:\/\/arpon.com.tr\/wp-content\/uploads\/2025\/10\/shutterstock_2080115443-enerji-etud.jpg\" class=\"attachment-full size-full\" alt=\"\" srcset=\"https:\/\/arpon.com.tr\/wp-content\/uploads\/2025\/10\/shutterstock_2080115443-enerji-etud.jpg 1000w, https:\/\/arpon.com.tr\/wp-content\/uploads\/2025\/10\/shutterstock_2080115443-enerji-etud-150x86.jpg 150w, https:\/\/arpon.com.tr\/wp-content\/uploads\/2025\/10\/shutterstock_2080115443-enerji-etud-300x173.jpg 300w, https:\/\/arpon.com.tr\/wp-content\/uploads\/2025\/10\/shutterstock_2080115443-enerji-etud-768x442.jpg 768w\" sizes=\"(max-width: 1000px) 100vw, 1000px\" \/>\t\t\t\t\t<\/div>\n\n\t\t\t\t\t\t<\/div>\n\t\t\t\t<\/div>\n\t\t\t\t\t<\/div>\n\t\t\t\t<\/div>\n\t\t<div class=\"wd-negative-gap elementor-element elementor-element-4829726 e-grid e-con-boxed e-con e-parent\" data-id=\"4829726\" data-element_type=\"container\" data-e-type=\"container\">\n\t\t\t\t\t<div class=\"e-con-inner\">\n\t\t\t\t<div class=\"elementor-element elementor-element-48a8af7 elementor-widget elementor-widget-wd_image_or_svg\" data-id=\"48a8af7\" data-element_type=\"widget\" data-e-type=\"widget\" data-widget_type=\"wd_image_or_svg.default\">\n\t\t\t\t<div class=\"elementor-widget-container\">\n\t\t\t\t\t\n\t\t<div class=\"wd-image text-center\">\n\t\t\t\t\t\t\t\t<img decoding=\"async\" width=\"550\" height=\"365\" src=\"https:\/\/arpon.com.tr\/wp-content\/uploads\/2025\/10\/enerji-etud.jpg\" class=\"attachment-full size-full\" alt=\"\" srcset=\"https:\/\/arpon.com.tr\/wp-content\/uploads\/2025\/10\/enerji-etud.jpg 550w, https:\/\/arpon.com.tr\/wp-content\/uploads\/2025\/10\/enerji-etud-150x100.jpg 150w, https:\/\/arpon.com.tr\/wp-content\/uploads\/2025\/10\/enerji-etud-300x199.jpg 300w\" sizes=\"(max-width: 550px) 100vw, 550px\" \/>\t\t\t\t\t<\/div>\n\n\t\t\t\t\t\t<\/div>\n\t\t\t\t<\/div>\n\t\t\t\t<div class=\"elementor-element elementor-element-5e8c088 elementor-widget elementor-widget-wd_text_block\" data-id=\"5e8c088\" data-element_type=\"widget\" data-e-type=\"widget\" data-widget_type=\"wd_text_block.default\">\n\t\t\t\t<div class=\"elementor-widget-container\">\n\t\t\t\t\t\t\t<div class=\"wd-text-block reset-last-child text-left\">\n\t\t\t\n\t\t\t<p>By changing energy usage methods, it is possible to meet the needs of both current and future generations more effectively. Particularly, <strong>improvements in pump systems<\/strong> provide significant benefits in terms of operating costs as well as environmental sustainability. Approximately <strong>10% of the world's electrical energy is consumed by pumps<\/strong>. By upgrading pumps in old and inefficient systems, <strong>savings of up to 4% in global energy consumption<\/strong> can be achieved. This also contributes to <strong>reducing CO\u2082 emissions<\/strong> and <strong>lowering maintenance and repair costs<\/strong>.<\/p><p>Today, energy efficiency has become increasingly critical. Many businesses are working to reduce energy consumption and develop sustainable solutions. <strong>Arpon, the representative of world-leading brands in pump solutions<\/strong>, plays an important role in this field.<\/p>\n\t\t\t\t\t<\/div>\n\t\t\t\t\t\t<\/div>\n\t\t\t\t<\/div>\n\t\t\t\t\t<\/div>\n\t\t\t\t<\/div>\n\t\t<div class=\"wd-negative-gap elementor-element elementor-element-7f33c71 e-grid e-con-boxed e-con e-parent\" data-id=\"7f33c71\" data-element_type=\"container\" data-e-type=\"container\">\n\t\t\t\t\t<div class=\"e-con-inner\">\n\t\t\t\t<div class=\"elementor-element elementor-element-3ce763b elementor-widget elementor-widget-wd_text_block\" data-id=\"3ce763b\" data-element_type=\"widget\" data-e-type=\"widget\" data-widget_type=\"wd_text_block.default\">\n\t\t\t\t<div class=\"elementor-widget-container\">\n\t\t\t\t\t\t\t<div class=\"wd-text-block reset-last-child text-left\">\n\t\t\t\n\t\t\t<p><strong>Arpon Energy Study<\/strong> is a <strong>measurement and analysis system<\/strong> developed to <strong>identify unnecessary energy consumption<\/strong> in pumping systems. In energy audits conducted by Arpon experts, parameters such as <strong>flow rate, pressure, temperature, water level, and energy consumption<\/strong> are measured. Following the audit, the overall efficiency of the system is evaluated and <strong>energy savings, CO\u2082 emission reduction, and investment payback period<\/strong> are calculated.<\/p><p>This study provides businesses with:<\/p><ul><li><strong>Energy savings of up to 70%<\/strong>,<\/li><li><strong>Reduction in CO\u2082 emissions<\/strong>,<\/li><li><strong>Maximum efficiency in pumps<\/strong>,<\/li><li><strong>Lower maintenance and operating costs<\/strong>,<\/li><li><strong>Technical support for energy management units<\/strong>.<\/li><\/ul><p>Arpon extends the life of your pumps, reduces maintenance costs, and <strong>maximizes energy efficiency<\/strong> by providing <strong>reliable, measurable, and sustainable solutions<\/strong> at every stage.<\/p><p>Conserving energy means protecting the future. For energy analysis and sustainable solutions in your pump systems, <span style=\"text-decoration: underline;\"><span style=\"color: #6aaae4;\"><a style=\"color: #6aaae4; text-decoration: underline;\" href=\"https:\/\/arpon.com.tr\/en\/contact-us\/\">contact<\/a><\/span><\/span> Arpon experts.<\/p>\n\t\t\t\t\t<\/div>\n\t\t\t\t\t\t<\/div>\n\t\t\t\t<\/div>\n\t\t\t\t<div class=\"elementor-element elementor-element-47945c0 elementor-widget elementor-widget-wd_image_or_svg\" data-id=\"47945c0\" data-element_type=\"widget\" data-e-type=\"widget\" data-widget_type=\"wd_image_or_svg.default\">\n\t\t\t\t<div class=\"elementor-widget-container\">\n\t\t\t\t\t\n\t\t<div class=\"wd-image text-center\">\n\t\t\t\t\t\t\t\t<img decoding=\"async\" width=\"600\" height=\"450\" src=\"https:\/\/arpon.com.tr\/wp-content\/uploads\/2025\/10\/enerji-etudu-kutu-foto-fotor-20251023102241-600x450.jpg\" class=\"attachment-600x450 size-600x450\" alt=\"\" \/>\t\t\t\t\t<\/div>\n\n\t\t\t\t\t\t<\/div>\n\t\t\t\t<\/div>\n\t\t\t\t\t<\/div>\n\t\t\t\t<\/div>\n\t\t\t\t<\/div>\n\t\t","protected":false},"excerpt":{"rendered":"<p>Ana Sayfa &#8220;A clean future lies in the energy we share&#8221; Climate change, industrialization, and population growth are increasing the<\/p>\n","protected":false},"author":1,"featured_media":0,"parent":11987,"menu_order":30,"comment_status":"closed","ping_status":"closed","template":"elementor_header_footer","meta":{"_acf_changed":false,"_angie_page":false,"_eb_attr":"","footnotes":""},"page_tag":[],"class_list":["post-11967","page","type-page","status-publish","hentry"],"acf":[],"yoast_head":"<!-- This site is optimized with the Yoast SEO Premium plugin v27.3 (Yoast SEO v27.4) - https:\/\/yoast.com\/product\/yoast-seo-premium-wordpress\/ -->\n<title>Energy Study - ARPON | Pompa,Blower,Dif\u00fcz\u00f6r,Dozaj,End\u00fcstriyel Hava Filtrasyon<\/title>\n<meta name=\"robots\" content=\"index, follow, max-snippet:-1, max-image-preview:large, max-video-preview:-1\" \/>\n<link rel=\"canonical\" href=\"https:\/\/arpon.com.tr\/en\/service\/energy-study\/\" \/>\n<meta property=\"og:locale\" content=\"en_US\" \/>\n<meta property=\"og:type\" content=\"article\" \/>\n<meta property=\"og:title\" content=\"Energy Study\" \/>\n<meta property=\"og:description\" content=\"Ana Sayfa &#8220;A clean future lies in the energy we share&#8221; Climate change, industrialization, and population growth are increasing the\" \/>\n<meta property=\"og:url\" content=\"https:\/\/arpon.com.tr\/en\/service\/energy-study\/\" \/>\n<meta property=\"og:site_name\" content=\"ARPON | Pompa,Blower,Dif\u00fcz\u00f6r,Dozaj,End\u00fcstriyel Hava Filtrasyon\" \/>\n<meta property=\"article:modified_time\" content=\"2025-12-10T08:07:50+00:00\" \/>\n<meta property=\"og:image\" content=\"https:\/\/arpon.com.tr\/wp-content\/uploads\/2025\/10\/shutterstock_2080115443-enerji-etud.jpg\" \/>\n<meta name=\"twitter:card\" content=\"summary_large_image\" \/>\n<meta name=\"twitter:label1\" content=\"Est. reading time\" \/>\n\t<meta name=\"twitter:data1\" content=\"2 minutes\" \/>\n<!-- \/ Yoast SEO Premium plugin. -->","yoast_head_json":{"title":"Energy Study - ARPON | Pompa,Blower,Dif\u00fcz\u00f6r,Dozaj,End\u00fcstriyel Hava Filtrasyon","robots":{"index":"index","follow":"follow","max-snippet":"max-snippet:-1","max-image-preview":"max-image-preview:large","max-video-preview":"max-video-preview:-1"},"canonical":"https:\/\/arpon.com.tr\/en\/service\/energy-study\/","og_locale":"en_US","og_type":"article","og_title":"Energy Study","og_description":"Ana Sayfa &#8220;A clean future lies in the energy we share&#8221; Climate change, industrialization, and population growth are increasing the","og_url":"https:\/\/arpon.com.tr\/en\/service\/energy-study\/","og_site_name":"ARPON | Pompa,Blower,Dif\u00fcz\u00f6r,Dozaj,End\u00fcstriyel Hava Filtrasyon","article_modified_time":"2025-12-10T08:07:50+00:00","og_image":[{"url":"https:\/\/arpon.com.tr\/wp-content\/uploads\/2025\/10\/shutterstock_2080115443-enerji-etud.jpg","type":"","width":"","height":""}],"twitter_card":"summary_large_image","twitter_misc":{"Est. reading time":"2 minutes"},"schema":{"@context":"https:\/\/schema.org","@graph":[{"@type":"WebPage","@id":"https:\/\/arpon.com.tr\/en\/service\/energy-study\/","url":"https:\/\/arpon.com.tr\/en\/service\/energy-study\/","name":"Energy Study - ARPON | Pompa,Blower,Dif\u00fcz\u00f6r,Dozaj,End\u00fcstriyel Hava Filtrasyon","isPartOf":{"@id":"https:\/\/arpon.com.tr\/en\/#website"},"primaryImageOfPage":{"@id":"https:\/\/arpon.com.tr\/en\/service\/energy-study\/#primaryimage"},"image":{"@id":"https:\/\/arpon.com.tr\/en\/service\/energy-study\/#primaryimage"},"thumbnailUrl":"https:\/\/arpon.com.tr\/wp-content\/uploads\/2025\/10\/shutterstock_2080115443-enerji-etud.jpg","datePublished":"2025-09-16T12:34:12+00:00","dateModified":"2025-12-10T08:07:50+00:00","breadcrumb":{"@id":"https:\/\/arpon.com.tr\/en\/service\/energy-study\/#breadcrumb"},"inLanguage":"en-US","potentialAction":[{"@type":"ReadAction","target":["https:\/\/arpon.com.tr\/en\/service\/energy-study\/"]}]},{"@type":"ImageObject","inLanguage":"en-US","@id":"https:\/\/arpon.com.tr\/en\/service\/energy-study\/#primaryimage","url":"https:\/\/arpon.com.tr\/wp-content\/uploads\/2025\/10\/shutterstock_2080115443-enerji-etud.jpg","contentUrl":"https:\/\/arpon.com.tr\/wp-content\/uploads\/2025\/10\/shutterstock_2080115443-enerji-etud.jpg"},{"@type":"BreadcrumbList","@id":"https:\/\/arpon.com.tr\/en\/service\/energy-study\/#breadcrumb","itemListElement":[{"@type":"ListItem","position":1,"name":"Anasayfa","item":"https:\/\/arpon.com.tr\/en\/"},{"@type":"ListItem","position":2,"name":"Service","item":"https:\/\/arpon.com.tr\/en\/service\/"},{"@type":"ListItem","position":3,"name":"Energy Study"}]},{"@type":"WebSite","@id":"https:\/\/arpon.com.tr\/en\/#website","url":"https:\/\/arpon.com.tr\/en\/","name":"ARPON | Pompa, Blower, Dif\u00fcz\u00f6r, Dozaj, End\u00fcstriyel Hava Filtrasyon","description":"ARPON","publisher":{"@id":"https:\/\/arpon.com.tr\/en\/#organization"},"potentialAction":[{"@type":"SearchAction","target":{"@type":"EntryPoint","urlTemplate":"https:\/\/arpon.com.tr\/en\/?s={search_term_string}"},"query-input":{"@type":"PropertyValueSpecification","valueRequired":true,"valueName":"search_term_string"}}],"inLanguage":"en-US"},{"@type":["Organization","Place"],"@id":"https:\/\/arpon.com.tr\/en\/#organization","name":"Arpon End\u00fcstriyel Ekipmanlar San. Tic. Ltd. \u015eti.","url":"https:\/\/arpon.com.tr\/en\/","logo":{"@id":"https:\/\/arpon.com.tr\/en\/service\/energy-study\/#local-main-organization-logo"},"image":{"@id":"https:\/\/arpon.com.tr\/en\/service\/energy-study\/#local-main-organization-logo"},"sameAs":["https:\/\/www.youtube.com\/channel\/UCwjBY3SvkX5IBFH4PsIOaxw","https:\/\/www.linkedin.com\/company\/arpon-endstriyel"],"telephone":[],"openingHoursSpecification":[{"@type":"OpeningHoursSpecification","dayOfWeek":["Monday","Tuesday","Wednesday","Thursday","Friday","Saturday","Sunday"],"opens":"09:00","closes":"17:00"}]},{"@type":"ImageObject","inLanguage":"en-US","@id":"https:\/\/arpon.com.tr\/en\/service\/energy-study\/#local-main-organization-logo","url":"https:\/\/arpon.com.tr\/wp-content\/uploads\/2025\/10\/arpon-default.png","contentUrl":"https:\/\/arpon.com.tr\/wp-content\/uploads\/2025\/10\/arpon-default.png","width":300,"height":200,"caption":"Arpon End\u00fcstriyel Ekipmanlar San. Tic. Ltd. \u015eti."}]}},"_links":{"self":[{"href":"https:\/\/arpon.com.tr\/en\/wp-json\/wp\/v2\/pages\/11967","targetHints":{"allow":["GET"]}}],"collection":[{"href":"https:\/\/arpon.com.tr\/en\/wp-json\/wp\/v2\/pages"}],"about":[{"href":"https:\/\/arpon.com.tr\/en\/wp-json\/wp\/v2\/types\/page"}],"author":[{"embeddable":true,"href":"https:\/\/arpon.com.tr\/en\/wp-json\/wp\/v2\/users\/1"}],"replies":[{"embeddable":true,"href":"https:\/\/arpon.com.tr\/en\/wp-json\/wp\/v2\/comments?post=11967"}],"version-history":[{"count":1,"href":"https:\/\/arpon.com.tr\/en\/wp-json\/wp\/v2\/pages\/11967\/revisions"}],"predecessor-version":[{"id":11968,"href":"https:\/\/arpon.com.tr\/en\/wp-json\/wp\/v2\/pages\/11967\/revisions\/11968"}],"up":[{"embeddable":true,"href":"https:\/\/arpon.com.tr\/en\/wp-json\/wp\/v2\/pages\/11987"}],"wp:attachment":[{"href":"https:\/\/arpon.com.tr\/en\/wp-json\/wp\/v2\/media?parent=11967"}],"wp:term":[{"taxonomy":"page_tag","embeddable":true,"href":"https:\/\/arpon.com.tr\/en\/wp-json\/wp\/v2\/page_tag?post=11967"}],"curies":[{"name":"wp","href":"https:\/\/api.w.org\/{rel}","templated":true}]}}