{"id":11994,"date":"2025-09-16T15:23:57","date_gmt":"2025-09-16T12:23:57","guid":{"rendered":"https:\/\/arpon.com.tr\/service\/service-services\/"},"modified":"2025-12-10T11:08:07","modified_gmt":"2025-12-10T08:08:07","slug":"service-services","status":"publish","type":"page","link":"https:\/\/arpon.com.tr\/en\/service\/service-services\/","title":{"rendered":"Service Services"},"content":{"rendered":"\t\t<div data-elementor-type=\"wp-page\" data-elementor-id=\"11994\" class=\"elementor elementor-11994 elementor-4562\">\n\t\t\t\t<div class=\"wd-negative-gap elementor-element elementor-element-a807ff5 e-flex e-con-boxed e-con e-parent\" data-id=\"a807ff5\" data-element_type=\"container\" data-e-type=\"container\">\n\t\t\t\t\t<div class=\"e-con-inner\">\n\t\t\t\t<div class=\"elementor-element elementor-element-9ee749d wd-el-breadcrumbs text-left elementor-widget elementor-widget-wd_wc_breadcrumb\" data-id=\"9ee749d\" data-element_type=\"widget\" data-e-type=\"widget\" data-widget_type=\"wd_wc_breadcrumb.default\">\n\t\t\t\t<div class=\"elementor-widget-container\">\n\t\t\t\t\t<nav class=\"wd-breadcrumbs woocommerce-breadcrumb\" aria-label=\"Breadcrumb\">\t\t\t\t<span class=\"wd-last\">\n\t\t\t\t\tHome\t\t\t\t<\/span>\n\t\t\t<\/nav>\t\t\t\t<\/div>\n\t\t\t\t<\/div>\n\t\t\t\t\t<\/div>\n\t\t\t\t<\/div>\n\t\t<div class=\"wd-negative-gap elementor-element elementor-element-e0e1733 e-grid e-con-boxed e-con e-parent\" data-id=\"e0e1733\" data-element_type=\"container\" data-e-type=\"container\">\n\t\t\t\t\t<div class=\"e-con-inner\">\n\t\t\t\t<div class=\"elementor-element elementor-element-80331b4 elementor-widget elementor-widget-wd_text_block\" data-id=\"80331b4\" data-element_type=\"widget\" data-e-type=\"widget\" data-widget_type=\"wd_text_block.default\">\n\t\t\t\t<div class=\"elementor-widget-container\">\n\t\t\t\t\t\t\t<div class=\"wd-text-block reset-last-child text-left\">\n\t\t\t\n\t\t\t<p><em><span style=\"font-size: 24pt; color: #b8be14; font-family: georgia, palatino;\">\u201cSecure your system with us\u201d<\/span><\/em><\/p><p>Uninterrupted and efficient operation in industrial facilities is possible with proper maintenance, service, and spare parts management. Pump and blower systems play a critical role in many sectors such as water, wastewater, energy, and chemicals. The proper functioning of these systems is of great importance in terms of efficiency, safety, and energy saving.  <\/p><p>Failures can lead to significant costs in production processes. Therefore, regular maintenance, timely service, and the correct use of spare parts extend the life of the systems and reduce the risk of failure. <\/p><p>Arpon offers maintenance, renovation, and spare parts services to ensure that pump and blower systems operate with high efficiency. Our expert team minimizes downtime and guarantees operational continuity by supporting your systems in the best way. <\/p>\n\t\t\t\t\t<\/div>\n\t\t\t\t\t\t<\/div>\n\t\t\t\t<\/div>\n\t\t\t\t<div class=\"elementor-element elementor-element-093e7f7 elementor-widget elementor-widget-wd_image_or_svg\" data-id=\"093e7f7\" data-element_type=\"widget\" data-e-type=\"widget\" data-widget_type=\"wd_image_or_svg.default\">\n\t\t\t\t<div class=\"elementor-widget-container\">\n\t\t\t\t\t\n\t\t<div class=\"wd-image text-center\">\n\t\t\t\t\t\t\t\t<img fetchpriority=\"high\" decoding=\"async\" width=\"500\" height=\"450\" src=\"https:\/\/arpon.com.tr\/wp-content\/uploads\/2025\/10\/servis-haluk.png\" class=\"attachment-full size-full\" alt=\"\" srcset=\"https:\/\/arpon.com.tr\/wp-content\/uploads\/2025\/10\/servis-haluk.png 500w, https:\/\/arpon.com.tr\/wp-content\/uploads\/2025\/10\/servis-haluk-150x135.png 150w, https:\/\/arpon.com.tr\/wp-content\/uploads\/2025\/10\/servis-haluk-300x270.png 300w\" sizes=\"(max-width: 500px) 100vw, 500px\" \/>\t\t\t\t\t<\/div>\n\n\t\t\t\t\t\t<\/div>\n\t\t\t\t<\/div>\n\t\t\t\t\t<\/div>\n\t\t\t\t<\/div>\n\t\t<div class=\"wd-negative-gap elementor-element elementor-element-080194c e-grid e-con-boxed e-con e-parent\" data-id=\"080194c\" data-element_type=\"container\" data-e-type=\"container\">\n\t\t\t\t\t<div class=\"e-con-inner\">\n\t\t\t\t<div class=\"elementor-element elementor-element-60026e0 elementor-widget elementor-widget-wd_image_or_svg\" data-id=\"60026e0\" data-element_type=\"widget\" data-e-type=\"widget\" data-widget_type=\"wd_image_or_svg.default\">\n\t\t\t\t<div class=\"elementor-widget-container\">\n\t\t\t\t\t\n\t\t<div class=\"wd-image text-center\">\n\t\t\t\t\t\t\t\t<img decoding=\"async\" width=\"500\" height=\"334\" src=\"https:\/\/arpon.com.tr\/wp-content\/uploads\/2025\/10\/shutterstock_1929564059-1.jpg\" class=\"attachment-full size-full\" alt=\"\" srcset=\"https:\/\/arpon.com.tr\/wp-content\/uploads\/2025\/10\/shutterstock_1929564059-1.jpg 500w, https:\/\/arpon.com.tr\/wp-content\/uploads\/2025\/10\/shutterstock_1929564059-1-150x100.jpg 150w, https:\/\/arpon.com.tr\/wp-content\/uploads\/2025\/10\/shutterstock_1929564059-1-300x200.jpg 300w\" sizes=\"(max-width: 500px) 100vw, 500px\" \/>\t\t\t\t\t<\/div>\n\n\t\t\t\t\t\t<\/div>\n\t\t\t\t<\/div>\n\t\t\t\t<div class=\"elementor-element elementor-element-3454ccf elementor-widget elementor-widget-wd_text_block\" data-id=\"3454ccf\" data-element_type=\"widget\" data-e-type=\"widget\" data-widget_type=\"wd_text_block.default\">\n\t\t\t\t<div class=\"elementor-widget-container\">\n\t\t\t\t\t\t\t<div class=\"wd-text-block reset-last-child text-left\">\n\t\t\t\n\t\t\t<h4><span style=\"color: #6aaae4; font-size: 18pt;\"><strong>Commissioning<\/strong><\/span><\/h4><p>Commissioning is carried out to check the suitability of the products to the operating conditions in the system to which they are connected and to ensure their initial operation. Arpon service personnel review the installation methods, electrical connections, and performance curves of the equipment to ensure that the entire system is working correctly. At the end of the commissioning process, a <strong>commissioning form<\/strong> is filled out and mutually signed with the customer.  <\/p><p>All commissioning operations are carried out with the latest technology. The coupling adjustments of pumps and blowers are carried out with laser coupling devices with extreme precision. Thanks to these devices, failures that may arise from coupling misalignment are prevented and the system's vibration rate is minimized.  <\/p>\n\t\t\t\t\t<\/div>\n\t\t\t\t\t\t<\/div>\n\t\t\t\t<\/div>\n\t\t\t\t\t<\/div>\n\t\t\t\t<\/div>\n\t\t<div class=\"wd-negative-gap elementor-element elementor-element-e1eacb7 e-grid e-con-boxed e-con e-parent\" data-id=\"e1eacb7\" data-element_type=\"container\" data-e-type=\"container\">\n\t\t\t\t\t<div class=\"e-con-inner\">\n\t\t\t\t<div class=\"elementor-element elementor-element-5eb6e5e elementor-widget elementor-widget-wd_image_or_svg\" data-id=\"5eb6e5e\" data-element_type=\"widget\" data-e-type=\"widget\" data-widget_type=\"wd_image_or_svg.default\">\n\t\t\t\t<div class=\"elementor-widget-container\">\n\t\t\t\t\t\n\t\t<div class=\"wd-image text-center\">\n\t\t\t\t\t\t\t\t<img decoding=\"async\" width=\"500\" height=\"281\" src=\"https:\/\/arpon.com.tr\/wp-content\/uploads\/2025\/10\/shutterstock_2422033785-supervizorluk.jpg\" class=\"attachment-full size-full\" alt=\"\" srcset=\"https:\/\/arpon.com.tr\/wp-content\/uploads\/2025\/10\/shutterstock_2422033785-supervizorluk.jpg 500w, https:\/\/arpon.com.tr\/wp-content\/uploads\/2025\/10\/shutterstock_2422033785-supervizorluk-150x84.jpg 150w, https:\/\/arpon.com.tr\/wp-content\/uploads\/2025\/10\/shutterstock_2422033785-supervizorluk-300x169.jpg 300w\" sizes=\"(max-width: 500px) 100vw, 500px\" \/>\t\t\t\t\t<\/div>\n\n\t\t\t\t\t\t<\/div>\n\t\t\t\t<\/div>\n\t\t\t\t<div class=\"elementor-element elementor-element-04cff10 elementor-widget elementor-widget-wd_text_block\" data-id=\"04cff10\" data-element_type=\"widget\" data-e-type=\"widget\" data-widget_type=\"wd_text_block.default\">\n\t\t\t\t<div class=\"elementor-widget-container\">\n\t\t\t\t\t\t\t<div class=\"wd-text-block reset-last-child text-left\">\n\t\t\t\n\t\t\t<h4><strong><span style=\"font-size: 18pt; color: #6aaae4;\">Supervisory Service<\/span><\/strong><\/h4><p>We provide support during the correct installation and application phases of the products we sell. <strong>Supervisory service<\/strong> provides consultancy in the selection of areas where products will be placed, how they will be related to other installation equipment, and the selection of pipes, fittings, connection elements, and electrical cables to be used. At the same time, it is also within the scope of our supervisory service to check the accuracy of the applications by standing by during the installation. <\/p><p>This service is optional and subject to a fee. Our customers who want to receive supervisory and commissioning services can contact our center for detailed information. <\/p>\n\t\t\t\t\t<\/div>\n\t\t\t\t\t\t<\/div>\n\t\t\t\t<\/div>\n\t\t\t\t\t<\/div>\n\t\t\t\t<\/div>\n\t\t<div class=\"wd-negative-gap elementor-element elementor-element-ecb255a e-flex e-con-boxed e-con e-parent\" data-id=\"ecb255a\" data-element_type=\"container\" data-e-type=\"container\">\n\t\t\t\t\t<div class=\"e-con-inner\">\n\t\t\t\t<div class=\"elementor-element elementor-element-2ddf69b elementor-widget elementor-widget-wd_text_block\" data-id=\"2ddf69b\" data-element_type=\"widget\" data-e-type=\"widget\" data-widget_type=\"wd_text_block.default\">\n\t\t\t\t<div class=\"elementor-widget-container\">\n\t\t\t\t\t\t\t<div class=\"wd-text-block reset-last-child text-left\">\n\t\t\t\n\t\t\t<h3><span style=\"font-size: 18pt; color: #6aaae4;\"><strong>Installation Services<\/strong><\/span><\/h3><p>Arpon offers <strong>retrofit<\/strong> as a <strong>turnkey installation solutions<\/strong> for existing systems. We provide installation and setup services for the following systems: <\/p><ul><li>Hydrophore systems<\/li><li>Dosing skid systems<\/li><li>Fuel oil skid systems<\/li><li>Paper chemical injection systems<\/li><li>Polyelectrolyte preparation unit systems<\/li><li>Pump &amp; blower systems<\/li><li>Diffuser field placement<\/li><li>Odorization systems<\/li><li>Turnkey package systems<\/li><\/ul><h3><strong><span style=\"font-size: 18pt; color: #6aaae4;\">Maintenance and Renovation Services<\/span><\/strong><\/h3><p>Arpon offers comprehensive <strong>maintenance and renovation services<\/strong> for pumps, blowers, diffuser systems, and control panels in its product range. These services can be performed both at the center and <strong>on-site<\/strong>. <\/p><p>In maintenance processes, pumps are intervened as soon as possible, faults are detected, and necessary checks are made. In addition, critical spare parts of the products to be maintained are kept <g id=\"gid_0\">in our stocks<\/g>. After maintenance and renovation, the pumps are subjected to performance tests and it is ensured that they are working correctly.  <\/p><h4><strong>Contracted Maintenance Programs<\/strong><\/h4><p>Arpon offers its customers <strong>planned maintenance<\/strong> services at certain periods. Thanks to contracted maintenance programs, regular inspection of the equipment in your facility is ensured, and long-term efficiency is achieved. <\/p><p><strong>Benefits of periodic maintenance:<\/strong><\/p><ul><li>Minimizing production loss<\/li><li>Extending the life of equipment<\/li><li>Reducing maintenance costs and keeping the maintenance budget under control<\/li><li>Maintaining process efficiency<\/li><\/ul><p>In this way, the life of your equipment is extended, the return on investment period is accelerated, and operational efficiency is increased.<\/p>\n\t\t\t\t\t<\/div>\n\t\t\t\t\t\t<\/div>\n\t\t\t\t<\/div>\n\t\t\t\t\t<\/div>\n\t\t\t\t<\/div>\n\t\t<div class=\"wd-negative-gap elementor-element elementor-element-f7ce3ec e-flex e-con-boxed e-con e-parent\" data-id=\"f7ce3ec\" data-element_type=\"container\" data-e-type=\"container\">\n\t\t\t\t\t<div class=\"e-con-inner\">\n\t\t\t\t<div class=\"elementor-element elementor-element-6d8dcd0 elementor-arrows-position-inside elementor-pagination-position-outside elementor-widget elementor-widget-image-carousel\" data-id=\"6d8dcd0\" data-element_type=\"widget\" data-e-type=\"widget\" data-settings=\"{&quot;navigation&quot;:&quot;both&quot;,&quot;autoplay&quot;:&quot;yes&quot;,&quot;pause_on_hover&quot;:&quot;yes&quot;,&quot;pause_on_interaction&quot;:&quot;yes&quot;,&quot;autoplay_speed&quot;:5000,&quot;infinite&quot;:&quot;yes&quot;,&quot;speed&quot;:500}\" data-widget_type=\"image-carousel.default\">\n\t\t\t\t\t\t\t<div class=\"elementor-image-carousel-wrapper swiper\" role=\"region\" aria-roledescription=\"carousel\" aria-label=\"Resim D\u00f6ng\u00fcs\u00fc\" dir=\"ltr\">\n\t\t\t<div class=\"elementor-image-carousel swiper-wrapper\" aria-live=\"off\">\n\t\t\t\t\t\t\t\t<div class=\"swiper-slide\" role=\"group\" aria-roledescription=\"slide\" aria-label=\"1 of 7\"><figure class=\"swiper-slide-inner\"><img decoding=\"async\" class=\"swiper-slide-image\" src=\"https:\/\/arpon.com.tr\/wp-content\/uploads\/2025\/10\/shutterstock_1486239338-bakim-onarim-300x200.jpg\" alt=\"Tighten,The,Bolts,And,Assemble,The,Water,Pipe,Flange,For\" \/><\/figure><\/div><div class=\"swiper-slide\" role=\"group\" aria-roledescription=\"slide\" aria-label=\"2 of 7\"><figure class=\"swiper-slide-inner\"><img decoding=\"async\" class=\"swiper-slide-image\" src=\"https:\/\/arpon.com.tr\/wp-content\/uploads\/2025\/10\/servis-hizmetleri-metin-ici-foto-2-300x200.jpg\" alt=\"service services in-text photo 2\" \/><\/figure><\/div><div class=\"swiper-slide\" role=\"group\" aria-roledescription=\"slide\" aria-label=\"3 of 7\"><figure class=\"swiper-slide-inner\"><img decoding=\"async\" class=\"swiper-slide-image\" src=\"https:\/\/arpon.com.tr\/wp-content\/uploads\/2025\/10\/shutterstock_2452514657-bakim-onarim-300x200.jpg\" alt=\"Selective,Focus,To,Hand,Of,Plumber,Repair,And,Remove,Motor\" \/><\/figure><\/div><div class=\"swiper-slide\" role=\"group\" aria-roledescription=\"slide\" aria-label=\"4 of 7\"><figure class=\"swiper-slide-inner\"><img decoding=\"async\" class=\"swiper-slide-image\" src=\"https:\/\/arpon.com.tr\/wp-content\/uploads\/2025\/10\/MG_1124_MG_1124-300x200.jpg\" alt=\"_MG_1124_MG_1124\" \/><\/figure><\/div><div class=\"swiper-slide\" role=\"group\" aria-roledescription=\"slide\" aria-label=\"5 of 7\"><figure class=\"swiper-slide-inner\"><img decoding=\"async\" class=\"swiper-slide-image\" src=\"https:\/\/arpon.com.tr\/wp-content\/uploads\/2025\/10\/IMG_5123-fotor-2025102394234-300x201.jpg\" alt=\"IMG_5123-fotor-2025102394234\" \/><\/figure><\/div><div class=\"swiper-slide\" role=\"group\" aria-roledescription=\"slide\" aria-label=\"6 of 7\"><figure class=\"swiper-slide-inner\"><img decoding=\"async\" class=\"swiper-slide-image\" src=\"https:\/\/arpon.com.tr\/wp-content\/uploads\/2025\/10\/fatih-300x200.jpg\" alt=\"fatih\" \/><\/figure><\/div><div class=\"swiper-slide\" role=\"group\" aria-roledescription=\"slide\" aria-label=\"7 of 7\"><figure class=\"swiper-slide-inner\"><img decoding=\"async\" class=\"swiper-slide-image\" src=\"https:\/\/arpon.com.tr\/wp-content\/uploads\/2025\/10\/Servis-2-fotor-2025102394655-300x200.jpg\" alt=\"Service 2-fotor-2025102394655\" \/><\/figure><\/div>\t\t\t<\/div>\n\t\t\t\t\t\t\t\t\t\t\t\t<div class=\"elementor-swiper-button elementor-swiper-button-prev\" role=\"button\" tabindex=\"0\">\n\t\t\t\t\t\t<svg aria-hidden=\"true\" class=\"e-font-icon-svg e-eicon-chevron-left\" viewBox=\"0 0 1000 1000\" xmlns=\"http:\/\/www.w3.org\/2000\/svg\"><path d=\"M646 125C629 125 613 133 604 142L308 442C296 454 292 471 292 487 292 504 296 521 308 533L604 854C617 867 629 875 646 875 663 875 679 871 692 858 704 846 713 829 713 812 713 796 708 779 692 767L438 487 692 225C700 217 708 204 708 187 708 171 704 154 692 142 675 129 663 125 646 125Z\"><\/path><\/svg>\t\t\t\t\t<\/div>\n\t\t\t\t\t<div class=\"elementor-swiper-button elementor-swiper-button-next\" role=\"button\" tabindex=\"0\">\n\t\t\t\t\t\t<svg aria-hidden=\"true\" class=\"e-font-icon-svg e-eicon-chevron-right\" viewBox=\"0 0 1000 1000\" xmlns=\"http:\/\/www.w3.org\/2000\/svg\"><path d=\"M696 533C708 521 713 504 713 487 713 471 708 454 696 446L400 146C388 133 375 125 354 125 338 125 325 129 313 142 300 154 292 171 292 187 292 204 296 221 308 233L563 492 304 771C292 783 288 800 288 817 288 833 296 850 308 863 321 871 338 875 354 875 371 875 388 867 400 854L696 533Z\"><\/path><\/svg>\t\t\t\t\t<\/div>\n\t\t\t\t\n\t\t\t\t\t\t\t\t\t<div class=\"swiper-pagination\"><\/div>\n\t\t\t\t\t\t\t\t\t<\/div>\n\t\t\t\t\t\t<\/div>\n\t\t\t\t\t<\/div>\n\t\t\t\t<\/div>\n\t\t\t\t<\/div>\n\t\t","protected":false},"excerpt":{"rendered":"<p>Ana Sayfa \u201cSecure your system with us\u201d Uninterrupted and efficient operation in industrial facilities is possible with proper maintenance, service,<\/p>\n","protected":false},"author":1,"featured_media":0,"parent":11987,"menu_order":118,"comment_status":"closed","ping_status":"closed","template":"elementor_header_footer","meta":{"_acf_changed":false,"_angie_page":false,"_eb_attr":"","footnotes":""},"page_tag":[],"class_list":["post-11994","page","type-page","status-publish","hentry"],"acf":[],"yoast_head":"<!-- This site is optimized with the Yoast SEO Premium plugin v27.3 (Yoast SEO v27.4) - https:\/\/yoast.com\/product\/yoast-seo-premium-wordpress\/ -->\n<title>Service Services - ARPON | Pompa,Blower,Dif\u00fcz\u00f6r,Dozaj,End\u00fcstriyel Hava Filtrasyon<\/title>\n<meta name=\"robots\" content=\"index, follow, max-snippet:-1, max-image-preview:large, max-video-preview:-1\" \/>\n<link rel=\"canonical\" href=\"https:\/\/arpon.com.tr\/en\/service\/service-services\/\" \/>\n<meta property=\"og:locale\" content=\"en_US\" \/>\n<meta property=\"og:type\" content=\"article\" \/>\n<meta property=\"og:title\" content=\"Service Services\" \/>\n<meta property=\"og:description\" content=\"Ana Sayfa \u201cSecure your system with us\u201d Uninterrupted and efficient operation in industrial facilities is possible with proper maintenance, service,\" \/>\n<meta property=\"og:url\" content=\"https:\/\/arpon.com.tr\/en\/service\/service-services\/\" \/>\n<meta property=\"og:site_name\" content=\"ARPON | Pompa,Blower,Dif\u00fcz\u00f6r,Dozaj,End\u00fcstriyel Hava Filtrasyon\" \/>\n<meta property=\"article:modified_time\" content=\"2025-12-10T08:08:07+00:00\" \/>\n<meta property=\"og:image\" content=\"https:\/\/arpon.com.tr\/wp-content\/uploads\/2025\/10\/servis-haluk.png\" \/>\n<meta name=\"twitter:card\" content=\"summary_large_image\" \/>\n<meta name=\"twitter:label1\" content=\"Est. reading time\" \/>\n\t<meta name=\"twitter:data1\" content=\"3 minutes\" \/>\n<!-- \/ Yoast SEO Premium plugin. -->","yoast_head_json":{"title":"Service Services - ARPON | Pompa,Blower,Dif\u00fcz\u00f6r,Dozaj,End\u00fcstriyel Hava Filtrasyon","robots":{"index":"index","follow":"follow","max-snippet":"max-snippet:-1","max-image-preview":"max-image-preview:large","max-video-preview":"max-video-preview:-1"},"canonical":"https:\/\/arpon.com.tr\/en\/service\/service-services\/","og_locale":"en_US","og_type":"article","og_title":"Service Services","og_description":"Ana Sayfa \u201cSecure your system with us\u201d Uninterrupted and efficient operation in industrial facilities is possible with proper maintenance, service,","og_url":"https:\/\/arpon.com.tr\/en\/service\/service-services\/","og_site_name":"ARPON | Pompa,Blower,Dif\u00fcz\u00f6r,Dozaj,End\u00fcstriyel Hava Filtrasyon","article_modified_time":"2025-12-10T08:08:07+00:00","og_image":[{"url":"https:\/\/arpon.com.tr\/wp-content\/uploads\/2025\/10\/servis-haluk.png","type":"","width":"","height":""}],"twitter_card":"summary_large_image","twitter_misc":{"Est. reading time":"3 minutes"},"schema":{"@context":"https:\/\/schema.org","@graph":[{"@type":"WebPage","@id":"https:\/\/arpon.com.tr\/en\/service\/service-services\/","url":"https:\/\/arpon.com.tr\/en\/service\/service-services\/","name":"Service Services - ARPON | Pompa,Blower,Dif\u00fcz\u00f6r,Dozaj,End\u00fcstriyel Hava Filtrasyon","isPartOf":{"@id":"https:\/\/arpon.com.tr\/en\/#website"},"primaryImageOfPage":{"@id":"https:\/\/arpon.com.tr\/en\/service\/service-services\/#primaryimage"},"image":{"@id":"https:\/\/arpon.com.tr\/en\/service\/service-services\/#primaryimage"},"thumbnailUrl":"https:\/\/arpon.com.tr\/wp-content\/uploads\/2025\/10\/servis-haluk.png","datePublished":"2025-09-16T12:23:57+00:00","dateModified":"2025-12-10T08:08:07+00:00","breadcrumb":{"@id":"https:\/\/arpon.com.tr\/en\/service\/service-services\/#breadcrumb"},"inLanguage":"en-US","potentialAction":[{"@type":"ReadAction","target":["https:\/\/arpon.com.tr\/en\/service\/service-services\/"]}]},{"@type":"ImageObject","inLanguage":"en-US","@id":"https:\/\/arpon.com.tr\/en\/service\/service-services\/#primaryimage","url":"https:\/\/arpon.com.tr\/wp-content\/uploads\/2025\/10\/servis-haluk.png","contentUrl":"https:\/\/arpon.com.tr\/wp-content\/uploads\/2025\/10\/servis-haluk.png"},{"@type":"BreadcrumbList","@id":"https:\/\/arpon.com.tr\/en\/service\/service-services\/#breadcrumb","itemListElement":[{"@type":"ListItem","position":1,"name":"Anasayfa","item":"https:\/\/arpon.com.tr\/en\/"},{"@type":"ListItem","position":2,"name":"Service","item":"https:\/\/arpon.com.tr\/en\/service\/"},{"@type":"ListItem","position":3,"name":"Service Services"}]},{"@type":"WebSite","@id":"https:\/\/arpon.com.tr\/en\/#website","url":"https:\/\/arpon.com.tr\/en\/","name":"ARPON | Pompa, Blower, Dif\u00fcz\u00f6r, Dozaj, End\u00fcstriyel Hava Filtrasyon","description":"ARPON","publisher":{"@id":"https:\/\/arpon.com.tr\/en\/#organization"},"potentialAction":[{"@type":"SearchAction","target":{"@type":"EntryPoint","urlTemplate":"https:\/\/arpon.com.tr\/en\/?s={search_term_string}"},"query-input":{"@type":"PropertyValueSpecification","valueRequired":true,"valueName":"search_term_string"}}],"inLanguage":"en-US"},{"@type":["Organization","Place"],"@id":"https:\/\/arpon.com.tr\/en\/#organization","name":"Arpon End\u00fcstriyel Ekipmanlar San. Tic. Ltd. \u015eti.","url":"https:\/\/arpon.com.tr\/en\/","logo":{"@id":"https:\/\/arpon.com.tr\/en\/service\/service-services\/#local-main-organization-logo"},"image":{"@id":"https:\/\/arpon.com.tr\/en\/service\/service-services\/#local-main-organization-logo"},"sameAs":["https:\/\/www.youtube.com\/channel\/UCwjBY3SvkX5IBFH4PsIOaxw","https:\/\/www.linkedin.com\/company\/arpon-endstriyel"],"telephone":[],"openingHoursSpecification":[{"@type":"OpeningHoursSpecification","dayOfWeek":["Monday","Tuesday","Wednesday","Thursday","Friday","Saturday","Sunday"],"opens":"09:00","closes":"17:00"}]},{"@type":"ImageObject","inLanguage":"en-US","@id":"https:\/\/arpon.com.tr\/en\/service\/service-services\/#local-main-organization-logo","url":"https:\/\/arpon.com.tr\/wp-content\/uploads\/2025\/10\/arpon-default.png","contentUrl":"https:\/\/arpon.com.tr\/wp-content\/uploads\/2025\/10\/arpon-default.png","width":300,"height":200,"caption":"Arpon End\u00fcstriyel Ekipmanlar San. Tic. Ltd. \u015eti."}]}},"_links":{"self":[{"href":"https:\/\/arpon.com.tr\/en\/wp-json\/wp\/v2\/pages\/11994","targetHints":{"allow":["GET"]}}],"collection":[{"href":"https:\/\/arpon.com.tr\/en\/wp-json\/wp\/v2\/pages"}],"about":[{"href":"https:\/\/arpon.com.tr\/en\/wp-json\/wp\/v2\/types\/page"}],"author":[{"embeddable":true,"href":"https:\/\/arpon.com.tr\/en\/wp-json\/wp\/v2\/users\/1"}],"replies":[{"embeddable":true,"href":"https:\/\/arpon.com.tr\/en\/wp-json\/wp\/v2\/comments?post=11994"}],"version-history":[{"count":1,"href":"https:\/\/arpon.com.tr\/en\/wp-json\/wp\/v2\/pages\/11994\/revisions"}],"predecessor-version":[{"id":12003,"href":"https:\/\/arpon.com.tr\/en\/wp-json\/wp\/v2\/pages\/11994\/revisions\/12003"}],"up":[{"embeddable":true,"href":"https:\/\/arpon.com.tr\/en\/wp-json\/wp\/v2\/pages\/11987"}],"wp:attachment":[{"href":"https:\/\/arpon.com.tr\/en\/wp-json\/wp\/v2\/media?parent=11994"}],"wp:term":[{"taxonomy":"page_tag","embeddable":true,"href":"https:\/\/arpon.com.tr\/en\/wp-json\/wp\/v2\/page_tag?post=11994"}],"curies":[{"name":"wp","href":"https:\/\/api.w.org\/{rel}","templated":true}]}}