{"id":12010,"date":"2025-06-23T14:16:10","date_gmt":"2025-06-23T11:16:10","guid":{"rendered":"https:\/\/arpon.com.tr\/gdpr\/"},"modified":"2025-12-10T11:37:17","modified_gmt":"2025-12-10T08:37:17","slug":"gdpr","status":"publish","type":"page","link":"https:\/\/arpon.com.tr\/en\/gdpr\/","title":{"rendered":"GDPR"},"content":{"rendered":"<p><strong>GDPR Related Documents:<\/strong><\/p><p><a href=\"https:\/\/arpon.com.tr\/Arpon_Web_Sayfasi_Servis_Talep_Formu_Aydinlatma_Metni.pdf\" target=\"_blank\" rel=\"noreferrer noopener\">Click to view the Service Request Form Clarification Text.<\/a><\/p><p><a href=\"https:\/\/arpon.com.tr\/Arpon_Web_Sayfasi_Iletisim_Formu_Aydinlatma_Metni.pdf\" target=\"_blank\" rel=\"noreferrer noopener\">Click to view the Contact Form Clarification Text.<\/a><\/p><p><a href=\"https:\/\/arpon.com.tr\/Arpon_Calisan_Adayi_Aydinlatma_Metni.pdf\" target=\"_blank\" rel=\"noreferrer noopener\">Click to view the Arpon Employee Candidate Clarification Text.<\/a><\/p><p><a href=\"https:\/\/arpon.com.tr\/Arpon_Tedarikci_Aydinlatma_Metni_v.1.pdf\" target=\"_blank\" rel=\"noreferrer noopener\">Click to view the Arpon Supplier Clarification Text.<\/a><\/p><p><a href=\"https:\/\/arpon.com.tr\/Arpon_Sosyal_Medya_Hesabi_Aydinlatma_Metni_v.1.pdf\" target=\"_blank\" rel=\"noreferrer noopener\">Click to view the Arpon Social Media Account Clarification Text.<\/a><\/p><p><a href=\"https:\/\/arpon.com.tr\/Arpon_Musteri_Aydinlatma_Metni_v.1.pdf\" target=\"_blank\" rel=\"noreferrer noopener\">Click to view the Arpon Customer Clarification Text.<\/a><\/p><p><a href=\"https:\/\/arpon.com.tr\/Arpon_Musteri_Adaylari_Aydinlatma_Metni_v.1.pdf\" target=\"_blank\" rel=\"noreferrer noopener\">Click to view the Arpon Potential Customer Clarification Text.<\/a><\/p><p><a href=\"https:\/\/arpon.com.tr\/Arpon_Fuar_ve_Organizasyon_Aydinlatma_Metni_v.1.pdf\" target=\"_blank\" rel=\"noreferrer noopener\">Click to view the Arpon Fair and Organization Clarification Text.<\/a><\/p><p><strong>GDPR Application:<\/strong><\/p><p>&#8220;In accordance with Article 11 of Law No. 6698, you can submit your applications regarding your rights through the application form on this page, in writing with a wet signature, in accordance with the &#8220;Communiqu\u00e9 on the Procedures and Principles of Application to the Data Controller&#8221;, by hand to the Company address at \u0130\u00e7erenk\u00f6y Mahallesi Mahirbey Sokak No:1\/10 Ata\u015fehir \/ \u0130stanbul, send it through a notary public, send it to the Company&#8217;s <a href=\"mailto:arpon@hs02.kep.tr\" target=\"_blank\" rel=\"noreferrer noopener\">arpon@hs02.kep.tr<\/a> address via KEP, or send it to the <a href=\"mailto:info@arpon.com.tr\" target=\"_blank\" rel=\"noreferrer noopener\">info@arpon.com.tr<\/a> e-mail address via your e-mail address in the Company records (This application form is only used for your requests within the scope of Law No. 6698).&#8221;  <\/p><p>Click <a href=\"https:\/\/arpon.com.tr\/Arpon_Veri_Sorumlusuna_Basvuru_Aydinlatma_Metni_20230403.pdf\" target=\"_blank\" rel=\"noreferrer noopener\"><strong>here<\/strong><\/a> to read the Data Controller Application Clarification Text.<\/p><p>Click <a href=\"https:\/\/arpon.com.tr\/Arpon_Veri_Sorumlusuna_Basvuru_Formu_20230403.pdf\" target=\"_blank\" rel=\"noreferrer noopener\"><strong>here<\/strong><\/a> to download the Data Controller Application Form.<\/p>","protected":false},"excerpt":{"rendered":"<p>GDPR Related Documents: Click to view the Service Request Form Clarification Text. Click to view the Contact Form Clarification Text.<\/p>\n","protected":false},"author":1,"featured_media":0,"parent":0,"menu_order":16,"comment_status":"closed","ping_status":"closed","template":"","meta":{"_acf_changed":false,"_angie_page":false,"_eb_attr":"","footnotes":""},"page_tag":[],"class_list":["post-12010","page","type-page","status-publish","hentry"],"acf":[],"yoast_head":"<!-- This site is optimized with the Yoast SEO Premium plugin v27.2 (Yoast SEO v27.2) - https:\/\/yoast.com\/product\/yoast-seo-premium-wordpress\/ -->\n<title>GDPR - ARPON | Pompa,Blower,Dif\u00fcz\u00f6r,Dozaj,End\u00fcstriyel Hava Filtrasyon<\/title>\n<meta name=\"robots\" content=\"index, follow, max-snippet:-1, max-image-preview:large, max-video-preview:-1\" \/>\n<link rel=\"canonical\" href=\"https:\/\/arpon.com.tr\/en\/gdpr\/\" \/>\n<meta property=\"og:locale\" content=\"en_US\" \/>\n<meta property=\"og:type\" content=\"article\" \/>\n<meta property=\"og:title\" content=\"GDPR\" \/>\n<meta property=\"og:description\" content=\"GDPR Related Documents: Click to view the Service Request Form Clarification Text. Click to view the Contact Form Clarification Text.\" \/>\n<meta property=\"og:url\" content=\"https:\/\/arpon.com.tr\/en\/gdpr\/\" \/>\n<meta property=\"og:site_name\" content=\"ARPON | Pompa,Blower,Dif\u00fcz\u00f6r,Dozaj,End\u00fcstriyel Hava Filtrasyon\" \/>\n<meta property=\"article:modified_time\" content=\"2025-12-10T08:37:17+00:00\" \/>\n<meta property=\"og:image\" content=\"https:\/\/arpon.com.tr\/wp-content\/uploads\/2025\/12\/arpon-big.png\" \/>\n\t<meta property=\"og:image:width\" content=\"1200\" \/>\n\t<meta property=\"og:image:height\" content=\"675\" \/>\n\t<meta property=\"og:image:type\" content=\"image\/png\" \/>\n<meta name=\"twitter:card\" content=\"summary_large_image\" \/>\n<meta name=\"twitter:label1\" content=\"Est. reading time\" \/>\n\t<meta name=\"twitter:data1\" content=\"1 minute\" \/>\n<!-- \/ Yoast SEO Premium plugin. -->","yoast_head_json":{"title":"GDPR - ARPON | Pompa,Blower,Dif\u00fcz\u00f6r,Dozaj,End\u00fcstriyel Hava Filtrasyon","robots":{"index":"index","follow":"follow","max-snippet":"max-snippet:-1","max-image-preview":"max-image-preview:large","max-video-preview":"max-video-preview:-1"},"canonical":"https:\/\/arpon.com.tr\/en\/gdpr\/","og_locale":"en_US","og_type":"article","og_title":"GDPR","og_description":"GDPR Related Documents: Click to view the Service Request Form Clarification Text. Click to view the Contact Form Clarification Text.","og_url":"https:\/\/arpon.com.tr\/en\/gdpr\/","og_site_name":"ARPON | Pompa,Blower,Dif\u00fcz\u00f6r,Dozaj,End\u00fcstriyel Hava Filtrasyon","article_modified_time":"2025-12-10T08:37:17+00:00","og_image":[{"width":1200,"height":675,"url":"https:\/\/arpon.com.tr\/wp-content\/uploads\/2025\/12\/arpon-big.png","type":"image\/png"}],"twitter_card":"summary_large_image","twitter_misc":{"Est. reading time":"1 minute"},"schema":{"@context":"https:\/\/schema.org","@graph":[{"@type":"WebPage","@id":"https:\/\/arpon.com.tr\/en\/gdpr\/","url":"https:\/\/arpon.com.tr\/en\/gdpr\/","name":"GDPR - ARPON | Pompa,Blower,Dif\u00fcz\u00f6r,Dozaj,End\u00fcstriyel Hava Filtrasyon","isPartOf":{"@id":"https:\/\/arpon.com.tr\/en\/#website"},"datePublished":"2025-06-23T11:16:10+00:00","dateModified":"2025-12-10T08:37:17+00:00","breadcrumb":{"@id":"https:\/\/arpon.com.tr\/en\/gdpr\/#breadcrumb"},"inLanguage":"en-US","potentialAction":[{"@type":"ReadAction","target":["https:\/\/arpon.com.tr\/en\/gdpr\/"]}]},{"@type":"BreadcrumbList","@id":"https:\/\/arpon.com.tr\/en\/gdpr\/#breadcrumb","itemListElement":[{"@type":"ListItem","position":1,"name":"Anasayfa","item":"https:\/\/arpon.com.tr\/en\/"},{"@type":"ListItem","position":2,"name":"GDPR"}]},{"@type":"WebSite","@id":"https:\/\/arpon.com.tr\/en\/#website","url":"https:\/\/arpon.com.tr\/en\/","name":"ARPON | Pompa, Blower, Dif\u00fcz\u00f6r, Dozaj, End\u00fcstriyel Hava Filtrasyon","description":"ARPON","publisher":{"@id":"https:\/\/arpon.com.tr\/en\/#organization"},"potentialAction":[{"@type":"SearchAction","target":{"@type":"EntryPoint","urlTemplate":"https:\/\/arpon.com.tr\/en\/?s={search_term_string}"},"query-input":{"@type":"PropertyValueSpecification","valueRequired":true,"valueName":"search_term_string"}}],"inLanguage":"en-US"},{"@type":["Organization","Place"],"@id":"https:\/\/arpon.com.tr\/en\/#organization","name":"Arpon End\u00fcstriyel Ekipmanlar San. Tic. Ltd. \u015eti.","url":"https:\/\/arpon.com.tr\/en\/","logo":{"@id":"https:\/\/arpon.com.tr\/en\/gdpr\/#local-main-organization-logo"},"image":{"@id":"https:\/\/arpon.com.tr\/en\/gdpr\/#local-main-organization-logo"},"sameAs":["https:\/\/www.youtube.com\/channel\/UCwjBY3SvkX5IBFH4PsIOaxw","https:\/\/www.linkedin.com\/company\/arpon-endstriyel"],"telephone":[],"openingHoursSpecification":[{"@type":"OpeningHoursSpecification","dayOfWeek":["Monday","Tuesday","Wednesday","Thursday","Friday","Saturday","Sunday"],"opens":"09:00","closes":"17:00"}]},{"@type":"ImageObject","inLanguage":"en-US","@id":"https:\/\/arpon.com.tr\/en\/gdpr\/#local-main-organization-logo","url":"https:\/\/arpon.com.tr\/wp-content\/uploads\/2025\/10\/arpon-default.png","contentUrl":"https:\/\/arpon.com.tr\/wp-content\/uploads\/2025\/10\/arpon-default.png","width":300,"height":200,"caption":"Arpon End\u00fcstriyel Ekipmanlar San. Tic. Ltd. \u015eti."}]}},"_links":{"self":[{"href":"https:\/\/arpon.com.tr\/en\/wp-json\/wp\/v2\/pages\/12010","targetHints":{"allow":["GET"]}}],"collection":[{"href":"https:\/\/arpon.com.tr\/en\/wp-json\/wp\/v2\/pages"}],"about":[{"href":"https:\/\/arpon.com.tr\/en\/wp-json\/wp\/v2\/types\/page"}],"author":[{"embeddable":true,"href":"https:\/\/arpon.com.tr\/en\/wp-json\/wp\/v2\/users\/1"}],"replies":[{"embeddable":true,"href":"https:\/\/arpon.com.tr\/en\/wp-json\/wp\/v2\/comments?post=12010"}],"version-history":[{"count":1,"href":"https:\/\/arpon.com.tr\/en\/wp-json\/wp\/v2\/pages\/12010\/revisions"}],"predecessor-version":[{"id":12011,"href":"https:\/\/arpon.com.tr\/en\/wp-json\/wp\/v2\/pages\/12010\/revisions\/12011"}],"wp:attachment":[{"href":"https:\/\/arpon.com.tr\/en\/wp-json\/wp\/v2\/media?parent=12010"}],"wp:term":[{"taxonomy":"page_tag","embeddable":true,"href":"https:\/\/arpon.com.tr\/en\/wp-json\/wp\/v2\/page_tag?post=12010"}],"curies":[{"name":"wp","href":"https:\/\/api.w.org\/{rel}","templated":true}]}}