{"id":12070,"date":"2025-09-09T15:43:34","date_gmt":"2025-09-09T12:43:34","guid":{"rendered":"https:\/\/arpon.com.tr\/products\/"},"modified":"2025-12-10T12:48:07","modified_gmt":"2025-12-10T09:48:07","slug":"products","status":"publish","type":"page","link":"https:\/\/arpon.com.tr\/en\/products\/","title":{"rendered":"Products"},"content":{"rendered":"\t\t<div data-elementor-type=\"wp-page\" data-elementor-id=\"12070\" class=\"elementor elementor-12070 elementor-4303\">\n\t\t\t\t<div class=\"wd-negative-gap elementor-element elementor-element-43cf277 e-flex e-con-boxed e-con e-parent\" data-id=\"43cf277\" data-element_type=\"container\">\n\t\t\t\t\t<div class=\"e-con-inner\">\n\t\t\t\t<div class=\"elementor-element elementor-element-614b156 wd-el-breadcrumbs text-left elementor-widget elementor-widget-wd_wc_breadcrumb\" data-id=\"614b156\" data-element_type=\"widget\" data-widget_type=\"wd_wc_breadcrumb.default\">\n\t\t\t\t<div class=\"elementor-widget-container\">\n\t\t\t\t\t<nav class=\"wd-breadcrumbs woocommerce-breadcrumb\" aria-label=\"Breadcrumb\">\t\t\t\t<span class=\"wd-last\">\n\t\t\t\t\tHome\t\t\t\t<\/span>\n\t\t\t<\/nav>\t\t\t\t<\/div>\n\t\t\t\t<\/div>\n\t\t\t\t<div class=\"elementor-element elementor-element-eed6c6b section-meta-description elementor-widget elementor-widget-wd_text_block\" data-id=\"eed6c6b\" data-element_type=\"widget\" data-widget_type=\"wd_text_block.default\">\n\t\t\t\t<div class=\"elementor-widget-container\">\n\t\t\t\t\t\t\t<div class=\"wd-text-block reset-last-child text-left\">\n\t\t\t\n\t\t\t<div class=\"category-description\">Select the relevant product category for quick and easy access to Arpon's high-quality and innovative product range.<\/div>\n\t\t\t\t\t<\/div>\n\t\t\t\t\t\t<\/div>\n\t\t\t\t<\/div>\n\t\t\t\t\t<\/div>\n\t\t\t\t<\/div>\n\t\t<div class=\"wd-negative-gap elementor-element elementor-element-4d3db0c e-flex e-con-boxed e-con e-parent\" data-id=\"4d3db0c\" data-element_type=\"container\">\n\t\t\t\t\t<div class=\"e-con-inner\">\n\t\t\t\t<div class=\"elementor-element elementor-element-a7b4c39 wd-width-100 wd-nav-accordion-mb-on elementor-widget elementor-widget-wd_product_categories\" data-id=\"a7b4c39\" data-element_type=\"widget\" data-widget_type=\"wd_product_categories.default\">\n\t\t\t\t<div class=\"elementor-widget-container\">\n\t\t\t\t\t\t\t\t\t\t\t\t\t\t\n\t\t\t\t<div class=\"wd-cats-element\">\n\t\t\t\t\t<div class=\"wd-grid-g wd-cats products woocommerce columns-3 elements-grid\" style=\"--wd-col-lg:3;--wd-col-md:3;--wd-col-sm:2;--wd-gap-lg:20px;--wd-gap-sm:10px;\">\n\t\t\t\t\t\t\t\t\t\t\t\t\t\n<div class=\"wd-col category-grid-item wd-cat cat-design-replace-title without-product-count wd-with-subcat product-category product first\" data-loop=\"1\">\n\t\n\t<div class=\"wd-cat-inner wrapp-category\">\n\t\t<div class=\"wd-cat-thumb category-image-wrapp\">\n\t\t\t<a class=\"wd-cat-image category-image\" href=\"https:\/\/arpon.com.tr\/en\/product-category\/products\/pumps-and-accessories\/\" aria-label=\"Category image\">\n\t\t\t\t\n\t\t\t\t<img fetchpriority=\"high\" decoding=\"async\" width=\"367\" height=\"312\" src=\"https:\/\/arpon.com.tr\/wp-content\/uploads\/2025\/09\/GLOBAL-1.png\" class=\"attachment-large size-large\" alt=\"\" srcset=\"https:\/\/arpon.com.tr\/wp-content\/uploads\/2025\/09\/GLOBAL-1.png 367w, https:\/\/arpon.com.tr\/wp-content\/uploads\/2025\/09\/GLOBAL-1-150x128.png 150w, https:\/\/arpon.com.tr\/wp-content\/uploads\/2025\/09\/GLOBAL-1-300x255.png 300w\" sizes=\"(max-width: 367px) 100vw, 367px\" \/>\t\t\t<\/a>\n\t\t<\/div>\n\t\t<div class=\"wd-cat-content hover-mask\">\n\t\t\t<h3 class=\"wd-entities-title\">\n\t\t\t\tPumps and Accessories\t\t\t<\/h3>\n\n\t\t\t\n\t\t\t\t\t<\/div>\n\n\t\t\t\t<a class=\"wd-fill category-link\" href=\"https:\/\/arpon.com.tr\/en\/product-category\/products\/pumps-and-accessories\/\" aria-label=\"Product category pumps-and-accessories\"><\/a>\n\t\t\t<\/div>\n\n\t<\/div>\n\t\t\t\t\t\t\t\t\t\t\t\t\t\n<div class=\"wd-col category-grid-item wd-cat cat-design-replace-title without-product-count wd-with-subcat product-category product\" data-loop=\"2\">\n\t\n\t<div class=\"wd-cat-inner wrapp-category\">\n\t\t<div class=\"wd-cat-thumb category-image-wrapp\">\n\t\t\t<a class=\"wd-cat-image category-image\" href=\"https:\/\/arpon.com.tr\/en\/product-category\/products\/mixers-agitators\/\" aria-label=\"Category image\">\n\t\t\t\t\n\t\t\t\t<img decoding=\"async\" width=\"1024\" height=\"755\" src=\"https:\/\/arpon.com.tr\/wp-content\/uploads\/2025\/09\/mixing-sfp_batcheditor_fotor-1-1024x755.png\" class=\"attachment-large size-large\" alt=\"\" srcset=\"https:\/\/arpon.com.tr\/wp-content\/uploads\/2025\/09\/mixing-sfp_batcheditor_fotor-1-1024x755.png 1024w, https:\/\/arpon.com.tr\/wp-content\/uploads\/2025\/09\/mixing-sfp_batcheditor_fotor-1-150x111.png 150w, https:\/\/arpon.com.tr\/wp-content\/uploads\/2025\/09\/mixing-sfp_batcheditor_fotor-1-1200x884.png 1200w, https:\/\/arpon.com.tr\/wp-content\/uploads\/2025\/09\/mixing-sfp_batcheditor_fotor-1-300x221.png 300w, https:\/\/arpon.com.tr\/wp-content\/uploads\/2025\/09\/mixing-sfp_batcheditor_fotor-1-768x566.png 768w, https:\/\/arpon.com.tr\/wp-content\/uploads\/2025\/09\/mixing-sfp_batcheditor_fotor-1-1536x1132.png 1536w, https:\/\/arpon.com.tr\/wp-content\/uploads\/2025\/09\/mixing-sfp_batcheditor_fotor-1.png 1737w\" sizes=\"(max-width: 1024px) 100vw, 1024px\" \/>\t\t\t<\/a>\n\t\t<\/div>\n\t\t<div class=\"wd-cat-content hover-mask\">\n\t\t\t<h3 class=\"wd-entities-title\">\n\t\t\t\tMixers-Agitators\t\t\t<\/h3>\n\n\t\t\t\n\t\t\t\t\t<\/div>\n\n\t\t\t\t<a class=\"wd-fill category-link\" href=\"https:\/\/arpon.com.tr\/en\/product-category\/products\/mixers-agitators\/\" aria-label=\"Product category mixers-agitators\"><\/a>\n\t\t\t<\/div>\n\n\t<\/div>\n\t\t\t\t\t\t\t\t\t\t\t\t\t\n<div class=\"wd-col category-grid-item wd-cat cat-design-replace-title without-product-count wd-with-subcat product-category product\" data-loop=\"3\">\n\t\n\t<div class=\"wd-cat-inner wrapp-category\">\n\t\t<div class=\"wd-cat-thumb category-image-wrapp\">\n\t\t\t<a class=\"wd-cat-image category-image\" href=\"https:\/\/arpon.com.tr\/en\/product-category\/products\/industrial-dust-and-fume-extraction-systems\/\" aria-label=\"Category image\">\n\t\t\t\t\n\t\t\t\t<img decoding=\"async\" width=\"1024\" height=\"668\" src=\"https:\/\/arpon.com.tr\/wp-content\/uploads\/2025\/09\/YAKALAMA-UNITESIAKROBAT-KOL-4-1024x668.jpg\" class=\"attachment-large size-large\" alt=\"\" srcset=\"https:\/\/arpon.com.tr\/wp-content\/uploads\/2025\/09\/YAKALAMA-UNITESIAKROBAT-KOL-4-1024x668.jpg 1024w, https:\/\/arpon.com.tr\/wp-content\/uploads\/2025\/09\/YAKALAMA-UNITESIAKROBAT-KOL-4-150x98.jpg 150w, https:\/\/arpon.com.tr\/wp-content\/uploads\/2025\/09\/YAKALAMA-UNITESIAKROBAT-KOL-4-300x196.jpg 300w, https:\/\/arpon.com.tr\/wp-content\/uploads\/2025\/09\/YAKALAMA-UNITESIAKROBAT-KOL-4-768x501.jpg 768w, https:\/\/arpon.com.tr\/wp-content\/uploads\/2025\/09\/YAKALAMA-UNITESIAKROBAT-KOL-4.jpg 1143w\" sizes=\"(max-width: 1024px) 100vw, 1024px\" \/>\t\t\t<\/a>\n\t\t<\/div>\n\t\t<div class=\"wd-cat-content hover-mask\">\n\t\t\t<h3 class=\"wd-entities-title\">\n\t\t\t\tIndustrial Dust and Fume Extraction Systems\t\t\t<\/h3>\n\n\t\t\t\n\t\t\t\t\t<\/div>\n\n\t\t\t\t<a class=\"wd-fill category-link\" href=\"https:\/\/arpon.com.tr\/en\/product-category\/products\/industrial-dust-and-fume-extraction-systems\/\" aria-label=\"Product category industrial-dust-and-fume-extraction-systems\"><\/a>\n\t\t\t<\/div>\n\n\t<\/div>\n\t\t\t\t\t\t\t\t\t\t\t\t\t\n<div class=\"wd-col category-grid-item wd-cat cat-design-replace-title without-product-count wd-with-subcat product-category product last\" data-loop=\"4\">\n\t\n\t<div class=\"wd-cat-inner wrapp-category\">\n\t\t<div class=\"wd-cat-thumb category-image-wrapp\">\n\t\t\t<a class=\"wd-cat-image category-image\" href=\"https:\/\/arpon.com.tr\/en\/product-category\/products\/diffuser-and-ventilation-systems\/\" aria-label=\"Category image\">\n\t\t\t\t\n\t\t\t\t<img loading=\"lazy\" decoding=\"async\" width=\"1024\" height=\"819\" src=\"https:\/\/arpon.com.tr\/wp-content\/uploads\/2025\/09\/OZGUR-DIFUZOR-rev1-2_batcheditor_fotor-1024x819.png\" class=\"attachment-large size-large\" alt=\"\" srcset=\"https:\/\/arpon.com.tr\/wp-content\/uploads\/2025\/09\/OZGUR-DIFUZOR-rev1-2_batcheditor_fotor-1024x819.png 1024w, https:\/\/arpon.com.tr\/wp-content\/uploads\/2025\/09\/OZGUR-DIFUZOR-rev1-2_batcheditor_fotor-150x120.png 150w, https:\/\/arpon.com.tr\/wp-content\/uploads\/2025\/09\/OZGUR-DIFUZOR-rev1-2_batcheditor_fotor-300x240.png 300w, https:\/\/arpon.com.tr\/wp-content\/uploads\/2025\/09\/OZGUR-DIFUZOR-rev1-2_batcheditor_fotor-768x614.png 768w, https:\/\/arpon.com.tr\/wp-content\/uploads\/2025\/09\/OZGUR-DIFUZOR-rev1-2_batcheditor_fotor.png 1080w\" sizes=\"(max-width: 1024px) 100vw, 1024px\" \/>\t\t\t<\/a>\n\t\t<\/div>\n\t\t<div class=\"wd-cat-content hover-mask\">\n\t\t\t<h3 class=\"wd-entities-title\">\n\t\t\t\tDiffuser and Ventilation Systems\t\t\t<\/h3>\n\n\t\t\t\n\t\t\t\t\t<\/div>\n\n\t\t\t\t<a class=\"wd-fill category-link\" href=\"https:\/\/arpon.com.tr\/en\/product-category\/products\/diffuser-and-ventilation-systems\/\" aria-label=\"Product category diffuser-and-ventilation-systems\"><\/a>\n\t\t\t<\/div>\n\n\t<\/div>\n\t\t\t\t\t\t\t\t\t\t\t\t\t\n<div class=\"wd-col category-grid-item wd-cat cat-design-replace-title without-product-count wd-with-subcat product-category product first\" data-loop=\"5\">\n\t\n\t<div class=\"wd-cat-inner wrapp-category\">\n\t\t<div class=\"wd-cat-thumb category-image-wrapp\">\n\t\t\t<a class=\"wd-cat-image category-image\" href=\"https:\/\/arpon.com.tr\/en\/product-category\/products\/blowers\/\" aria-label=\"Category image\">\n\t\t\t\t\n\t\t\t\t<img loading=\"lazy\" decoding=\"async\" width=\"1024\" height=\"819\" src=\"https:\/\/arpon.com.tr\/wp-content\/uploads\/2025\/09\/COK-KADEMELI-2_batcheditor_fotor-1024x819.png\" class=\"attachment-large size-large\" alt=\"\" srcset=\"https:\/\/arpon.com.tr\/wp-content\/uploads\/2025\/09\/COK-KADEMELI-2_batcheditor_fotor-1024x819.png 1024w, https:\/\/arpon.com.tr\/wp-content\/uploads\/2025\/09\/COK-KADEMELI-2_batcheditor_fotor-150x120.png 150w, https:\/\/arpon.com.tr\/wp-content\/uploads\/2025\/09\/COK-KADEMELI-2_batcheditor_fotor-1200x960.png 1200w, https:\/\/arpon.com.tr\/wp-content\/uploads\/2025\/09\/COK-KADEMELI-2_batcheditor_fotor-300x240.png 300w, https:\/\/arpon.com.tr\/wp-content\/uploads\/2025\/09\/COK-KADEMELI-2_batcheditor_fotor-768x614.png 768w, https:\/\/arpon.com.tr\/wp-content\/uploads\/2025\/09\/COK-KADEMELI-2_batcheditor_fotor-1536x1229.png 1536w, https:\/\/arpon.com.tr\/wp-content\/uploads\/2025\/09\/COK-KADEMELI-2_batcheditor_fotor.png 1986w\" sizes=\"(max-width: 1024px) 100vw, 1024px\" \/>\t\t\t<\/a>\n\t\t<\/div>\n\t\t<div class=\"wd-cat-content hover-mask\">\n\t\t\t<h3 class=\"wd-entities-title\">\n\t\t\t\tBlowers\t\t\t<\/h3>\n\n\t\t\t\n\t\t\t\t\t<\/div>\n\n\t\t\t\t<a class=\"wd-fill category-link\" href=\"https:\/\/arpon.com.tr\/en\/product-category\/products\/blowers\/\" aria-label=\"Product category blowers\"><\/a>\n\t\t\t<\/div>\n\n\t<\/div>\n\t\t\t\t\t\t\t\t\t\t\t<\/div>\n\t\t\t\t<\/div>\n\t\t\t\t\t\t\t\t\t\t\t<\/div>\n\t\t\t\t<\/div>\n\t\t\t\t\t<\/div>\n\t\t\t\t<\/div>\n\t\t\t\t<\/div>\n\t\t","protected":false},"excerpt":{"rendered":"<p>Ana Sayfa Select the relevant product category for quick and easy access to Arpon&#8217;s high-quality and innovative product range. Pompalar<\/p>\n","protected":false},"author":1,"featured_media":0,"parent":0,"menu_order":138,"comment_status":"closed","ping_status":"closed","template":"elementor_header_footer","meta":{"_acf_changed":false,"_angie_page":false,"_eb_attr":"","footnotes":""},"page_tag":[],"class_list":["post-12070","page","type-page","status-publish","hentry"],"acf":[],"yoast_head":"<!-- This site is optimized with the Yoast SEO Premium plugin v27.2 (Yoast SEO v27.2) - https:\/\/yoast.com\/product\/yoast-seo-premium-wordpress\/ -->\n<title>Products - ARPON | Pompa,Blower,Dif\u00fcz\u00f6r,Dozaj,End\u00fcstriyel Hava Filtrasyon<\/title>\n<meta name=\"robots\" content=\"index, follow, max-snippet:-1, max-image-preview:large, max-video-preview:-1\" \/>\n<link rel=\"canonical\" href=\"https:\/\/arpon.com.tr\/en\/products\/\" \/>\n<meta property=\"og:locale\" content=\"en_US\" \/>\n<meta property=\"og:type\" content=\"article\" \/>\n<meta property=\"og:title\" content=\"Products\" \/>\n<meta property=\"og:description\" content=\"Ana Sayfa Select the relevant product category for quick and easy access to Arpon&#8217;s high-quality and innovative product range. Pompalar\" \/>\n<meta property=\"og:url\" content=\"https:\/\/arpon.com.tr\/en\/products\/\" \/>\n<meta property=\"og:site_name\" content=\"ARPON | Pompa,Blower,Dif\u00fcz\u00f6r,Dozaj,End\u00fcstriyel Hava Filtrasyon\" \/>\n<meta property=\"article:modified_time\" content=\"2025-12-10T09:48:07+00:00\" \/>\n<meta property=\"og:image\" content=\"https:\/\/arpon.com.tr\/wp-content\/uploads\/2025\/09\/GLOBAL-1.png\" \/>\n<meta name=\"twitter:card\" content=\"summary_large_image\" \/>\n<!-- \/ Yoast SEO Premium plugin. -->","yoast_head_json":{"title":"Products - ARPON | Pompa,Blower,Dif\u00fcz\u00f6r,Dozaj,End\u00fcstriyel Hava Filtrasyon","robots":{"index":"index","follow":"follow","max-snippet":"max-snippet:-1","max-image-preview":"max-image-preview:large","max-video-preview":"max-video-preview:-1"},"canonical":"https:\/\/arpon.com.tr\/en\/products\/","og_locale":"en_US","og_type":"article","og_title":"Products","og_description":"Ana Sayfa Select the relevant product category for quick and easy access to Arpon&#8217;s high-quality and innovative product range. Pompalar","og_url":"https:\/\/arpon.com.tr\/en\/products\/","og_site_name":"ARPON | Pompa,Blower,Dif\u00fcz\u00f6r,Dozaj,End\u00fcstriyel Hava Filtrasyon","article_modified_time":"2025-12-10T09:48:07+00:00","og_image":[{"url":"https:\/\/arpon.com.tr\/wp-content\/uploads\/2025\/09\/GLOBAL-1.png","type":"","width":"","height":""}],"twitter_card":"summary_large_image","schema":{"@context":"https:\/\/schema.org","@graph":[{"@type":"WebPage","@id":"https:\/\/arpon.com.tr\/en\/products\/","url":"https:\/\/arpon.com.tr\/en\/products\/","name":"Products - ARPON | Pompa,Blower,Dif\u00fcz\u00f6r,Dozaj,End\u00fcstriyel Hava Filtrasyon","isPartOf":{"@id":"https:\/\/arpon.com.tr\/en\/#website"},"primaryImageOfPage":{"@id":"https:\/\/arpon.com.tr\/en\/products\/#primaryimage"},"image":{"@id":"https:\/\/arpon.com.tr\/en\/products\/#primaryimage"},"thumbnailUrl":"https:\/\/arpon.com.tr\/wp-content\/uploads\/2025\/09\/GLOBAL-1.png","datePublished":"2025-09-09T12:43:34+00:00","dateModified":"2025-12-10T09:48:07+00:00","breadcrumb":{"@id":"https:\/\/arpon.com.tr\/en\/products\/#breadcrumb"},"inLanguage":"en-US","potentialAction":[{"@type":"ReadAction","target":["https:\/\/arpon.com.tr\/en\/products\/"]}]},{"@type":"ImageObject","inLanguage":"en-US","@id":"https:\/\/arpon.com.tr\/en\/products\/#primaryimage","url":"https:\/\/arpon.com.tr\/wp-content\/uploads\/2025\/09\/GLOBAL-1.png","contentUrl":"https:\/\/arpon.com.tr\/wp-content\/uploads\/2025\/09\/GLOBAL-1.png"},{"@type":"BreadcrumbList","@id":"https:\/\/arpon.com.tr\/en\/products\/#breadcrumb","itemListElement":[{"@type":"ListItem","position":1,"name":"Anasayfa","item":"https:\/\/arpon.com.tr\/en\/"},{"@type":"ListItem","position":2,"name":"Products"}]},{"@type":"WebSite","@id":"https:\/\/arpon.com.tr\/en\/#website","url":"https:\/\/arpon.com.tr\/en\/","name":"ARPON | Pompa, Blower, Dif\u00fcz\u00f6r, Dozaj, End\u00fcstriyel Hava Filtrasyon","description":"ARPON","publisher":{"@id":"https:\/\/arpon.com.tr\/en\/#organization"},"potentialAction":[{"@type":"SearchAction","target":{"@type":"EntryPoint","urlTemplate":"https:\/\/arpon.com.tr\/en\/?s={search_term_string}"},"query-input":{"@type":"PropertyValueSpecification","valueRequired":true,"valueName":"search_term_string"}}],"inLanguage":"en-US"},{"@type":["Organization","Place"],"@id":"https:\/\/arpon.com.tr\/en\/#organization","name":"Arpon End\u00fcstriyel Ekipmanlar San. Tic. Ltd. \u015eti.","url":"https:\/\/arpon.com.tr\/en\/","logo":{"@id":"https:\/\/arpon.com.tr\/en\/products\/#local-main-organization-logo"},"image":{"@id":"https:\/\/arpon.com.tr\/en\/products\/#local-main-organization-logo"},"sameAs":["https:\/\/www.youtube.com\/channel\/UCwjBY3SvkX5IBFH4PsIOaxw","https:\/\/www.linkedin.com\/company\/arpon-endstriyel"],"telephone":[],"openingHoursSpecification":[{"@type":"OpeningHoursSpecification","dayOfWeek":["Monday","Tuesday","Wednesday","Thursday","Friday","Saturday","Sunday"],"opens":"09:00","closes":"17:00"}]},{"@type":"ImageObject","inLanguage":"en-US","@id":"https:\/\/arpon.com.tr\/en\/products\/#local-main-organization-logo","url":"https:\/\/arpon.com.tr\/wp-content\/uploads\/2025\/10\/arpon-default.png","contentUrl":"https:\/\/arpon.com.tr\/wp-content\/uploads\/2025\/10\/arpon-default.png","width":300,"height":200,"caption":"Arpon End\u00fcstriyel Ekipmanlar San. Tic. Ltd. \u015eti."}]}},"_links":{"self":[{"href":"https:\/\/arpon.com.tr\/en\/wp-json\/wp\/v2\/pages\/12070","targetHints":{"allow":["GET"]}}],"collection":[{"href":"https:\/\/arpon.com.tr\/en\/wp-json\/wp\/v2\/pages"}],"about":[{"href":"https:\/\/arpon.com.tr\/en\/wp-json\/wp\/v2\/types\/page"}],"author":[{"embeddable":true,"href":"https:\/\/arpon.com.tr\/en\/wp-json\/wp\/v2\/users\/1"}],"replies":[{"embeddable":true,"href":"https:\/\/arpon.com.tr\/en\/wp-json\/wp\/v2\/comments?post=12070"}],"version-history":[{"count":1,"href":"https:\/\/arpon.com.tr\/en\/wp-json\/wp\/v2\/pages\/12070\/revisions"}],"predecessor-version":[{"id":12071,"href":"https:\/\/arpon.com.tr\/en\/wp-json\/wp\/v2\/pages\/12070\/revisions\/12071"}],"wp:attachment":[{"href":"https:\/\/arpon.com.tr\/en\/wp-json\/wp\/v2\/media?parent=12070"}],"wp:term":[{"taxonomy":"page_tag","embeddable":true,"href":"https:\/\/arpon.com.tr\/en\/wp-json\/wp\/v2\/page_tag?post=12070"}],"curies":[{"name":"wp","href":"https:\/\/api.w.org\/{rel}","templated":true}]}}