{"id":12777,"date":"2025-10-16T13:37:57","date_gmt":"2025-10-16T10:37:57","guid":{"rendered":"https:\/\/arpon.com.tr\/how-do-pumps-and-blowers-work\/peristaltic-pumps\/"},"modified":"2025-12-18T09:58:34","modified_gmt":"2025-12-18T06:58:34","slug":"peristaltic-pumps","status":"publish","type":"page","link":"https:\/\/arpon.com.tr\/en\/how-do-pumps-and-blowers-work\/peristaltic-pumps\/","title":{"rendered":"Peristaltic Pumps"},"content":{"rendered":"\t\t<div data-elementor-type=\"wp-page\" data-elementor-id=\"12777\" class=\"elementor elementor-12777 elementor-7444\">\n\t\t\t\t<div class=\"wd-negative-gap elementor-element elementor-element-f6065ff e-flex e-con-boxed e-con e-parent\" data-id=\"f6065ff\" data-element_type=\"container\" data-e-type=\"container\">\n\t\t\t\t\t<div class=\"e-con-inner\">\n\t\t\t\t<div class=\"elementor-element elementor-element-c815c8a wd-el-breadcrumbs text-left elementor-widget elementor-widget-wd_wc_breadcrumb\" data-id=\"c815c8a\" data-element_type=\"widget\" data-e-type=\"widget\" data-widget_type=\"wd_wc_breadcrumb.default\">\n\t\t\t\t<div class=\"elementor-widget-container\">\n\t\t\t\t\t<nav class=\"wd-breadcrumbs woocommerce-breadcrumb\" aria-label=\"Breadcrumb\">\t\t\t\t<span class=\"wd-last\">\n\t\t\t\t\tHome\t\t\t\t<\/span>\n\t\t\t<\/nav>\t\t\t\t<\/div>\n\t\t\t\t<\/div>\n\t\t\t\t\t<\/div>\n\t\t\t\t<\/div>\n\t\t\t\t<section class=\"wd-negative-gap elementor-section elementor-top-section elementor-element elementor-element-78ddb7b elementor-section-content-middle elementor-section-boxed elementor-section-height-default elementor-section-height-default\" data-id=\"78ddb7b\" data-element_type=\"section\" data-e-type=\"section\">\n\t\t\t\t\t\t<div class=\"elementor-container elementor-column-gap-default\">\n\t\t\t\t\t<div class=\"elementor-column elementor-col-50 elementor-top-column elementor-element elementor-element-912d2e7\" data-id=\"912d2e7\" data-element_type=\"column\" data-e-type=\"column\">\n\t\t\t<div class=\"elementor-widget-wrap elementor-element-populated\">\n\t\t\t\t\t\t<div class=\"elementor-element elementor-element-7159fd3 wd-width-100 elementor-widget elementor-widget-wd_title\" data-id=\"7159fd3\" data-element_type=\"widget\" data-e-type=\"widget\" data-widget_type=\"wd_title.default\">\n\t\t\t\t<div class=\"elementor-widget-container\">\n\t\t\t\t\t\t\t<div class=\"title-wrapper wd-set-mb reset-last-child wd-title-color-default wd-title-style-default wd-title-size-small text-left\">\n\n\t\t\t\n\t\t\t<div class=\"liner-continer\">\n\t\t\t\t<h4 class=\"woodmart-title-container title wd-fontsize-m\">How Do Peristaltic Pumps Work?<\/h4> \n\t\t\t\t\t\t\t<\/div>\n\n\t\t\t\t\t<\/div>\n\t\t\t\t\t\t<\/div>\n\t\t\t\t<\/div>\n\t\t\t\t<div class=\"elementor-element elementor-element-41ebe34 elementor-widget elementor-widget-wd_text_block\" data-id=\"41ebe34\" data-element_type=\"widget\" data-e-type=\"widget\" data-widget_type=\"wd_text_block.default\">\n\t\t\t\t<div class=\"elementor-widget-container\">\n\t\t\t\t\t\t\t<div class=\"wd-text-block reset-last-child text-left\">\n\t\t\t\n\t\t\t<p>Peristaltic pumps are a type of positive displacement pump used to pump a variety of fluids. The liquid is held within a flexible hose or tube fitted inside the pump casing. <\/p>\n\t\t\t\t\t<\/div>\n\t\t\t\t\t\t<\/div>\n\t\t\t\t<\/div>\n\t\t\t\t\t<\/div>\n\t\t<\/div>\n\t\t\t\t<div class=\"elementor-column elementor-col-50 elementor-top-column elementor-element elementor-element-7d45649\" data-id=\"7d45649\" data-element_type=\"column\" data-e-type=\"column\">\n\t\t\t<div class=\"elementor-widget-wrap elementor-element-populated\">\n\t\t\t\t\t\t<div class=\"elementor-element elementor-element-e3a2f3b elementor-widget elementor-widget-wd_image_or_svg\" data-id=\"e3a2f3b\" data-element_type=\"widget\" data-e-type=\"widget\" data-widget_type=\"wd_image_or_svg.default\">\n\t\t\t\t<div class=\"elementor-widget-container\">\n\t\t\t\t\t\n\t\t<div class=\"wd-image text-center\">\n\t\t\t\t\t\t\t\t<img decoding=\"async\" width=\"150\" height=\"150\" src=\"https:\/\/arpon.com.tr\/wp-content\/uploads\/2025\/04\/verder-ornek-150x150.png\" class=\"attachment-thumbnail size-thumbnail\" alt=\"\" srcset=\"https:\/\/arpon.com.tr\/wp-content\/uploads\/2025\/04\/verder-ornek-150x150.png 150w, https:\/\/arpon.com.tr\/wp-content\/uploads\/2025\/04\/verder-ornek-200x200.png 200w, https:\/\/arpon.com.tr\/wp-content\/uploads\/2025\/04\/verder-ornek-100x100.png 100w, https:\/\/arpon.com.tr\/wp-content\/uploads\/2025\/04\/verder-ornek-80x80.png 80w, https:\/\/arpon.com.tr\/wp-content\/uploads\/2025\/04\/verder-ornek.png 217w\" sizes=\"(max-width: 150px) 100vw, 150px\" \/>\t\t\t\t\t<\/div>\n\n\t\t\t\t\t\t<\/div>\n\t\t\t\t<\/div>\n\t\t\t\t\t<\/div>\n\t\t<\/div>\n\t\t\t\t\t<\/div>\n\t\t<\/section>\n\t\t<div class=\"wd-negative-gap elementor-element elementor-element-16e2a1f e-flex e-con-boxed e-con e-parent\" data-id=\"16e2a1f\" data-element_type=\"container\" data-e-type=\"container\">\n\t\t\t\t\t<div class=\"e-con-inner\">\n\t\t\t\t<div class=\"elementor-element elementor-element-e9475fe elementor-widget elementor-widget-wd_text_block\" data-id=\"e9475fe\" data-element_type=\"widget\" data-e-type=\"widget\" data-widget_type=\"wd_text_block.default\">\n\t\t\t\t<div class=\"elementor-widget-container\">\n\t\t\t\t\t\t\t<div class=\"wd-text-block reset-last-child text-left\">\n\t\t\t\n\t\t\t<p>The pumping principle, called peristalsis, is based on the alternating compression and relaxation of the hose or tube, which draws the contents into the pump and directs the product to the pump, conveying it to the discharge line.<br>A rotating shoe or roller moves along the hose or tube, creating a temporary seal between the suction and discharge sides of the pump. As the pump rotor rotates, this sealing point moves along the hose, pushing the product out of the pump into the discharge line. When the pressure is released, the hose or tube returns to its original shape, creating a vacuum and drawing fluid into the suction side of the pump. Thanks to this mechanism, the pump offers a powerful positive displacement action that provides self-priming.   <\/p><ul><li><strong>Proportional Dosing<\/strong><br>The perfect seal between the two sides of the pump prevents liquid from flowing back. In addition, since the pump's speed-flow rate is linear, peristaltic pumps are ideal for dosing applications. <\/li><li><strong>No Cross-Contamination<\/strong><br>The pumped liquid does not come into contact with any moving parts because it is completely contained within the reinforced hose or tube. This makes peristaltic pumps a hygienic pumping solution and the risk of contamination is eliminated. In addition, maintenance time is reduced because the only component that wears is the hose or tube.  <\/li><\/ul>\n\t\t\t\t\t<\/div>\n\t\t\t\t\t\t<\/div>\n\t\t\t\t<\/div>\n\t\t\t\t\t<\/div>\n\t\t\t\t<\/div>\n\t\t<div class=\"wd-negative-gap elementor-element elementor-element-105cbda e-grid e-con-boxed e-con e-parent\" data-id=\"105cbda\" data-element_type=\"container\" data-e-type=\"container\">\n\t\t\t\t\t<div class=\"e-con-inner\">\n\t\t\t\t<div class=\"elementor-element elementor-element-1965624 elementor-widget elementor-widget-wd_text_block\" data-id=\"1965624\" data-element_type=\"widget\" data-e-type=\"widget\" data-widget_type=\"wd_text_block.default\">\n\t\t\t\t<div class=\"elementor-widget-container\">\n\t\t\t\t\t\t\t<div class=\"wd-text-block reset-last-child text-left\">\n\t\t\t\n\t\t\t<p><span style=\"font-size: 18pt; color: #6aaae4;\">Advantages of Peristaltic Pumps<\/span><\/p><p>Each peristaltic pump has a flexible hose or tube. Thanks to this: <\/p><p>\u2714 Creates an open flow path and exhibits high resistance to abrasion.<br>\u2714 Allows easy flow of solids, high density (S.G.) and viscous media.<br>\u2714 Although it can pump the world's most challenging fluids, it gently processes sensitive shear-sensitive products (such as polymers, even whole fish).<br>\u2714 The flow rate is proportional to the speed, which is suitable for dosing.<br>\u2714 It has a wide range of uses, from laboratories to mining applications.<br>\u2714 The hose prevents cross-contamination and ensures a safe working environment.<br>\u2714 It does not contain a mechanical seal, thus reducing the need for maintenance. Safely contains liquid inside when the hose tears. <\/p>\n\t\t\t\t\t<\/div>\n\t\t\t\t\t\t<\/div>\n\t\t\t\t<\/div>\n\t\t\t\t<div class=\"elementor-element elementor-element-5ec928a elementor-widget elementor-widget-wd_image_or_svg\" data-id=\"5ec928a\" data-element_type=\"widget\" data-e-type=\"widget\" data-widget_type=\"wd_image_or_svg.default\">\n\t\t\t\t<div class=\"elementor-widget-container\">\n\t\t\t\t\t\n\t\t<div class=\"wd-image text-center\">\n\t\t\t\t\t\t\t\t<img fetchpriority=\"high\" decoding=\"async\" width=\"768\" height=\"576\" src=\"https:\/\/arpon.com.tr\/wp-content\/uploads\/2025\/10\/DURA-3-768x576.jpg\" class=\"attachment-medium_large size-medium_large\" alt=\"\" srcset=\"https:\/\/arpon.com.tr\/wp-content\/uploads\/2025\/10\/DURA-3-768x576.jpg 768w, https:\/\/arpon.com.tr\/wp-content\/uploads\/2025\/10\/DURA-3-150x113.jpg 150w, https:\/\/arpon.com.tr\/wp-content\/uploads\/2025\/10\/DURA-3-1200x900.jpg 1200w, https:\/\/arpon.com.tr\/wp-content\/uploads\/2025\/10\/DURA-3-300x225.jpg 300w, https:\/\/arpon.com.tr\/wp-content\/uploads\/2025\/10\/DURA-3-1024x768.jpg 1024w, https:\/\/arpon.com.tr\/wp-content\/uploads\/2025\/10\/DURA-3-1536x1152.jpg 1536w, https:\/\/arpon.com.tr\/wp-content\/uploads\/2025\/10\/DURA-3.jpg 1600w\" sizes=\"(max-width: 768px) 100vw, 768px\" \/>\t\t\t\t\t<\/div>\n\n\t\t\t\t\t\t<\/div>\n\t\t\t\t<\/div>\n\t\t\t\t\t<\/div>\n\t\t\t\t<\/div>\n\t\t<div class=\"wd-negative-gap elementor-element elementor-element-3d068ec e-grid e-con-boxed e-con e-parent\" data-id=\"3d068ec\" data-element_type=\"container\" data-e-type=\"container\">\n\t\t\t\t\t<div class=\"e-con-inner\">\n\t\t\t\t<div class=\"elementor-element elementor-element-010b987 elementor-widget elementor-widget-wd_image_or_svg\" data-id=\"010b987\" data-element_type=\"widget\" data-e-type=\"widget\" data-widget_type=\"wd_image_or_svg.default\">\n\t\t\t\t<div class=\"elementor-widget-container\">\n\t\t\t\t\t\n\t\t<div class=\"wd-image text-center\">\n\t\t\t\t\t\t\t\t<img decoding=\"async\" width=\"300\" height=\"225\" src=\"https:\/\/arpon.com.tr\/wp-content\/uploads\/2025\/10\/VANTAGE-5000-300x225.jpg\" class=\"attachment-medium size-medium\" alt=\"\" srcset=\"https:\/\/arpon.com.tr\/wp-content\/uploads\/2025\/10\/VANTAGE-5000-300x225.jpg 300w, https:\/\/arpon.com.tr\/wp-content\/uploads\/2025\/10\/VANTAGE-5000-150x113.jpg 150w, https:\/\/arpon.com.tr\/wp-content\/uploads\/2025\/10\/VANTAGE-5000-1200x900.jpg 1200w, https:\/\/arpon.com.tr\/wp-content\/uploads\/2025\/10\/VANTAGE-5000-1024x768.jpg 1024w, https:\/\/arpon.com.tr\/wp-content\/uploads\/2025\/10\/VANTAGE-5000-768x576.jpg 768w, https:\/\/arpon.com.tr\/wp-content\/uploads\/2025\/10\/VANTAGE-5000-1536x1152.jpg 1536w, https:\/\/arpon.com.tr\/wp-content\/uploads\/2025\/10\/VANTAGE-5000.jpg 1600w\" sizes=\"(max-width: 300px) 100vw, 300px\" \/>\t\t\t\t\t<\/div>\n\n\t\t\t\t\t\t<\/div>\n\t\t\t\t<\/div>\n\t\t\t\t<div class=\"elementor-element elementor-element-510154d elementor-widget elementor-widget-wd_text_block\" data-id=\"510154d\" data-element_type=\"widget\" data-e-type=\"widget\" data-widget_type=\"wd_text_block.default\">\n\t\t\t\t<div class=\"elementor-widget-container\">\n\t\t\t\t\t\t\t<div class=\"wd-text-block reset-last-child text-left\">\n\t\t\t\n\t\t\t<p><span style=\"font-size: 18pt; color: #6aaae4;\"><strong>Features and Benefits of Peristaltic Pumps<\/strong><\/span><\/p><p>\u2714 Mechanical seal-less (seal-less) design<br>\u2714 Low maintenance cost<br>\u2714 Can run dry and self-prime<br>\u2714 Gentle pumping action (suitable for shear-sensitive products)<br>\u2714 High suction capacity<br>\u2714 Abrasion resistant<br>\u2714 Has solid material handling capacity<br>\u2714 Can be operated in reverse<br>\u2714 No liquid slippage<br>\u2714 Provides precise dosing<\/p>\n\t\t\t\t\t<\/div>\n\t\t\t\t\t\t<\/div>\n\t\t\t\t<\/div>\n\t\t\t\t\t<\/div>\n\t\t\t\t<\/div>\n\t\t<div class=\"wd-negative-gap elementor-element elementor-element-494ac2a e-flex e-con-boxed e-con e-parent\" data-id=\"494ac2a\" data-element_type=\"container\" data-e-type=\"container\">\n\t\t\t\t\t<div class=\"e-con-inner\">\n\t\t\t\t<div class=\"elementor-element elementor-element-e2d513c elementor-widget elementor-widget-wd_text_block\" data-id=\"e2d513c\" data-element_type=\"widget\" data-e-type=\"widget\" data-widget_type=\"wd_text_block.default\">\n\t\t\t\t<div class=\"elementor-widget-container\">\n\t\t\t\t\t\t\t<div class=\"wd-text-block reset-last-child text-left\">\n\t\t\t\n\t\t\t<p><span style=\"color: #6aaae4; font-size: 18pt;\"><strong>Peristaltic Pump Types<\/strong><\/span><\/p><p>Peristaltic pumps are divided into two main categories:<\/p><ul><li><strong>Hose Pumps<\/strong>: <strong>Suitable for liquids with high solids content<\/strong>.<\/li><li><strong>Tube Pumps<\/strong>: <strong>Excellent for low flow requirements<\/strong>, has programmable features and offers multiple head options.<\/li><\/ul><p><span style=\"color: #6aaae4; font-size: 18pt;\"><strong>Where are Peristaltic Pumps Used?<\/strong><\/span><\/p><p>Peristaltic pumps are used in <strong>many industries<\/strong>. Especially: <\/p><ul><li>In the <strong>mining industry<\/strong>, to pump high solids content <strong>slurry<\/strong><\/li><li>In <strong>wastewater and biogas plants<\/strong>, for corrosive, viscous liquids<\/li><li>In <strong>chemical laboratories<\/strong>, for precise dosing and chemical transfer processes<\/li><\/ul><p><span style=\"color: #6aaae4; font-size: 18pt;\"><strong>Verderflex Hose and Tube Pumps<\/strong><\/span><\/p><p><strong>Verderflex pumps<\/strong> offer <strong>powerful and durable pumping performance<\/strong> in the most demanding conditions.<\/p><ul><li><strong>Vantage 5000 models<\/strong> are tube pumps that can be easily programmed for chemicals and laboratory applications.<\/li><li>The industrial tube pump series is designed for use in hazardous areas.<\/li><li>These pumps can be operated independently or integrated into automation systems.<\/li><li>Hygienic options are also available for the food and beverage industry.<\/li><\/ul><p><span style=\"font-size: 14pt;\"><strong>Verderflex Hose Pumps<\/strong><\/span><\/p><ul><li>Verderflex Dura and Verderflex VF are designed to reliably pump the most challenging fluids.<\/li><li>It has a wide range of uses, from the mining industry to water treatment plants.<\/li><li>It has developed the longest lasting hose on the market and is resistant to corrosive applications.<\/li><li>These hoses can also be used in many other peristaltic pump brands.<br>VF and Dura series completely contain the liquid in the pump body thanks to leak-proof hose connections.<\/li><li>This protects operators and the environment.<\/li><\/ul><p><span style=\"font-size: 14pt;\"><strong>Outstanding Features of Verderflex Hose Pumps<\/strong><\/span><\/p><p>\u2714 Offers repeatable dosing with \u00b11% accuracy<br>\u2714 Does not slip (liquid leakage)<br>\u2714 Has 95% vacuum capacity or provides 9.5 meters (31 ft) suction power<br>\u2714 The largest peristaltic hose pump can pump 90 m\u00b3 (390 US gallons) per hour<br>\u2714 Can operate up to 16 bar (230 PSI) pressure<\/p><p>For more information or technical support about peristaltic pumps, you can <span style=\"color: #6aaae4;\"><a style=\"color: #6aaae4;\" href=\"https:\/\/arpon.com.tr\/en\/contact-us\/\">contact us<\/a><\/span>.<\/p>\n\t\t\t\t\t<\/div>\n\t\t\t\t\t\t<\/div>\n\t\t\t\t<\/div>\n\t\t\t\t\t<\/div>\n\t\t\t\t<\/div>\n\t\t<div class=\"wd-negative-gap elementor-element elementor-element-5dcc89e e-flex e-con-boxed e-con e-parent\" data-id=\"5dcc89e\" data-element_type=\"container\" data-e-type=\"container\">\n\t\t\t\t\t<div class=\"e-con-inner\">\n\t\t\t\t<div class=\"elementor-element elementor-element-1c0cb1e elementor-align-center elementor-widget elementor-widget-embedpres_elementor\" data-id=\"1c0cb1e\" data-element_type=\"widget\" data-e-type=\"widget\" data-widget_type=\"embedpres_elementor.default\">\n\t\t\t\t<div class=\"elementor-widget-container\">\n\t\t\t\t\t\n\t\t<div class=\"embedpress-elements-wrapper  \" id=\"ep-elements-id-1c0cb1e\">\n\n\t\t\t\t\t\t\t<div id=\"ep-elementor-content-1c0cb1e\"\n\t\t\t\t\tclass=\"ep-elementor-content\n\t\t\t\t\t\t\t\t\t\t  ep-content-protection-disabled\t\t\t\t\tsource-youtube\t\t\t\t\t\">\n\n\t\t\t\t\t<div id=\"1c0cb1e\"\n\t\t\t\t\t\tclass=\"ep-embed-content-wrapper\n\t\t\t\t\t\t\t\t\t\t\t\t\t\t\t\t\t\tep-google-photos-\t\t\t\t\t\tdata-show-title=\"yes\"\t\t\t\t\t\t\"\n\t\t\t\t\t\t\t\t\t\t\t\t\t\t\t\t\t\t\t\t\t\t\t\t>\n\n\t\t\t\t\t\t<div id=\"ep-elementor-content-1c0cb1e\"\n\t\t\t\t\t\t\tclass=\"ep-elementor-content\n\t\t\t\t\t\t\t\t\t\t\t\t\t\t  ep-content-protection-disabled\t\t\t\t\t\t\tsource-youtube\">\n\n\t\t\t\t\t\t\t<div >\n\t\t\t\t\t\t\t\t<div id=\"1c0cb1e\"\n\t\t\t\t\t\t\t\t\tclass=\"ep-embed-content-wraper\n\t\t\t\t\t\t\t\t\t\"\n\t\t\t\t\t\t\t\t\t\t\t\t\t\t\t\t\t\t>\n\n\t\t\t\t\t\t\t\t\t<div class=\"ose-youtube ose-uid-53f2abb53f75ff049958dfd6a4d7bda3 ose-embedpress-responsive\" style=\"width:720px; height:480px; max-height:480px; max-width:100%; display:inline-block;\" data-embed-type=\"Youtube\"><iframe allowFullScreen=\"true\" title=\"How do Verderflex Peristaltic Pumps work\" width=\"720\" height=\"480\" src=\"https:\/\/www.youtube.com\/embed\/L_jbtxI1p74?feature=oembed&controls=1&iv_load_policy=1&fs=1&rel=1&end=&playsinline=1&start=&color=red\" frameborder=\"0\" allow=\"accelerometer; encrypted-media;accelerometer;autoplay;clipboard-write;gyroscope;picture-in-picture clipboard-write; encrypted-media; gyroscope; picture-in-picture; web-share\" referrerpolicy=\"strict-origin-when-cross-origin\" allowfullscreen><\/iframe><\/div>\t\t\t\t\t\t\t\t<\/div>\n\n\t\t\t\t\t\t\t\t\n\t\t\t\t\t\t\t<\/div>\n\t\t\t\t\t\t<\/div>\n\t\t\t\t\t<\/div>\n\t\t\t\t<\/div>\n\n\t\t\t\n\t\t<\/div>\n\n\n\t\t\t\t\t<style>\n\t\t\t\t#ep-elements-id-1c0cb1e.ep-youtube__content__block .youtube__content__body .content__wrap {\n\t\t\t\t\tgrid-template-columns: repeat(auto-fit, minmax(calc(33.333333333333% - 30px), 1fr)) !important;\n\t\t\t\t}\n\n\t\t\t\t#ep-elements-id-1c0cb1e.ep-youtube__content__pagination {\n\t\t\t\t\tdisplay: none !important;\n\t\t\t\t}\n\t\t\t<\/style>\n\t\t\n\t\t\t\t<\/div>\n\t\t\t\t<\/div>\n\t\t\t\t\t<\/div>\n\t\t\t\t<\/div>\n\t\t\t\t<\/div>\n\t\t","protected":false},"excerpt":{"rendered":"<p>Home How Do Peristaltic Pumps Work? Peristaltic pumps are a type of positive displacement pump used to pump a variety<\/p>\n","protected":false},"author":1,"featured_media":0,"parent":12349,"menu_order":71,"comment_status":"closed","ping_status":"closed","template":"elementor_header_footer","meta":{"_acf_changed":false,"_angie_page":false,"_eb_attr":"","footnotes":""},"page_tag":[],"class_list":["post-12777","page","type-page","status-publish","hentry"],"acf":[],"yoast_head":"<!-- This site is optimized with the Yoast SEO Premium plugin v27.3 (Yoast SEO v27.4) - https:\/\/yoast.com\/product\/yoast-seo-premium-wordpress\/ -->\n<title>Peristaltic Pumps - ARPON | Pompa,Blower,Dif\u00fcz\u00f6r,Dozaj,End\u00fcstriyel Hava Filtrasyon<\/title>\n<meta name=\"robots\" content=\"index, follow, max-snippet:-1, max-image-preview:large, max-video-preview:-1\" \/>\n<link rel=\"canonical\" href=\"https:\/\/arpon.com.tr\/en\/how-do-pumps-and-blowers-work\/peristaltic-pumps\/\" \/>\n<meta property=\"og:locale\" content=\"en_US\" \/>\n<meta property=\"og:type\" content=\"article\" \/>\n<meta property=\"og:title\" content=\"Peristaltic Pumps\" \/>\n<meta property=\"og:description\" content=\"Home How Do Peristaltic Pumps Work? Peristaltic pumps are a type of positive displacement pump used to pump a variety\" \/>\n<meta property=\"og:url\" content=\"https:\/\/arpon.com.tr\/en\/how-do-pumps-and-blowers-work\/peristaltic-pumps\/\" \/>\n<meta property=\"og:site_name\" content=\"ARPON | Pompa,Blower,Dif\u00fcz\u00f6r,Dozaj,End\u00fcstriyel Hava Filtrasyon\" \/>\n<meta property=\"article:modified_time\" content=\"2025-12-18T06:58:34+00:00\" \/>\n<meta property=\"og:image\" content=\"https:\/\/arpon.com.tr\/wp-content\/uploads\/2025\/04\/verder-ornek-150x150.png\" \/>\n<meta name=\"twitter:card\" content=\"summary_large_image\" \/>\n<meta name=\"twitter:label1\" content=\"Est. reading time\" \/>\n\t<meta name=\"twitter:data1\" content=\"15 minutes\" \/>\n<!-- \/ Yoast SEO Premium plugin. -->","yoast_head_json":{"title":"Peristaltic Pumps - ARPON | Pompa,Blower,Dif\u00fcz\u00f6r,Dozaj,End\u00fcstriyel Hava Filtrasyon","robots":{"index":"index","follow":"follow","max-snippet":"max-snippet:-1","max-image-preview":"max-image-preview:large","max-video-preview":"max-video-preview:-1"},"canonical":"https:\/\/arpon.com.tr\/en\/how-do-pumps-and-blowers-work\/peristaltic-pumps\/","og_locale":"en_US","og_type":"article","og_title":"Peristaltic Pumps","og_description":"Home How Do Peristaltic Pumps Work? Peristaltic pumps are a type of positive displacement pump used to pump a variety","og_url":"https:\/\/arpon.com.tr\/en\/how-do-pumps-and-blowers-work\/peristaltic-pumps\/","og_site_name":"ARPON | Pompa,Blower,Dif\u00fcz\u00f6r,Dozaj,End\u00fcstriyel Hava Filtrasyon","article_modified_time":"2025-12-18T06:58:34+00:00","og_image":[{"url":"https:\/\/arpon.com.tr\/wp-content\/uploads\/2025\/04\/verder-ornek-150x150.png","type":"","width":"","height":""}],"twitter_card":"summary_large_image","twitter_misc":{"Est. reading time":"15 minutes"},"schema":{"@context":"https:\/\/schema.org","@graph":[{"@type":"WebPage","@id":"https:\/\/arpon.com.tr\/en\/how-do-pumps-and-blowers-work\/peristaltic-pumps\/","url":"https:\/\/arpon.com.tr\/en\/how-do-pumps-and-blowers-work\/peristaltic-pumps\/","name":"Peristaltic Pumps - ARPON | Pompa,Blower,Dif\u00fcz\u00f6r,Dozaj,End\u00fcstriyel Hava Filtrasyon","isPartOf":{"@id":"https:\/\/arpon.com.tr\/en\/#website"},"primaryImageOfPage":{"@id":"https:\/\/arpon.com.tr\/en\/how-do-pumps-and-blowers-work\/peristaltic-pumps\/#primaryimage"},"image":{"@id":"https:\/\/arpon.com.tr\/en\/how-do-pumps-and-blowers-work\/peristaltic-pumps\/#primaryimage"},"thumbnailUrl":"https:\/\/arpon.com.tr\/wp-content\/uploads\/2025\/04\/verder-ornek-150x150.png","datePublished":"2025-10-16T10:37:57+00:00","dateModified":"2025-12-18T06:58:34+00:00","breadcrumb":{"@id":"https:\/\/arpon.com.tr\/en\/how-do-pumps-and-blowers-work\/peristaltic-pumps\/#breadcrumb"},"inLanguage":"en-US","potentialAction":[{"@type":"ReadAction","target":["https:\/\/arpon.com.tr\/en\/how-do-pumps-and-blowers-work\/peristaltic-pumps\/"]}]},{"@type":"ImageObject","inLanguage":"en-US","@id":"https:\/\/arpon.com.tr\/en\/how-do-pumps-and-blowers-work\/peristaltic-pumps\/#primaryimage","url":"https:\/\/arpon.com.tr\/wp-content\/uploads\/2025\/04\/verder-ornek-150x150.png","contentUrl":"https:\/\/arpon.com.tr\/wp-content\/uploads\/2025\/04\/verder-ornek-150x150.png"},{"@type":"BreadcrumbList","@id":"https:\/\/arpon.com.tr\/en\/how-do-pumps-and-blowers-work\/peristaltic-pumps\/#breadcrumb","itemListElement":[{"@type":"ListItem","position":1,"name":"Anasayfa","item":"https:\/\/arpon.com.tr\/en\/"},{"@type":"ListItem","position":2,"name":"How Do Pumps and Blowers Work?","item":"https:\/\/arpon.com.tr\/en\/how-do-pumps-and-blowers-work\/"},{"@type":"ListItem","position":3,"name":"Peristaltic Pumps"}]},{"@type":"WebSite","@id":"https:\/\/arpon.com.tr\/en\/#website","url":"https:\/\/arpon.com.tr\/en\/","name":"ARPON | Pompa, Blower, Dif\u00fcz\u00f6r, Dozaj, End\u00fcstriyel Hava Filtrasyon","description":"ARPON","publisher":{"@id":"https:\/\/arpon.com.tr\/en\/#organization"},"potentialAction":[{"@type":"SearchAction","target":{"@type":"EntryPoint","urlTemplate":"https:\/\/arpon.com.tr\/en\/?s={search_term_string}"},"query-input":{"@type":"PropertyValueSpecification","valueRequired":true,"valueName":"search_term_string"}}],"inLanguage":"en-US"},{"@type":["Organization","Place"],"@id":"https:\/\/arpon.com.tr\/en\/#organization","name":"Arpon End\u00fcstriyel Ekipmanlar San. Tic. Ltd. \u015eti.","url":"https:\/\/arpon.com.tr\/en\/","logo":{"@id":"https:\/\/arpon.com.tr\/en\/how-do-pumps-and-blowers-work\/peristaltic-pumps\/#local-main-organization-logo"},"image":{"@id":"https:\/\/arpon.com.tr\/en\/how-do-pumps-and-blowers-work\/peristaltic-pumps\/#local-main-organization-logo"},"sameAs":["https:\/\/www.youtube.com\/channel\/UCwjBY3SvkX5IBFH4PsIOaxw","https:\/\/www.linkedin.com\/company\/arpon-endstriyel"],"telephone":[],"openingHoursSpecification":[{"@type":"OpeningHoursSpecification","dayOfWeek":["Monday","Tuesday","Wednesday","Thursday","Friday","Saturday","Sunday"],"opens":"09:00","closes":"17:00"}]},{"@type":"ImageObject","inLanguage":"en-US","@id":"https:\/\/arpon.com.tr\/en\/how-do-pumps-and-blowers-work\/peristaltic-pumps\/#local-main-organization-logo","url":"https:\/\/arpon.com.tr\/wp-content\/uploads\/2025\/10\/arpon-default.png","contentUrl":"https:\/\/arpon.com.tr\/wp-content\/uploads\/2025\/10\/arpon-default.png","width":300,"height":200,"caption":"Arpon End\u00fcstriyel Ekipmanlar San. Tic. Ltd. \u015eti."}]}},"_links":{"self":[{"href":"https:\/\/arpon.com.tr\/en\/wp-json\/wp\/v2\/pages\/12777","targetHints":{"allow":["GET"]}}],"collection":[{"href":"https:\/\/arpon.com.tr\/en\/wp-json\/wp\/v2\/pages"}],"about":[{"href":"https:\/\/arpon.com.tr\/en\/wp-json\/wp\/v2\/types\/page"}],"author":[{"embeddable":true,"href":"https:\/\/arpon.com.tr\/en\/wp-json\/wp\/v2\/users\/1"}],"replies":[{"embeddable":true,"href":"https:\/\/arpon.com.tr\/en\/wp-json\/wp\/v2\/comments?post=12777"}],"version-history":[{"count":2,"href":"https:\/\/arpon.com.tr\/en\/wp-json\/wp\/v2\/pages\/12777\/revisions"}],"predecessor-version":[{"id":12788,"href":"https:\/\/arpon.com.tr\/en\/wp-json\/wp\/v2\/pages\/12777\/revisions\/12788"}],"up":[{"embeddable":true,"href":"https:\/\/arpon.com.tr\/en\/wp-json\/wp\/v2\/pages\/12349"}],"wp:attachment":[{"href":"https:\/\/arpon.com.tr\/en\/wp-json\/wp\/v2\/media?parent=12777"}],"wp:term":[{"taxonomy":"page_tag","embeddable":true,"href":"https:\/\/arpon.com.tr\/en\/wp-json\/wp\/v2\/page_tag?post=12777"}],"curies":[{"name":"wp","href":"https:\/\/api.w.org\/{rel}","templated":true}]}}