{"id":12778,"date":"2025-09-18T14:27:12","date_gmt":"2025-09-18T11:27:12","guid":{"rendered":"https:\/\/arpon.com.tr\/how-do-pumps-and-blowers-work\/wastewater-pumps\/"},"modified":"2025-12-18T09:58:34","modified_gmt":"2025-12-18T06:58:34","slug":"wastewater-pumps","status":"publish","type":"page","link":"https:\/\/arpon.com.tr\/en\/how-do-pumps-and-blowers-work\/wastewater-pumps\/","title":{"rendered":"Wastewater Pumps"},"content":{"rendered":"\t\t<div data-elementor-type=\"wp-page\" data-elementor-id=\"12778\" class=\"elementor elementor-12778 elementor-4717\">\n\t\t\t\t<div class=\"wd-negative-gap elementor-element elementor-element-f6065ff e-flex e-con-boxed e-con e-parent\" data-id=\"f6065ff\" data-element_type=\"container\" data-e-type=\"container\">\n\t\t\t\t\t<div class=\"e-con-inner\">\n\t\t\t\t<div class=\"elementor-element elementor-element-c815c8a wd-el-breadcrumbs text-left elementor-widget elementor-widget-wd_wc_breadcrumb\" data-id=\"c815c8a\" data-element_type=\"widget\" data-e-type=\"widget\" data-widget_type=\"wd_wc_breadcrumb.default\">\n\t\t\t\t<div class=\"elementor-widget-container\">\n\t\t\t\t\t<nav class=\"wd-breadcrumbs woocommerce-breadcrumb\" aria-label=\"Breadcrumb\">\t\t\t\t<span class=\"wd-last\">\n\t\t\t\t\tHome\t\t\t\t<\/span>\n\t\t\t<\/nav>\t\t\t\t<\/div>\n\t\t\t\t<\/div>\n\t\t\t\t\t<\/div>\n\t\t\t\t<\/div>\n\t\t\t\t<section class=\"wd-negative-gap elementor-section elementor-top-section elementor-element elementor-element-265f9e5 elementor-section-content-middle elementor-section-boxed elementor-section-height-default elementor-section-height-default\" data-id=\"265f9e5\" data-element_type=\"section\" data-e-type=\"section\">\n\t\t\t\t\t\t<div class=\"elementor-container elementor-column-gap-default\">\n\t\t\t\t\t<div class=\"elementor-column elementor-col-50 elementor-top-column elementor-element elementor-element-ec7df9a\" data-id=\"ec7df9a\" data-element_type=\"column\" data-e-type=\"column\">\n\t\t\t<div class=\"elementor-widget-wrap elementor-element-populated\">\n\t\t\t\t\t\t<div class=\"elementor-element elementor-element-269d85d wd-width-100 elementor-widget elementor-widget-wd_title\" data-id=\"269d85d\" data-element_type=\"widget\" data-e-type=\"widget\" data-widget_type=\"wd_title.default\">\n\t\t\t\t<div class=\"elementor-widget-container\">\n\t\t\t\t\t\t\t<div class=\"title-wrapper wd-set-mb reset-last-child wd-title-color-default wd-title-style-default wd-title-size-small text-left\">\n\n\t\t\t\n\t\t\t<div class=\"liner-continer\">\n\t\t\t\t<h4 class=\"woodmart-title-container title wd-fontsize-m\">How Do Wastewater Pumps Work?<\/h4> \n\t\t\t\t\t\t\t<\/div>\n\n\t\t\t\t\t<\/div>\n\t\t\t\t\t\t<\/div>\n\t\t\t\t<\/div>\n\t\t\t\t<div class=\"elementor-element elementor-element-94f62eb elementor-widget elementor-widget-wd_text_block\" data-id=\"94f62eb\" data-element_type=\"widget\" data-e-type=\"widget\" data-widget_type=\"wd_text_block.default\">\n\t\t\t\t<div class=\"elementor-widget-container\">\n\t\t\t\t\t\t\t<div class=\"wd-text-block reset-last-child text-left\">\n\t\t\t\n\t\t\t<p>The pump type that provides the transfer of wastewater is called a \"wastewater pump.\" These pumps are also referred to as \"sewage pumps\" or \"septic pumps.\" <\/p>\n\t\t\t\t\t<\/div>\n\t\t\t\t\t\t<\/div>\n\t\t\t\t<\/div>\n\t\t\t\t\t<\/div>\n\t\t<\/div>\n\t\t\t\t<div class=\"elementor-column elementor-col-50 elementor-top-column elementor-element elementor-element-8d495a7\" data-id=\"8d495a7\" data-element_type=\"column\" data-e-type=\"column\">\n\t\t\t<div class=\"elementor-widget-wrap elementor-element-populated\">\n\t\t\t\t\t\t<div class=\"elementor-element elementor-element-ace7c36 elementor-widget elementor-widget-wd_image_or_svg\" data-id=\"ace7c36\" data-element_type=\"widget\" data-e-type=\"widget\" data-widget_type=\"wd_image_or_svg.default\">\n\t\t\t\t<div class=\"elementor-widget-container\">\n\t\t\t\t\t\n\t\t<div class=\"wd-image text-center\">\n\t\t\t\t\t\t\t\t<img decoding=\"async\" width=\"150\" height=\"150\" src=\"https:\/\/arpon.com.tr\/wp-content\/uploads\/2025\/10\/CENTRIFUGAL-PUMPS-150x150.png\" class=\"attachment-thumbnail size-thumbnail\" alt=\"\" srcset=\"https:\/\/arpon.com.tr\/wp-content\/uploads\/2025\/10\/CENTRIFUGAL-PUMPS-150x150.png 150w, https:\/\/arpon.com.tr\/wp-content\/uploads\/2025\/10\/CENTRIFUGAL-PUMPS-300x300.png 300w, https:\/\/arpon.com.tr\/wp-content\/uploads\/2025\/10\/CENTRIFUGAL-PUMPS.png 512w\" sizes=\"(max-width: 150px) 100vw, 150px\" \/>\t\t\t\t\t<\/div>\n\n\t\t\t\t\t\t<\/div>\n\t\t\t\t<\/div>\n\t\t\t\t\t<\/div>\n\t\t<\/div>\n\t\t\t\t\t<\/div>\n\t\t<\/section>\n\t\t<div class=\"wd-negative-gap elementor-element elementor-element-7cab251 e-flex e-con-boxed e-con e-parent\" data-id=\"7cab251\" data-element_type=\"container\" data-e-type=\"container\">\n\t\t\t\t\t<div class=\"e-con-inner\">\n\t\t\t\t<div class=\"elementor-element elementor-element-05ac064 elementor-widget elementor-widget-wd_text_block\" data-id=\"05ac064\" data-element_type=\"widget\" data-e-type=\"widget\" data-widget_type=\"wd_text_block.default\">\n\t\t\t\t<div class=\"elementor-widget-container\">\n\t\t\t\t\t\t\t<div class=\"wd-text-block reset-last-child text-left\">\n\t\t\t\n\t\t\t<p><span style=\"font-size: 14pt;\"><strong>What is Wastewater?<\/strong><\/span><\/p><p>Used and contaminated water is called \"wastewater.\" This contamination can result from domestic, industrial, and commercial uses, as well as surface runoff and rainwater. Wastewater may contain physical, chemical, and biological pollutants. Wastewater discharged to the natural environment without treatment causes serious water pollution. Water pollution poses a major threat to both aquatic life and human health. Therefore, wastewater treatment is mandatory for environmental sustainability.     <\/p><p><span style=\"font-size: 14pt;\"><strong>What is a Wastewater Pump?<\/strong><\/span><\/p><p>Wastewater may contain dense amounts of solid particles, organic and inorganic compounds. Therefore, wastewater pumps have wider free passage openings compared to other pump types. These pumps, which do not have self-priming features, are generally operated submerged in wastewater. For this reason, they are also known as \"submersible pumps\" in literature. Additionally, dry-type operating models supported by cooling jackets are also available.    <\/p>\n\t\t\t\t\t<\/div>\n\t\t\t\t\t\t<\/div>\n\t\t\t\t<\/div>\n\t\t\t\t\t<\/div>\n\t\t\t\t<\/div>\n\t\t<div class=\"wd-negative-gap elementor-element elementor-element-0b6c8ee e-grid e-con-boxed e-con e-parent\" data-id=\"0b6c8ee\" data-element_type=\"container\" data-e-type=\"container\">\n\t\t\t\t\t<div class=\"e-con-inner\">\n\t\t\t\t<div class=\"elementor-element elementor-element-efe7bd3 elementor-widget elementor-widget-wd_text_block\" data-id=\"efe7bd3\" data-element_type=\"widget\" data-e-type=\"widget\" data-widget_type=\"wd_text_block.default\">\n\t\t\t\t<div class=\"elementor-widget-container\">\n\t\t\t\t\t\t\t<div class=\"wd-text-block reset-last-child text-left\">\n\t\t\t\n\t\t\t<p style=\"text-align: left;\"><strong><span style=\"font-size: 14pt;\">Where Are Wastewater Pumps Used?<\/span><\/strong><\/p><p style=\"text-align: left;\"><strong>Lift Centers<\/strong><\/p><ul style=\"text-align: left;\"><li>Used as lift pumps that enable the transport of wastewater.<\/li><\/ul><p style=\"text-align: left;\"><strong>Package Lift Stations<\/strong><\/p><ul style=\"text-align: left;\"><li>Provides reliable solutions for wastewater transfer in compact systems.<\/li><\/ul><p style=\"text-align: left;\"><strong>Flood and Emergency Applications<\/strong><\/p><ul style=\"text-align: left;\"><li>Serves as mobile flood pumps or water drainage pumps.<\/li><\/ul><p style=\"text-align: left;\"><strong>Tank Emptying Systems<\/strong><\/p><ul style=\"text-align: left;\"><li>Used as tank emptying pumps at the bottom sections of tanks or process units.<\/li><\/ul><p style=\"text-align: left;\"><strong>Sewerage and Light Contaminated Water Applications<\/strong><\/p><ul style=\"text-align: left;\"><li>As sewerage pumps, ensures safe discharge of contaminated water.<\/li><\/ul><p style=\"text-align: left;\"><strong>Rainwater and Drainage Systems<\/strong><\/p><ul><li style=\"text-align: left;\">Serves as ideal basic drainage pumps for rainwater drainage and building infrastructure applications.<\/li><\/ul>\n\t\t\t\t\t<\/div>\n\t\t\t\t\t\t<\/div>\n\t\t\t\t<\/div>\n\t\t\t\t<div class=\"elementor-element elementor-element-b8f620b elementor-widget elementor-widget-wd_image_or_svg\" data-id=\"b8f620b\" data-element_type=\"widget\" data-e-type=\"widget\" data-widget_type=\"wd_image_or_svg.default\">\n\t\t\t\t<div class=\"elementor-widget-container\">\n\t\t\t\t\t\n\t\t<div class=\"wd-image text-center\">\n\t\t\t\t\t\t\t\t<img fetchpriority=\"high\" decoding=\"async\" width=\"1600\" height=\"1200\" src=\"https:\/\/arpon.com.tr\/wp-content\/uploads\/2025\/10\/Grey-1-2.jpg\" class=\"attachment-full size-full\" alt=\"\" srcset=\"https:\/\/arpon.com.tr\/wp-content\/uploads\/2025\/10\/Grey-1-2.jpg 1600w, https:\/\/arpon.com.tr\/wp-content\/uploads\/2025\/10\/Grey-1-2-150x113.jpg 150w, https:\/\/arpon.com.tr\/wp-content\/uploads\/2025\/10\/Grey-1-2-1200x900.jpg 1200w, https:\/\/arpon.com.tr\/wp-content\/uploads\/2025\/10\/Grey-1-2-300x225.jpg 300w, https:\/\/arpon.com.tr\/wp-content\/uploads\/2025\/10\/Grey-1-2-1024x768.jpg 1024w, https:\/\/arpon.com.tr\/wp-content\/uploads\/2025\/10\/Grey-1-2-768x576.jpg 768w, https:\/\/arpon.com.tr\/wp-content\/uploads\/2025\/10\/Grey-1-2-1536x1152.jpg 1536w\" sizes=\"(max-width: 1600px) 100vw, 1600px\" \/>\t\t\t\t\t<\/div>\n\n\t\t\t\t\t\t<\/div>\n\t\t\t\t<\/div>\n\t\t\t\t\t<\/div>\n\t\t\t\t<\/div>\n\t\t<div class=\"wd-negative-gap elementor-element elementor-element-7d3e2ba e-grid e-con-boxed e-con e-parent\" data-id=\"7d3e2ba\" data-element_type=\"container\" data-e-type=\"container\">\n\t\t\t\t\t<div class=\"e-con-inner\">\n\t\t\t\t<div class=\"elementor-element elementor-element-52c6c67 elementor-widget elementor-widget-wd_image_or_svg\" data-id=\"52c6c67\" data-element_type=\"widget\" data-e-type=\"widget\" data-widget_type=\"wd_image_or_svg.default\">\n\t\t\t\t<div class=\"elementor-widget-container\">\n\t\t\t\t\t\n\t\t<div class=\"wd-image text-center\">\n\t\t\t\t\t\t\t\t<img decoding=\"async\" width=\"300\" height=\"225\" src=\"https:\/\/arpon.com.tr\/wp-content\/uploads\/2025\/10\/liftbox-2-1-300x225.jpg\" class=\"attachment-medium size-medium\" alt=\"\" srcset=\"https:\/\/arpon.com.tr\/wp-content\/uploads\/2025\/10\/liftbox-2-1-300x225.jpg 300w, https:\/\/arpon.com.tr\/wp-content\/uploads\/2025\/10\/liftbox-2-1-150x113.jpg 150w, https:\/\/arpon.com.tr\/wp-content\/uploads\/2025\/10\/liftbox-2-1-1200x900.jpg 1200w, https:\/\/arpon.com.tr\/wp-content\/uploads\/2025\/10\/liftbox-2-1-1024x768.jpg 1024w, https:\/\/arpon.com.tr\/wp-content\/uploads\/2025\/10\/liftbox-2-1-768x576.jpg 768w, https:\/\/arpon.com.tr\/wp-content\/uploads\/2025\/10\/liftbox-2-1-1536x1152.jpg 1536w, https:\/\/arpon.com.tr\/wp-content\/uploads\/2025\/10\/liftbox-2-1.jpg 1600w\" sizes=\"(max-width: 300px) 100vw, 300px\" \/>\t\t\t\t\t<\/div>\n\n\t\t\t\t\t\t<\/div>\n\t\t\t\t<\/div>\n\t\t\t\t<div class=\"elementor-element elementor-element-d99969e elementor-widget elementor-widget-wd_text_block\" data-id=\"d99969e\" data-element_type=\"widget\" data-e-type=\"widget\" data-widget_type=\"wd_text_block.default\">\n\t\t\t\t<div class=\"elementor-widget-container\">\n\t\t\t\t\t\t\t<div class=\"wd-text-block reset-last-child text-left\">\n\t\t\t\n\t\t\t<p><span style=\"font-size: 14pt;\"><strong>How to Select a Wastewater Pump?<\/strong><\/span><\/p><p>Wastewater pump selection is made according to basic centrifugal pump principles. First, the amount of wastewater to be transferred (flow rate) is determined. <\/p><p>Then, where the wastewater will be conveyed is determined, and accordingly, the head losses occurring in the system are calculated.<\/p><p>Whether the pump meets the required flow rate and head loss values is analyzed through performance curves. Appropriate pump selection is made as a result of these evaluations. <\/p><p> <\/p>\n\t\t\t\t\t<\/div>\n\t\t\t\t\t\t<\/div>\n\t\t\t\t<\/div>\n\t\t\t\t\t<\/div>\n\t\t\t\t<\/div>\n\t\t<div class=\"wd-negative-gap elementor-element elementor-element-4c2957a e-flex e-con-boxed e-con e-parent\" data-id=\"4c2957a\" data-element_type=\"container\" data-e-type=\"container\">\n\t\t\t\t\t<div class=\"e-con-inner\">\n\t\t\t\t<div class=\"elementor-element elementor-element-a72c0f5 elementor-widget elementor-widget-wd_text_block\" data-id=\"a72c0f5\" data-element_type=\"widget\" data-e-type=\"widget\" data-widget_type=\"wd_text_block.default\">\n\t\t\t\t<div class=\"elementor-widget-container\">\n\t\t\t\t\t\t\t<div class=\"wd-text-block reset-last-child text-left\">\n\t\t\t\n\t\t\t<p><span style=\"font-size: 14pt;\"><strong>Impeller and Installation Types of Wastewater Pumps<\/strong><\/span><\/p><p>Since the content of wastewater is quite variable, different impeller types have been developed suitable for different contaminants:<\/p><p>For fibrous and stringy wastewater: Grinder blade impeller<\/p><p>For wastewater containing dense solid particles: Cutting blade impeller<\/p><p>For abrasive content containing sand, oil, and foamy wastewater: Vortex impeller<\/p><p>For high flow domestic wastewater with balanced particle content: Open channel impeller<\/p><p>For applications requiring very high lift: High-pressure impeller<\/p><p>Additionally, wastewater pumps can be installed in three different ways:<\/p><p>Submersible rail system installation (in lift centers or inside tanks)<\/p><p>Installation with portable free-standing base<\/p><p>Installation with dry-type vertical or horizontal mounting bases<\/p>\n\t\t\t\t\t<\/div>\n\t\t\t\t\t\t<\/div>\n\t\t\t\t<\/div>\n\t\t\t\t\t<\/div>\n\t\t\t\t<\/div>\n\t\t<div class=\"wd-negative-gap elementor-element elementor-element-12d529e e-flex e-con-boxed e-con e-parent\" data-id=\"12d529e\" data-element_type=\"container\" data-e-type=\"container\">\n\t\t\t\t\t<div class=\"e-con-inner\">\n\t\t\t\t<div class=\"elementor-element elementor-element-6e476a7 wd-width-100 elementor-widget elementor-widget-wd_images_gallery\" data-id=\"6e476a7\" data-element_type=\"widget\" data-e-type=\"widget\" data-widget_type=\"wd_images_gallery.default\">\n\t\t\t\t<div class=\"elementor-widget-container\">\n\t\t\t\t\t\t\t<div class=\"wd-images-gallery photoswipe-images\" style=\"--wd-align-items:center; --wd-justify-content:center;\">\n\t\t\t\t\t\t<div class=\"wd-grid-g\" style=\"--wd-col-lg:3;--wd-col-md:3;--wd-col-sm:1;--wd-gap-lg:0px;\" >\n\t\t\t\t\t\t\t\t\t\t\t\t\t\t\t\t\t\t<div class=\"wd-gallery-item wd-col\">\n\t\t\t\t\t\t\t\t\t\t\t\t\t<a  href=\"https:\/\/arpon.com.tr\/wp-content\/uploads\/2025\/10\/Impeller_Uniqa_OC-1.jpg\" data-width=\"1600\" data-height=\"1200\" data-index=\"1\" data-elementor-open-lightbox=\"no\">\n\t\t\t\t\t\t\n\t\t\t\t\t\t<img loading=\"lazy\" decoding=\"async\" width=\"150\" height=\"150\" src=\"https:\/\/arpon.com.tr\/wp-content\/uploads\/2025\/10\/Impeller_Uniqa_OC-1-150x150.jpg\" class=\"attachment-thumbnail size-thumbnail\" alt=\"Impeller_Uniqa_OC\" srcset=\"https:\/\/arpon.com.tr\/wp-content\/uploads\/2025\/10\/Impeller_Uniqa_OC-1-150x150.jpg 150w, https:\/\/arpon.com.tr\/wp-content\/uploads\/2025\/10\/Impeller_Uniqa_OC-1-600x600.jpg 600w\" sizes=\"(max-width: 150px) 100vw, 150px\" \/>\n\t\t\t\t\t\t\t\t\t\t\t\t\t<\/a>\n\t\t\t\t\t\t\t\t\t\t\t<\/div>\n\t\t\t\t\t\t\t\t\t\t\t\t\t\t\t<div class=\"wd-gallery-item wd-col\">\n\t\t\t\t\t\t\t\t\t\t\t\t\t<a  href=\"https:\/\/arpon.com.tr\/wp-content\/uploads\/2025\/10\/Impeller_Uniqa_V.jpg\" data-width=\"1600\" data-height=\"1200\" data-index=\"2\" data-elementor-open-lightbox=\"no\">\n\t\t\t\t\t\t\n\t\t\t\t\t\t<img loading=\"lazy\" decoding=\"async\" width=\"150\" height=\"150\" src=\"https:\/\/arpon.com.tr\/wp-content\/uploads\/2025\/10\/Impeller_Uniqa_V-150x150.jpg\" class=\"attachment-thumbnail size-thumbnail\" alt=\"Impeller_Uniqa_V\" srcset=\"https:\/\/arpon.com.tr\/wp-content\/uploads\/2025\/10\/Impeller_Uniqa_V-150x150.jpg 150w, https:\/\/arpon.com.tr\/wp-content\/uploads\/2025\/10\/Impeller_Uniqa_V-600x600.jpg 600w\" sizes=\"(max-width: 150px) 100vw, 150px\" \/>\n\t\t\t\t\t\t\t\t\t\t\t\t\t<\/a>\n\t\t\t\t\t\t\t\t\t\t\t<\/div>\n\t\t\t\t\t\t\t\t\t\t\t\t\t\t\t<div class=\"wd-gallery-item wd-col\">\n\t\t\t\t\t\t\t\t\t\t\t\t\t<a  href=\"https:\/\/arpon.com.tr\/wp-content\/uploads\/2025\/10\/Impeller_Uniqa_GR_coltello.jpg\" data-width=\"1600\" data-height=\"1200\" data-index=\"3\" data-elementor-open-lightbox=\"no\">\n\t\t\t\t\t\t\n\t\t\t\t\t\t<img loading=\"lazy\" decoding=\"async\" width=\"150\" height=\"150\" src=\"https:\/\/arpon.com.tr\/wp-content\/uploads\/2025\/10\/Impeller_Uniqa_GR_coltello-150x150.jpg\" class=\"attachment-thumbnail size-thumbnail\" alt=\"Impeller_Uniqa_GR_coltello\" srcset=\"https:\/\/arpon.com.tr\/wp-content\/uploads\/2025\/10\/Impeller_Uniqa_GR_coltello-150x150.jpg 150w, https:\/\/arpon.com.tr\/wp-content\/uploads\/2025\/10\/Impeller_Uniqa_GR_coltello-600x600.jpg 600w\" sizes=\"(max-width: 150px) 100vw, 150px\" \/>\n\t\t\t\t\t\t\t\t\t\t\t\t\t<\/a>\n\t\t\t\t\t\t\t\t\t\t\t<\/div>\n\t\t\t\t\t\t\t\t\t\t\t\t\t<\/div>\n\t\t\t\t\t<\/div>\n\t\t\t\t\t\t<\/div>\n\t\t\t\t<\/div>\n\t\t\t\t\t<\/div>\n\t\t\t\t<\/div>\n\t\t\t\t<\/div>\n\t\t","protected":false},"excerpt":{"rendered":"<p>Home How Do Wastewater Pumps Work? The pump type that provides the transfer of wastewater is called a &#8220;wastewater pump.&#8221;<\/p>\n","protected":false},"author":1,"featured_media":0,"parent":12349,"menu_order":91,"comment_status":"closed","ping_status":"closed","template":"elementor_header_footer","meta":{"_acf_changed":false,"_angie_page":false,"_eb_attr":"","footnotes":""},"page_tag":[],"class_list":["post-12778","page","type-page","status-publish","hentry"],"acf":[],"yoast_head":"<!-- This site is optimized with the Yoast SEO Premium plugin v27.3 (Yoast SEO v27.4) - https:\/\/yoast.com\/product\/yoast-seo-premium-wordpress\/ -->\n<title>Wastewater Pumps - ARPON | Pompa,Blower,Dif\u00fcz\u00f6r,Dozaj,End\u00fcstriyel Hava Filtrasyon<\/title>\n<meta name=\"robots\" content=\"index, follow, max-snippet:-1, max-image-preview:large, max-video-preview:-1\" \/>\n<link rel=\"canonical\" href=\"https:\/\/arpon.com.tr\/en\/how-do-pumps-and-blowers-work\/wastewater-pumps\/\" \/>\n<meta property=\"og:locale\" content=\"en_US\" \/>\n<meta property=\"og:type\" content=\"article\" \/>\n<meta property=\"og:title\" content=\"Wastewater Pumps\" \/>\n<meta property=\"og:description\" content=\"Home How Do Wastewater Pumps Work? The pump type that provides the transfer of wastewater is called a &#8220;wastewater pump.&#8221;\" \/>\n<meta property=\"og:url\" content=\"https:\/\/arpon.com.tr\/en\/how-do-pumps-and-blowers-work\/wastewater-pumps\/\" \/>\n<meta property=\"og:site_name\" content=\"ARPON | Pompa,Blower,Dif\u00fcz\u00f6r,Dozaj,End\u00fcstriyel Hava Filtrasyon\" \/>\n<meta property=\"article:modified_time\" content=\"2025-12-18T06:58:34+00:00\" \/>\n<meta property=\"og:image\" content=\"https:\/\/arpon.com.tr\/wp-content\/uploads\/2025\/10\/CENTRIFUGAL-PUMPS-150x150.png\" \/>\n<meta name=\"twitter:card\" content=\"summary_large_image\" \/>\n<meta name=\"twitter:label1\" content=\"Est. reading time\" \/>\n\t<meta name=\"twitter:data1\" content=\"2 minutes\" \/>\n<!-- \/ Yoast SEO Premium plugin. -->","yoast_head_json":{"title":"Wastewater Pumps - ARPON | Pompa,Blower,Dif\u00fcz\u00f6r,Dozaj,End\u00fcstriyel Hava Filtrasyon","robots":{"index":"index","follow":"follow","max-snippet":"max-snippet:-1","max-image-preview":"max-image-preview:large","max-video-preview":"max-video-preview:-1"},"canonical":"https:\/\/arpon.com.tr\/en\/how-do-pumps-and-blowers-work\/wastewater-pumps\/","og_locale":"en_US","og_type":"article","og_title":"Wastewater Pumps","og_description":"Home How Do Wastewater Pumps Work? The pump type that provides the transfer of wastewater is called a &#8220;wastewater pump.&#8221;","og_url":"https:\/\/arpon.com.tr\/en\/how-do-pumps-and-blowers-work\/wastewater-pumps\/","og_site_name":"ARPON | Pompa,Blower,Dif\u00fcz\u00f6r,Dozaj,End\u00fcstriyel Hava Filtrasyon","article_modified_time":"2025-12-18T06:58:34+00:00","og_image":[{"url":"https:\/\/arpon.com.tr\/wp-content\/uploads\/2025\/10\/CENTRIFUGAL-PUMPS-150x150.png","type":"","width":"","height":""}],"twitter_card":"summary_large_image","twitter_misc":{"Est. reading time":"2 minutes"},"schema":{"@context":"https:\/\/schema.org","@graph":[{"@type":"WebPage","@id":"https:\/\/arpon.com.tr\/en\/how-do-pumps-and-blowers-work\/wastewater-pumps\/","url":"https:\/\/arpon.com.tr\/en\/how-do-pumps-and-blowers-work\/wastewater-pumps\/","name":"Wastewater Pumps - ARPON | Pompa,Blower,Dif\u00fcz\u00f6r,Dozaj,End\u00fcstriyel Hava Filtrasyon","isPartOf":{"@id":"https:\/\/arpon.com.tr\/en\/#website"},"primaryImageOfPage":{"@id":"https:\/\/arpon.com.tr\/en\/how-do-pumps-and-blowers-work\/wastewater-pumps\/#primaryimage"},"image":{"@id":"https:\/\/arpon.com.tr\/en\/how-do-pumps-and-blowers-work\/wastewater-pumps\/#primaryimage"},"thumbnailUrl":"https:\/\/arpon.com.tr\/wp-content\/uploads\/2025\/10\/CENTRIFUGAL-PUMPS-150x150.png","datePublished":"2025-09-18T11:27:12+00:00","dateModified":"2025-12-18T06:58:34+00:00","breadcrumb":{"@id":"https:\/\/arpon.com.tr\/en\/how-do-pumps-and-blowers-work\/wastewater-pumps\/#breadcrumb"},"inLanguage":"en-US","potentialAction":[{"@type":"ReadAction","target":["https:\/\/arpon.com.tr\/en\/how-do-pumps-and-blowers-work\/wastewater-pumps\/"]}]},{"@type":"ImageObject","inLanguage":"en-US","@id":"https:\/\/arpon.com.tr\/en\/how-do-pumps-and-blowers-work\/wastewater-pumps\/#primaryimage","url":"https:\/\/arpon.com.tr\/wp-content\/uploads\/2025\/10\/CENTRIFUGAL-PUMPS-150x150.png","contentUrl":"https:\/\/arpon.com.tr\/wp-content\/uploads\/2025\/10\/CENTRIFUGAL-PUMPS-150x150.png"},{"@type":"BreadcrumbList","@id":"https:\/\/arpon.com.tr\/en\/how-do-pumps-and-blowers-work\/wastewater-pumps\/#breadcrumb","itemListElement":[{"@type":"ListItem","position":1,"name":"Anasayfa","item":"https:\/\/arpon.com.tr\/en\/"},{"@type":"ListItem","position":2,"name":"How Do Pumps and Blowers Work?","item":"https:\/\/arpon.com.tr\/en\/how-do-pumps-and-blowers-work\/"},{"@type":"ListItem","position":3,"name":"Wastewater Pumps"}]},{"@type":"WebSite","@id":"https:\/\/arpon.com.tr\/en\/#website","url":"https:\/\/arpon.com.tr\/en\/","name":"ARPON | Pompa, Blower, Dif\u00fcz\u00f6r, Dozaj, End\u00fcstriyel Hava Filtrasyon","description":"ARPON","publisher":{"@id":"https:\/\/arpon.com.tr\/en\/#organization"},"potentialAction":[{"@type":"SearchAction","target":{"@type":"EntryPoint","urlTemplate":"https:\/\/arpon.com.tr\/en\/?s={search_term_string}"},"query-input":{"@type":"PropertyValueSpecification","valueRequired":true,"valueName":"search_term_string"}}],"inLanguage":"en-US"},{"@type":["Organization","Place"],"@id":"https:\/\/arpon.com.tr\/en\/#organization","name":"Arpon End\u00fcstriyel Ekipmanlar San. Tic. Ltd. \u015eti.","url":"https:\/\/arpon.com.tr\/en\/","logo":{"@id":"https:\/\/arpon.com.tr\/en\/how-do-pumps-and-blowers-work\/wastewater-pumps\/#local-main-organization-logo"},"image":{"@id":"https:\/\/arpon.com.tr\/en\/how-do-pumps-and-blowers-work\/wastewater-pumps\/#local-main-organization-logo"},"sameAs":["https:\/\/www.youtube.com\/channel\/UCwjBY3SvkX5IBFH4PsIOaxw","https:\/\/www.linkedin.com\/company\/arpon-endstriyel"],"telephone":[],"openingHoursSpecification":[{"@type":"OpeningHoursSpecification","dayOfWeek":["Monday","Tuesday","Wednesday","Thursday","Friday","Saturday","Sunday"],"opens":"09:00","closes":"17:00"}]},{"@type":"ImageObject","inLanguage":"en-US","@id":"https:\/\/arpon.com.tr\/en\/how-do-pumps-and-blowers-work\/wastewater-pumps\/#local-main-organization-logo","url":"https:\/\/arpon.com.tr\/wp-content\/uploads\/2025\/10\/arpon-default.png","contentUrl":"https:\/\/arpon.com.tr\/wp-content\/uploads\/2025\/10\/arpon-default.png","width":300,"height":200,"caption":"Arpon End\u00fcstriyel Ekipmanlar San. Tic. Ltd. \u015eti."}]}},"_links":{"self":[{"href":"https:\/\/arpon.com.tr\/en\/wp-json\/wp\/v2\/pages\/12778","targetHints":{"allow":["GET"]}}],"collection":[{"href":"https:\/\/arpon.com.tr\/en\/wp-json\/wp\/v2\/pages"}],"about":[{"href":"https:\/\/arpon.com.tr\/en\/wp-json\/wp\/v2\/types\/page"}],"author":[{"embeddable":true,"href":"https:\/\/arpon.com.tr\/en\/wp-json\/wp\/v2\/users\/1"}],"replies":[{"embeddable":true,"href":"https:\/\/arpon.com.tr\/en\/wp-json\/wp\/v2\/comments?post=12778"}],"version-history":[{"count":1,"href":"https:\/\/arpon.com.tr\/en\/wp-json\/wp\/v2\/pages\/12778\/revisions"}],"predecessor-version":[{"id":12784,"href":"https:\/\/arpon.com.tr\/en\/wp-json\/wp\/v2\/pages\/12778\/revisions\/12784"}],"up":[{"embeddable":true,"href":"https:\/\/arpon.com.tr\/en\/wp-json\/wp\/v2\/pages\/12349"}],"wp:attachment":[{"href":"https:\/\/arpon.com.tr\/en\/wp-json\/wp\/v2\/media?parent=12778"}],"wp:term":[{"taxonomy":"page_tag","embeddable":true,"href":"https:\/\/arpon.com.tr\/en\/wp-json\/wp\/v2\/page_tag?post=12778"}],"curies":[{"name":"wp","href":"https:\/\/api.w.org\/{rel}","templated":true}]}}