{"id":12787,"date":"2025-10-16T13:41:07","date_gmt":"2025-10-16T10:41:07","guid":{"rendered":"https:\/\/arpon.com.tr\/how-do-pumps-and-blowers-work\/centrifugal-pumps\/"},"modified":"2025-12-18T09:58:37","modified_gmt":"2025-12-18T06:58:37","slug":"centrifugal-pumps","status":"publish","type":"page","link":"https:\/\/arpon.com.tr\/en\/how-do-pumps-and-blowers-work\/centrifugal-pumps\/","title":{"rendered":"Centrifugal Pumps"},"content":{"rendered":"\t\t<div data-elementor-type=\"wp-page\" data-elementor-id=\"12787\" class=\"elementor elementor-12787 elementor-7448\">\n\t\t\t\t<div class=\"wd-negative-gap elementor-element elementor-element-f6065ff e-flex e-con-boxed e-con e-parent\" data-id=\"f6065ff\" data-element_type=\"container\" data-e-type=\"container\">\n\t\t\t\t\t<div class=\"e-con-inner\">\n\t\t\t\t<div class=\"elementor-element elementor-element-c815c8a wd-el-breadcrumbs text-left elementor-widget elementor-widget-wd_wc_breadcrumb\" data-id=\"c815c8a\" data-element_type=\"widget\" data-e-type=\"widget\" data-widget_type=\"wd_wc_breadcrumb.default\">\n\t\t\t\t<div class=\"elementor-widget-container\">\n\t\t\t\t\t<nav class=\"wd-breadcrumbs woocommerce-breadcrumb\" aria-label=\"Breadcrumb\">\t\t\t\t<span class=\"wd-last\">\n\t\t\t\t\tHome\t\t\t\t<\/span>\n\t\t\t<\/nav>\t\t\t\t<\/div>\n\t\t\t\t<\/div>\n\t\t\t\t\t<\/div>\n\t\t\t\t<\/div>\n\t\t\t\t<section class=\"wd-negative-gap elementor-section elementor-top-section elementor-element elementor-element-fa368f1 elementor-section-content-middle elementor-section-boxed elementor-section-height-default elementor-section-height-default\" data-id=\"fa368f1\" data-element_type=\"section\" data-e-type=\"section\">\n\t\t\t\t\t\t<div class=\"elementor-container elementor-column-gap-default\">\n\t\t\t\t\t<div class=\"elementor-column elementor-col-50 elementor-top-column elementor-element elementor-element-11eb81c\" data-id=\"11eb81c\" data-element_type=\"column\" data-e-type=\"column\">\n\t\t\t<div class=\"elementor-widget-wrap elementor-element-populated\">\n\t\t\t\t\t\t<div class=\"elementor-element elementor-element-a8d1e88 wd-width-100 elementor-widget elementor-widget-wd_title\" data-id=\"a8d1e88\" data-element_type=\"widget\" data-e-type=\"widget\" data-widget_type=\"wd_title.default\">\n\t\t\t\t<div class=\"elementor-widget-container\">\n\t\t\t\t\t\t\t<div class=\"title-wrapper wd-set-mb reset-last-child wd-title-color-default wd-title-style-default wd-title-size-small text-left\">\n\n\t\t\t\n\t\t\t<div class=\"liner-continer\">\n\t\t\t\t<h4 class=\"woodmart-title-container title wd-fontsize-m\">Operating Principle of Centrifugal Pump<\/h4> \n\t\t\t\t\t\t\t<\/div>\n\n\t\t\t\t\t<\/div>\n\t\t\t\t\t\t<\/div>\n\t\t\t\t<\/div>\n\t\t\t\t<div class=\"elementor-element elementor-element-0929016 elementor-widget elementor-widget-wd_text_block\" data-id=\"0929016\" data-element_type=\"widget\" data-e-type=\"widget\" data-widget_type=\"wd_text_block.default\">\n\t\t\t\t<div class=\"elementor-widget-container\">\n\t\t\t\t\t\t\t<div class=\"wd-text-block reset-last-child text-left\">\n\t\t\t\n\t\t\t<p>A traditional centrifugal pump offers a highly efficient method for transporting low-viscosity liquids containing medium to small solid particles in large volumes. Models are also available that can handle more challenging liquids. Centrifugal pumps are pumps that operate based on the <strong>rotodynamic principle<\/strong>. Thanks to these features, they are an <strong>ideal choice<\/strong> for transporting dirty and corrosive liquids.   <\/p>\n\t\t\t\t\t<\/div>\n\t\t\t\t\t\t<\/div>\n\t\t\t\t<\/div>\n\t\t\t\t\t<\/div>\n\t\t<\/div>\n\t\t\t\t<div class=\"elementor-column elementor-col-50 elementor-top-column elementor-element elementor-element-ac57f81\" data-id=\"ac57f81\" data-element_type=\"column\" data-e-type=\"column\">\n\t\t\t<div class=\"elementor-widget-wrap elementor-element-populated\">\n\t\t\t\t\t\t<div class=\"elementor-element elementor-element-f9c09ab elementor-widget elementor-widget-wd_image_or_svg\" data-id=\"f9c09ab\" data-element_type=\"widget\" data-e-type=\"widget\" data-widget_type=\"wd_image_or_svg.default\">\n\t\t\t\t<div class=\"elementor-widget-container\">\n\t\t\t\t\t\n\t\t<div class=\"wd-image text-center\">\n\t\t\t\t\t\t\t\t<img decoding=\"async\" width=\"150\" height=\"150\" src=\"https:\/\/arpon.com.tr\/wp-content\/uploads\/2025\/10\/CENTRIFUGAL-PUMPS-150x150.png\" class=\"attachment-thumbnail size-thumbnail\" alt=\"\" srcset=\"https:\/\/arpon.com.tr\/wp-content\/uploads\/2025\/10\/CENTRIFUGAL-PUMPS-150x150.png 150w, https:\/\/arpon.com.tr\/wp-content\/uploads\/2025\/10\/CENTRIFUGAL-PUMPS-300x300.png 300w, https:\/\/arpon.com.tr\/wp-content\/uploads\/2025\/10\/CENTRIFUGAL-PUMPS.png 512w\" sizes=\"(max-width: 150px) 100vw, 150px\" \/>\t\t\t\t\t<\/div>\n\n\t\t\t\t\t\t<\/div>\n\t\t\t\t<\/div>\n\t\t\t\t\t<\/div>\n\t\t<\/div>\n\t\t\t\t\t<\/div>\n\t\t<\/section>\n\t\t<div class=\"wd-negative-gap elementor-element elementor-element-0cb263e e-flex e-con-boxed e-con e-parent\" data-id=\"0cb263e\" data-element_type=\"container\" data-e-type=\"container\">\n\t\t\t\t\t<div class=\"e-con-inner\">\n\t\t\t\t<div class=\"elementor-element elementor-element-cca4ab8 elementor-widget elementor-widget-wd_text_block\" data-id=\"cca4ab8\" data-element_type=\"widget\" data-e-type=\"widget\" data-widget_type=\"wd_text_block.default\">\n\t\t\t\t<div class=\"elementor-widget-container\">\n\t\t\t\t\t\t\t<div class=\"wd-text-block reset-last-child text-left\">\n\t\t\t\n\t\t\t<p><span style=\"font-size: 18pt; color: #6aaae4;\"><strong>How Do Centrifugal Pumps Work?<\/strong><\/span><\/p><p>Centrifugal pumps work by transmitting the rotational movement it receives from the motor to the impeller. When the impeller rotates, centrifugal force is applied to the liquid, and the liquid is taken from the suction line and transported to the discharge line at high speed. During this process, the impeller blades give kinetic energy to the liquid, and this energy is converted into pressure energy inside the pump body.  <\/p><p>The flow inside the pump takes place in a continuously liquid-filled structure, and thanks to this, centrifugal pumps offer long-lasting uninterrupted operation performance in many processes.<\/p><p>Centrifugal pumps; It is used reliably in a wide range of applications, from chemical processes to water transfer, from heating-cooling circuits to tank emptying operations. Thanks to their energy efficiency, flow continuity, and design options that can adapt to different liquids, they are among the most frequently preferred pump types in the industry. <\/p>\n\t\t\t\t\t<\/div>\n\t\t\t\t\t\t<\/div>\n\t\t\t\t<\/div>\n\t\t\t\t\t<\/div>\n\t\t\t\t<\/div>\n\t\t<div class=\"wd-negative-gap elementor-element elementor-element-14d68a3 e-grid e-con-boxed e-con e-parent\" data-id=\"14d68a3\" data-element_type=\"container\" data-e-type=\"container\">\n\t\t\t\t\t<div class=\"e-con-inner\">\n\t\t\t\t<div class=\"elementor-element elementor-element-96b8708 elementor-widget elementor-widget-wd_text_block\" data-id=\"96b8708\" data-element_type=\"widget\" data-e-type=\"widget\" data-widget_type=\"wd_text_block.default\">\n\t\t\t\t<div class=\"elementor-widget-container\">\n\t\t\t\t\t\t\t<div class=\"wd-text-block reset-last-child text-left\">\n\t\t\t\n\t\t\t<p><span style=\"font-size: 18pt; color: #6aaae4;\"><strong>Centrifugal Pump Types<\/strong><\/span><\/p><p>Centrifugal pumps are manufactured in many different types.<\/p><p>Some of them:<\/p><p>\u2022 End Suction centrifugal pumps<br>\u2022 In line Centrifugal<br>\u2022 Wet Rotor Centrifugal Pumps<br>\u2022 Multi-Stage Centrifugal Pumps<br>\u2022 Semi-Submersible and Submersible Pumps<br>\u2022 Self-Priming Centrifugal Pumps<\/p>\n\t\t\t\t\t<\/div>\n\t\t\t\t\t\t<\/div>\n\t\t\t\t<\/div>\n\t\t\t\t<div class=\"elementor-element elementor-element-0201ab0 elementor-widget elementor-widget-wd_image_or_svg\" data-id=\"0201ab0\" data-element_type=\"widget\" data-e-type=\"widget\" data-widget_type=\"wd_image_or_svg.default\">\n\t\t\t\t<div class=\"elementor-widget-container\">\n\t\t\t\t\t\n\t\t<div class=\"wd-image text-center\">\n\t\t\t\t\t\t\t\t<img fetchpriority=\"high\" decoding=\"async\" width=\"450\" height=\"450\" src=\"https:\/\/arpon.com.tr\/wp-content\/uploads\/2025\/10\/ixp-lowaro-fotor-20251024114121-450x450.png\" class=\"attachment-450x450 size-450x450\" alt=\"\" srcset=\"https:\/\/arpon.com.tr\/wp-content\/uploads\/2025\/10\/ixp-lowaro-fotor-20251024114121-450x450.png 450w, https:\/\/arpon.com.tr\/wp-content\/uploads\/2025\/10\/ixp-lowaro-fotor-20251024114121-150x150.png 150w, https:\/\/arpon.com.tr\/wp-content\/uploads\/2025\/10\/ixp-lowaro-fotor-20251024114121-300x300.png 300w, https:\/\/arpon.com.tr\/wp-content\/uploads\/2025\/10\/ixp-lowaro-fotor-20251024114121.png 500w\" sizes=\"(max-width: 450px) 100vw, 450px\" \/>\t\t\t\t\t<\/div>\n\n\t\t\t\t\t\t<\/div>\n\t\t\t\t<\/div>\n\t\t\t\t\t<\/div>\n\t\t\t\t<\/div>\n\t\t<div class=\"wd-negative-gap elementor-element elementor-element-b254b09 e-flex e-con-boxed e-con e-parent\" data-id=\"b254b09\" data-element_type=\"container\" data-e-type=\"container\">\n\t\t\t\t\t<div class=\"e-con-inner\">\n\t\t\t\t<div class=\"elementor-element elementor-element-8b98af8 elementor-widget elementor-widget-wd_text_block\" data-id=\"8b98af8\" data-element_type=\"widget\" data-e-type=\"widget\" data-widget_type=\"wd_text_block.default\">\n\t\t\t\t<div class=\"elementor-widget-container\">\n\t\t\t\t\t\t\t<div class=\"wd-text-block reset-last-child text-left\">\n\t\t\t\n\t\t\t<p><strong><span style=\"font-size: 18pt; color: #6aaae4;\">Usage Areas of Centrifugal Pumps<\/span><\/strong><\/p><p>Centrifugal pumps are versatile equipment that can adapt to different fluid types and process needs. It is one of the most preferred pump technologies in systems that require high flow rate, continuous flow, and energy efficiency. <\/p><p><strong>Centrifugal pumps are widely used in the following applications:<\/strong><\/p><p>* Water transfer and water distribution systems (clean water, process water, cooling water)<br>* Heating and cooling circuits (HVAC, district heating &amp; cooling systems)<br>* Industrial process fluids (chemical, petrochemical, food, pharmaceutical, etc.)<br>* Urban and industrial wastewater transfer<br>* Tanker and storage tank filling\/emptying operations<br>* Maritime applications (ballast, fire extinguishing, engine room circuits)<br>* Agriculture and irrigation systems<br>* Energy facilities and auxiliary operating systems<\/p><p>Depending on the application and fluid type; Optimum performance is ensured in every process with different body materials, impeller designs, and mounting configurations.<\/p><p><span style=\"font-size: 14pt;\"><strong>What Types of Liquids Can Centrifugal Pumps Transport?<\/strong><\/span><\/p><p>Centrifugal pumps can handle many liquids with very different properties. However, since each liquid has its own unique properties, some pumps perform better for certain liquids than others. <\/p><p>For this reason, we recommend that you <span style=\"text-decoration: underline;\"><span style=\"color: #6aaae4;\"> <a style=\"color: #6aaae4; text-decoration: underline;\" href=\"https:\/\/arpon.com.tr\/en\/contact-us\/\">contact<\/a><\/span><\/span> us for your specific liquid and the most suitable pump selection.<\/p>\n\t\t\t\t\t<\/div>\n\t\t\t\t\t\t<\/div>\n\t\t\t\t<\/div>\n\t\t\t\t\t<\/div>\n\t\t\t\t<\/div>\n\t\t<div class=\"wd-negative-gap elementor-element elementor-element-8aca7f6 e-flex e-con-boxed e-con e-parent\" data-id=\"8aca7f6\" data-element_type=\"container\" data-e-type=\"container\">\n\t\t\t\t\t<div class=\"e-con-inner\">\n\t\t\t\t<div class=\"elementor-element elementor-element-53972dd elementor-align-center elementor-widget elementor-widget-embedpres_elementor\" data-id=\"53972dd\" data-element_type=\"widget\" data-e-type=\"widget\" data-widget_type=\"embedpres_elementor.default\">\n\t\t\t\t<div class=\"elementor-widget-container\">\n\t\t\t\t\t\n\t\t<div class=\"embedpress-elements-wrapper  \" id=\"ep-elements-id-53972dd\">\n\n\t\t\t\t\t\t\t<div id=\"ep-elementor-content-53972dd\"\n\t\t\t\t\tclass=\"ep-elementor-content\n\t\t\t\t\t\t\t\t\t\t  ep-content-protection-disabled\t\t\t\t\tsource-youtube\t\t\t\t\t\">\n\n\t\t\t\t\t<div id=\"53972dd\"\n\t\t\t\t\t\tclass=\"ep-embed-content-wrapper\n\t\t\t\t\t\t\t\t\t\t\t\t\t\t\t\t\t\tep-google-photos-\t\t\t\t\t\tdata-show-title=\"yes\"\t\t\t\t\t\t\"\n\t\t\t\t\t\t\t\t\t\t\t\t\t\t\t\t\t\t\t\t\t\t\t\t>\n\n\t\t\t\t\t\t<div id=\"ep-elementor-content-53972dd\"\n\t\t\t\t\t\t\tclass=\"ep-elementor-content\n\t\t\t\t\t\t\t\t\t\t\t\t\t\t  ep-content-protection-disabled\t\t\t\t\t\t\tsource-youtube\">\n\n\t\t\t\t\t\t\t<div >\n\t\t\t\t\t\t\t\t<div id=\"53972dd\"\n\t\t\t\t\t\t\t\t\tclass=\"ep-embed-content-wraper\n\t\t\t\t\t\t\t\t\t\"\n\t\t\t\t\t\t\t\t\t\t\t\t\t\t\t\t\t\t>\n\n\t\t\t\t\t\t\t\t\t<div class=\"ose-youtube ose-uid-05160ba7764ea2215fa3729905db902c ose-embedpress-responsive\" style=\"width:720px; height:480px; max-height:480px; max-width:100%; display:inline-block;\" data-embed-type=\"Youtube\"><iframe allowFullScreen=\"true\" title=\"DESMI NSL Centrifugal pump\" width=\"720\" height=\"480\" src=\"https:\/\/www.youtube.com\/embed\/UV5DakVpCI0?feature=oembed&controls=1&iv_load_policy=1&fs=1&rel=1&end=&playsinline=1&start=&color=red\" frameborder=\"0\" allow=\"accelerometer; encrypted-media;accelerometer;autoplay;clipboard-write;gyroscope;picture-in-picture clipboard-write; encrypted-media; gyroscope; picture-in-picture; web-share\" referrerpolicy=\"strict-origin-when-cross-origin\" allowfullscreen><\/iframe><\/div>\t\t\t\t\t\t\t\t<\/div>\n\n\t\t\t\t\t\t\t\t\n\t\t\t\t\t\t\t<\/div>\n\t\t\t\t\t\t<\/div>\n\t\t\t\t\t<\/div>\n\t\t\t\t<\/div>\n\n\t\t\t\n\t\t<\/div>\n\n\n\t\t\t\t\t<style>\n\t\t\t\t#ep-elements-id-53972dd.ep-youtube__content__block .youtube__content__body .content__wrap {\n\t\t\t\t\tgrid-template-columns: repeat(auto-fit, minmax(calc(33.333333333333% - 30px), 1fr)) !important;\n\t\t\t\t}\n\n\t\t\t\t#ep-elements-id-53972dd.ep-youtube__content__pagination {\n\t\t\t\t\tdisplay: none !important;\n\t\t\t\t}\n\t\t\t<\/style>\n\t\t\n\t\t\t\t<\/div>\n\t\t\t\t<\/div>\n\t\t\t\t\t<\/div>\n\t\t\t\t<\/div>\n\t\t\t\t<\/div>\n\t\t","protected":false},"excerpt":{"rendered":"<p>Home Operating Principle of Centrifugal Pump A traditional centrifugal pump offers a highly efficient method for transporting low-viscosity liquids containing<\/p>\n","protected":false},"author":1,"featured_media":0,"parent":12349,"menu_order":89,"comment_status":"closed","ping_status":"closed","template":"elementor_header_footer","meta":{"_acf_changed":false,"_angie_page":false,"_eb_attr":"","footnotes":""},"page_tag":[],"class_list":["post-12787","page","type-page","status-publish","hentry"],"acf":[],"yoast_head":"<!-- This site is optimized with the Yoast SEO Premium plugin v27.3 (Yoast SEO v27.4) - https:\/\/yoast.com\/product\/yoast-seo-premium-wordpress\/ -->\n<title>Centrifugal Pumps - ARPON | Pompa,Blower,Dif\u00fcz\u00f6r,Dozaj,End\u00fcstriyel Hava Filtrasyon<\/title>\n<meta name=\"robots\" content=\"index, follow, max-snippet:-1, max-image-preview:large, max-video-preview:-1\" \/>\n<link rel=\"canonical\" href=\"https:\/\/arpon.com.tr\/en\/how-do-pumps-and-blowers-work\/centrifugal-pumps\/\" \/>\n<meta property=\"og:locale\" content=\"en_US\" \/>\n<meta property=\"og:type\" content=\"article\" \/>\n<meta property=\"og:title\" content=\"Centrifugal Pumps\" \/>\n<meta property=\"og:description\" content=\"Home Operating Principle of Centrifugal Pump A traditional centrifugal pump offers a highly efficient method for transporting low-viscosity liquids containing\" \/>\n<meta property=\"og:url\" content=\"https:\/\/arpon.com.tr\/en\/how-do-pumps-and-blowers-work\/centrifugal-pumps\/\" \/>\n<meta property=\"og:site_name\" content=\"ARPON | Pompa,Blower,Dif\u00fcz\u00f6r,Dozaj,End\u00fcstriyel Hava Filtrasyon\" \/>\n<meta property=\"article:modified_time\" content=\"2025-12-18T06:58:37+00:00\" \/>\n<meta property=\"og:image\" content=\"https:\/\/arpon.com.tr\/wp-content\/uploads\/2025\/10\/CENTRIFUGAL-PUMPS-150x150.png\" \/>\n<meta name=\"twitter:card\" content=\"summary_large_image\" \/>\n<meta name=\"twitter:label1\" content=\"Est. reading time\" \/>\n\t<meta name=\"twitter:data1\" content=\"14 minutes\" \/>\n<!-- \/ Yoast SEO Premium plugin. -->","yoast_head_json":{"title":"Centrifugal Pumps - ARPON | Pompa,Blower,Dif\u00fcz\u00f6r,Dozaj,End\u00fcstriyel Hava Filtrasyon","robots":{"index":"index","follow":"follow","max-snippet":"max-snippet:-1","max-image-preview":"max-image-preview:large","max-video-preview":"max-video-preview:-1"},"canonical":"https:\/\/arpon.com.tr\/en\/how-do-pumps-and-blowers-work\/centrifugal-pumps\/","og_locale":"en_US","og_type":"article","og_title":"Centrifugal Pumps","og_description":"Home Operating Principle of Centrifugal Pump A traditional centrifugal pump offers a highly efficient method for transporting low-viscosity liquids containing","og_url":"https:\/\/arpon.com.tr\/en\/how-do-pumps-and-blowers-work\/centrifugal-pumps\/","og_site_name":"ARPON | Pompa,Blower,Dif\u00fcz\u00f6r,Dozaj,End\u00fcstriyel Hava Filtrasyon","article_modified_time":"2025-12-18T06:58:37+00:00","og_image":[{"url":"https:\/\/arpon.com.tr\/wp-content\/uploads\/2025\/10\/CENTRIFUGAL-PUMPS-150x150.png","type":"","width":"","height":""}],"twitter_card":"summary_large_image","twitter_misc":{"Est. reading time":"14 minutes"},"schema":{"@context":"https:\/\/schema.org","@graph":[{"@type":"WebPage","@id":"https:\/\/arpon.com.tr\/en\/how-do-pumps-and-blowers-work\/centrifugal-pumps\/","url":"https:\/\/arpon.com.tr\/en\/how-do-pumps-and-blowers-work\/centrifugal-pumps\/","name":"Centrifugal Pumps - ARPON | Pompa,Blower,Dif\u00fcz\u00f6r,Dozaj,End\u00fcstriyel Hava Filtrasyon","isPartOf":{"@id":"https:\/\/arpon.com.tr\/en\/#website"},"primaryImageOfPage":{"@id":"https:\/\/arpon.com.tr\/en\/how-do-pumps-and-blowers-work\/centrifugal-pumps\/#primaryimage"},"image":{"@id":"https:\/\/arpon.com.tr\/en\/how-do-pumps-and-blowers-work\/centrifugal-pumps\/#primaryimage"},"thumbnailUrl":"https:\/\/arpon.com.tr\/wp-content\/uploads\/2025\/10\/CENTRIFUGAL-PUMPS-150x150.png","datePublished":"2025-10-16T10:41:07+00:00","dateModified":"2025-12-18T06:58:37+00:00","breadcrumb":{"@id":"https:\/\/arpon.com.tr\/en\/how-do-pumps-and-blowers-work\/centrifugal-pumps\/#breadcrumb"},"inLanguage":"en-US","potentialAction":[{"@type":"ReadAction","target":["https:\/\/arpon.com.tr\/en\/how-do-pumps-and-blowers-work\/centrifugal-pumps\/"]}]},{"@type":"ImageObject","inLanguage":"en-US","@id":"https:\/\/arpon.com.tr\/en\/how-do-pumps-and-blowers-work\/centrifugal-pumps\/#primaryimage","url":"https:\/\/arpon.com.tr\/wp-content\/uploads\/2025\/10\/CENTRIFUGAL-PUMPS-150x150.png","contentUrl":"https:\/\/arpon.com.tr\/wp-content\/uploads\/2025\/10\/CENTRIFUGAL-PUMPS-150x150.png"},{"@type":"BreadcrumbList","@id":"https:\/\/arpon.com.tr\/en\/how-do-pumps-and-blowers-work\/centrifugal-pumps\/#breadcrumb","itemListElement":[{"@type":"ListItem","position":1,"name":"Anasayfa","item":"https:\/\/arpon.com.tr\/en\/"},{"@type":"ListItem","position":2,"name":"How Do Pumps and Blowers Work?","item":"https:\/\/arpon.com.tr\/en\/how-do-pumps-and-blowers-work\/"},{"@type":"ListItem","position":3,"name":"Centrifugal Pumps"}]},{"@type":"WebSite","@id":"https:\/\/arpon.com.tr\/en\/#website","url":"https:\/\/arpon.com.tr\/en\/","name":"ARPON | Pompa, Blower, Dif\u00fcz\u00f6r, Dozaj, End\u00fcstriyel Hava Filtrasyon","description":"ARPON","publisher":{"@id":"https:\/\/arpon.com.tr\/en\/#organization"},"potentialAction":[{"@type":"SearchAction","target":{"@type":"EntryPoint","urlTemplate":"https:\/\/arpon.com.tr\/en\/?s={search_term_string}"},"query-input":{"@type":"PropertyValueSpecification","valueRequired":true,"valueName":"search_term_string"}}],"inLanguage":"en-US"},{"@type":["Organization","Place"],"@id":"https:\/\/arpon.com.tr\/en\/#organization","name":"Arpon End\u00fcstriyel Ekipmanlar San. Tic. Ltd. \u015eti.","url":"https:\/\/arpon.com.tr\/en\/","logo":{"@id":"https:\/\/arpon.com.tr\/en\/how-do-pumps-and-blowers-work\/centrifugal-pumps\/#local-main-organization-logo"},"image":{"@id":"https:\/\/arpon.com.tr\/en\/how-do-pumps-and-blowers-work\/centrifugal-pumps\/#local-main-organization-logo"},"sameAs":["https:\/\/www.youtube.com\/channel\/UCwjBY3SvkX5IBFH4PsIOaxw","https:\/\/www.linkedin.com\/company\/arpon-endstriyel"],"telephone":[],"openingHoursSpecification":[{"@type":"OpeningHoursSpecification","dayOfWeek":["Monday","Tuesday","Wednesday","Thursday","Friday","Saturday","Sunday"],"opens":"09:00","closes":"17:00"}]},{"@type":"ImageObject","inLanguage":"en-US","@id":"https:\/\/arpon.com.tr\/en\/how-do-pumps-and-blowers-work\/centrifugal-pumps\/#local-main-organization-logo","url":"https:\/\/arpon.com.tr\/wp-content\/uploads\/2025\/10\/arpon-default.png","contentUrl":"https:\/\/arpon.com.tr\/wp-content\/uploads\/2025\/10\/arpon-default.png","width":300,"height":200,"caption":"Arpon End\u00fcstriyel Ekipmanlar San. Tic. Ltd. \u015eti."}]}},"_links":{"self":[{"href":"https:\/\/arpon.com.tr\/en\/wp-json\/wp\/v2\/pages\/12787","targetHints":{"allow":["GET"]}}],"collection":[{"href":"https:\/\/arpon.com.tr\/en\/wp-json\/wp\/v2\/pages"}],"about":[{"href":"https:\/\/arpon.com.tr\/en\/wp-json\/wp\/v2\/types\/page"}],"author":[{"embeddable":true,"href":"https:\/\/arpon.com.tr\/en\/wp-json\/wp\/v2\/users\/1"}],"replies":[{"embeddable":true,"href":"https:\/\/arpon.com.tr\/en\/wp-json\/wp\/v2\/comments?post=12787"}],"version-history":[{"count":1,"href":"https:\/\/arpon.com.tr\/en\/wp-json\/wp\/v2\/pages\/12787\/revisions"}],"predecessor-version":[{"id":12790,"href":"https:\/\/arpon.com.tr\/en\/wp-json\/wp\/v2\/pages\/12787\/revisions\/12790"}],"up":[{"embeddable":true,"href":"https:\/\/arpon.com.tr\/en\/wp-json\/wp\/v2\/pages\/12349"}],"wp:attachment":[{"href":"https:\/\/arpon.com.tr\/en\/wp-json\/wp\/v2\/media?parent=12787"}],"wp:term":[{"taxonomy":"page_tag","embeddable":true,"href":"https:\/\/arpon.com.tr\/en\/wp-json\/wp\/v2\/page_tag?post=12787"}],"curies":[{"name":"wp","href":"https:\/\/api.w.org\/{rel}","templated":true}]}}