{"id":12792,"date":"2025-10-16T11:41:57","date_gmt":"2025-10-16T08:41:57","guid":{"rendered":"https:\/\/arpon.com.tr\/how-do-pumps-and-blowers-work\/how-do-dosing-and-metering-systems-work\/"},"modified":"2025-12-18T09:58:38","modified_gmt":"2025-12-18T06:58:38","slug":"how-do-dosing-and-metering-systems-work","status":"publish","type":"page","link":"https:\/\/arpon.com.tr\/en\/how-do-pumps-and-blowers-work\/how-do-dosing-and-metering-systems-work\/","title":{"rendered":"How Do Dosing and Metering Systems Work?"},"content":{"rendered":"\t\t<div data-elementor-type=\"wp-page\" data-elementor-id=\"12792\" class=\"elementor elementor-12792 elementor-7394\">\n\t\t\t\t<div class=\"wd-negative-gap elementor-element elementor-element-f6065ff e-flex e-con-boxed e-con e-parent\" data-id=\"f6065ff\" data-element_type=\"container\" data-e-type=\"container\">\n\t\t\t\t\t<div class=\"e-con-inner\">\n\t\t\t\t<div class=\"elementor-element elementor-element-c815c8a wd-el-breadcrumbs text-left elementor-widget elementor-widget-wd_wc_breadcrumb\" data-id=\"c815c8a\" data-element_type=\"widget\" data-e-type=\"widget\" data-widget_type=\"wd_wc_breadcrumb.default\">\n\t\t\t\t<div class=\"elementor-widget-container\">\n\t\t\t\t\t<nav class=\"wd-breadcrumbs woocommerce-breadcrumb\" aria-label=\"Breadcrumb\">\t\t\t\t<span class=\"wd-last\">\n\t\t\t\t\tHome\t\t\t\t<\/span>\n\t\t\t<\/nav>\t\t\t\t<\/div>\n\t\t\t\t<\/div>\n\t\t\t\t\t<\/div>\n\t\t\t\t<\/div>\n\t\t\t\t<section class=\"wd-negative-gap elementor-section elementor-top-section elementor-element elementor-element-3429157 elementor-section-content-middle elementor-section-boxed elementor-section-height-default elementor-section-height-default\" data-id=\"3429157\" data-element_type=\"section\" data-e-type=\"section\">\n\t\t\t\t\t\t<div class=\"elementor-container elementor-column-gap-default\">\n\t\t\t\t\t<div class=\"elementor-column elementor-col-50 elementor-top-column elementor-element elementor-element-d4da0db\" data-id=\"d4da0db\" data-element_type=\"column\" data-e-type=\"column\">\n\t\t\t<div class=\"elementor-widget-wrap elementor-element-populated\">\n\t\t\t\t\t\t<div class=\"elementor-element elementor-element-3094f1a wd-width-100 elementor-widget elementor-widget-wd_title\" data-id=\"3094f1a\" data-element_type=\"widget\" data-e-type=\"widget\" data-widget_type=\"wd_title.default\">\n\t\t\t\t<div class=\"elementor-widget-container\">\n\t\t\t\t\t\t\t<div class=\"title-wrapper wd-set-mb reset-last-child wd-title-color-default wd-title-style-default wd-title-size-small text-left\">\n\n\t\t\t\n\t\t\t<div class=\"liner-continer\">\n\t\t\t\t<h4 class=\"woodmart-title-container title wd-fontsize-m\">How Do Dosing Pumps Work?<\/h4> \n\t\t\t\t\t\t\t<\/div>\n\n\t\t\t\t\t<\/div>\n\t\t\t\t\t\t<\/div>\n\t\t\t\t<\/div>\n\t\t\t\t<div class=\"elementor-element elementor-element-cc99a85 elementor-widget elementor-widget-wd_text_block\" data-id=\"cc99a85\" data-element_type=\"widget\" data-e-type=\"widget\" data-widget_type=\"wd_text_block.default\">\n\t\t\t\t<div class=\"elementor-widget-container\">\n\t\t\t\t\t\t\t<div class=\"wd-text-block reset-last-child text-left\">\n\t\t\t\n\t\t\t<p>Dosing pumps are used to precisely dose a specific amount of liquid into a system. It ensures precise delivery of the liquid by controlling the flow rate and pump frequency. <\/p>\n\t\t\t\t\t<\/div>\n\t\t\t\t\t\t<\/div>\n\t\t\t\t<\/div>\n\t\t\t\t\t<\/div>\n\t\t<\/div>\n\t\t\t\t<div class=\"elementor-column elementor-col-50 elementor-top-column elementor-element elementor-element-a0cc1cb\" data-id=\"a0cc1cb\" data-element_type=\"column\" data-e-type=\"column\">\n\t\t\t<div class=\"elementor-widget-wrap elementor-element-populated\">\n\t\t\t\t\t\t<div class=\"elementor-element elementor-element-02dba6d elementor-widget elementor-widget-wd_image_or_svg\" data-id=\"02dba6d\" data-element_type=\"widget\" data-e-type=\"widget\" data-widget_type=\"wd_image_or_svg.default\">\n\t\t\t\t<div class=\"elementor-widget-container\">\n\t\t\t\t\t\n\t\t<div class=\"wd-image text-center\">\n\t\t\t\t\t\t\t\t<img decoding=\"async\" width=\"150\" height=\"150\" src=\"https:\/\/arpon.com.tr\/wp-content\/uploads\/2025\/10\/METERING-PUMPS-150x150.png\" class=\"attachment-thumbnail size-thumbnail\" alt=\"\" srcset=\"https:\/\/arpon.com.tr\/wp-content\/uploads\/2025\/10\/METERING-PUMPS-150x150.png 150w, https:\/\/arpon.com.tr\/wp-content\/uploads\/2025\/10\/METERING-PUMPS-300x300.png 300w, https:\/\/arpon.com.tr\/wp-content\/uploads\/2025\/10\/METERING-PUMPS.png 512w\" sizes=\"(max-width: 150px) 100vw, 150px\" \/>\t\t\t\t\t<\/div>\n\n\t\t\t\t\t\t<\/div>\n\t\t\t\t<\/div>\n\t\t\t\t\t<\/div>\n\t\t<\/div>\n\t\t\t\t\t<\/div>\n\t\t<\/section>\n\t\t<div class=\"wd-negative-gap elementor-element elementor-element-a2c3550 e-flex e-con-boxed e-con e-parent\" data-id=\"a2c3550\" data-element_type=\"container\" data-e-type=\"container\">\n\t\t\t\t\t<div class=\"e-con-inner\">\n\t\t\t\t<div class=\"elementor-element elementor-element-d6dd66a elementor-widget elementor-widget-wd_text_block\" data-id=\"d6dd66a\" data-element_type=\"widget\" data-e-type=\"widget\" data-widget_type=\"wd_text_block.default\">\n\t\t\t\t<div class=\"elementor-widget-container\">\n\t\t\t\t\t\t\t<div class=\"wd-text-block reset-last-child text-left\">\n\t\t\t\n\t\t\t<p>Dosing pumps are used <strong>to precisely dose a specific amount of liquid<\/strong> into a system. It ensures precise delivery of the liquid by controlling the flow rate and pump frequency. Different <strong>pump technologies<\/strong> are used in dosing and metering operations, each with its own unique advantages and application areas.  <\/p><p>The types of pumps commonly used for dosing and metering are:<br>\u2714 <strong>Diaphragm pumps<\/strong> (mechanically guided diaphragm)<br>\u2714 <strong>Hydraulic diaphragm pumps<\/strong> (hydraulically guided diaphragm)<br>\u2714 <strong>Piston dosing pumps<\/strong><br>\u2714 <strong>Peristaltic pumps<\/strong><\/p>\n\t\t\t\t\t<\/div>\n\t\t\t\t\t\t<\/div>\n\t\t\t\t<\/div>\n\t\t\t\t\t<\/div>\n\t\t\t\t<\/div>\n\t\t<div class=\"wd-negative-gap elementor-element elementor-element-87a179f e-grid e-con-boxed e-con e-parent\" data-id=\"87a179f\" data-element_type=\"container\" data-e-type=\"container\">\n\t\t\t\t\t<div class=\"e-con-inner\">\n\t\t\t\t<div class=\"elementor-element elementor-element-778d50b elementor-widget elementor-widget-wd_text_block\" data-id=\"778d50b\" data-element_type=\"widget\" data-e-type=\"widget\" data-widget_type=\"wd_text_block.default\">\n\t\t\t\t<div class=\"elementor-widget-container\">\n\t\t\t\t\t\t\t<div class=\"wd-text-block reset-last-child text-left\">\n\t\t\t\n\t\t\t<p><strong>Advantages of Dosing Pumps<\/strong><\/p><p>Although each pump type has its own unique advantages and disadvantages, the general advantages of dosing and metering pumps are:<\/p><ul><li><strong>Precision:<\/strong> <strong>Ensures accurate and continuous control<\/strong> of the flow rate, thus achieving precise dosing regardless of the viscosity or pressure differences of the liquid.<\/li><li><strong>Efficiency:<\/strong> <strong>Consumes less energy compared to other pump types<\/strong>, which reduces operating costs.<\/li><li><strong>Safety:<\/strong> <strong>Designed to be used in hazardous environments.<\/strong><\/li><li><strong>Versatility:<br><\/strong><strong>Available in a wide capacity range<\/strong> and can be used to dose <strong>corrosive, hazardous and highly viscous liquids<\/strong>.<\/li><\/ul>\n\t\t\t\t\t<\/div>\n\t\t\t\t\t\t<\/div>\n\t\t\t\t<\/div>\n\t\t\t\t<div class=\"elementor-element elementor-element-20da77a elementor-widget elementor-widget-wd_image_or_svg\" data-id=\"20da77a\" data-element_type=\"widget\" data-e-type=\"widget\" data-widget_type=\"wd_image_or_svg.default\">\n\t\t\t\t<div class=\"elementor-widget-container\">\n\t\t\t\t\t\n\t\t<div class=\"wd-image text-center\">\n\t\t\t\t\t\t\t\t<img fetchpriority=\"high\" decoding=\"async\" width=\"768\" height=\"614\" src=\"https:\/\/arpon.com.tr\/wp-content\/uploads\/2025\/10\/PRO-SERISI-fotor-20251024153723-768x614.png\" class=\"attachment-medium_large size-medium_large\" alt=\"\" srcset=\"https:\/\/arpon.com.tr\/wp-content\/uploads\/2025\/10\/PRO-SERISI-fotor-20251024153723-768x614.png 768w, https:\/\/arpon.com.tr\/wp-content\/uploads\/2025\/10\/PRO-SERISI-fotor-20251024153723-150x120.png 150w, https:\/\/arpon.com.tr\/wp-content\/uploads\/2025\/10\/PRO-SERISI-fotor-20251024153723-300x240.png 300w, https:\/\/arpon.com.tr\/wp-content\/uploads\/2025\/10\/PRO-SERISI-fotor-20251024153723.png 1000w\" sizes=\"(max-width: 768px) 100vw, 768px\" \/>\t\t\t\t\t<\/div>\n\n\t\t\t\t\t\t<\/div>\n\t\t\t\t<\/div>\n\t\t\t\t\t<\/div>\n\t\t\t\t<\/div>\n\t\t<div class=\"wd-negative-gap elementor-element elementor-element-19b8ab4 e-flex e-con-boxed e-con e-parent\" data-id=\"19b8ab4\" data-element_type=\"container\" data-e-type=\"container\">\n\t\t\t\t\t<div class=\"e-con-inner\">\n\t\t\t\t<div class=\"elementor-element elementor-element-0ad3e40 elementor-widget elementor-widget-wd_text_block\" data-id=\"0ad3e40\" data-element_type=\"widget\" data-e-type=\"widget\" data-widget_type=\"wd_text_block.default\">\n\t\t\t\t<div class=\"elementor-widget-container\">\n\t\t\t\t\t\t\t<div class=\"wd-text-block reset-last-child text-left\">\n\t\t\t\n\t\t\t<p><span style=\"font-size: 14pt;\"><strong>Dozaj Pompalar\u0131n\u0131n Tipik Kullan\u0131m Alanlar\u0131<\/strong><\/span><\/p><p>Dozaj ve \u00f6l\u00e7\u00fcm pompalar\u0131, hassasiyetin kritik oldu\u011fu bir\u00e7ok sekt\u00f6rde kullan\u0131l\u0131r. K\u00fc\u00e7\u00fck \u00f6l\u00e7ekli mikrolitre dozajlamadan 1.000 bar\u2019a kadar bas\u0131n\u00e7l\u0131 s\u0131v\u0131 transferine kadar geni\u015f bir uygulama alan\u0131na sahiptir.<\/p><p>\ud83d\udd39 <strong>Petrol ve Gaz:<\/strong><\/p><ul><li>Metanol, monoetilen glikol ve korozyon inhibit\u00f6rleri gibi kimyasallar\u0131n enjekte edilmesiyle hidrat olu\u015fumu, mumlanma, tortu birikmesi ve korozyon \u00f6nlenir.<\/li><li>Korozyon inhibit\u00f6rleri, boru hatlar\u0131nda s\u0131z\u0131nt\u0131 ve d\u00f6k\u00fclmeleri \u00f6nleyerek g\u00fcvenli\u011fi art\u0131r\u0131r.<\/li><\/ul><p>\ud83d\udd39 <strong>pH Ayar\u0131:<\/strong><\/p><ul><li>Bir\u00e7ok end\u00fcstriyel s\u00fcre\u00e7te suyun pH seviyesinin n\u00f6tr (pH 7) olmas\u0131 gereklidir.<\/li><li>S\u00fclf\u00fcrik asit veya sodyum bis\u00fclfat gibi kimyasallar, \u00f6l\u00e7\u00fcm pompalar\u0131yla hassas bir \u015fekilde eklenerek suyun pH seviyesi dengelenir.<\/li><\/ul><p>\ud83d\udd39 <strong>Sulama Sistemleri:<\/strong><\/p><ul><li>D\u00f6ner pivot sulama sistemlerinde azot enjeksiyonu i\u00e7in kullan\u0131l\u0131r.<\/li><li>Yerel su kaynaklar\u0131ndan \u00e7ekilen su, sistemin pivot noktalar\u0131na ta\u015f\u0131n\u0131r ve \u00fcr\u00fcnlere uygulan\u0131r.<\/li><\/ul><p>\ud83d\udd39 <strong>G\u0131da ve \u0130\u00e7ecek Sekt\u00f6r\u00fc:<\/strong><\/p><ul><li>S\u0131v\u0131 bile\u015fenlerin kar\u0131\u015ft\u0131r\u0131lmas\u0131 veya laboratuvar ortam\u0131nda hassas \u00f6l\u00e7\u00fcm yap\u0131lmas\u0131 i\u00e7in kullan\u0131l\u0131r.<\/li><li>T\u0131bbi uygulamalarda y\u00fcksek hassasiyet gerektiren i\u015flemlerde de tercih edilir.<\/li><\/ul><p><strong>Ayr\u0131ca:<\/strong><br \/>Y\u00fcksek sistem bas\u0131nc\u0131na sahip uygulamalarda, korozif veya y\u00fcksek s\u0131cakl\u0131kl\u0131 s\u0131v\u0131lar\u0131n ta\u015f\u0131nmas\u0131nda ve viskoz s\u0131v\u0131lar\u0131n veya \u00e7amurlar\u0131n pompalanmas\u0131nda yayg\u0131n olarak kullan\u0131l\u0131r.<\/p><p><strong>Do\u011fru Dozaj Pompas\u0131 Se\u00e7erken Dikkat Edilmesi Gerekenler<\/strong><\/p><p>Dozaj ve \u00f6l\u00e7\u00fcm i\u00e7in bir\u00e7ok farkl\u0131 pompa t\u00fcr\u00fc kullan\u0131labildi\u011finden, uygulaman\u0131za en uygun pompa tipini se\u00e7mek olduk\u00e7a \u00f6nemlidir.<\/p><p><strong>\u2714 Ak\u0131\u015f H\u0131z\u0131:<\/strong><\/p><ul><li>\u0130htiyac\u0131n\u0131z olan ak\u0131\u015f h\u0131z\u0131n\u0131 belirlemek en \u00f6nemli fakt\u00f6rd\u00fcr.<\/li><li>\u00d6nerilen kullan\u0131m: Beklenen ak\u0131\u015f h\u0131z\u0131n\u0131n pompan\u0131n kapasitesinin %90\u2019\u0131n\u0131 a\u015fmamas\u0131, b\u00f6ylece pompan\u0131n a\u015f\u0131r\u0131 y\u00fcklenmesini \u00f6nler ve ani ak\u0131\u015f de\u011fi\u015fikliklerine kar\u015f\u0131 esneklik sa\u011flar.<\/li><\/ul><p>\u2714 <strong>\u00c7al\u0131\u015fma Ortam\u0131:<\/strong><\/p><ul><li>Pompan\u0131n maruz kalaca\u011f\u0131 \u00e7evresel ko\u015fullar, performans\u0131n\u0131 do\u011frudan etkiler.<\/li><li>Pompa do\u011frudan g\u00fcne\u015f \u0131\u015f\u0131\u011f\u0131na veya a\u015f\u0131r\u0131 so\u011fuk s\u0131cakl\u0131klara maruz kalacak m\u0131?<\/li><li>D\u00fc\u015f\u00fck s\u0131cakl\u0131klarda \u00e7al\u0131\u015ft\u0131r\u0131lacaksa, pompalanan s\u0131v\u0131n\u0131n donmayaca\u011f\u0131ndan emin olunmal\u0131d\u0131r.<\/li><\/ul><p>\u2714 <strong>S\u0131v\u0131n\u0131n \u00d6zellikleri:<\/strong><\/p><ul><li>S\u0131v\u0131n\u0131n kimyasal bile\u015fimi, viskozitesi ve i\u00e7erdi\u011fi partik\u00fcller pompa se\u00e7iminde belirleyicidir.<\/li><li>Y\u00fcksek viskoziteli s\u0131v\u0131lar, \u00f6zel s\u0131v\u0131 u\u00e7lar\u0131na sahip pompalar gerektirebilir.<\/li><li>Kat\u0131 partik\u00fcl i\u00e7eren a\u015f\u0131r\u0131 yo\u011fun s\u0131v\u0131lar, \u00f6zel diyaframlar gerektirebilir.<\/li><\/ul><p>\u2714 <strong>Pompa Malzemesi:<\/strong><\/p><ul><li>Pompa bile\u015fenleri, \u00e7al\u0131\u015faca\u011f\u0131 ortam\u0131n zorlu ko\u015fullar\u0131na dayan\u0131kl\u0131 olmal\u0131d\u0131r.<\/li><li>Korozif kimyasallar veya a\u015f\u0131nd\u0131r\u0131c\u0131 maddeler ile \u00e7al\u0131\u015f\u0131yorsan\u0131z, paslanmaz \u00e7elik gibi dayan\u0131kl\u0131 malzemelerden \u00fcretilmi\u015f pompa par\u00e7alar\u0131 tercih edilmelidir.<strong><br \/><\/strong><strong><span style=\"font-size: 18pt; color: #6aaae4;\"><br \/>Neden Arpon\u2019dan Dozaj Pompalar\u0131 Almal\u0131s\u0131n\u0131z?<\/span><\/strong><p>\u2714 <strong>\u00d6zel olarak tasarlanm\u0131\u015f dozaj pompalar\u0131<\/strong>, s\u0131v\u0131y\u0131 <strong>hassas bir \u015fekilde belirli bir ak\u0131\u015f h\u0131z\u0131nda<\/strong> transfer etmek i\u00e7in geli\u015ftirilmi\u015ftir.<br \/>\u2714 Dozaj pompalar\u0131n\u0131n pompalama oran\u0131, <strong>vuru\u015f uzunlu\u011fu ve h\u0131z ayarlanarak de\u011fi\u015ftirilebilir.<\/strong><br \/>\u2714 Arpon, <strong>20 y\u0131l\u0131 a\u015fk\u0131n s\u00fcredir dozaj pompalar\u0131 tedarik etmektedir.<\/strong><br \/>\u2714 <strong>OBL, Wanner, Verderflex ve ITC<\/strong> gibi <strong>d\u00f6rt farkl\u0131 \u00fcreticiden pompalar<\/strong> sunarak <strong>uygulaman\u0131za en uygun \u00e7\u00f6z\u00fcm\u00fc sunar.<\/strong><br \/>\u2714 \u00dclke genelinde yay\u0131lm\u0131\u015f <strong>d\u0131\u015f ve i\u00e7 saha pompa uzmanlar\u0131 ile teknik destek a\u011f\u0131m\u0131z bulunmaktad\u0131r.<\/strong><\/p><\/li><\/ul><p>Bu nedenle, spesifik s\u0131v\u0131n\u0131z ve en uygun pompa se\u00e7imi i\u00e7in bizimle<u> <a href=\"https:\/\/arpon.com.tr\/bize-ulasin\/\">ileti\u015fime<\/a><\/u> ge\u00e7menizi \u00f6neririz.<\/p>\n\t\t\t\t\t<\/div>\n\t\t\t\t\t\t<\/div>\n\t\t\t\t<\/div>\n\t\t\t\t\t<\/div>\n\t\t\t\t<\/div>\n\t\t\t\t<\/div>\n\t\t","protected":false},"excerpt":{"rendered":"<p>Home How Do Dosing Pumps Work? Dosing pumps are used to precisely dose a specific amount of liquid into a<\/p>\n","protected":false},"author":1,"featured_media":0,"parent":12349,"menu_order":119,"comment_status":"closed","ping_status":"closed","template":"elementor_header_footer","meta":{"_acf_changed":false,"_angie_page":false,"_eb_attr":"","footnotes":""},"page_tag":[],"class_list":["post-12792","page","type-page","status-publish","hentry"],"acf":[],"yoast_head":"<!-- This site is optimized with the Yoast SEO Premium plugin v27.3 (Yoast SEO v27.4) - https:\/\/yoast.com\/product\/yoast-seo-premium-wordpress\/ -->\n<title>How Do Dosing and Metering Systems Work? - ARPON | Pompa,Blower,Dif\u00fcz\u00f6r,Dozaj,End\u00fcstriyel Hava Filtrasyon<\/title>\n<meta name=\"robots\" content=\"index, follow, max-snippet:-1, max-image-preview:large, max-video-preview:-1\" \/>\n<link rel=\"canonical\" href=\"https:\/\/arpon.com.tr\/en\/how-do-pumps-and-blowers-work\/how-do-dosing-and-metering-systems-work\/\" \/>\n<meta property=\"og:locale\" content=\"en_US\" \/>\n<meta property=\"og:type\" content=\"article\" \/>\n<meta property=\"og:title\" content=\"How Do Dosing and Metering Systems Work?\" \/>\n<meta property=\"og:description\" content=\"Home How Do Dosing Pumps Work? Dosing pumps are used to precisely dose a specific amount of liquid into a\" \/>\n<meta property=\"og:url\" content=\"https:\/\/arpon.com.tr\/en\/how-do-pumps-and-blowers-work\/how-do-dosing-and-metering-systems-work\/\" \/>\n<meta property=\"og:site_name\" content=\"ARPON | Pompa,Blower,Dif\u00fcz\u00f6r,Dozaj,End\u00fcstriyel Hava Filtrasyon\" \/>\n<meta property=\"article:modified_time\" content=\"2025-12-18T06:58:38+00:00\" \/>\n<meta property=\"og:image\" content=\"https:\/\/arpon.com.tr\/wp-content\/uploads\/2025\/10\/METERING-PUMPS-150x150.png\" \/>\n<meta name=\"twitter:card\" content=\"summary_large_image\" \/>\n<meta name=\"twitter:label1\" content=\"Est. reading time\" \/>\n\t<meta name=\"twitter:data1\" content=\"4 minutes\" \/>\n<!-- \/ Yoast SEO Premium plugin. -->","yoast_head_json":{"title":"How Do Dosing and Metering Systems Work? - ARPON | Pompa,Blower,Dif\u00fcz\u00f6r,Dozaj,End\u00fcstriyel Hava Filtrasyon","robots":{"index":"index","follow":"follow","max-snippet":"max-snippet:-1","max-image-preview":"max-image-preview:large","max-video-preview":"max-video-preview:-1"},"canonical":"https:\/\/arpon.com.tr\/en\/how-do-pumps-and-blowers-work\/how-do-dosing-and-metering-systems-work\/","og_locale":"en_US","og_type":"article","og_title":"How Do Dosing and Metering Systems Work?","og_description":"Home How Do Dosing Pumps Work? Dosing pumps are used to precisely dose a specific amount of liquid into a","og_url":"https:\/\/arpon.com.tr\/en\/how-do-pumps-and-blowers-work\/how-do-dosing-and-metering-systems-work\/","og_site_name":"ARPON | Pompa,Blower,Dif\u00fcz\u00f6r,Dozaj,End\u00fcstriyel Hava Filtrasyon","article_modified_time":"2025-12-18T06:58:38+00:00","og_image":[{"url":"https:\/\/arpon.com.tr\/wp-content\/uploads\/2025\/10\/METERING-PUMPS-150x150.png","type":"","width":"","height":""}],"twitter_card":"summary_large_image","twitter_misc":{"Est. reading time":"4 minutes"},"schema":{"@context":"https:\/\/schema.org","@graph":[{"@type":"WebPage","@id":"https:\/\/arpon.com.tr\/en\/how-do-pumps-and-blowers-work\/how-do-dosing-and-metering-systems-work\/","url":"https:\/\/arpon.com.tr\/en\/how-do-pumps-and-blowers-work\/how-do-dosing-and-metering-systems-work\/","name":"How Do Dosing and Metering Systems Work? - ARPON | Pompa,Blower,Dif\u00fcz\u00f6r,Dozaj,End\u00fcstriyel Hava Filtrasyon","isPartOf":{"@id":"https:\/\/arpon.com.tr\/en\/#website"},"primaryImageOfPage":{"@id":"https:\/\/arpon.com.tr\/en\/how-do-pumps-and-blowers-work\/how-do-dosing-and-metering-systems-work\/#primaryimage"},"image":{"@id":"https:\/\/arpon.com.tr\/en\/how-do-pumps-and-blowers-work\/how-do-dosing-and-metering-systems-work\/#primaryimage"},"thumbnailUrl":"https:\/\/arpon.com.tr\/wp-content\/uploads\/2025\/10\/METERING-PUMPS-150x150.png","datePublished":"2025-10-16T08:41:57+00:00","dateModified":"2025-12-18T06:58:38+00:00","breadcrumb":{"@id":"https:\/\/arpon.com.tr\/en\/how-do-pumps-and-blowers-work\/how-do-dosing-and-metering-systems-work\/#breadcrumb"},"inLanguage":"en-US","potentialAction":[{"@type":"ReadAction","target":["https:\/\/arpon.com.tr\/en\/how-do-pumps-and-blowers-work\/how-do-dosing-and-metering-systems-work\/"]}]},{"@type":"ImageObject","inLanguage":"en-US","@id":"https:\/\/arpon.com.tr\/en\/how-do-pumps-and-blowers-work\/how-do-dosing-and-metering-systems-work\/#primaryimage","url":"https:\/\/arpon.com.tr\/wp-content\/uploads\/2025\/10\/METERING-PUMPS-150x150.png","contentUrl":"https:\/\/arpon.com.tr\/wp-content\/uploads\/2025\/10\/METERING-PUMPS-150x150.png"},{"@type":"BreadcrumbList","@id":"https:\/\/arpon.com.tr\/en\/how-do-pumps-and-blowers-work\/how-do-dosing-and-metering-systems-work\/#breadcrumb","itemListElement":[{"@type":"ListItem","position":1,"name":"Anasayfa","item":"https:\/\/arpon.com.tr\/en\/"},{"@type":"ListItem","position":2,"name":"How Do Pumps and Blowers Work?","item":"https:\/\/arpon.com.tr\/en\/how-do-pumps-and-blowers-work\/"},{"@type":"ListItem","position":3,"name":"How Do Dosing and Metering Systems Work?"}]},{"@type":"WebSite","@id":"https:\/\/arpon.com.tr\/en\/#website","url":"https:\/\/arpon.com.tr\/en\/","name":"ARPON | Pompa, Blower, Dif\u00fcz\u00f6r, Dozaj, End\u00fcstriyel Hava Filtrasyon","description":"ARPON","publisher":{"@id":"https:\/\/arpon.com.tr\/en\/#organization"},"potentialAction":[{"@type":"SearchAction","target":{"@type":"EntryPoint","urlTemplate":"https:\/\/arpon.com.tr\/en\/?s={search_term_string}"},"query-input":{"@type":"PropertyValueSpecification","valueRequired":true,"valueName":"search_term_string"}}],"inLanguage":"en-US"},{"@type":["Organization","Place"],"@id":"https:\/\/arpon.com.tr\/en\/#organization","name":"Arpon End\u00fcstriyel Ekipmanlar San. Tic. Ltd. \u015eti.","url":"https:\/\/arpon.com.tr\/en\/","logo":{"@id":"https:\/\/arpon.com.tr\/en\/how-do-pumps-and-blowers-work\/how-do-dosing-and-metering-systems-work\/#local-main-organization-logo"},"image":{"@id":"https:\/\/arpon.com.tr\/en\/how-do-pumps-and-blowers-work\/how-do-dosing-and-metering-systems-work\/#local-main-organization-logo"},"sameAs":["https:\/\/www.youtube.com\/channel\/UCwjBY3SvkX5IBFH4PsIOaxw","https:\/\/www.linkedin.com\/company\/arpon-endstriyel"],"telephone":[],"openingHoursSpecification":[{"@type":"OpeningHoursSpecification","dayOfWeek":["Monday","Tuesday","Wednesday","Thursday","Friday","Saturday","Sunday"],"opens":"09:00","closes":"17:00"}]},{"@type":"ImageObject","inLanguage":"en-US","@id":"https:\/\/arpon.com.tr\/en\/how-do-pumps-and-blowers-work\/how-do-dosing-and-metering-systems-work\/#local-main-organization-logo","url":"https:\/\/arpon.com.tr\/wp-content\/uploads\/2025\/10\/arpon-default.png","contentUrl":"https:\/\/arpon.com.tr\/wp-content\/uploads\/2025\/10\/arpon-default.png","width":300,"height":200,"caption":"Arpon End\u00fcstriyel Ekipmanlar San. Tic. Ltd. \u015eti."}]}},"_links":{"self":[{"href":"https:\/\/arpon.com.tr\/en\/wp-json\/wp\/v2\/pages\/12792","targetHints":{"allow":["GET"]}}],"collection":[{"href":"https:\/\/arpon.com.tr\/en\/wp-json\/wp\/v2\/pages"}],"about":[{"href":"https:\/\/arpon.com.tr\/en\/wp-json\/wp\/v2\/types\/page"}],"author":[{"embeddable":true,"href":"https:\/\/arpon.com.tr\/en\/wp-json\/wp\/v2\/users\/1"}],"replies":[{"embeddable":true,"href":"https:\/\/arpon.com.tr\/en\/wp-json\/wp\/v2\/comments?post=12792"}],"version-history":[{"count":1,"href":"https:\/\/arpon.com.tr\/en\/wp-json\/wp\/v2\/pages\/12792\/revisions"}],"predecessor-version":[{"id":12795,"href":"https:\/\/arpon.com.tr\/en\/wp-json\/wp\/v2\/pages\/12792\/revisions\/12795"}],"up":[{"embeddable":true,"href":"https:\/\/arpon.com.tr\/en\/wp-json\/wp\/v2\/pages\/12349"}],"wp:attachment":[{"href":"https:\/\/arpon.com.tr\/en\/wp-json\/wp\/v2\/media?parent=12792"}],"wp:term":[{"taxonomy":"page_tag","embeddable":true,"href":"https:\/\/arpon.com.tr\/en\/wp-json\/wp\/v2\/page_tag?post=12792"}],"curies":[{"name":"wp","href":"https:\/\/api.w.org\/{rel}","templated":true}]}}