{"id":12796,"date":"2025-10-16T13:30:28","date_gmt":"2025-10-16T10:30:28","guid":{"rendered":"https:\/\/arpon.com.tr\/how-do-pumps-and-blowers-work\/hygienic-pumps\/"},"modified":"2025-12-18T09:58:40","modified_gmt":"2025-12-18T06:58:40","slug":"hygienic-pumps","status":"publish","type":"page","link":"https:\/\/arpon.com.tr\/en\/how-do-pumps-and-blowers-work\/hygienic-pumps\/","title":{"rendered":"Hygienic Pumps"},"content":{"rendered":"\t\t<div data-elementor-type=\"wp-page\" data-elementor-id=\"12796\" class=\"elementor elementor-12796 elementor-7434\">\n\t\t\t\t<div class=\"wd-negative-gap elementor-element elementor-element-f6065ff e-flex e-con-boxed e-con e-parent\" data-id=\"f6065ff\" data-element_type=\"container\" data-e-type=\"container\">\n\t\t\t\t\t<div class=\"e-con-inner\">\n\t\t\t\t<div class=\"elementor-element elementor-element-c815c8a wd-el-breadcrumbs text-left elementor-widget elementor-widget-wd_wc_breadcrumb\" data-id=\"c815c8a\" data-element_type=\"widget\" data-e-type=\"widget\" data-widget_type=\"wd_wc_breadcrumb.default\">\n\t\t\t\t<div class=\"elementor-widget-container\">\n\t\t\t\t\t<nav class=\"wd-breadcrumbs woocommerce-breadcrumb\" aria-label=\"Breadcrumb\">\t\t\t\t<span class=\"wd-last\">\n\t\t\t\t\tHome\t\t\t\t<\/span>\n\t\t\t<\/nav>\t\t\t\t<\/div>\n\t\t\t\t<\/div>\n\t\t\t\t\t<\/div>\n\t\t\t\t<\/div>\n\t\t\t\t<section class=\"wd-negative-gap elementor-section elementor-top-section elementor-element elementor-element-1ff4fe0 elementor-section-content-middle elementor-section-boxed elementor-section-height-default elementor-section-height-default\" data-id=\"1ff4fe0\" data-element_type=\"section\" data-e-type=\"section\">\n\t\t\t\t\t\t<div class=\"elementor-container elementor-column-gap-default\">\n\t\t\t\t\t<div class=\"elementor-column elementor-col-50 elementor-top-column elementor-element elementor-element-3a7bad7\" data-id=\"3a7bad7\" data-element_type=\"column\" data-e-type=\"column\">\n\t\t\t<div class=\"elementor-widget-wrap elementor-element-populated\">\n\t\t\t\t\t\t<div class=\"elementor-element elementor-element-c0ff0dc wd-width-100 elementor-widget elementor-widget-wd_title\" data-id=\"c0ff0dc\" data-element_type=\"widget\" data-e-type=\"widget\" data-widget_type=\"wd_title.default\">\n\t\t\t\t<div class=\"elementor-widget-container\">\n\t\t\t\t\t\t\t<div class=\"title-wrapper wd-set-mb reset-last-child wd-title-color-default wd-title-style-default wd-title-size-small text-left\">\n\n\t\t\t\n\t\t\t<div class=\"liner-continer\">\n\t\t\t\t<h4 class=\"woodmart-title-container title wd-fontsize-m\">What is a Hygienic Pump?<\/h4> \n\t\t\t\t\t\t\t<\/div>\n\n\t\t\t\t\t<\/div>\n\t\t\t\t\t\t<\/div>\n\t\t\t\t<\/div>\n\t\t\t\t<div class=\"elementor-element elementor-element-57b6215 elementor-widget elementor-widget-wd_text_block\" data-id=\"57b6215\" data-element_type=\"widget\" data-e-type=\"widget\" data-widget_type=\"wd_text_block.default\">\n\t\t\t\t<div class=\"elementor-widget-container\">\n\t\t\t\t\t\t\t<div class=\"wd-text-block reset-last-child text-left\">\n\t\t\t\n\t\t\t<p>In industrial production, there are specific purity and hygiene standards set for each process.<br>However, especially in the food industry and pharmaceutical production, much stricter rules apply to prevent contamination of these products.<br>Therefore, special hygienic machines and systems are used in both sectors.<br>Hygienic pumps, especially those that come into direct contact with products, are of critical importance.<\/p>\n\t\t\t\t\t<\/div>\n\t\t\t\t\t\t<\/div>\n\t\t\t\t<\/div>\n\t\t\t\t\t<\/div>\n\t\t<\/div>\n\t\t\t\t<div class=\"elementor-column elementor-col-50 elementor-top-column elementor-element elementor-element-58cb5b9\" data-id=\"58cb5b9\" data-element_type=\"column\" data-e-type=\"column\">\n\t\t\t<div class=\"elementor-widget-wrap elementor-element-populated\">\n\t\t\t\t\t\t<div class=\"elementor-element elementor-element-ade50d4 elementor-widget elementor-widget-wd_image_or_svg\" data-id=\"ade50d4\" data-element_type=\"widget\" data-e-type=\"widget\" data-widget_type=\"wd_image_or_svg.default\">\n\t\t\t\t<div class=\"elementor-widget-container\">\n\t\t\t\t\t\n\t\t<div class=\"wd-image text-center\">\n\t\t\t\t\t\t\t\t<img decoding=\"async\" width=\"150\" height=\"150\" src=\"https:\/\/arpon.com.tr\/wp-content\/uploads\/2025\/10\/CIRCUMFERENTIAL-PISTON-PUMPS-150x150.png\" class=\"attachment-thumbnail size-thumbnail\" alt=\"\" srcset=\"https:\/\/arpon.com.tr\/wp-content\/uploads\/2025\/10\/CIRCUMFERENTIAL-PISTON-PUMPS-150x150.png 150w, https:\/\/arpon.com.tr\/wp-content\/uploads\/2025\/10\/CIRCUMFERENTIAL-PISTON-PUMPS-300x300.png 300w, https:\/\/arpon.com.tr\/wp-content\/uploads\/2025\/10\/CIRCUMFERENTIAL-PISTON-PUMPS.png 512w\" sizes=\"(max-width: 150px) 100vw, 150px\" \/>\t\t\t\t\t<\/div>\n\n\t\t\t\t\t\t<\/div>\n\t\t\t\t<\/div>\n\t\t\t\t\t<\/div>\n\t\t<\/div>\n\t\t\t\t\t<\/div>\n\t\t<\/section>\n\t\t<div class=\"wd-negative-gap elementor-element elementor-element-bda6c70 e-flex e-con-boxed e-con e-parent\" data-id=\"bda6c70\" data-element_type=\"container\" data-e-type=\"container\">\n\t\t\t\t\t<div class=\"e-con-inner\">\n\t\t\t\t<div class=\"elementor-element elementor-element-aabb210 elementor-widget elementor-widget-wd_text_block\" data-id=\"aabb210\" data-element_type=\"widget\" data-e-type=\"widget\" data-widget_type=\"wd_text_block.default\">\n\t\t\t\t<div class=\"elementor-widget-container\">\n\t\t\t\t\t\t\t<div class=\"wd-text-block reset-last-child text-left\">\n\t\t\t\n\t\t\t<p><span style=\"font-size: 14pt;\"><strong>Hygienic Pumps <\/strong><\/span><\/p><p>To meet the special requirements of the food and pharmaceutical industries, hygienic pumps have certain design details that distinguish them from other types of pumps. These pumps focus specifically on the following features: <\/p><ul><li>Cleanability<\/li><li>Cavity-free structure<\/li><li>Absence of dead space<\/li><li>Vertical model (for multi-stage pumps)<\/li><\/ul><p>To ensure easy cleaning of hygienic pumps, smooth materials and surfaces are used as much as possible and made suitable for regular cleaning with acids and bases.<br>Cavity-free O-rings supported by metal stoppers are used to prevent cavity formation.<br>Dead spaces are areas where liquid can accumulate inside the pump and lead to contamination \u2013 especially in the impellers or vanes of hygienic centrifugal pumps. Therefore, hygienic centrifugal pumps are equipped with open impellers and vanes. <\/p><p>Multi-stage models are available for hygienic centrifugal pumps that need to carry large quantities of liquid; that is, designs in which several impellers are arranged one after the other are used. Thanks to the vertical structure, these pumps can be completely emptied, which prevents the risk of contamination. <\/p><p>There are also various models among positive displacement pumps (volumetric pumps) that meet hygiene standards. These pumps can be used for low-viscosity liquids, but are especially suitable for high-viscosity liquids. Hygienic positive displacement pumps perform very effectively in filling and mixing systems.  <\/p>\n\t\t\t\t\t<\/div>\n\t\t\t\t\t\t<\/div>\n\t\t\t\t<\/div>\n\t\t\t\t\t<\/div>\n\t\t\t\t<\/div>\n\t\t<div class=\"wd-negative-gap elementor-element elementor-element-7dea40d e-grid e-con-boxed e-con e-parent\" data-id=\"7dea40d\" data-element_type=\"container\" data-e-type=\"container\">\n\t\t\t\t\t<div class=\"e-con-inner\">\n\t\t\t\t<div class=\"elementor-element elementor-element-19a32fb elementor-widget elementor-widget-wd_text_block\" data-id=\"19a32fb\" data-element_type=\"widget\" data-e-type=\"widget\" data-widget_type=\"wd_text_block.default\">\n\t\t\t\t<div class=\"elementor-widget-container\">\n\t\t\t\t\t\t\t<div class=\"wd-text-block reset-last-child text-left\">\n\t\t\t\n\t\t\t<p><span style=\"font-size: 18pt; color: #6aaae4;\">Pump Technologies That Can Be Used for Hygienic Pumps<\/span><\/p><p>Various pump technologies can be used to meet the specific requirements of food and pharmaceutical production. When pumping low-viscosity liquids, centrifugal pumps that comply with hygiene standards are often preferred. <\/p><p>Positive displacement pumps are ideal for high-viscosity liquids in particular. Progressive cavity pumps and rotary piston pumps can transport dense liquids such as sauces and pastes gently and under pressure. In addition, hygienic twin-screw pumps are particularly suitable for slippery and pure liquids and can transport even large quantities of high-viscosity liquids. Besides, pump manufacturers also offer alternative technologies such as peristaltic pumps and diaphragm pumps that comply with hygiene standards.   <\/p>\n\t\t\t\t\t<\/div>\n\t\t\t\t\t\t<\/div>\n\t\t\t\t<\/div>\n\t\t\t\t<div class=\"elementor-element elementor-element-32034ca elementor-widget elementor-widget-wd_image_or_svg\" data-id=\"32034ca\" data-element_type=\"widget\" data-e-type=\"widget\" data-widget_type=\"wd_image_or_svg.default\">\n\t\t\t\t<div class=\"elementor-widget-container\">\n\t\t\t\t\t\n\t\t<div class=\"wd-image text-center\">\n\t\t\t\t\t\t\t\t<img fetchpriority=\"high\" decoding=\"async\" width=\"768\" height=\"576\" src=\"https:\/\/arpon.com.tr\/wp-content\/uploads\/2025\/10\/ZP-1-1-768x576.jpg\" class=\"attachment-medium_large size-medium_large\" alt=\"\" srcset=\"https:\/\/arpon.com.tr\/wp-content\/uploads\/2025\/10\/ZP-1-1-768x576.jpg 768w, https:\/\/arpon.com.tr\/wp-content\/uploads\/2025\/10\/ZP-1-1-150x113.jpg 150w, https:\/\/arpon.com.tr\/wp-content\/uploads\/2025\/10\/ZP-1-1-1200x900.jpg 1200w, https:\/\/arpon.com.tr\/wp-content\/uploads\/2025\/10\/ZP-1-1-300x225.jpg 300w, https:\/\/arpon.com.tr\/wp-content\/uploads\/2025\/10\/ZP-1-1-1024x768.jpg 1024w, https:\/\/arpon.com.tr\/wp-content\/uploads\/2025\/10\/ZP-1-1-1536x1152.jpg 1536w, https:\/\/arpon.com.tr\/wp-content\/uploads\/2025\/10\/ZP-1-1.jpg 1600w\" sizes=\"(max-width: 768px) 100vw, 768px\" \/>\t\t\t\t\t<\/div>\n\n\t\t\t\t\t\t<\/div>\n\t\t\t\t<\/div>\n\t\t\t\t\t<\/div>\n\t\t\t\t<\/div>\n\t\t<div class=\"wd-negative-gap elementor-element elementor-element-520c0ad e-flex e-con-boxed e-con e-parent\" data-id=\"520c0ad\" data-element_type=\"container\" data-e-type=\"container\">\n\t\t\t\t\t<div class=\"e-con-inner\">\n\t\t\t\t<div class=\"elementor-element elementor-element-28412ce elementor-widget elementor-widget-wd_text_block\" data-id=\"28412ce\" data-element_type=\"widget\" data-e-type=\"widget\" data-widget_type=\"wd_text_block.default\">\n\t\t\t\t<div class=\"elementor-widget-container\">\n\t\t\t\t\t\t\t<div class=\"wd-text-block reset-last-child text-left\">\n\t\t\t\n\t\t\t<p><span style=\"font-size: 14pt;\"><strong>Housings and Certifications for Hygienic Pumps<\/strong><\/span><\/p><ul><li><strong><span style=\"font-size: 12pt;\">Housings<\/span><\/strong><\/li><\/ul><p>To prevent deposits and contamination during operation, the environmental components of hygienic pumps must also be suitable for use in the food and pharmaceutical industries.<\/p><p>This particularly affects the drive components: Motors and gearboxes used in the food and pharmaceutical sectors must be equipped with housings made of easy-to-clean and wear-resistant materials that do not contain dead spaces, just like pumps. In addition, these components must be designed to resist aggressive acids and bases. In addition, the housings must be splash-proof to prevent water from entering the interior.  <\/p><ul><li><span style=\"font-size: 12pt;\"><strong>Certifications Guaranteeing the Suitability of Hygienic Pumps<\/strong><\/span><\/li><\/ul><p>To prove that a pump is suitable for hygienic use in the food industry or for sensitive drug production, companies should prefer hygienic pumps that have been tested by organizations such as EHEDG (European Hygienic Engineering &amp; Design Group) or 3A Sanitary Standards.<\/p><p>In the USA, the FDA (Food and Drug Administration) sets certain standards, while in Europe, GMP (Good Manufacturing Practice) regulations must be taken into account, depending on the sector. In addition, some large corporate groups may also set their own corporate hygiene standards. <\/p><p>Hygiene controls carried out by independent organizations primarily evaluate factors such as surface quality, material selection, design, and documentation. Hygienic pumps that successfully pass these audits are entitled to receive a certificate of conformity. <\/p>\n\t\t\t\t\t<\/div>\n\t\t\t\t\t\t<\/div>\n\t\t\t\t<\/div>\n\t\t\t\t\t<\/div>\n\t\t\t\t<\/div>\n\t\t<div class=\"wd-negative-gap elementor-element elementor-element-103868d e-flex e-con-boxed e-con e-parent\" data-id=\"103868d\" data-element_type=\"container\" data-e-type=\"container\">\n\t\t\t\t\t<div class=\"e-con-inner\">\n\t\t\t\t<div class=\"elementor-element elementor-element-06f193d elementor-align-center elementor-widget elementor-widget-embedpres_elementor\" data-id=\"06f193d\" data-element_type=\"widget\" data-e-type=\"widget\" data-widget_type=\"embedpres_elementor.default\">\n\t\t\t\t<div class=\"elementor-widget-container\">\n\t\t\t\t\t\n\t\t<div class=\"embedpress-elements-wrapper  \" id=\"ep-elements-id-06f193d\">\n\n\t\t\t\t\t\t\t<div id=\"ep-elementor-content-06f193d\"\n\t\t\t\t\tclass=\"ep-elementor-content\n\t\t\t\t\t\t\t\t\t\t  ep-content-protection-disabled\t\t\t\t\tsource-youtube\t\t\t\t\t\">\n\n\t\t\t\t\t<div id=\"06f193d\"\n\t\t\t\t\t\tclass=\"ep-embed-content-wrapper\n\t\t\t\t\t\t\t\t\t\t\t\t\t\t\t\t\t\tep-google-photos-\t\t\t\t\t\tdata-show-title=\"yes\"\t\t\t\t\t\t\"\n\t\t\t\t\t\t\t\t\t\t\t\t\t\t\t\t\t\t\t\t\t\t\t\t>\n\n\t\t\t\t\t\t<div id=\"ep-elementor-content-06f193d\"\n\t\t\t\t\t\t\tclass=\"ep-elementor-content\n\t\t\t\t\t\t\t\t\t\t\t\t\t\t  ep-content-protection-disabled\t\t\t\t\t\t\tsource-youtube\">\n\n\t\t\t\t\t\t\t<div >\n\t\t\t\t\t\t\t\t<div id=\"06f193d\"\n\t\t\t\t\t\t\t\t\tclass=\"ep-embed-content-wraper\n\t\t\t\t\t\t\t\t\t\"\n\t\t\t\t\t\t\t\t\t\t\t\t\t\t\t\t\t\t>\n\n\t\t\t\t\t\t\t\t\t<div class=\"ose-youtube ose-uid-b4a767c66be8ce76466b6e502b65cdc5 ose-embedpress-responsive\" style=\"width:720px; height:480px; max-height:480px; max-width:100%; display:inline-block;\" data-embed-type=\"Youtube\"><iframe allowFullScreen=\"true\" title=\"Packo hygienic pumps \u2013 by Verder\" width=\"720\" height=\"480\" src=\"https:\/\/www.youtube.com\/embed\/Xvt_f4SqPi4?feature=oembed&controls=1&iv_load_policy=1&fs=1&rel=1&end=&playsinline=1&start=&color=red\" frameborder=\"0\" allow=\"accelerometer; encrypted-media;accelerometer;autoplay;clipboard-write;gyroscope;picture-in-picture clipboard-write; encrypted-media; gyroscope; picture-in-picture; web-share\" referrerpolicy=\"strict-origin-when-cross-origin\" allowfullscreen><\/iframe><\/div>\t\t\t\t\t\t\t\t<\/div>\n\n\t\t\t\t\t\t\t\t\n\t\t\t\t\t\t\t<\/div>\n\t\t\t\t\t\t<\/div>\n\t\t\t\t\t<\/div>\n\t\t\t\t<\/div>\n\n\t\t\t\n\t\t<\/div>\n\n\n\t\t\t\t\t<style>\n\t\t\t\t#ep-elements-id-06f193d.ep-youtube__content__block .youtube__content__body .content__wrap {\n\t\t\t\t\tgrid-template-columns: repeat(auto-fit, minmax(calc(33.333333333333% - 30px), 1fr)) !important;\n\t\t\t\t}\n\n\t\t\t\t#ep-elements-id-06f193d.ep-youtube__content__pagination {\n\t\t\t\t\tdisplay: none !important;\n\t\t\t\t}\n\t\t\t<\/style>\n\t\t\n\t\t\t\t<\/div>\n\t\t\t\t<\/div>\n\t\t\t\t\t<\/div>\n\t\t\t\t<\/div>\n\t\t\t\t<\/div>\n\t\t","protected":false},"excerpt":{"rendered":"<p>Home What is a Hygienic Pump? In industrial production, there are specific purity and hygiene standards set for each process.However,<\/p>\n","protected":false},"author":1,"featured_media":0,"parent":12349,"menu_order":122,"comment_status":"closed","ping_status":"closed","template":"elementor_header_footer","meta":{"_acf_changed":false,"_angie_page":false,"_eb_attr":"","footnotes":""},"page_tag":[],"class_list":["post-12796","page","type-page","status-publish","hentry"],"acf":[],"yoast_head":"<!-- This site is optimized with the Yoast SEO Premium plugin v27.3 (Yoast SEO v27.4) - https:\/\/yoast.com\/product\/yoast-seo-premium-wordpress\/ -->\n<title>Hygienic Pumps - ARPON | Pompa,Blower,Dif\u00fcz\u00f6r,Dozaj,End\u00fcstriyel Hava Filtrasyon<\/title>\n<meta name=\"robots\" content=\"index, follow, max-snippet:-1, max-image-preview:large, max-video-preview:-1\" \/>\n<link rel=\"canonical\" href=\"https:\/\/arpon.com.tr\/en\/how-do-pumps-and-blowers-work\/hygienic-pumps\/\" \/>\n<meta property=\"og:locale\" content=\"en_US\" \/>\n<meta property=\"og:type\" content=\"article\" \/>\n<meta property=\"og:title\" content=\"Hygienic Pumps\" \/>\n<meta property=\"og:description\" content=\"Home What is a Hygienic Pump? In industrial production, there are specific purity and hygiene standards set for each process.However,\" \/>\n<meta property=\"og:url\" content=\"https:\/\/arpon.com.tr\/en\/how-do-pumps-and-blowers-work\/hygienic-pumps\/\" \/>\n<meta property=\"og:site_name\" content=\"ARPON | Pompa,Blower,Dif\u00fcz\u00f6r,Dozaj,End\u00fcstriyel Hava Filtrasyon\" \/>\n<meta property=\"article:modified_time\" content=\"2025-12-18T06:58:40+00:00\" \/>\n<meta property=\"og:image\" content=\"https:\/\/arpon.com.tr\/wp-content\/uploads\/2025\/10\/CIRCUMFERENTIAL-PISTON-PUMPS-150x150.png\" \/>\n<meta name=\"twitter:card\" content=\"summary_large_image\" \/>\n<meta name=\"twitter:label1\" content=\"Est. reading time\" \/>\n\t<meta name=\"twitter:data1\" content=\"15 minutes\" \/>\n<!-- \/ Yoast SEO Premium plugin. -->","yoast_head_json":{"title":"Hygienic Pumps - ARPON | Pompa,Blower,Dif\u00fcz\u00f6r,Dozaj,End\u00fcstriyel Hava Filtrasyon","robots":{"index":"index","follow":"follow","max-snippet":"max-snippet:-1","max-image-preview":"max-image-preview:large","max-video-preview":"max-video-preview:-1"},"canonical":"https:\/\/arpon.com.tr\/en\/how-do-pumps-and-blowers-work\/hygienic-pumps\/","og_locale":"en_US","og_type":"article","og_title":"Hygienic Pumps","og_description":"Home What is a Hygienic Pump? In industrial production, there are specific purity and hygiene standards set for each process.However,","og_url":"https:\/\/arpon.com.tr\/en\/how-do-pumps-and-blowers-work\/hygienic-pumps\/","og_site_name":"ARPON | Pompa,Blower,Dif\u00fcz\u00f6r,Dozaj,End\u00fcstriyel Hava Filtrasyon","article_modified_time":"2025-12-18T06:58:40+00:00","og_image":[{"url":"https:\/\/arpon.com.tr\/wp-content\/uploads\/2025\/10\/CIRCUMFERENTIAL-PISTON-PUMPS-150x150.png","type":"","width":"","height":""}],"twitter_card":"summary_large_image","twitter_misc":{"Est. reading time":"15 minutes"},"schema":{"@context":"https:\/\/schema.org","@graph":[{"@type":"WebPage","@id":"https:\/\/arpon.com.tr\/en\/how-do-pumps-and-blowers-work\/hygienic-pumps\/","url":"https:\/\/arpon.com.tr\/en\/how-do-pumps-and-blowers-work\/hygienic-pumps\/","name":"Hygienic Pumps - ARPON | Pompa,Blower,Dif\u00fcz\u00f6r,Dozaj,End\u00fcstriyel Hava Filtrasyon","isPartOf":{"@id":"https:\/\/arpon.com.tr\/en\/#website"},"primaryImageOfPage":{"@id":"https:\/\/arpon.com.tr\/en\/how-do-pumps-and-blowers-work\/hygienic-pumps\/#primaryimage"},"image":{"@id":"https:\/\/arpon.com.tr\/en\/how-do-pumps-and-blowers-work\/hygienic-pumps\/#primaryimage"},"thumbnailUrl":"https:\/\/arpon.com.tr\/wp-content\/uploads\/2025\/10\/CIRCUMFERENTIAL-PISTON-PUMPS-150x150.png","datePublished":"2025-10-16T10:30:28+00:00","dateModified":"2025-12-18T06:58:40+00:00","breadcrumb":{"@id":"https:\/\/arpon.com.tr\/en\/how-do-pumps-and-blowers-work\/hygienic-pumps\/#breadcrumb"},"inLanguage":"en-US","potentialAction":[{"@type":"ReadAction","target":["https:\/\/arpon.com.tr\/en\/how-do-pumps-and-blowers-work\/hygienic-pumps\/"]}]},{"@type":"ImageObject","inLanguage":"en-US","@id":"https:\/\/arpon.com.tr\/en\/how-do-pumps-and-blowers-work\/hygienic-pumps\/#primaryimage","url":"https:\/\/arpon.com.tr\/wp-content\/uploads\/2025\/10\/CIRCUMFERENTIAL-PISTON-PUMPS-150x150.png","contentUrl":"https:\/\/arpon.com.tr\/wp-content\/uploads\/2025\/10\/CIRCUMFERENTIAL-PISTON-PUMPS-150x150.png"},{"@type":"BreadcrumbList","@id":"https:\/\/arpon.com.tr\/en\/how-do-pumps-and-blowers-work\/hygienic-pumps\/#breadcrumb","itemListElement":[{"@type":"ListItem","position":1,"name":"Anasayfa","item":"https:\/\/arpon.com.tr\/en\/"},{"@type":"ListItem","position":2,"name":"How Do Pumps and Blowers Work?","item":"https:\/\/arpon.com.tr\/en\/how-do-pumps-and-blowers-work\/"},{"@type":"ListItem","position":3,"name":"Hygienic Pumps"}]},{"@type":"WebSite","@id":"https:\/\/arpon.com.tr\/en\/#website","url":"https:\/\/arpon.com.tr\/en\/","name":"ARPON | Pompa, Blower, Dif\u00fcz\u00f6r, Dozaj, End\u00fcstriyel Hava Filtrasyon","description":"ARPON","publisher":{"@id":"https:\/\/arpon.com.tr\/en\/#organization"},"potentialAction":[{"@type":"SearchAction","target":{"@type":"EntryPoint","urlTemplate":"https:\/\/arpon.com.tr\/en\/?s={search_term_string}"},"query-input":{"@type":"PropertyValueSpecification","valueRequired":true,"valueName":"search_term_string"}}],"inLanguage":"en-US"},{"@type":["Organization","Place"],"@id":"https:\/\/arpon.com.tr\/en\/#organization","name":"Arpon End\u00fcstriyel Ekipmanlar San. Tic. Ltd. \u015eti.","url":"https:\/\/arpon.com.tr\/en\/","logo":{"@id":"https:\/\/arpon.com.tr\/en\/how-do-pumps-and-blowers-work\/hygienic-pumps\/#local-main-organization-logo"},"image":{"@id":"https:\/\/arpon.com.tr\/en\/how-do-pumps-and-blowers-work\/hygienic-pumps\/#local-main-organization-logo"},"sameAs":["https:\/\/www.youtube.com\/channel\/UCwjBY3SvkX5IBFH4PsIOaxw","https:\/\/www.linkedin.com\/company\/arpon-endstriyel"],"telephone":[],"openingHoursSpecification":[{"@type":"OpeningHoursSpecification","dayOfWeek":["Monday","Tuesday","Wednesday","Thursday","Friday","Saturday","Sunday"],"opens":"09:00","closes":"17:00"}]},{"@type":"ImageObject","inLanguage":"en-US","@id":"https:\/\/arpon.com.tr\/en\/how-do-pumps-and-blowers-work\/hygienic-pumps\/#local-main-organization-logo","url":"https:\/\/arpon.com.tr\/wp-content\/uploads\/2025\/10\/arpon-default.png","contentUrl":"https:\/\/arpon.com.tr\/wp-content\/uploads\/2025\/10\/arpon-default.png","width":300,"height":200,"caption":"Arpon End\u00fcstriyel Ekipmanlar San. Tic. Ltd. \u015eti."}]}},"_links":{"self":[{"href":"https:\/\/arpon.com.tr\/en\/wp-json\/wp\/v2\/pages\/12796","targetHints":{"allow":["GET"]}}],"collection":[{"href":"https:\/\/arpon.com.tr\/en\/wp-json\/wp\/v2\/pages"}],"about":[{"href":"https:\/\/arpon.com.tr\/en\/wp-json\/wp\/v2\/types\/page"}],"author":[{"embeddable":true,"href":"https:\/\/arpon.com.tr\/en\/wp-json\/wp\/v2\/users\/1"}],"replies":[{"embeddable":true,"href":"https:\/\/arpon.com.tr\/en\/wp-json\/wp\/v2\/comments?post=12796"}],"version-history":[{"count":1,"href":"https:\/\/arpon.com.tr\/en\/wp-json\/wp\/v2\/pages\/12796\/revisions"}],"predecessor-version":[{"id":12802,"href":"https:\/\/arpon.com.tr\/en\/wp-json\/wp\/v2\/pages\/12796\/revisions\/12802"}],"up":[{"embeddable":true,"href":"https:\/\/arpon.com.tr\/en\/wp-json\/wp\/v2\/pages\/12349"}],"wp:attachment":[{"href":"https:\/\/arpon.com.tr\/en\/wp-json\/wp\/v2\/media?parent=12796"}],"wp:term":[{"taxonomy":"page_tag","embeddable":true,"href":"https:\/\/arpon.com.tr\/en\/wp-json\/wp\/v2\/page_tag?post=12796"}],"curies":[{"name":"wp","href":"https:\/\/api.w.org\/{rel}","templated":true}]}}