{"id":12803,"date":"2025-10-16T16:20:12","date_gmt":"2025-10-16T13:20:12","guid":{"rendered":"https:\/\/arpon.com.tr\/how-do-pumps-and-blowers-work\/twin-screw\/"},"modified":"2025-12-18T09:58:43","modified_gmt":"2025-12-18T06:58:43","slug":"twin-screw","status":"publish","type":"page","link":"https:\/\/arpon.com.tr\/en\/how-do-pumps-and-blowers-work\/twin-screw\/","title":{"rendered":"Twin Screw"},"content":{"rendered":"\t\t<div data-elementor-type=\"wp-page\" data-elementor-id=\"12803\" class=\"elementor elementor-12803 elementor-7450\">\n\t\t\t\t<div class=\"wd-negative-gap elementor-element elementor-element-f6065ff e-flex e-con-boxed e-con e-parent\" data-id=\"f6065ff\" data-element_type=\"container\" data-e-type=\"container\">\n\t\t\t\t\t<div class=\"e-con-inner\">\n\t\t\t\t<div class=\"elementor-element elementor-element-c815c8a wd-el-breadcrumbs text-left elementor-widget elementor-widget-wd_wc_breadcrumb\" data-id=\"c815c8a\" data-element_type=\"widget\" data-e-type=\"widget\" data-widget_type=\"wd_wc_breadcrumb.default\">\n\t\t\t\t<div class=\"elementor-widget-container\">\n\t\t\t\t\t<nav class=\"wd-breadcrumbs woocommerce-breadcrumb\" aria-label=\"Breadcrumb\">\t\t\t\t<span class=\"wd-last\">\n\t\t\t\t\tHome\t\t\t\t<\/span>\n\t\t\t<\/nav>\t\t\t\t<\/div>\n\t\t\t\t<\/div>\n\t\t\t\t\t<\/div>\n\t\t\t\t<\/div>\n\t\t<div class=\"wd-negative-gap elementor-element elementor-element-ea40faf e-grid e-con-boxed e-con e-parent\" data-id=\"ea40faf\" data-element_type=\"container\" data-e-type=\"container\">\n\t\t\t\t\t<div class=\"e-con-inner\">\n\t\t\t\t<div class=\"elementor-element elementor-element-b9963a8 elementor-widget elementor-widget-wd_text_block\" data-id=\"b9963a8\" data-element_type=\"widget\" data-e-type=\"widget\" data-widget_type=\"wd_text_block.default\">\n\t\t\t\t<div class=\"elementor-widget-container\">\n\t\t\t\t\t\t\t<div class=\"wd-text-block reset-last-child text-left\">\n\t\t\t\n\t\t\t<p><span style=\"font-size: 14pt;\"><strong>What are Twin Screw Pumps?<\/strong><\/span><\/p><p>Screw pumps belong to the <strong>positive displacement pump principle<\/strong> and move liquids or solids along the screw axis using one or more <strong>screws<\/strong>. Historically, this pump was invented by Archimedes to transport water from fields to higher levels. Today, it is used in many hygienic applications such as the <strong>food, dairy, beverage, cosmetics, pharmaceutical and chemical industries<\/strong>.  <\/p>\n\t\t\t\t\t<\/div>\n\t\t\t\t\t\t<\/div>\n\t\t\t\t<\/div>\n\t\t\t\t<div class=\"elementor-element elementor-element-4aebc37 elementor-widget elementor-widget-wd_image_or_svg\" data-id=\"4aebc37\" data-element_type=\"widget\" data-e-type=\"widget\" data-widget_type=\"wd_image_or_svg.default\">\n\t\t\t\t<div class=\"elementor-widget-container\">\n\t\t\t\t\t\n\t\t<div class=\"wd-image text-center\">\n\t\t\t\t\t\t\t\t<img decoding=\"async\" width=\"150\" height=\"150\" src=\"https:\/\/arpon.com.tr\/wp-content\/uploads\/2025\/10\/SCREW-PUMPS-150x150.png\" class=\"attachment-thumbnail size-thumbnail\" alt=\"\" srcset=\"https:\/\/arpon.com.tr\/wp-content\/uploads\/2025\/10\/SCREW-PUMPS-150x150.png 150w, https:\/\/arpon.com.tr\/wp-content\/uploads\/2025\/10\/SCREW-PUMPS-300x300.png 300w, https:\/\/arpon.com.tr\/wp-content\/uploads\/2025\/10\/SCREW-PUMPS.png 512w\" sizes=\"(max-width: 150px) 100vw, 150px\" \/>\t\t\t\t\t<\/div>\n\n\t\t\t\t\t\t<\/div>\n\t\t\t\t<\/div>\n\t\t\t\t\t<\/div>\n\t\t\t\t<\/div>\n\t\t<div class=\"wd-negative-gap elementor-element elementor-element-ed07544 e-flex e-con-boxed e-con e-parent\" data-id=\"ed07544\" data-element_type=\"container\" data-e-type=\"container\">\n\t\t\t\t\t<div class=\"e-con-inner\">\n\t\t\t\t<div class=\"elementor-element elementor-element-f8ad458 elementor-widget elementor-widget-wd_text_block\" data-id=\"f8ad458\" data-element_type=\"widget\" data-e-type=\"widget\" data-widget_type=\"wd_text_block.default\">\n\t\t\t\t<div class=\"elementor-widget-container\">\n\t\t\t\t\t\t\t<div class=\"wd-text-block reset-last-child text-left\">\n\t\t\t\n\t\t\t<p><span style=\"font-size: 14pt;\"><strong>How Do Twin Screw Pumps Work?<\/strong><\/span><\/p><p>The twin screw pump is a positive displacement pump that transfers a certain volume of product depending on the <strong>screw speed and pitch<\/strong>. As the screw system rotates, <g id=\"gid_1\">closed chambers are formed and these chambers move axially<\/g>. This movement creates a vacuum on the inlet side and a pressure on the outlet side. Thanks to this <strong>double chambered<\/strong> technique, <strong>almost vibration-free operation is achieved in high and low viscosity products<\/strong>.  <\/p><p><span style=\"font-size: 14pt;\"><strong>Why Choose a Twin Screw Pump?<\/strong><\/span><\/p><p>Twin screw pumps have the <strong>ability to operate over a wide speed range<\/strong>. Thanks to this feature, it eliminates the need for an additional CIP pump by enabling both low-speed product pumping and high-speed <strong>CIP (Cleaning in Place) liquid pumping<\/strong> in hygienic applications.<br>In addition, due to its design, it provides <strong>low viscosity products (&lt;1cP), volatile and gas-containing liquids<\/strong> for <strong>vibration-free flow<\/strong>. Thanks to its high vacuum generation capability, it can operate as <strong>self-priming<\/strong>.  <\/p><p><strong>The Packo twin screw pump<\/strong> is designed according to the highest hygienic standards and has <strong>EHEDG<\/strong> and <strong>3A<\/strong> certifications. These pumps <strong>meet superior hygiene and efficiency requirements<\/strong> for the most sensitive hygienic applications. <\/p>\n\t\t\t\t\t<\/div>\n\t\t\t\t\t\t<\/div>\n\t\t\t\t<\/div>\n\t\t\t\t\t<\/div>\n\t\t\t\t<\/div>\n\t\t<div class=\"wd-negative-gap elementor-element elementor-element-470ecbb e-flex e-con-boxed e-con e-parent\" data-id=\"470ecbb\" data-element_type=\"container\" data-e-type=\"container\">\n\t\t\t\t\t<div class=\"e-con-inner\">\n\t\t\t\t<div class=\"elementor-element elementor-element-9871168 elementor-widget__width-initial elementor-widget elementor-widget-wd_image_or_svg\" data-id=\"9871168\" data-element_type=\"widget\" data-e-type=\"widget\" data-widget_type=\"wd_image_or_svg.default\">\n\t\t\t\t<div class=\"elementor-widget-container\">\n\t\t\t\t\t\n\t\t<div class=\"wd-image text-center\">\n\t\t\t\t\t\t\t\t<img fetchpriority=\"high\" decoding=\"async\" width=\"1024\" height=\"768\" src=\"https:\/\/arpon.com.tr\/wp-content\/uploads\/2025\/11\/ZS-1-1024x768.jpg\" class=\"attachment-large size-large\" alt=\"\" srcset=\"https:\/\/arpon.com.tr\/wp-content\/uploads\/2025\/11\/ZS-1-1024x768.jpg 1024w, https:\/\/arpon.com.tr\/wp-content\/uploads\/2025\/11\/ZS-1-150x113.jpg 150w, https:\/\/arpon.com.tr\/wp-content\/uploads\/2025\/11\/ZS-1-1200x900.jpg 1200w, https:\/\/arpon.com.tr\/wp-content\/uploads\/2025\/11\/ZS-1-300x225.jpg 300w, https:\/\/arpon.com.tr\/wp-content\/uploads\/2025\/11\/ZS-1-768x576.jpg 768w, https:\/\/arpon.com.tr\/wp-content\/uploads\/2025\/11\/ZS-1-1536x1152.jpg 1536w, https:\/\/arpon.com.tr\/wp-content\/uploads\/2025\/11\/ZS-1.jpg 1600w\" sizes=\"(max-width: 1024px) 100vw, 1024px\" \/>\t\t\t\t\t<\/div>\n\n\t\t\t\t\t\t<\/div>\n\t\t\t\t<\/div>\n\t\t\t\t<div class=\"elementor-element elementor-element-3f25643 elementor-widget elementor-widget-wd_text_block\" data-id=\"3f25643\" data-element_type=\"widget\" data-e-type=\"widget\" data-widget_type=\"wd_text_block.default\">\n\t\t\t\t<div class=\"elementor-widget-container\">\n\t\t\t\t\t\t\t<div class=\"wd-text-block reset-last-child text-left\">\n\t\t\t\n\t\t\t<p> <\/p><p><span style=\"font-size: 14pt;\"><strong>Twin Screw Pump Usage Areas<\/strong><\/span><\/p><ul><li>Pumping products with a delicate structure<\/li><li>Pumping liquids containing solid particles<\/li><li>Multi-purpose use: Can operate with low capacity at low speeds and can be used for CIP cleaning at high speeds.<\/li><li>Pumping high and low viscosity products under high pressure<\/li><li>Applications requiring vibration-free and continuous flow.<\/li><\/ul>\n\t\t\t\t\t<\/div>\n\t\t\t\t\t\t<\/div>\n\t\t\t\t<\/div>\n\t\t\t\t\t<\/div>\n\t\t\t\t<\/div>\n\t\t<div class=\"wd-negative-gap elementor-element elementor-element-b37dd10 e-flex e-con-boxed e-con e-parent\" data-id=\"b37dd10\" data-element_type=\"container\" data-e-type=\"container\">\n\t\t\t\t\t<div class=\"e-con-inner\">\n\t\t\t\t<div class=\"elementor-element elementor-element-5f80c0a elementor-widget elementor-widget-wd_text_block\" data-id=\"5f80c0a\" data-element_type=\"widget\" data-e-type=\"widget\" data-widget_type=\"wd_text_block.default\">\n\t\t\t\t<div class=\"elementor-widget-container\">\n\t\t\t\t\t\t\t<div class=\"wd-text-block reset-last-child text-left\">\n\t\t\t\n\t\t\t<p><span style=\"font-size: 14pt;\"><strong>Advantages of Twin Screw Pumps<\/strong><\/span><\/p><p>\u2714 Can adapt to various conditions: Shows the best performance in both high and low viscosity liquids.<br>\u2714 2-in-1 pump: The high speed range, which can go up to 3,000 rpm, allows it to be used for both product transfer and CIP cleaning.<br>\u2714 Vibration-free operation: Ensures gentle processing of sensitive products and offers high suction performance.<br>\u2714 The external chock system between the gearbox and the body prevents loss of time in rotor alignment.<br>\u2714 It is 3A &amp; EHEDG certified and contains FDA &amp; EC1935\/2004 compliant elastomers.<br>\u2714 It has an integrated gear adapter that can be directly connected to a B5, 4-pole motor.<br>\u2714 It is easy to maintain and provides low maintenance costs.<br>\u2714 It does not leave liquid residue with its fully drainable front cover design.<\/p><p>You can <span style=\"text-decoration: underline;\"><span style=\"color: #6aaae4;\"><a style=\"color: #6aaae4; text-decoration: underline;\" href=\"https:\/\/arpon.com.tr\/en\/contact-us\/\">contact us<\/a><\/span><\/span> for more information or technical support about Twin Screw Pumps.<\/p>\n\t\t\t\t\t<\/div>\n\t\t\t\t\t\t<\/div>\n\t\t\t\t<\/div>\n\t\t\t\t\t<\/div>\n\t\t\t\t<\/div>\n\t\t<div class=\"wd-negative-gap elementor-element elementor-element-6aa5c43 e-grid e-con-boxed e-con e-parent\" data-id=\"6aa5c43\" data-element_type=\"container\" data-e-type=\"container\">\n\t\t\t\t\t<div class=\"e-con-inner\">\n\t\t\t\t<div class=\"elementor-element elementor-element-53f2864 elementor-widget elementor-widget-wd_image_or_svg\" data-id=\"53f2864\" data-element_type=\"widget\" data-e-type=\"widget\" data-widget_type=\"wd_image_or_svg.default\">\n\t\t\t\t<div class=\"elementor-widget-container\">\n\t\t\t\t\t\n\t\t<div class=\"wd-image text-left\">\n\t\t\t\t\t\t\t\t<img decoding=\"async\" width=\"1200\" height=\"742\" src=\"https:\/\/arpon.com.tr\/wp-content\/uploads\/2025\/11\/twin-screw-5-1.png\" class=\"attachment-full size-full\" alt=\"\" srcset=\"https:\/\/arpon.com.tr\/wp-content\/uploads\/2025\/11\/twin-screw-5-1.png 1200w, https:\/\/arpon.com.tr\/wp-content\/uploads\/2025\/11\/twin-screw-5-1-150x93.png 150w, https:\/\/arpon.com.tr\/wp-content\/uploads\/2025\/11\/twin-screw-5-1-300x186.png 300w, https:\/\/arpon.com.tr\/wp-content\/uploads\/2025\/11\/twin-screw-5-1-1024x633.png 1024w, https:\/\/arpon.com.tr\/wp-content\/uploads\/2025\/11\/twin-screw-5-1-768x475.png 768w\" sizes=\"(max-width: 1200px) 100vw, 1200px\" \/>\t\t\t\t\t<\/div>\n\n\t\t\t\t\t\t<\/div>\n\t\t\t\t<\/div>\n\t\t\t\t<div class=\"elementor-element elementor-element-25d7c35 elementor-widget elementor-widget-wd_image_or_svg\" data-id=\"25d7c35\" data-element_type=\"widget\" data-e-type=\"widget\" data-widget_type=\"wd_image_or_svg.default\">\n\t\t\t\t<div class=\"elementor-widget-container\">\n\t\t\t\t\t\n\t\t<div class=\"wd-image text-left\">\n\t\t\t\t\t\t\t\t<img loading=\"lazy\" decoding=\"async\" width=\"1200\" height=\"742\" src=\"https:\/\/arpon.com.tr\/wp-content\/uploads\/2025\/11\/twin-screw-6.png\" class=\"attachment-full size-full\" alt=\"\" srcset=\"https:\/\/arpon.com.tr\/wp-content\/uploads\/2025\/11\/twin-screw-6.png 1200w, https:\/\/arpon.com.tr\/wp-content\/uploads\/2025\/11\/twin-screw-6-150x93.png 150w, https:\/\/arpon.com.tr\/wp-content\/uploads\/2025\/11\/twin-screw-6-300x186.png 300w, https:\/\/arpon.com.tr\/wp-content\/uploads\/2025\/11\/twin-screw-6-1024x633.png 1024w, https:\/\/arpon.com.tr\/wp-content\/uploads\/2025\/11\/twin-screw-6-768x475.png 768w\" sizes=\"(max-width: 1200px) 100vw, 1200px\" \/>\t\t\t\t\t<\/div>\n\n\t\t\t\t\t\t<\/div>\n\t\t\t\t<\/div>\n\t\t\t\t\t<\/div>\n\t\t\t\t<\/div>\n\t\t\t\t<\/div>\n\t\t","protected":false},"excerpt":{"rendered":"<p>Home What are Twin Screw Pumps? Screw pumps belong to the positive displacement pump principle and move liquids or solids<\/p>\n","protected":false},"author":1,"featured_media":0,"parent":12349,"menu_order":111,"comment_status":"closed","ping_status":"closed","template":"elementor_header_footer","meta":{"_acf_changed":false,"_angie_page":false,"_eb_attr":"","footnotes":""},"page_tag":[],"class_list":["post-12803","page","type-page","status-publish","hentry"],"acf":[],"yoast_head":"<!-- This site is optimized with the Yoast SEO Premium plugin v27.3 (Yoast SEO v27.4) - https:\/\/yoast.com\/product\/yoast-seo-premium-wordpress\/ -->\n<title>Twin Screw - ARPON | Pompa,Blower,Dif\u00fcz\u00f6r,Dozaj,End\u00fcstriyel Hava Filtrasyon<\/title>\n<meta name=\"robots\" content=\"index, follow, max-snippet:-1, max-image-preview:large, max-video-preview:-1\" \/>\n<link rel=\"canonical\" href=\"https:\/\/arpon.com.tr\/en\/how-do-pumps-and-blowers-work\/twin-screw\/\" \/>\n<meta property=\"og:locale\" content=\"en_US\" \/>\n<meta property=\"og:type\" content=\"article\" \/>\n<meta property=\"og:title\" content=\"Twin Screw\" \/>\n<meta property=\"og:description\" content=\"Home What are Twin Screw Pumps? Screw pumps belong to the positive displacement pump principle and move liquids or solids\" \/>\n<meta property=\"og:url\" content=\"https:\/\/arpon.com.tr\/en\/how-do-pumps-and-blowers-work\/twin-screw\/\" \/>\n<meta property=\"og:site_name\" content=\"ARPON | Pompa,Blower,Dif\u00fcz\u00f6r,Dozaj,End\u00fcstriyel Hava Filtrasyon\" \/>\n<meta property=\"article:modified_time\" content=\"2025-12-18T06:58:43+00:00\" \/>\n<meta property=\"og:image\" content=\"https:\/\/arpon.com.tr\/wp-content\/uploads\/2025\/10\/SCREW-PUMPS-150x150.png\" \/>\n<meta name=\"twitter:card\" content=\"summary_large_image\" \/>\n<meta name=\"twitter:label1\" content=\"Est. reading time\" \/>\n\t<meta name=\"twitter:data1\" content=\"2 minutes\" \/>\n<!-- \/ Yoast SEO Premium plugin. -->","yoast_head_json":{"title":"Twin Screw - ARPON | Pompa,Blower,Dif\u00fcz\u00f6r,Dozaj,End\u00fcstriyel Hava Filtrasyon","robots":{"index":"index","follow":"follow","max-snippet":"max-snippet:-1","max-image-preview":"max-image-preview:large","max-video-preview":"max-video-preview:-1"},"canonical":"https:\/\/arpon.com.tr\/en\/how-do-pumps-and-blowers-work\/twin-screw\/","og_locale":"en_US","og_type":"article","og_title":"Twin Screw","og_description":"Home What are Twin Screw Pumps? Screw pumps belong to the positive displacement pump principle and move liquids or solids","og_url":"https:\/\/arpon.com.tr\/en\/how-do-pumps-and-blowers-work\/twin-screw\/","og_site_name":"ARPON | Pompa,Blower,Dif\u00fcz\u00f6r,Dozaj,End\u00fcstriyel Hava Filtrasyon","article_modified_time":"2025-12-18T06:58:43+00:00","og_image":[{"url":"https:\/\/arpon.com.tr\/wp-content\/uploads\/2025\/10\/SCREW-PUMPS-150x150.png","type":"","width":"","height":""}],"twitter_card":"summary_large_image","twitter_misc":{"Est. reading time":"2 minutes"},"schema":{"@context":"https:\/\/schema.org","@graph":[{"@type":"WebPage","@id":"https:\/\/arpon.com.tr\/en\/how-do-pumps-and-blowers-work\/twin-screw\/","url":"https:\/\/arpon.com.tr\/en\/how-do-pumps-and-blowers-work\/twin-screw\/","name":"Twin Screw - ARPON | Pompa,Blower,Dif\u00fcz\u00f6r,Dozaj,End\u00fcstriyel Hava Filtrasyon","isPartOf":{"@id":"https:\/\/arpon.com.tr\/en\/#website"},"primaryImageOfPage":{"@id":"https:\/\/arpon.com.tr\/en\/how-do-pumps-and-blowers-work\/twin-screw\/#primaryimage"},"image":{"@id":"https:\/\/arpon.com.tr\/en\/how-do-pumps-and-blowers-work\/twin-screw\/#primaryimage"},"thumbnailUrl":"https:\/\/arpon.com.tr\/wp-content\/uploads\/2025\/10\/SCREW-PUMPS-150x150.png","datePublished":"2025-10-16T13:20:12+00:00","dateModified":"2025-12-18T06:58:43+00:00","breadcrumb":{"@id":"https:\/\/arpon.com.tr\/en\/how-do-pumps-and-blowers-work\/twin-screw\/#breadcrumb"},"inLanguage":"en-US","potentialAction":[{"@type":"ReadAction","target":["https:\/\/arpon.com.tr\/en\/how-do-pumps-and-blowers-work\/twin-screw\/"]}]},{"@type":"ImageObject","inLanguage":"en-US","@id":"https:\/\/arpon.com.tr\/en\/how-do-pumps-and-blowers-work\/twin-screw\/#primaryimage","url":"https:\/\/arpon.com.tr\/wp-content\/uploads\/2025\/10\/SCREW-PUMPS-150x150.png","contentUrl":"https:\/\/arpon.com.tr\/wp-content\/uploads\/2025\/10\/SCREW-PUMPS-150x150.png"},{"@type":"BreadcrumbList","@id":"https:\/\/arpon.com.tr\/en\/how-do-pumps-and-blowers-work\/twin-screw\/#breadcrumb","itemListElement":[{"@type":"ListItem","position":1,"name":"Anasayfa","item":"https:\/\/arpon.com.tr\/en\/"},{"@type":"ListItem","position":2,"name":"How Do Pumps and Blowers Work?","item":"https:\/\/arpon.com.tr\/en\/how-do-pumps-and-blowers-work\/"},{"@type":"ListItem","position":3,"name":"Twin Screw"}]},{"@type":"WebSite","@id":"https:\/\/arpon.com.tr\/en\/#website","url":"https:\/\/arpon.com.tr\/en\/","name":"ARPON | Pompa, Blower, Dif\u00fcz\u00f6r, Dozaj, End\u00fcstriyel Hava Filtrasyon","description":"ARPON","publisher":{"@id":"https:\/\/arpon.com.tr\/en\/#organization"},"potentialAction":[{"@type":"SearchAction","target":{"@type":"EntryPoint","urlTemplate":"https:\/\/arpon.com.tr\/en\/?s={search_term_string}"},"query-input":{"@type":"PropertyValueSpecification","valueRequired":true,"valueName":"search_term_string"}}],"inLanguage":"en-US"},{"@type":["Organization","Place"],"@id":"https:\/\/arpon.com.tr\/en\/#organization","name":"Arpon End\u00fcstriyel Ekipmanlar San. Tic. Ltd. \u015eti.","url":"https:\/\/arpon.com.tr\/en\/","logo":{"@id":"https:\/\/arpon.com.tr\/en\/how-do-pumps-and-blowers-work\/twin-screw\/#local-main-organization-logo"},"image":{"@id":"https:\/\/arpon.com.tr\/en\/how-do-pumps-and-blowers-work\/twin-screw\/#local-main-organization-logo"},"sameAs":["https:\/\/www.youtube.com\/channel\/UCwjBY3SvkX5IBFH4PsIOaxw","https:\/\/www.linkedin.com\/company\/arpon-endstriyel"],"telephone":[],"openingHoursSpecification":[{"@type":"OpeningHoursSpecification","dayOfWeek":["Monday","Tuesday","Wednesday","Thursday","Friday","Saturday","Sunday"],"opens":"09:00","closes":"17:00"}]},{"@type":"ImageObject","inLanguage":"en-US","@id":"https:\/\/arpon.com.tr\/en\/how-do-pumps-and-blowers-work\/twin-screw\/#local-main-organization-logo","url":"https:\/\/arpon.com.tr\/wp-content\/uploads\/2025\/10\/arpon-default.png","contentUrl":"https:\/\/arpon.com.tr\/wp-content\/uploads\/2025\/10\/arpon-default.png","width":300,"height":200,"caption":"Arpon End\u00fcstriyel Ekipmanlar San. Tic. Ltd. \u015eti."}]}},"_links":{"self":[{"href":"https:\/\/arpon.com.tr\/en\/wp-json\/wp\/v2\/pages\/12803","targetHints":{"allow":["GET"]}}],"collection":[{"href":"https:\/\/arpon.com.tr\/en\/wp-json\/wp\/v2\/pages"}],"about":[{"href":"https:\/\/arpon.com.tr\/en\/wp-json\/wp\/v2\/types\/page"}],"author":[{"embeddable":true,"href":"https:\/\/arpon.com.tr\/en\/wp-json\/wp\/v2\/users\/1"}],"replies":[{"embeddable":true,"href":"https:\/\/arpon.com.tr\/en\/wp-json\/wp\/v2\/comments?post=12803"}],"version-history":[{"count":1,"href":"https:\/\/arpon.com.tr\/en\/wp-json\/wp\/v2\/pages\/12803\/revisions"}],"predecessor-version":[{"id":12810,"href":"https:\/\/arpon.com.tr\/en\/wp-json\/wp\/v2\/pages\/12803\/revisions\/12810"}],"up":[{"embeddable":true,"href":"https:\/\/arpon.com.tr\/en\/wp-json\/wp\/v2\/pages\/12349"}],"wp:attachment":[{"href":"https:\/\/arpon.com.tr\/en\/wp-json\/wp\/v2\/media?parent=12803"}],"wp:term":[{"taxonomy":"page_tag","embeddable":true,"href":"https:\/\/arpon.com.tr\/en\/wp-json\/wp\/v2\/page_tag?post=12803"}],"curies":[{"name":"wp","href":"https:\/\/api.w.org\/{rel}","templated":true}]}}