{"id":12804,"date":"2025-10-16T13:31:13","date_gmt":"2025-10-16T10:31:13","guid":{"rendered":"https:\/\/arpon.com.tr\/how-do-pumps-and-blowers-work\/piston-diaphragm-pumps\/"},"modified":"2025-12-18T09:58:42","modified_gmt":"2025-12-18T06:58:42","slug":"piston-diaphragm-pumps","status":"publish","type":"page","link":"https:\/\/arpon.com.tr\/en\/how-do-pumps-and-blowers-work\/piston-diaphragm-pumps\/","title":{"rendered":"Piston Diaphragm Pumps"},"content":{"rendered":"\t\t<div data-elementor-type=\"wp-page\" data-elementor-id=\"12804\" class=\"elementor elementor-12804 elementor-7431\">\n\t\t\t\t<div class=\"wd-negative-gap elementor-element elementor-element-f6065ff e-flex e-con-boxed e-con e-parent\" data-id=\"f6065ff\" data-element_type=\"container\" data-e-type=\"container\">\n\t\t\t\t\t<div class=\"e-con-inner\">\n\t\t\t\t<div class=\"elementor-element elementor-element-c815c8a wd-el-breadcrumbs text-left elementor-widget elementor-widget-wd_wc_breadcrumb\" data-id=\"c815c8a\" data-element_type=\"widget\" data-e-type=\"widget\" data-widget_type=\"wd_wc_breadcrumb.default\">\n\t\t\t\t<div class=\"elementor-widget-container\">\n\t\t\t\t\t<nav class=\"wd-breadcrumbs woocommerce-breadcrumb\" aria-label=\"Breadcrumb\">\t\t\t\t<span class=\"wd-last\">\n\t\t\t\t\tHome\t\t\t\t<\/span>\n\t\t\t<\/nav>\t\t\t\t<\/div>\n\t\t\t\t<\/div>\n\t\t\t\t\t<\/div>\n\t\t\t\t<\/div>\n\t\t\t\t<section class=\"wd-negative-gap elementor-section elementor-top-section elementor-element elementor-element-10fdd4d elementor-section-content-middle elementor-section-boxed elementor-section-height-default elementor-section-height-default\" data-id=\"10fdd4d\" data-element_type=\"section\" data-e-type=\"section\">\n\t\t\t\t\t\t<div class=\"elementor-container elementor-column-gap-default\">\n\t\t\t\t\t<div class=\"elementor-column elementor-col-50 elementor-top-column elementor-element elementor-element-d1fb2aa\" data-id=\"d1fb2aa\" data-element_type=\"column\" data-e-type=\"column\">\n\t\t\t<div class=\"elementor-widget-wrap elementor-element-populated\">\n\t\t\t\t\t\t<div class=\"elementor-element elementor-element-8af5329 wd-width-100 elementor-widget elementor-widget-wd_title\" data-id=\"8af5329\" data-element_type=\"widget\" data-e-type=\"widget\" data-widget_type=\"wd_title.default\">\n\t\t\t\t<div class=\"elementor-widget-container\">\n\t\t\t\t\t\t\t<div class=\"title-wrapper wd-set-mb reset-last-child wd-title-color-default wd-title-style-default wd-title-size-small text-left\">\n\n\t\t\t\n\t\t\t<div class=\"liner-continer\">\n\t\t\t\t<h4 class=\"woodmart-title-container title wd-fontsize-m\">How Do Reciprocating Diaphragm Pumps Work?<\/h4> \n\t\t\t\t\t\t\t<\/div>\n\n\t\t\t\t\t<\/div>\n\t\t\t\t\t\t<\/div>\n\t\t\t\t<\/div>\n\t\t\t\t<div class=\"elementor-element elementor-element-ab0535e elementor-widget elementor-widget-wd_text_block\" data-id=\"ab0535e\" data-element_type=\"widget\" data-e-type=\"widget\" data-widget_type=\"wd_text_block.default\">\n\t\t\t\t<div class=\"elementor-widget-container\">\n\t\t\t\t\t\t\t<div class=\"wd-text-block reset-last-child text-left\">\n\t\t\t\n\t\t\t<p>The pump shaft transmits its rotary motion to a oscillating plate. This plate converts the shaft into linear oscillation, enabling the movement of the hydraulic pistons. <\/p>\n\t\t\t\t\t<\/div>\n\t\t\t\t\t\t<\/div>\n\t\t\t\t<\/div>\n\t\t\t\t\t<\/div>\n\t\t<\/div>\n\t\t\t\t<div class=\"elementor-column elementor-col-50 elementor-top-column elementor-element elementor-element-1bb6f47\" data-id=\"1bb6f47\" data-element_type=\"column\" data-e-type=\"column\">\n\t\t\t<div class=\"elementor-widget-wrap elementor-element-populated\">\n\t\t\t\t\t\t<div class=\"elementor-element elementor-element-b7c8160 elementor-widget elementor-widget-wd_image_or_svg\" data-id=\"b7c8160\" data-element_type=\"widget\" data-e-type=\"widget\" data-widget_type=\"wd_image_or_svg.default\">\n\t\t\t\t<div class=\"elementor-widget-container\">\n\t\t\t\t\t\n\t\t<div class=\"wd-image text-center\">\n\t\t\t\t\t\t\t\t<img decoding=\"async\" width=\"150\" height=\"150\" src=\"https:\/\/arpon.com.tr\/wp-content\/uploads\/2025\/10\/PISTON-AND-PLUNGER-PUMPS-150x150.png\" class=\"attachment-thumbnail size-thumbnail\" alt=\"\" srcset=\"https:\/\/arpon.com.tr\/wp-content\/uploads\/2025\/10\/PISTON-AND-PLUNGER-PUMPS-150x150.png 150w, https:\/\/arpon.com.tr\/wp-content\/uploads\/2025\/10\/PISTON-AND-PLUNGER-PUMPS-300x300.png 300w, https:\/\/arpon.com.tr\/wp-content\/uploads\/2025\/10\/PISTON-AND-PLUNGER-PUMPS.png 512w\" sizes=\"(max-width: 150px) 100vw, 150px\" \/>\t\t\t\t\t<\/div>\n\n\t\t\t\t\t\t<\/div>\n\t\t\t\t<\/div>\n\t\t\t\t\t<\/div>\n\t\t<\/div>\n\t\t\t\t\t<\/div>\n\t\t<\/section>\n\t\t<div class=\"wd-negative-gap elementor-element elementor-element-e93a476 e-flex e-con-boxed e-con e-parent\" data-id=\"e93a476\" data-element_type=\"container\" data-e-type=\"container\">\n\t\t\t\t\t<div class=\"e-con-inner\">\n\t\t\t\t<div class=\"elementor-element elementor-element-76a2cee elementor-widget elementor-widget-wd_text_block\" data-id=\"76a2cee\" data-element_type=\"widget\" data-e-type=\"widget\" data-widget_type=\"wd_text_block.default\">\n\t\t\t\t<div class=\"elementor-widget-container\">\n\t\t\t\t\t\t\t<div class=\"wd-text-block reset-last-child text-left\">\n\t\t\t\n\t\t\t<p>During the suction stroke, the pistons fill with oil, which is transmitted to the back of the diaphragm, creating hydraulic balance with the pressure on the fluid side.<br>During the discharge stroke, the suction valve closes while the pressure valve opens, and the fluid is transmitted to the pump line.<br>Springs pull the diaphragm back to its initial position, and the cycle repeats\u2014thus, continuous pumping occurs.<\/p><p>Piston diaphragm pumps offer an excellent solution for high-pressure applications and stand out with their high energy efficiency. Thanks to their virtually vibration-free flow characteristics and robust design, they have proven themselves in many industries. The unique operating principle of Verderbar piston diaphragm pumps allows them to pump fluids containing solid particles without vibration.  <\/p><p><strong><span style=\"font-size: 14pt;\">Crankshaft Mechanism<\/span><\/strong><\/p><p>The crankshaft is held in position by ball bearings located at each end of the shaft. Between these bearings, the pistons are connected to one or three cams. The other ends of the pistons are connected to spring-loaded check valves. The entire mechanism operates within an oil bath.   <\/p><ul><li>As the drive shaft rotates, each cam-connected piston operates.<\/li><li>This movement converts the axial motion into the linear pumping motion of the diaphragm connected to the piston.<\/li><li>Each piston is located in a separate oil chamber that equalizes the oil pressure behind the diaphragm to the pressure on the media side.<\/li><li>During the discharge stroke, the oil is compressed, causing the diaphragm to move outward, which forces the fluid out of the pump head.<\/li><li>When the diaphragm retracts, fluid is drawn into the suction side of the pump head.<\/li><li>The pistons are operated sequentially and regularly by the drive shaft.<\/li><li>This process causes the vibrations to overlap, thus creating an almost vibration-free flow.<\/li><\/ul><p><strong><span style=\"font-size: 14pt;\">Asynchronous Design<\/span><\/strong><\/p><p>The asynchronous design principle is the same as the crankshaft principle. However, the diaphragms are not mechanically connected to the pistons. Instead, they are hydraulically controlled. This feature provides much higher performance with less mechanical stress.   <\/p><ul><li>The underflow or overflow valve ensures that the diaphragm remains hydraulically balanced.<\/li><li>During the discharge stroke, the oil in the valve chamber is compressed onto the diaphragm, causing the diaphragm to move.<\/li><li>This system eliminates the environmental concerns of packed piston pumps.<\/li><li>It provides an almost vibration-free and linear flow without the need for a pulsation damper.<\/li><\/ul>\n\t\t\t\t\t<\/div>\n\t\t\t\t\t\t<\/div>\n\t\t\t\t<\/div>\n\t\t\t\t\t<\/div>\n\t\t\t\t<\/div>\n\t\t<div class=\"wd-negative-gap elementor-element elementor-element-789adff e-flex e-con-boxed e-con e-parent\" data-id=\"789adff\" data-element_type=\"container\" data-e-type=\"container\">\n\t\t\t\t\t<div class=\"e-con-inner\">\n\t\t\t\t<div class=\"elementor-element elementor-element-43a5019 wd-width-100 elementor-widget elementor-widget-wd_images_gallery\" data-id=\"43a5019\" data-element_type=\"widget\" data-e-type=\"widget\" data-widget_type=\"wd_images_gallery.default\">\n\t\t\t\t<div class=\"elementor-widget-container\">\n\t\t\t\t\t\t\t<div class=\"wd-images-gallery photoswipe-images\" style=\"--wd-align-items:center; --wd-justify-content:center;\">\n\t\t\t\t\t\t<div class=\"wd-grid-g\" style=\"--wd-col-lg:3;--wd-col-md:3;--wd-col-sm:1;--wd-gap-lg:0px;\" >\n\t\t\t\t\t\t\t\t\t\t\t\t\t\t\t\t\t\t<div class=\"wd-gallery-item wd-col\">\n\t\t\t\t\t\t\t\t\t\t\t\t\t<a  href=\"https:\/\/arpon.com.tr\/wp-content\/uploads\/2025\/10\/T-serisi-1-1.jpg\" data-width=\"1999\" data-height=\"1521\" data-index=\"1\" data-elementor-open-lightbox=\"no\">\n\t\t\t\t\t\t\n\t\t\t\t\t\t<img decoding=\"async\" width=\"150\" height=\"150\" src=\"https:\/\/arpon.com.tr\/wp-content\/uploads\/2025\/10\/T-serisi-1-1-150x150.jpg\" class=\"attachment-thumbnail size-thumbnail\" alt=\"T serisi-1\" srcset=\"https:\/\/arpon.com.tr\/wp-content\/uploads\/2025\/10\/T-serisi-1-1-150x150.jpg 150w, https:\/\/arpon.com.tr\/wp-content\/uploads\/2025\/10\/T-serisi-1-1-600x600.jpg 600w\" sizes=\"(max-width: 150px) 100vw, 150px\" \/>\n\t\t\t\t\t\t\t\t\t\t\t\t\t<\/a>\n\t\t\t\t\t\t\t\t\t\t\t<\/div>\n\t\t\t\t\t\t\t\t\t\t\t\t\t\t\t<div class=\"wd-gallery-item wd-col\">\n\t\t\t\t\t\t\t\t\t\t\t\t\t<a  href=\"https:\/\/arpon.com.tr\/wp-content\/uploads\/2025\/10\/G-SERISI-4.jpg\" data-width=\"1600\" data-height=\"1200\" data-index=\"2\" data-elementor-open-lightbox=\"no\">\n\t\t\t\t\t\t\n\t\t\t\t\t\t<img decoding=\"async\" width=\"150\" height=\"150\" src=\"https:\/\/arpon.com.tr\/wp-content\/uploads\/2025\/10\/G-SERISI-4-150x150.jpg\" class=\"attachment-thumbnail size-thumbnail\" alt=\"G SER\u0130S\u0130-4\" srcset=\"https:\/\/arpon.com.tr\/wp-content\/uploads\/2025\/10\/G-SERISI-4-150x150.jpg 150w, https:\/\/arpon.com.tr\/wp-content\/uploads\/2025\/10\/G-SERISI-4-600x600.jpg 600w\" sizes=\"(max-width: 150px) 100vw, 150px\" \/>\n\t\t\t\t\t\t\t\t\t\t\t\t\t<\/a>\n\t\t\t\t\t\t\t\t\t\t\t<\/div>\n\t\t\t\t\t\t\t\t\t\t\t\t\t\t\t<div class=\"wd-gallery-item wd-col\">\n\t\t\t\t\t\t\t\t\t\t\t\t\t<a  href=\"https:\/\/arpon.com.tr\/wp-content\/uploads\/2025\/10\/mt8-1.jpg\" data-width=\"1600\" data-height=\"1200\" data-index=\"3\" data-elementor-open-lightbox=\"no\">\n\t\t\t\t\t\t\n\t\t\t\t\t\t<img loading=\"lazy\" decoding=\"async\" width=\"150\" height=\"150\" src=\"https:\/\/arpon.com.tr\/wp-content\/uploads\/2025\/10\/mt8-1-150x150.jpg\" class=\"attachment-thumbnail size-thumbnail\" alt=\"mt8-1\" srcset=\"https:\/\/arpon.com.tr\/wp-content\/uploads\/2025\/10\/mt8-1-150x150.jpg 150w, https:\/\/arpon.com.tr\/wp-content\/uploads\/2025\/10\/mt8-1-600x600.jpg 600w\" sizes=\"(max-width: 150px) 100vw, 150px\" \/>\n\t\t\t\t\t\t\t\t\t\t\t\t\t<\/a>\n\t\t\t\t\t\t\t\t\t\t\t<\/div>\n\t\t\t\t\t\t\t\t\t\t\t\t\t<\/div>\n\t\t\t\t\t<\/div>\n\t\t\t\t\t\t<\/div>\n\t\t\t\t<\/div>\n\t\t\t\t\t<\/div>\n\t\t\t\t<\/div>\n\t\t\t\t<\/div>\n\t\t","protected":false},"excerpt":{"rendered":"<p>Home How Do Reciprocating Diaphragm Pumps Work? The pump shaft transmits its rotary motion to a oscillating plate. This plate<\/p>\n","protected":false},"author":1,"featured_media":0,"parent":12349,"menu_order":72,"comment_status":"closed","ping_status":"closed","template":"elementor_header_footer","meta":{"_acf_changed":false,"_angie_page":false,"_eb_attr":"","footnotes":""},"page_tag":[],"class_list":["post-12804","page","type-page","status-publish","hentry"],"acf":[],"yoast_head":"<!-- This site is optimized with the Yoast SEO Premium plugin v27.3 (Yoast SEO v27.4) - https:\/\/yoast.com\/product\/yoast-seo-premium-wordpress\/ -->\n<title>Piston Diaphragm Pumps - ARPON | Pompa,Blower,Dif\u00fcz\u00f6r,Dozaj,End\u00fcstriyel Hava Filtrasyon<\/title>\n<meta name=\"robots\" content=\"index, follow, max-snippet:-1, max-image-preview:large, max-video-preview:-1\" \/>\n<link rel=\"canonical\" href=\"https:\/\/arpon.com.tr\/en\/how-do-pumps-and-blowers-work\/piston-diaphragm-pumps\/\" \/>\n<meta property=\"og:locale\" content=\"en_US\" \/>\n<meta property=\"og:type\" content=\"article\" \/>\n<meta property=\"og:title\" content=\"Piston Diaphragm Pumps\" \/>\n<meta property=\"og:description\" content=\"Home How Do Reciprocating Diaphragm Pumps Work? The pump shaft transmits its rotary motion to a oscillating plate. This plate\" \/>\n<meta property=\"og:url\" content=\"https:\/\/arpon.com.tr\/en\/how-do-pumps-and-blowers-work\/piston-diaphragm-pumps\/\" \/>\n<meta property=\"og:site_name\" content=\"ARPON | Pompa,Blower,Dif\u00fcz\u00f6r,Dozaj,End\u00fcstriyel Hava Filtrasyon\" \/>\n<meta property=\"article:modified_time\" content=\"2025-12-18T06:58:42+00:00\" \/>\n<meta property=\"og:image\" content=\"https:\/\/arpon.com.tr\/wp-content\/uploads\/2025\/10\/PISTON-AND-PLUNGER-PUMPS-150x150.png\" \/>\n<meta name=\"twitter:card\" content=\"summary_large_image\" \/>\n<meta name=\"twitter:label1\" content=\"Est. reading time\" \/>\n\t<meta name=\"twitter:data1\" content=\"2 minutes\" \/>\n<!-- \/ Yoast SEO Premium plugin. -->","yoast_head_json":{"title":"Piston Diaphragm Pumps - ARPON | Pompa,Blower,Dif\u00fcz\u00f6r,Dozaj,End\u00fcstriyel Hava Filtrasyon","robots":{"index":"index","follow":"follow","max-snippet":"max-snippet:-1","max-image-preview":"max-image-preview:large","max-video-preview":"max-video-preview:-1"},"canonical":"https:\/\/arpon.com.tr\/en\/how-do-pumps-and-blowers-work\/piston-diaphragm-pumps\/","og_locale":"en_US","og_type":"article","og_title":"Piston Diaphragm Pumps","og_description":"Home How Do Reciprocating Diaphragm Pumps Work? The pump shaft transmits its rotary motion to a oscillating plate. This plate","og_url":"https:\/\/arpon.com.tr\/en\/how-do-pumps-and-blowers-work\/piston-diaphragm-pumps\/","og_site_name":"ARPON | Pompa,Blower,Dif\u00fcz\u00f6r,Dozaj,End\u00fcstriyel Hava Filtrasyon","article_modified_time":"2025-12-18T06:58:42+00:00","og_image":[{"url":"https:\/\/arpon.com.tr\/wp-content\/uploads\/2025\/10\/PISTON-AND-PLUNGER-PUMPS-150x150.png","type":"","width":"","height":""}],"twitter_card":"summary_large_image","twitter_misc":{"Est. reading time":"2 minutes"},"schema":{"@context":"https:\/\/schema.org","@graph":[{"@type":"WebPage","@id":"https:\/\/arpon.com.tr\/en\/how-do-pumps-and-blowers-work\/piston-diaphragm-pumps\/","url":"https:\/\/arpon.com.tr\/en\/how-do-pumps-and-blowers-work\/piston-diaphragm-pumps\/","name":"Piston Diaphragm Pumps - ARPON | Pompa,Blower,Dif\u00fcz\u00f6r,Dozaj,End\u00fcstriyel Hava Filtrasyon","isPartOf":{"@id":"https:\/\/arpon.com.tr\/en\/#website"},"primaryImageOfPage":{"@id":"https:\/\/arpon.com.tr\/en\/how-do-pumps-and-blowers-work\/piston-diaphragm-pumps\/#primaryimage"},"image":{"@id":"https:\/\/arpon.com.tr\/en\/how-do-pumps-and-blowers-work\/piston-diaphragm-pumps\/#primaryimage"},"thumbnailUrl":"https:\/\/arpon.com.tr\/wp-content\/uploads\/2025\/10\/PISTON-AND-PLUNGER-PUMPS-150x150.png","datePublished":"2025-10-16T10:31:13+00:00","dateModified":"2025-12-18T06:58:42+00:00","breadcrumb":{"@id":"https:\/\/arpon.com.tr\/en\/how-do-pumps-and-blowers-work\/piston-diaphragm-pumps\/#breadcrumb"},"inLanguage":"en-US","potentialAction":[{"@type":"ReadAction","target":["https:\/\/arpon.com.tr\/en\/how-do-pumps-and-blowers-work\/piston-diaphragm-pumps\/"]}]},{"@type":"ImageObject","inLanguage":"en-US","@id":"https:\/\/arpon.com.tr\/en\/how-do-pumps-and-blowers-work\/piston-diaphragm-pumps\/#primaryimage","url":"https:\/\/arpon.com.tr\/wp-content\/uploads\/2025\/10\/PISTON-AND-PLUNGER-PUMPS-150x150.png","contentUrl":"https:\/\/arpon.com.tr\/wp-content\/uploads\/2025\/10\/PISTON-AND-PLUNGER-PUMPS-150x150.png"},{"@type":"BreadcrumbList","@id":"https:\/\/arpon.com.tr\/en\/how-do-pumps-and-blowers-work\/piston-diaphragm-pumps\/#breadcrumb","itemListElement":[{"@type":"ListItem","position":1,"name":"Anasayfa","item":"https:\/\/arpon.com.tr\/en\/"},{"@type":"ListItem","position":2,"name":"How Do Pumps and Blowers Work?","item":"https:\/\/arpon.com.tr\/en\/how-do-pumps-and-blowers-work\/"},{"@type":"ListItem","position":3,"name":"Piston Diaphragm Pumps"}]},{"@type":"WebSite","@id":"https:\/\/arpon.com.tr\/en\/#website","url":"https:\/\/arpon.com.tr\/en\/","name":"ARPON | Pompa, Blower, Dif\u00fcz\u00f6r, Dozaj, End\u00fcstriyel Hava Filtrasyon","description":"ARPON","publisher":{"@id":"https:\/\/arpon.com.tr\/en\/#organization"},"potentialAction":[{"@type":"SearchAction","target":{"@type":"EntryPoint","urlTemplate":"https:\/\/arpon.com.tr\/en\/?s={search_term_string}"},"query-input":{"@type":"PropertyValueSpecification","valueRequired":true,"valueName":"search_term_string"}}],"inLanguage":"en-US"},{"@type":["Organization","Place"],"@id":"https:\/\/arpon.com.tr\/en\/#organization","name":"Arpon End\u00fcstriyel Ekipmanlar San. Tic. Ltd. \u015eti.","url":"https:\/\/arpon.com.tr\/en\/","logo":{"@id":"https:\/\/arpon.com.tr\/en\/how-do-pumps-and-blowers-work\/piston-diaphragm-pumps\/#local-main-organization-logo"},"image":{"@id":"https:\/\/arpon.com.tr\/en\/how-do-pumps-and-blowers-work\/piston-diaphragm-pumps\/#local-main-organization-logo"},"sameAs":["https:\/\/www.youtube.com\/channel\/UCwjBY3SvkX5IBFH4PsIOaxw","https:\/\/www.linkedin.com\/company\/arpon-endstriyel"],"telephone":[],"openingHoursSpecification":[{"@type":"OpeningHoursSpecification","dayOfWeek":["Monday","Tuesday","Wednesday","Thursday","Friday","Saturday","Sunday"],"opens":"09:00","closes":"17:00"}]},{"@type":"ImageObject","inLanguage":"en-US","@id":"https:\/\/arpon.com.tr\/en\/how-do-pumps-and-blowers-work\/piston-diaphragm-pumps\/#local-main-organization-logo","url":"https:\/\/arpon.com.tr\/wp-content\/uploads\/2025\/10\/arpon-default.png","contentUrl":"https:\/\/arpon.com.tr\/wp-content\/uploads\/2025\/10\/arpon-default.png","width":300,"height":200,"caption":"Arpon End\u00fcstriyel Ekipmanlar San. Tic. Ltd. \u015eti."}]}},"_links":{"self":[{"href":"https:\/\/arpon.com.tr\/en\/wp-json\/wp\/v2\/pages\/12804","targetHints":{"allow":["GET"]}}],"collection":[{"href":"https:\/\/arpon.com.tr\/en\/wp-json\/wp\/v2\/pages"}],"about":[{"href":"https:\/\/arpon.com.tr\/en\/wp-json\/wp\/v2\/types\/page"}],"author":[{"embeddable":true,"href":"https:\/\/arpon.com.tr\/en\/wp-json\/wp\/v2\/users\/1"}],"replies":[{"embeddable":true,"href":"https:\/\/arpon.com.tr\/en\/wp-json\/wp\/v2\/comments?post=12804"}],"version-history":[{"count":1,"href":"https:\/\/arpon.com.tr\/en\/wp-json\/wp\/v2\/pages\/12804\/revisions"}],"predecessor-version":[{"id":12809,"href":"https:\/\/arpon.com.tr\/en\/wp-json\/wp\/v2\/pages\/12804\/revisions\/12809"}],"up":[{"embeddable":true,"href":"https:\/\/arpon.com.tr\/en\/wp-json\/wp\/v2\/pages\/12349"}],"wp:attachment":[{"href":"https:\/\/arpon.com.tr\/en\/wp-json\/wp\/v2\/media?parent=12804"}],"wp:term":[{"taxonomy":"page_tag","embeddable":true,"href":"https:\/\/arpon.com.tr\/en\/wp-json\/wp\/v2\/page_tag?post=12804"}],"curies":[{"name":"wp","href":"https:\/\/api.w.org\/{rel}","templated":true}]}}