{"id":12828,"date":"2025-11-03T13:37:00","date_gmt":"2025-11-03T10:37:00","guid":{"rendered":"https:\/\/arpon.com.tr\/how-do-pumps-and-blowers-work\/grinding-colloid-pump-pumps\/"},"modified":"2025-12-18T09:59:50","modified_gmt":"2025-12-18T06:59:50","slug":"grinding-colloid-pump-pumps","status":"publish","type":"page","link":"https:\/\/arpon.com.tr\/en\/how-do-pumps-and-blowers-work\/grinding-colloid-pump-pumps\/","title":{"rendered":"Grinding (Colloid Pump) Pumps"},"content":{"rendered":"\t\t<div data-elementor-type=\"wp-page\" data-elementor-id=\"12828\" class=\"elementor elementor-12828 elementor-9436\">\n\t\t\t\t<div class=\"wd-negative-gap elementor-element elementor-element-f6065ff e-flex e-con-boxed e-con e-parent\" data-id=\"f6065ff\" data-element_type=\"container\" data-e-type=\"container\">\n\t\t\t\t\t<div class=\"e-con-inner\">\n\t\t\t\t<div class=\"elementor-element elementor-element-c815c8a wd-el-breadcrumbs text-left elementor-widget elementor-widget-wd_wc_breadcrumb\" data-id=\"c815c8a\" data-element_type=\"widget\" data-e-type=\"widget\" data-widget_type=\"wd_wc_breadcrumb.default\">\n\t\t\t\t<div class=\"elementor-widget-container\">\n\t\t\t\t\t<nav class=\"wd-breadcrumbs woocommerce-breadcrumb\" aria-label=\"Breadcrumb\">\t\t\t\t<span class=\"wd-last\">\n\t\t\t\t\tHome\t\t\t\t<\/span>\n\t\t\t<\/nav>\t\t\t\t<\/div>\n\t\t\t\t<\/div>\n\t\t\t\t\t<\/div>\n\t\t\t\t<\/div>\n\t\t\t\t<section class=\"wd-negative-gap elementor-section elementor-top-section elementor-element elementor-element-20e3844 elementor-section-content-middle elementor-section-boxed elementor-section-height-default elementor-section-height-default\" data-id=\"20e3844\" data-element_type=\"section\" data-e-type=\"section\">\n\t\t\t\t\t\t<div class=\"elementor-container elementor-column-gap-default\">\n\t\t\t\t\t<div class=\"elementor-column elementor-col-50 elementor-top-column elementor-element elementor-element-1ab4860\" data-id=\"1ab4860\" data-element_type=\"column\" data-e-type=\"column\">\n\t\t\t<div class=\"elementor-widget-wrap elementor-element-populated\">\n\t\t\t\t\t\t<div class=\"elementor-element elementor-element-9099e55 wd-width-100 elementor-widget elementor-widget-wd_title\" data-id=\"9099e55\" data-element_type=\"widget\" data-e-type=\"widget\" data-widget_type=\"wd_title.default\">\n\t\t\t\t<div class=\"elementor-widget-container\">\n\t\t\t\t\t\t\t<div class=\"title-wrapper wd-set-mb reset-last-child wd-title-color-default wd-title-style-default wd-title-size-small text-left\">\n\n\t\t\t\n\t\t\t<div class=\"liner-continer\">\n\t\t\t\t<h4 class=\"woodmart-title-container title wd-fontsize-m\">How Do Grinding (Colloid Mill Pump) Pumps Work?<\/h4> \n\t\t\t\t\t\t\t<\/div>\n\n\t\t\t\t\t<\/div>\n\t\t\t\t\t\t<\/div>\n\t\t\t\t<\/div>\n\t\t\t\t<div class=\"elementor-element elementor-element-876f681 elementor-widget elementor-widget-wd_text_block\" data-id=\"876f681\" data-element_type=\"widget\" data-e-type=\"widget\" data-widget_type=\"wd_text_block.default\">\n\t\t\t\t<div class=\"elementor-widget-container\">\n\t\t\t\t\t\t\t<div class=\"wd-text-block reset-last-child text-left\">\n\t\t\t\n\t\t\t<p>A colloid mill pump is a type of mechanical homogenizer that reduces particles to micron levels with high shear force and grinding effect, while also transferring the product.<\/p><p>This product combines the <strong>\u201cgrinding + transfer\u201d<\/strong> functions in a single body and can be integrated into continuously operating inline systems.<\/p>\n\t\t\t\t\t<\/div>\n\t\t\t\t\t\t<\/div>\n\t\t\t\t<\/div>\n\t\t\t\t\t<\/div>\n\t\t<\/div>\n\t\t\t\t<div class=\"elementor-column elementor-col-50 elementor-top-column elementor-element elementor-element-4da6bab\" data-id=\"4da6bab\" data-element_type=\"column\" data-e-type=\"column\">\n\t\t\t<div class=\"elementor-widget-wrap elementor-element-populated\">\n\t\t\t\t\t\t<div class=\"elementor-element elementor-element-9580a4b elementor-widget elementor-widget-wd_image_or_svg\" data-id=\"9580a4b\" data-element_type=\"widget\" data-e-type=\"widget\" data-widget_type=\"wd_image_or_svg.default\">\n\t\t\t\t<div class=\"elementor-widget-container\">\n\t\t\t\t\t\n\t\t<div class=\"wd-image text-center\">\n\t\t\t\t\t\t\t\t<img decoding=\"async\" width=\"150\" height=\"150\" src=\"https:\/\/arpon.com.tr\/wp-content\/uploads\/2025\/10\/ogutuculu-pompa-ikon-150x150.png\" class=\"attachment-thumbnail size-thumbnail\" alt=\"\" srcset=\"https:\/\/arpon.com.tr\/wp-content\/uploads\/2025\/10\/ogutuculu-pompa-ikon-150x150.png 150w, https:\/\/arpon.com.tr\/wp-content\/uploads\/2025\/10\/ogutuculu-pompa-ikon-600x600.png 600w, https:\/\/arpon.com.tr\/wp-content\/uploads\/2025\/10\/ogutuculu-pompa-ikon-300x300.png 300w, https:\/\/arpon.com.tr\/wp-content\/uploads\/2025\/10\/ogutuculu-pompa-ikon.png 1024w\" sizes=\"(max-width: 150px) 100vw, 150px\" \/>\t\t\t\t\t<\/div>\n\n\t\t\t\t\t\t<\/div>\n\t\t\t\t<\/div>\n\t\t\t\t\t<\/div>\n\t\t<\/div>\n\t\t\t\t\t<\/div>\n\t\t<\/section>\n\t\t<div class=\"wd-negative-gap elementor-element elementor-element-47b46ee e-flex e-con-boxed e-con e-parent\" data-id=\"47b46ee\" data-element_type=\"container\" data-e-type=\"container\">\n\t\t\t\t\t<div class=\"e-con-inner\">\n\t\t\t\t<div class=\"elementor-element elementor-element-0ddc73d elementor-widget elementor-widget-wd_text_block\" data-id=\"0ddc73d\" data-element_type=\"widget\" data-e-type=\"widget\" data-widget_type=\"wd_text_block.default\">\n\t\t\t\t<div class=\"elementor-widget-container\">\n\t\t\t\t\t\t\t<div class=\"wd-text-block reset-last-child text-left\">\n\t\t\t\n\t\t\t\n\t\t\t\t\t<\/div>\n\t\t\t\t\t\t<\/div>\n\t\t\t\t<\/div>\n\t\t\t\t\t<\/div>\n\t\t\t\t<\/div>\n\t\t<div class=\"wd-negative-gap elementor-element elementor-element-9b2e3a7 e-grid e-con-boxed e-con e-parent\" data-id=\"9b2e3a7\" data-element_type=\"container\" data-e-type=\"container\">\n\t\t\t\t\t<div class=\"e-con-inner\">\n\t\t\t\t<div class=\"elementor-element elementor-element-9b2f735 elementor-widget elementor-widget-wd_text_block\" data-id=\"9b2f735\" data-element_type=\"widget\" data-e-type=\"widget\" data-widget_type=\"wd_text_block.default\">\n\t\t\t\t<div class=\"elementor-widget-container\">\n\t\t\t\t\t\t\t<div class=\"wd-text-block reset-last-child text-left\">\n\t\t\t\n\t\t\t<p><span style=\"font-size: 14pt;\"><strong>Why Use It?<\/strong><\/span><\/p><p>Colloid mill pumps are particularly suitable for:<\/p><ul><li>Emulsifying two-phase systems (oil-water)<\/li><li>Suspending solid particles<\/li><li>Dispersing agglomerated material<\/li><li>Improving product consistency and texture<\/li><li>Controlled reduction of particle size<\/li><\/ul>\n\t\t\t\t\t<\/div>\n\t\t\t\t\t\t<\/div>\n\t\t\t\t<\/div>\n\t\t\t\t<div class=\"elementor-element elementor-element-3b0f6e7 elementor-widget elementor-widget-wd_image_or_svg\" data-id=\"3b0f6e7\" data-element_type=\"widget\" data-e-type=\"widget\" data-widget_type=\"wd_image_or_svg.default\">\n\t\t\t\t<div class=\"elementor-widget-container\">\n\t\t\t\t\t\n\t\t<div class=\"wd-image text-center\">\n\t\t\t\t\t\t\t\t<img fetchpriority=\"high\" decoding=\"async\" width=\"1600\" height=\"1200\" src=\"https:\/\/arpon.com.tr\/wp-content\/uploads\/2025\/11\/Colloid-mill-cutout.jpg\" class=\"attachment-full size-full\" alt=\"\" srcset=\"https:\/\/arpon.com.tr\/wp-content\/uploads\/2025\/11\/Colloid-mill-cutout.jpg 1600w, https:\/\/arpon.com.tr\/wp-content\/uploads\/2025\/11\/Colloid-mill-cutout-150x113.jpg 150w, https:\/\/arpon.com.tr\/wp-content\/uploads\/2025\/11\/Colloid-mill-cutout-1200x900.jpg 1200w, https:\/\/arpon.com.tr\/wp-content\/uploads\/2025\/11\/Colloid-mill-cutout-300x225.jpg 300w, https:\/\/arpon.com.tr\/wp-content\/uploads\/2025\/11\/Colloid-mill-cutout-1024x768.jpg 1024w, https:\/\/arpon.com.tr\/wp-content\/uploads\/2025\/11\/Colloid-mill-cutout-768x576.jpg 768w, https:\/\/arpon.com.tr\/wp-content\/uploads\/2025\/11\/Colloid-mill-cutout-1536x1152.jpg 1536w\" sizes=\"(max-width: 1600px) 100vw, 1600px\" \/>\t\t\t\t\t<\/div>\n\n\t\t\t\t\t\t<\/div>\n\t\t\t\t<\/div>\n\t\t\t\t\t<\/div>\n\t\t\t\t<\/div>\n\t\t<div class=\"wd-negative-gap elementor-element elementor-element-278dda6 e-grid e-con-boxed e-con e-parent\" data-id=\"278dda6\" data-element_type=\"container\" data-e-type=\"container\">\n\t\t\t\t\t<div class=\"e-con-inner\">\n\t\t\t\t<div class=\"elementor-element elementor-element-2ec6d60 elementor-widget elementor-widget-wd_image_or_svg\" data-id=\"2ec6d60\" data-element_type=\"widget\" data-e-type=\"widget\" data-widget_type=\"wd_image_or_svg.default\">\n\t\t\t\t<div class=\"elementor-widget-container\">\n\t\t\t\t\t\n\t\t<div class=\"wd-image text-center\">\n\t\t\t\t\t\t\t\t<img decoding=\"async\" width=\"768\" height=\"576\" src=\"https:\/\/arpon.com.tr\/wp-content\/uploads\/2025\/11\/Colloid-mill-render-768x576.jpg\" class=\"attachment-medium_large size-medium_large\" alt=\"\" srcset=\"https:\/\/arpon.com.tr\/wp-content\/uploads\/2025\/11\/Colloid-mill-render-768x576.jpg 768w, https:\/\/arpon.com.tr\/wp-content\/uploads\/2025\/11\/Colloid-mill-render-150x113.jpg 150w, https:\/\/arpon.com.tr\/wp-content\/uploads\/2025\/11\/Colloid-mill-render-1200x900.jpg 1200w, https:\/\/arpon.com.tr\/wp-content\/uploads\/2025\/11\/Colloid-mill-render-300x225.jpg 300w, https:\/\/arpon.com.tr\/wp-content\/uploads\/2025\/11\/Colloid-mill-render-1024x768.jpg 1024w, https:\/\/arpon.com.tr\/wp-content\/uploads\/2025\/11\/Colloid-mill-render-1536x1152.jpg 1536w, https:\/\/arpon.com.tr\/wp-content\/uploads\/2025\/11\/Colloid-mill-render.jpg 1600w\" sizes=\"(max-width: 768px) 100vw, 768px\" \/>\t\t\t\t\t<\/div>\n\n\t\t\t\t\t\t<\/div>\n\t\t\t\t<\/div>\n\t\t\t\t<div class=\"elementor-element elementor-element-67d77cd elementor-widget elementor-widget-wd_text_block\" data-id=\"67d77cd\" data-element_type=\"widget\" data-e-type=\"widget\" data-widget_type=\"wd_text_block.default\">\n\t\t\t\t<div class=\"elementor-widget-container\">\n\t\t\t\t\t\t\t<div class=\"wd-text-block reset-last-child text-left\">\n\t\t\t\n\t\t\t<p><span style=\"font-size: 14pt;\"><strong>Operating Principle<\/strong><\/span><\/p><p>It contains a rotor that rotates at high speed and a fixed stator:<\/p><ol><li>The product is fed into the narrow gap between the rotor and stator.<\/li><li>The rotor rotates at a speed of 3,000 \u2013 15,000 rpm<\/li><li>The liquid is continuously forced to shear and intensive shear occurs.<\/li><li>Particles are broken down to micron or sub-micron levels.<\/li><li>The flow is sent back to the process by the pump pressure.<\/li><\/ol><p>The gap distance is adjustable and thus optimized according to the targeted particle size.<\/p>\n\t\t\t\t\t<\/div>\n\t\t\t\t\t\t<\/div>\n\t\t\t\t<\/div>\n\t\t\t\t\t<\/div>\n\t\t\t\t<\/div>\n\t\t<div class=\"wd-negative-gap elementor-element elementor-element-f516cbe e-flex e-con-boxed e-con e-parent\" data-id=\"f516cbe\" data-element_type=\"container\" data-e-type=\"container\">\n\t\t\t\t\t<div class=\"e-con-inner\">\n\t\t\t\t<div class=\"elementor-element elementor-element-f1f1c0f elementor-widget elementor-widget-wd_text_block\" data-id=\"f1f1c0f\" data-element_type=\"widget\" data-e-type=\"widget\" data-widget_type=\"wd_text_block.default\">\n\t\t\t\t<div class=\"elementor-widget-container\">\n\t\t\t\t\t\t\t<div class=\"wd-text-block reset-last-child text-left\">\n\t\t\t\n\t\t\t<p><span style=\"font-size: 14pt;\"><strong>Usage Areas<\/strong><\/span><\/p><table width=\"659\"><thead><tr><td><p><strong>Sector<\/strong><\/p><\/td><td><p>Application<\/p><\/td><\/tr><\/thead><tbody><tr><td><p><strong>Food<\/strong><\/p><\/td><td><p>Mayonnaise, ketchup, chocolate, ice cream, peanut butter<\/p><\/td><\/tr><tr><td><p><strong>Cosmetics<\/strong><\/p><\/td><td><p>Creams, lotions, makeup products<\/p><\/td><\/tr><tr><td><p><strong>Pharmaceutical<\/strong><\/p><\/td><td><p>Suspensions, ointments<\/p><\/td><\/tr><tr><td><p><strong>Chemical<\/strong><\/p><\/td><td><p>Paint, resin, detergent, silicone<\/p><\/td><\/tr><\/tbody><\/table><p>It is very effective especially in <strong>viscous and challenging<\/strong> products.<\/p><p><strong>Difference from High Shear Pump<\/strong><\/p><table width=\"681\"><thead><tr><td><p><strong>Feature<\/strong><\/p><\/td><td><p><strong>Colloid Mill Pump<\/strong><\/p><\/td><td><p><strong>High Shear Pump<\/strong><\/p><\/td><\/tr><\/thead><tbody><tr><td><p>Main mechanism<\/p><\/td><td><p>Grinding + high shear<\/p><\/td><td><p>High shear + turbulence<\/p><\/td><\/tr><tr><td><p>Particle size<\/p><\/td><td><p>Smaller &amp; precise<\/p><\/td><td><p>Wider range<\/p><\/td><\/tr><tr><td><p>Process type<\/p><\/td><td><p>Superior in dense &amp; viscous products<\/p><\/td><td><p>In more fluid systems<\/p><\/td><\/tr><tr><td><p>Mode of use<\/p><\/td><td><p>Batch\/Inline<\/p><\/td><td><p>Generally inline<\/p><\/td><\/tr><tr><td><p>Maintenance<\/p><\/td><td><p>Slightly higher<\/p><\/td><td><p>Easier<\/p><\/td><\/tr><\/tbody><\/table><ul><li>If <strong>final particle size is critical<\/strong> \u2192 <strong>colloid mill<\/strong><\/li><li>If <strong>speed + inline production<\/strong> is a priority \u2192 <strong>high shear pump<\/strong><\/li><\/ul><p><strong> <\/strong><strong> <\/strong><strong>Advantages<\/strong><\/p><table><thead><tr><td><p><strong>Advantage<\/strong><\/p><\/td><td><p><strong>Benefit Provided<\/strong><\/p><\/td><\/tr><\/thead><tbody><tr><td><p>Sub-micron particle size<\/p><\/td><td><p>Texture and product stability increase<\/p><\/td><\/tr><tr><td><p>Homogeneous phase distribution<\/p><\/td><td><p>Phase separation and precipitation are prevented<\/p><\/td><\/tr><tr><td><p>Efficient in dense products<\/p><\/td><td><p>Wide product range<\/p><\/td><\/tr><tr><td><p>Continuous inline operation<\/p><\/td><td><p>High capacity<\/p><\/td><\/tr><tr><td><p>Hygienic design<\/p><\/td><td><p>Suitable for food &amp; medicine<\/p><\/td><\/tr><\/tbody><\/table><p><strong> Things to Consider<\/strong><\/p><ul><li>Rotor-stator selection is critical in products containing abrasive solids.<\/li><li>Temperature may increase \u2192 <strong>cooling jacket<\/strong> is recommended<\/li><li>May cause shear damage in very sensitive bio-products<\/li><li>Requires <strong>robust line supports<\/strong> for vibration<\/li><\/ul>\n\t\t\t\t\t<\/div>\n\t\t\t\t\t\t<\/div>\n\t\t\t\t<\/div>\n\t\t\t\t\t<\/div>\n\t\t\t\t<\/div>\n\t\t\t\t<\/div>\n\t\t","protected":false},"excerpt":{"rendered":"<p>Home How Do Grinding (Colloid Mill Pump) Pumps Work? A colloid mill pump is a type of mechanical homogenizer that<\/p>\n","protected":false},"author":1,"featured_media":0,"parent":12349,"menu_order":60,"comment_status":"closed","ping_status":"closed","template":"elementor_header_footer","meta":{"_acf_changed":false,"_angie_page":false,"_eb_attr":"","footnotes":""},"page_tag":[],"class_list":["post-12828","page","type-page","status-publish","hentry"],"acf":[],"yoast_head":"<!-- This site is optimized with the Yoast SEO Premium plugin v27.3 (Yoast SEO v27.4) - https:\/\/yoast.com\/product\/yoast-seo-premium-wordpress\/ -->\n<title>Grinding (Colloid Pump) Pumps - ARPON | Pompa,Blower,Dif\u00fcz\u00f6r,Dozaj,End\u00fcstriyel Hava Filtrasyon<\/title>\n<meta name=\"robots\" content=\"index, follow, max-snippet:-1, max-image-preview:large, max-video-preview:-1\" \/>\n<link rel=\"canonical\" href=\"https:\/\/arpon.com.tr\/en\/how-do-pumps-and-blowers-work\/grinding-colloid-pump-pumps\/\" \/>\n<meta property=\"og:locale\" content=\"en_US\" \/>\n<meta property=\"og:type\" content=\"article\" \/>\n<meta property=\"og:title\" content=\"Grinding (Colloid Pump) Pumps\" \/>\n<meta property=\"og:description\" content=\"Home How Do Grinding (Colloid Mill Pump) Pumps Work? A colloid mill pump is a type of mechanical homogenizer that\" \/>\n<meta property=\"og:url\" content=\"https:\/\/arpon.com.tr\/en\/how-do-pumps-and-blowers-work\/grinding-colloid-pump-pumps\/\" \/>\n<meta property=\"og:site_name\" content=\"ARPON | Pompa,Blower,Dif\u00fcz\u00f6r,Dozaj,End\u00fcstriyel Hava Filtrasyon\" \/>\n<meta property=\"article:modified_time\" content=\"2025-12-18T06:59:50+00:00\" \/>\n<meta property=\"og:image\" content=\"https:\/\/arpon.com.tr\/wp-content\/uploads\/2025\/10\/ogutuculu-pompa-ikon-150x150.png\" \/>\n<meta name=\"twitter:card\" content=\"summary_large_image\" \/>\n<meta name=\"twitter:label1\" content=\"Est. reading time\" \/>\n\t<meta name=\"twitter:data1\" content=\"1 minute\" \/>\n<!-- \/ Yoast SEO Premium plugin. -->","yoast_head_json":{"title":"Grinding (Colloid Pump) Pumps - ARPON | Pompa,Blower,Dif\u00fcz\u00f6r,Dozaj,End\u00fcstriyel Hava Filtrasyon","robots":{"index":"index","follow":"follow","max-snippet":"max-snippet:-1","max-image-preview":"max-image-preview:large","max-video-preview":"max-video-preview:-1"},"canonical":"https:\/\/arpon.com.tr\/en\/how-do-pumps-and-blowers-work\/grinding-colloid-pump-pumps\/","og_locale":"en_US","og_type":"article","og_title":"Grinding (Colloid Pump) Pumps","og_description":"Home How Do Grinding (Colloid Mill Pump) Pumps Work? A colloid mill pump is a type of mechanical homogenizer that","og_url":"https:\/\/arpon.com.tr\/en\/how-do-pumps-and-blowers-work\/grinding-colloid-pump-pumps\/","og_site_name":"ARPON | Pompa,Blower,Dif\u00fcz\u00f6r,Dozaj,End\u00fcstriyel Hava Filtrasyon","article_modified_time":"2025-12-18T06:59:50+00:00","og_image":[{"url":"https:\/\/arpon.com.tr\/wp-content\/uploads\/2025\/10\/ogutuculu-pompa-ikon-150x150.png","type":"","width":"","height":""}],"twitter_card":"summary_large_image","twitter_misc":{"Est. reading time":"1 minute"},"schema":{"@context":"https:\/\/schema.org","@graph":[{"@type":"WebPage","@id":"https:\/\/arpon.com.tr\/en\/how-do-pumps-and-blowers-work\/grinding-colloid-pump-pumps\/","url":"https:\/\/arpon.com.tr\/en\/how-do-pumps-and-blowers-work\/grinding-colloid-pump-pumps\/","name":"Grinding (Colloid Pump) Pumps - ARPON | Pompa,Blower,Dif\u00fcz\u00f6r,Dozaj,End\u00fcstriyel Hava Filtrasyon","isPartOf":{"@id":"https:\/\/arpon.com.tr\/en\/#website"},"primaryImageOfPage":{"@id":"https:\/\/arpon.com.tr\/en\/how-do-pumps-and-blowers-work\/grinding-colloid-pump-pumps\/#primaryimage"},"image":{"@id":"https:\/\/arpon.com.tr\/en\/how-do-pumps-and-blowers-work\/grinding-colloid-pump-pumps\/#primaryimage"},"thumbnailUrl":"https:\/\/arpon.com.tr\/wp-content\/uploads\/2025\/10\/ogutuculu-pompa-ikon-150x150.png","datePublished":"2025-11-03T10:37:00+00:00","dateModified":"2025-12-18T06:59:50+00:00","breadcrumb":{"@id":"https:\/\/arpon.com.tr\/en\/how-do-pumps-and-blowers-work\/grinding-colloid-pump-pumps\/#breadcrumb"},"inLanguage":"en-US","potentialAction":[{"@type":"ReadAction","target":["https:\/\/arpon.com.tr\/en\/how-do-pumps-and-blowers-work\/grinding-colloid-pump-pumps\/"]}]},{"@type":"ImageObject","inLanguage":"en-US","@id":"https:\/\/arpon.com.tr\/en\/how-do-pumps-and-blowers-work\/grinding-colloid-pump-pumps\/#primaryimage","url":"https:\/\/arpon.com.tr\/wp-content\/uploads\/2025\/10\/ogutuculu-pompa-ikon-150x150.png","contentUrl":"https:\/\/arpon.com.tr\/wp-content\/uploads\/2025\/10\/ogutuculu-pompa-ikon-150x150.png"},{"@type":"BreadcrumbList","@id":"https:\/\/arpon.com.tr\/en\/how-do-pumps-and-blowers-work\/grinding-colloid-pump-pumps\/#breadcrumb","itemListElement":[{"@type":"ListItem","position":1,"name":"Anasayfa","item":"https:\/\/arpon.com.tr\/en\/"},{"@type":"ListItem","position":2,"name":"How Do Pumps and Blowers Work?","item":"https:\/\/arpon.com.tr\/en\/how-do-pumps-and-blowers-work\/"},{"@type":"ListItem","position":3,"name":"Grinding (Colloid Pump) Pumps"}]},{"@type":"WebSite","@id":"https:\/\/arpon.com.tr\/en\/#website","url":"https:\/\/arpon.com.tr\/en\/","name":"ARPON | Pompa, Blower, Dif\u00fcz\u00f6r, Dozaj, End\u00fcstriyel Hava Filtrasyon","description":"ARPON","publisher":{"@id":"https:\/\/arpon.com.tr\/en\/#organization"},"potentialAction":[{"@type":"SearchAction","target":{"@type":"EntryPoint","urlTemplate":"https:\/\/arpon.com.tr\/en\/?s={search_term_string}"},"query-input":{"@type":"PropertyValueSpecification","valueRequired":true,"valueName":"search_term_string"}}],"inLanguage":"en-US"},{"@type":["Organization","Place"],"@id":"https:\/\/arpon.com.tr\/en\/#organization","name":"Arpon End\u00fcstriyel Ekipmanlar San. Tic. Ltd. \u015eti.","url":"https:\/\/arpon.com.tr\/en\/","logo":{"@id":"https:\/\/arpon.com.tr\/en\/how-do-pumps-and-blowers-work\/grinding-colloid-pump-pumps\/#local-main-organization-logo"},"image":{"@id":"https:\/\/arpon.com.tr\/en\/how-do-pumps-and-blowers-work\/grinding-colloid-pump-pumps\/#local-main-organization-logo"},"sameAs":["https:\/\/www.youtube.com\/channel\/UCwjBY3SvkX5IBFH4PsIOaxw","https:\/\/www.linkedin.com\/company\/arpon-endstriyel"],"telephone":[],"openingHoursSpecification":[{"@type":"OpeningHoursSpecification","dayOfWeek":["Monday","Tuesday","Wednesday","Thursday","Friday","Saturday","Sunday"],"opens":"09:00","closes":"17:00"}]},{"@type":"ImageObject","inLanguage":"en-US","@id":"https:\/\/arpon.com.tr\/en\/how-do-pumps-and-blowers-work\/grinding-colloid-pump-pumps\/#local-main-organization-logo","url":"https:\/\/arpon.com.tr\/wp-content\/uploads\/2025\/10\/arpon-default.png","contentUrl":"https:\/\/arpon.com.tr\/wp-content\/uploads\/2025\/10\/arpon-default.png","width":300,"height":200,"caption":"Arpon End\u00fcstriyel Ekipmanlar San. Tic. Ltd. \u015eti."}]}},"_links":{"self":[{"href":"https:\/\/arpon.com.tr\/en\/wp-json\/wp\/v2\/pages\/12828","targetHints":{"allow":["GET"]}}],"collection":[{"href":"https:\/\/arpon.com.tr\/en\/wp-json\/wp\/v2\/pages"}],"about":[{"href":"https:\/\/arpon.com.tr\/en\/wp-json\/wp\/v2\/types\/page"}],"author":[{"embeddable":true,"href":"https:\/\/arpon.com.tr\/en\/wp-json\/wp\/v2\/users\/1"}],"replies":[{"embeddable":true,"href":"https:\/\/arpon.com.tr\/en\/wp-json\/wp\/v2\/comments?post=12828"}],"version-history":[{"count":1,"href":"https:\/\/arpon.com.tr\/en\/wp-json\/wp\/v2\/pages\/12828\/revisions"}],"predecessor-version":[{"id":12832,"href":"https:\/\/arpon.com.tr\/en\/wp-json\/wp\/v2\/pages\/12828\/revisions\/12832"}],"up":[{"embeddable":true,"href":"https:\/\/arpon.com.tr\/en\/wp-json\/wp\/v2\/pages\/12349"}],"wp:attachment":[{"href":"https:\/\/arpon.com.tr\/en\/wp-json\/wp\/v2\/media?parent=12828"}],"wp:term":[{"taxonomy":"page_tag","embeddable":true,"href":"https:\/\/arpon.com.tr\/en\/wp-json\/wp\/v2\/page_tag?post=12828"}],"curies":[{"name":"wp","href":"https:\/\/api.w.org\/{rel}","templated":true}]}}