{"id":12833,"date":"2025-11-03T13:52:36","date_gmt":"2025-11-03T10:52:36","guid":{"rendered":"https:\/\/arpon.com.tr\/how-do-pumps-and-blowers-work\/mixer-pumps-high-shear-pump\/"},"modified":"2025-12-18T09:59:52","modified_gmt":"2025-12-18T06:59:52","slug":"mixer-pumps-high-shear-pump","status":"publish","type":"page","link":"https:\/\/arpon.com.tr\/en\/how-do-pumps-and-blowers-work\/mixer-pumps-high-shear-pump\/","title":{"rendered":"Mixer Pumps (High Shear Pump)"},"content":{"rendered":"\t\t<div data-elementor-type=\"wp-page\" data-elementor-id=\"12833\" class=\"elementor elementor-12833 elementor-9459\">\n\t\t\t\t<div class=\"wd-negative-gap elementor-element elementor-element-f6065ff e-flex e-con-boxed e-con e-parent\" data-id=\"f6065ff\" data-element_type=\"container\" data-e-type=\"container\">\n\t\t\t\t\t<div class=\"e-con-inner\">\n\t\t\t\t<div class=\"elementor-element elementor-element-c815c8a wd-el-breadcrumbs text-left elementor-widget elementor-widget-wd_wc_breadcrumb\" data-id=\"c815c8a\" data-element_type=\"widget\" data-e-type=\"widget\" data-widget_type=\"wd_wc_breadcrumb.default\">\n\t\t\t\t<div class=\"elementor-widget-container\">\n\t\t\t\t\t<nav class=\"wd-breadcrumbs woocommerce-breadcrumb\" aria-label=\"Breadcrumb\">\t\t\t\t<span class=\"wd-last\">\n\t\t\t\t\tHome\t\t\t\t<\/span>\n\t\t\t<\/nav>\t\t\t\t<\/div>\n\t\t\t\t<\/div>\n\t\t\t\t\t<\/div>\n\t\t\t\t<\/div>\n\t\t\t\t<section class=\"wd-negative-gap elementor-section elementor-top-section elementor-element elementor-element-265f9e5 elementor-section-content-middle elementor-section-boxed elementor-section-height-default elementor-section-height-default\" data-id=\"265f9e5\" data-element_type=\"section\" data-e-type=\"section\">\n\t\t\t\t\t\t<div class=\"elementor-container elementor-column-gap-default\">\n\t\t\t\t\t<div class=\"elementor-column elementor-col-50 elementor-top-column elementor-element elementor-element-ec7df9a\" data-id=\"ec7df9a\" data-element_type=\"column\" data-e-type=\"column\">\n\t\t\t<div class=\"elementor-widget-wrap elementor-element-populated\">\n\t\t\t\t\t\t<div class=\"elementor-element elementor-element-269d85d wd-width-100 elementor-widget elementor-widget-wd_title\" data-id=\"269d85d\" data-element_type=\"widget\" data-e-type=\"widget\" data-widget_type=\"wd_title.default\">\n\t\t\t\t<div class=\"elementor-widget-container\">\n\t\t\t\t\t\t\t<div class=\"title-wrapper wd-set-mb reset-last-child wd-title-color-default wd-title-style-default wd-title-size-small text-left\">\n\n\t\t\t\n\t\t\t<div class=\"liner-continer\">\n\t\t\t\t<h4 class=\"woodmart-title-container title wd-fontsize-m\">How Do Mixer Pumps (High Shear Pumps) Work?<\/h4> \n\t\t\t\t\t\t\t<\/div>\n\n\t\t\t\t\t<\/div>\n\t\t\t\t\t\t<\/div>\n\t\t\t\t<\/div>\n\t\t\t\t<div class=\"elementor-element elementor-element-94f62eb elementor-widget elementor-widget-wd_text_block\" data-id=\"94f62eb\" data-element_type=\"widget\" data-e-type=\"widget\" data-widget_type=\"wd_text_block.default\">\n\t\t\t\t<div class=\"elementor-widget-container\">\n\t\t\t\t\t\t\t<div class=\"wd-text-block reset-last-child text-left\">\n\t\t\t\n\t\t\t<p>High shear pumps are specially designed pumps that mix fluids by applying <strong>high shear<\/strong> force, reduce particle size, and achieve a homogeneous mixture.<\/p><p>Combines both transfer and <strong>mixing\/homogenization<\/strong> functions in the same body.<\/p>\n\t\t\t\t\t<\/div>\n\t\t\t\t\t\t<\/div>\n\t\t\t\t<\/div>\n\t\t\t\t\t<\/div>\n\t\t<\/div>\n\t\t\t\t<div class=\"elementor-column elementor-col-50 elementor-top-column elementor-element elementor-element-8d495a7\" data-id=\"8d495a7\" data-element_type=\"column\" data-e-type=\"column\">\n\t\t\t<div class=\"elementor-widget-wrap elementor-element-populated\">\n\t\t\t\t\t\t<div class=\"elementor-element elementor-element-ace7c36 elementor-widget elementor-widget-wd_image_or_svg\" data-id=\"ace7c36\" data-element_type=\"widget\" data-e-type=\"widget\" data-widget_type=\"wd_image_or_svg.default\">\n\t\t\t\t<div class=\"elementor-widget-container\">\n\t\t\t\t\t\n\t\t<div class=\"wd-image text-center\">\n\t\t\t\t\t\t\t\t<img decoding=\"async\" width=\"150\" height=\"150\" src=\"https:\/\/arpon.com.tr\/wp-content\/uploads\/2025\/10\/MIXED-FLOW-PUMPS-150x150.png\" class=\"attachment-thumbnail size-thumbnail\" alt=\"\" srcset=\"https:\/\/arpon.com.tr\/wp-content\/uploads\/2025\/10\/MIXED-FLOW-PUMPS-150x150.png 150w, https:\/\/arpon.com.tr\/wp-content\/uploads\/2025\/10\/MIXED-FLOW-PUMPS-300x300.png 300w, https:\/\/arpon.com.tr\/wp-content\/uploads\/2025\/10\/MIXED-FLOW-PUMPS.png 512w\" sizes=\"(max-width: 150px) 100vw, 150px\" \/>\t\t\t\t\t<\/div>\n\n\t\t\t\t\t\t<\/div>\n\t\t\t\t<\/div>\n\t\t\t\t\t<\/div>\n\t\t<\/div>\n\t\t\t\t\t<\/div>\n\t\t<\/section>\n\t\t<div class=\"wd-negative-gap elementor-element elementor-element-7cab251 e-flex e-con-boxed e-con e-parent\" data-id=\"7cab251\" data-element_type=\"container\" data-e-type=\"container\">\n\t\t\t\t\t<div class=\"e-con-inner\">\n\t\t\t\t<div class=\"elementor-element elementor-element-05ac064 elementor-widget elementor-widget-wd_text_block\" data-id=\"05ac064\" data-element_type=\"widget\" data-e-type=\"widget\" data-widget_type=\"wd_text_block.default\">\n\t\t\t\t<div class=\"elementor-widget-container\">\n\t\t\t\t\t\t\t<div class=\"wd-text-block reset-last-child text-left\">\n\t\t\t\n\t\t\t<p><span style=\"font-size: 14pt;\"><strong>Why Use It?<\/strong><\/span><\/p><p>These pumps offer the best performance especially in the following processes:<\/p><table width=\"690\"><thead><tr><td><p><strong>Process<\/strong><\/p><\/td><td><p><strong>Purpose<\/strong><\/p><\/td><\/tr><\/thead><tbody><tr><td><p>Emulsification<\/p><\/td><td><p>Permanently combining oil-water phases<\/p><\/td><\/tr><tr><td><p>Homogenization<\/p><\/td><td><p>Reducing particle size<\/p><\/td><\/tr><tr><td><p>Dispersion<\/p><\/td><td><p>Quickly dissolving powders in liquid<\/p><\/td><\/tr><tr><td><p>Deagglomeration<\/p><\/td><td><p>Preventing clumping<\/p><\/td><\/tr><tr><td><p>Mixing + Transfer in a single piece of equipment<\/p><\/td><td><p>Hygienic process with CIP\/SIP<\/p><\/td><\/tr><\/tbody><\/table>\n\t\t\t\t\t<\/div>\n\t\t\t\t\t\t<\/div>\n\t\t\t\t<\/div>\n\t\t\t\t\t<\/div>\n\t\t\t\t<\/div>\n\t\t<div class=\"wd-negative-gap elementor-element elementor-element-0b6c8ee e-grid e-con-boxed e-con e-parent\" data-id=\"0b6c8ee\" data-element_type=\"container\" data-e-type=\"container\">\n\t\t\t\t\t<div class=\"e-con-inner\">\n\t\t\t\t<div class=\"elementor-element elementor-element-efe7bd3 elementor-widget elementor-widget-wd_text_block\" data-id=\"efe7bd3\" data-element_type=\"widget\" data-e-type=\"widget\" data-widget_type=\"wd_text_block.default\">\n\t\t\t\t<div class=\"elementor-widget-container\">\n\t\t\t\t\t\t\t<div class=\"wd-text-block reset-last-child text-left\">\n\t\t\t\n\t\t\t<p><span style=\"font-size: 14pt;\"><strong>Operating Principle<\/strong><\/span><\/p><p>The pump contains a <strong>rotor-stator<\/strong> structure:<\/p><ol><li>The pump draws product phases into the pump at high speed with the <strong>rotor<\/strong>.<\/li><li>The <strong>rotor<\/strong> passes the liquid through the stator holes with a very high speed difference.<\/li><li>During this transition:<ul><li><strong>Shear rate<\/strong><\/li><li><strong>Turbulence<\/strong><\/li><li><strong>Cavitation-controlled micro bubble breakage<\/strong><br> occurs<\/li><\/ul><\/li><li>This energy can break down particles to <strong>sub-micron<\/strong> levels.<\/li><\/ol><p>Since the system is inline, <strong>continuous mixing<\/strong> is ensured \u2192 Batch tank is not required or greatly reduced.<\/p>\n\t\t\t\t\t<\/div>\n\t\t\t\t\t\t<\/div>\n\t\t\t\t<\/div>\n\t\t\t\t<div class=\"elementor-element elementor-element-b8f620b elementor-widget elementor-widget-wd_image_or_svg\" data-id=\"b8f620b\" data-element_type=\"widget\" data-e-type=\"widget\" data-widget_type=\"wd_image_or_svg.default\">\n\t\t\t\t<div class=\"elementor-widget-container\">\n\t\t\t\t\t\n\t\t<div class=\"wd-image text-center\">\n\t\t\t\t\t\t\t\t<img fetchpriority=\"high\" decoding=\"async\" width=\"768\" height=\"576\" src=\"https:\/\/arpon.com.tr\/wp-content\/uploads\/2025\/11\/SFP2-1-768x576.jpg\" class=\"attachment-medium_large size-medium_large\" alt=\"\" srcset=\"https:\/\/arpon.com.tr\/wp-content\/uploads\/2025\/11\/SFP2-1-768x576.jpg 768w, https:\/\/arpon.com.tr\/wp-content\/uploads\/2025\/11\/SFP2-1-150x113.jpg 150w, https:\/\/arpon.com.tr\/wp-content\/uploads\/2025\/11\/SFP2-1-1200x900.jpg 1200w, https:\/\/arpon.com.tr\/wp-content\/uploads\/2025\/11\/SFP2-1-300x225.jpg 300w, https:\/\/arpon.com.tr\/wp-content\/uploads\/2025\/11\/SFP2-1-1024x768.jpg 1024w, https:\/\/arpon.com.tr\/wp-content\/uploads\/2025\/11\/SFP2-1-1536x1152.jpg 1536w, https:\/\/arpon.com.tr\/wp-content\/uploads\/2025\/11\/SFP2-1.jpg 1600w\" sizes=\"(max-width: 768px) 100vw, 768px\" \/>\t\t\t\t\t<\/div>\n\n\t\t\t\t\t\t<\/div>\n\t\t\t\t<\/div>\n\t\t\t\t\t<\/div>\n\t\t\t\t<\/div>\n\t\t<div class=\"wd-negative-gap elementor-element elementor-element-7d3e2ba e-grid e-con-boxed e-con e-parent\" data-id=\"7d3e2ba\" data-element_type=\"container\" data-e-type=\"container\">\n\t\t\t\t\t<div class=\"e-con-inner\">\n\t\t\t\t<div class=\"elementor-element elementor-element-52c6c67 elementor-widget elementor-widget-wd_image_or_svg\" data-id=\"52c6c67\" data-element_type=\"widget\" data-e-type=\"widget\" data-widget_type=\"wd_image_or_svg.default\">\n\t\t\t\t<div class=\"elementor-widget-container\">\n\t\t\t\t\t\n\t\t<div class=\"wd-image text-center\">\n\t\t\t\t\t\t\t\t<img decoding=\"async\" width=\"768\" height=\"576\" src=\"https:\/\/arpon.com.tr\/wp-content\/uploads\/2025\/11\/PM-2-768x576.jpg\" class=\"attachment-medium_large size-medium_large\" alt=\"\" srcset=\"https:\/\/arpon.com.tr\/wp-content\/uploads\/2025\/11\/PM-2-768x576.jpg 768w, https:\/\/arpon.com.tr\/wp-content\/uploads\/2025\/11\/PM-2-150x113.jpg 150w, https:\/\/arpon.com.tr\/wp-content\/uploads\/2025\/11\/PM-2-1200x900.jpg 1200w, https:\/\/arpon.com.tr\/wp-content\/uploads\/2025\/11\/PM-2-300x225.jpg 300w, https:\/\/arpon.com.tr\/wp-content\/uploads\/2025\/11\/PM-2-1024x768.jpg 1024w, https:\/\/arpon.com.tr\/wp-content\/uploads\/2025\/11\/PM-2-1536x1152.jpg 1536w, https:\/\/arpon.com.tr\/wp-content\/uploads\/2025\/11\/PM-2.jpg 1600w\" sizes=\"(max-width: 768px) 100vw, 768px\" \/>\t\t\t\t\t<\/div>\n\n\t\t\t\t\t\t<\/div>\n\t\t\t\t<\/div>\n\t\t\t\t<div class=\"elementor-element elementor-element-d99969e elementor-widget elementor-widget-wd_text_block\" data-id=\"d99969e\" data-element_type=\"widget\" data-e-type=\"widget\" data-widget_type=\"wd_text_block.default\">\n\t\t\t\t<div class=\"elementor-widget-container\">\n\t\t\t\t\t\t\t<div class=\"wd-text-block reset-last-child text-left\">\n\t\t\t\n\t\t\t<p><strong>Structural Features<\/strong><\/p><ul><li>The rotor generally rotates at <strong>3000\u201315000 rpm<\/strong>.<\/li><li>There can be more than one <strong>stator stage<\/strong> (single, double or triple stage)<\/li><li><strong>Hygienic design<\/strong>:<ul><li>Stainless steel (AISI 316L)<\/li><li>Ra \u2264 0.8 \u00b5m surface roughness<\/li><li>EPDM \/ FKM \/ PTFE seals<\/li><\/ul><\/li><li><strong>CIP and SIP<\/strong> compatibility<\/li><li>Tri-clamp connections<\/li><li>Certifications such as EHEDG, 3-A<\/li><\/ul>\n\t\t\t\t\t<\/div>\n\t\t\t\t\t\t<\/div>\n\t\t\t\t<\/div>\n\t\t\t\t\t<\/div>\n\t\t\t\t<\/div>\n\t\t<div class=\"wd-negative-gap elementor-element elementor-element-4c2957a e-flex e-con-boxed e-con e-parent\" data-id=\"4c2957a\" data-element_type=\"container\" data-e-type=\"container\">\n\t\t\t\t\t<div class=\"e-con-inner\">\n\t\t\t\t<div class=\"elementor-element elementor-element-a72c0f5 elementor-widget elementor-widget-wd_text_block\" data-id=\"a72c0f5\" data-element_type=\"widget\" data-e-type=\"widget\" data-widget_type=\"wd_text_block.default\">\n\t\t\t\t<div class=\"elementor-widget-container\">\n\t\t\t\t\t\t\t<div class=\"wd-text-block reset-last-child text-left\">\n\t\t\t\n\t\t\t<p><span style=\"font-size: 14pt;\"><strong>Usage Areas<\/strong><\/span><\/p><table><thead><tr><td><p><strong>Sector<\/strong><\/p><\/td><td><p><strong>Application Example<\/strong><\/p><\/td><\/tr><\/thead><tbody><tr><td><p><strong>Food and beverage<\/strong><\/p><\/td><td><p>Dairy products, yogurt, whey, mayonnaise, ice cream, chocolate<\/p><\/td><\/tr><tr><td><p><strong>Pharmaceuticals and biotechnology<\/strong><\/p><\/td><td><p>Creams, injectable solutions<\/p><\/td><\/tr><tr><td><p><strong>Cosmetics<\/strong><\/p><\/td><td><p>Lotion, shampoo, makeup products<\/p><\/td><\/tr><tr><td><p><strong>Chemical<\/strong><\/p><\/td><td><p>Paint, coating, detergent, silicone<\/p><\/td><\/tr><\/tbody><\/table><p>These systems give the best results in <strong>viscous or multiphase mixtures<\/strong>.<\/p><p><strong>Selection Criteria<\/strong><\/p><ul><li>Viscosity (single or two-phase)<\/li><li>Particle size target (e.g. &lt;5 \u00b5m)<\/li><li>Product sensitivity (heat, shear resistance)<\/li><li>Flow &amp; pressure requirement<\/li><li>Rotor-stator type and stages<\/li><li>Hygienic standard requirements<\/li><\/ul><table width=\"648\"><thead><tr><td><p><strong>Advantage<\/strong><\/p><\/td><td><p><strong>Return<\/strong><\/p><\/td><\/tr><\/thead><tbody><tr><td><p>Homogeneous, stable product<\/p><\/td><td><p>No phase separation<\/p><\/td><\/tr><tr><td><p>Inline production instead of batch<\/p><\/td><td><p>Capacity &amp; efficiency increase<\/p><\/td><\/tr><tr><td><p>Shorter process time<\/p><\/td><td><p>Energy &amp; labor savings<\/p><\/td><\/tr><tr><td><p>CIP\/SIP compatibility<\/p><\/td><td><p>Hygiene and ease of cleaning<\/p><\/td><\/tr><tr><td><p>Mixing and transfer combined<\/p><\/td><td><p>Lower equipment cost<\/p><\/td><\/tr><tr><td> <\/td><td> <\/td><\/tr><\/tbody><\/table><p><strong> Differences from Other Mixer Systems<\/strong><\/p><table><thead><tr><td><p><strong>System<\/strong><\/p><\/td><td><p><strong>Feature<\/strong><\/p><\/td><\/tr><\/thead><tbody><tr><td><p><strong>Inline High Shear Pump<\/strong><\/p><\/td><td><p>High shear force + continuous flow<\/p><\/td><\/tr><tr><td><p>Static mixer<\/p><\/td><td><p>Low energy, weak particle reduction<\/p><\/td><\/tr><tr><td><p>Tank type mixer<\/p><\/td><td><p>Larger volume, slower homogenization<\/p><\/td><\/tr><tr><td><p>Colloid mill<\/p><\/td><td><p>Powerful but generally batch and requires more maintenance<\/p><\/td><\/tr><\/tbody><\/table><p>\u27a1 High shear inline pumps are the <strong>most modern and hygienic<\/strong> solution.<\/p><p>You can <a href=\"https:\/\/arpon.com.tr\/en\/contact-us\/\">contact<\/a> us for more information or technical support about Mixer Pumps (High Shear Pumps).<\/p>\n\t\t\t\t\t<\/div>\n\t\t\t\t\t\t<\/div>\n\t\t\t\t<\/div>\n\t\t\t\t\t<\/div>\n\t\t\t\t<\/div>\n\t\t\t\t<\/div>\n\t\t","protected":false},"excerpt":{"rendered":"<p>Home How Do Mixer Pumps (High Shear Pumps) Work? High shear pumps are specially designed pumps that mix fluids by<\/p>\n","protected":false},"author":1,"featured_media":0,"parent":12349,"menu_order":55,"comment_status":"closed","ping_status":"closed","template":"elementor_header_footer","meta":{"_acf_changed":false,"_angie_page":false,"_eb_attr":"","footnotes":""},"page_tag":[],"class_list":["post-12833","page","type-page","status-publish","hentry"],"acf":[],"yoast_head":"<!-- This site is optimized with the Yoast SEO Premium plugin v27.3 (Yoast SEO v27.4) - https:\/\/yoast.com\/product\/yoast-seo-premium-wordpress\/ -->\n<title>Mixer Pumps (High Shear Pump) - ARPON | Pompa,Blower,Dif\u00fcz\u00f6r,Dozaj,End\u00fcstriyel Hava Filtrasyon<\/title>\n<meta name=\"robots\" content=\"index, follow, max-snippet:-1, max-image-preview:large, max-video-preview:-1\" \/>\n<link rel=\"canonical\" href=\"https:\/\/arpon.com.tr\/en\/how-do-pumps-and-blowers-work\/mixer-pumps-high-shear-pump\/\" \/>\n<meta property=\"og:locale\" content=\"en_US\" \/>\n<meta property=\"og:type\" content=\"article\" \/>\n<meta property=\"og:title\" content=\"Mixer Pumps (High Shear Pump)\" \/>\n<meta property=\"og:description\" content=\"Home How Do Mixer Pumps (High Shear Pumps) Work? High shear pumps are specially designed pumps that mix fluids by\" \/>\n<meta property=\"og:url\" content=\"https:\/\/arpon.com.tr\/en\/how-do-pumps-and-blowers-work\/mixer-pumps-high-shear-pump\/\" \/>\n<meta property=\"og:site_name\" content=\"ARPON | Pompa,Blower,Dif\u00fcz\u00f6r,Dozaj,End\u00fcstriyel Hava Filtrasyon\" \/>\n<meta property=\"article:modified_time\" content=\"2025-12-18T06:59:52+00:00\" \/>\n<meta property=\"og:image\" content=\"https:\/\/arpon.com.tr\/wp-content\/uploads\/2025\/10\/MIXED-FLOW-PUMPS-150x150.png\" \/>\n<meta name=\"twitter:card\" content=\"summary_large_image\" \/>\n<meta name=\"twitter:label1\" content=\"Est. reading time\" \/>\n\t<meta name=\"twitter:data1\" content=\"2 minutes\" \/>\n<!-- \/ Yoast SEO Premium plugin. -->","yoast_head_json":{"title":"Mixer Pumps (High Shear Pump) - ARPON | Pompa,Blower,Dif\u00fcz\u00f6r,Dozaj,End\u00fcstriyel Hava Filtrasyon","robots":{"index":"index","follow":"follow","max-snippet":"max-snippet:-1","max-image-preview":"max-image-preview:large","max-video-preview":"max-video-preview:-1"},"canonical":"https:\/\/arpon.com.tr\/en\/how-do-pumps-and-blowers-work\/mixer-pumps-high-shear-pump\/","og_locale":"en_US","og_type":"article","og_title":"Mixer Pumps (High Shear Pump)","og_description":"Home How Do Mixer Pumps (High Shear Pumps) Work? High shear pumps are specially designed pumps that mix fluids by","og_url":"https:\/\/arpon.com.tr\/en\/how-do-pumps-and-blowers-work\/mixer-pumps-high-shear-pump\/","og_site_name":"ARPON | Pompa,Blower,Dif\u00fcz\u00f6r,Dozaj,End\u00fcstriyel Hava Filtrasyon","article_modified_time":"2025-12-18T06:59:52+00:00","og_image":[{"url":"https:\/\/arpon.com.tr\/wp-content\/uploads\/2025\/10\/MIXED-FLOW-PUMPS-150x150.png","type":"","width":"","height":""}],"twitter_card":"summary_large_image","twitter_misc":{"Est. reading time":"2 minutes"},"schema":{"@context":"https:\/\/schema.org","@graph":[{"@type":"WebPage","@id":"https:\/\/arpon.com.tr\/en\/how-do-pumps-and-blowers-work\/mixer-pumps-high-shear-pump\/","url":"https:\/\/arpon.com.tr\/en\/how-do-pumps-and-blowers-work\/mixer-pumps-high-shear-pump\/","name":"Mixer Pumps (High Shear Pump) - ARPON | Pompa,Blower,Dif\u00fcz\u00f6r,Dozaj,End\u00fcstriyel Hava Filtrasyon","isPartOf":{"@id":"https:\/\/arpon.com.tr\/en\/#website"},"primaryImageOfPage":{"@id":"https:\/\/arpon.com.tr\/en\/how-do-pumps-and-blowers-work\/mixer-pumps-high-shear-pump\/#primaryimage"},"image":{"@id":"https:\/\/arpon.com.tr\/en\/how-do-pumps-and-blowers-work\/mixer-pumps-high-shear-pump\/#primaryimage"},"thumbnailUrl":"https:\/\/arpon.com.tr\/wp-content\/uploads\/2025\/10\/MIXED-FLOW-PUMPS-150x150.png","datePublished":"2025-11-03T10:52:36+00:00","dateModified":"2025-12-18T06:59:52+00:00","breadcrumb":{"@id":"https:\/\/arpon.com.tr\/en\/how-do-pumps-and-blowers-work\/mixer-pumps-high-shear-pump\/#breadcrumb"},"inLanguage":"en-US","potentialAction":[{"@type":"ReadAction","target":["https:\/\/arpon.com.tr\/en\/how-do-pumps-and-blowers-work\/mixer-pumps-high-shear-pump\/"]}]},{"@type":"ImageObject","inLanguage":"en-US","@id":"https:\/\/arpon.com.tr\/en\/how-do-pumps-and-blowers-work\/mixer-pumps-high-shear-pump\/#primaryimage","url":"https:\/\/arpon.com.tr\/wp-content\/uploads\/2025\/10\/MIXED-FLOW-PUMPS-150x150.png","contentUrl":"https:\/\/arpon.com.tr\/wp-content\/uploads\/2025\/10\/MIXED-FLOW-PUMPS-150x150.png"},{"@type":"BreadcrumbList","@id":"https:\/\/arpon.com.tr\/en\/how-do-pumps-and-blowers-work\/mixer-pumps-high-shear-pump\/#breadcrumb","itemListElement":[{"@type":"ListItem","position":1,"name":"Anasayfa","item":"https:\/\/arpon.com.tr\/en\/"},{"@type":"ListItem","position":2,"name":"How Do Pumps and Blowers Work?","item":"https:\/\/arpon.com.tr\/en\/how-do-pumps-and-blowers-work\/"},{"@type":"ListItem","position":3,"name":"Mixer Pumps (High Shear Pump)"}]},{"@type":"WebSite","@id":"https:\/\/arpon.com.tr\/en\/#website","url":"https:\/\/arpon.com.tr\/en\/","name":"ARPON | Pompa, Blower, Dif\u00fcz\u00f6r, Dozaj, End\u00fcstriyel Hava Filtrasyon","description":"ARPON","publisher":{"@id":"https:\/\/arpon.com.tr\/en\/#organization"},"potentialAction":[{"@type":"SearchAction","target":{"@type":"EntryPoint","urlTemplate":"https:\/\/arpon.com.tr\/en\/?s={search_term_string}"},"query-input":{"@type":"PropertyValueSpecification","valueRequired":true,"valueName":"search_term_string"}}],"inLanguage":"en-US"},{"@type":["Organization","Place"],"@id":"https:\/\/arpon.com.tr\/en\/#organization","name":"Arpon End\u00fcstriyel Ekipmanlar San. Tic. Ltd. \u015eti.","url":"https:\/\/arpon.com.tr\/en\/","logo":{"@id":"https:\/\/arpon.com.tr\/en\/how-do-pumps-and-blowers-work\/mixer-pumps-high-shear-pump\/#local-main-organization-logo"},"image":{"@id":"https:\/\/arpon.com.tr\/en\/how-do-pumps-and-blowers-work\/mixer-pumps-high-shear-pump\/#local-main-organization-logo"},"sameAs":["https:\/\/www.youtube.com\/channel\/UCwjBY3SvkX5IBFH4PsIOaxw","https:\/\/www.linkedin.com\/company\/arpon-endstriyel"],"telephone":[],"openingHoursSpecification":[{"@type":"OpeningHoursSpecification","dayOfWeek":["Monday","Tuesday","Wednesday","Thursday","Friday","Saturday","Sunday"],"opens":"09:00","closes":"17:00"}]},{"@type":"ImageObject","inLanguage":"en-US","@id":"https:\/\/arpon.com.tr\/en\/how-do-pumps-and-blowers-work\/mixer-pumps-high-shear-pump\/#local-main-organization-logo","url":"https:\/\/arpon.com.tr\/wp-content\/uploads\/2025\/10\/arpon-default.png","contentUrl":"https:\/\/arpon.com.tr\/wp-content\/uploads\/2025\/10\/arpon-default.png","width":300,"height":200,"caption":"Arpon End\u00fcstriyel Ekipmanlar San. Tic. Ltd. \u015eti."}]}},"_links":{"self":[{"href":"https:\/\/arpon.com.tr\/en\/wp-json\/wp\/v2\/pages\/12833","targetHints":{"allow":["GET"]}}],"collection":[{"href":"https:\/\/arpon.com.tr\/en\/wp-json\/wp\/v2\/pages"}],"about":[{"href":"https:\/\/arpon.com.tr\/en\/wp-json\/wp\/v2\/types\/page"}],"author":[{"embeddable":true,"href":"https:\/\/arpon.com.tr\/en\/wp-json\/wp\/v2\/users\/1"}],"replies":[{"embeddable":true,"href":"https:\/\/arpon.com.tr\/en\/wp-json\/wp\/v2\/comments?post=12833"}],"version-history":[{"count":1,"href":"https:\/\/arpon.com.tr\/en\/wp-json\/wp\/v2\/pages\/12833\/revisions"}],"predecessor-version":[{"id":12837,"href":"https:\/\/arpon.com.tr\/en\/wp-json\/wp\/v2\/pages\/12833\/revisions\/12837"}],"up":[{"embeddable":true,"href":"https:\/\/arpon.com.tr\/en\/wp-json\/wp\/v2\/pages\/12349"}],"wp:attachment":[{"href":"https:\/\/arpon.com.tr\/en\/wp-json\/wp\/v2\/media?parent=12833"}],"wp:term":[{"taxonomy":"page_tag","embeddable":true,"href":"https:\/\/arpon.com.tr\/en\/wp-json\/wp\/v2\/page_tag?post=12833"}],"curies":[{"name":"wp","href":"https:\/\/api.w.org\/{rel}","templated":true}]}}