{"id":12841,"date":"2025-10-16T14:27:03","date_gmt":"2025-10-16T11:27:03","guid":{"rendered":"https:\/\/arpon.com.tr\/how-do-pumps-and-blowers-work\/lobe-pumps\/"},"modified":"2025-12-18T10:00:25","modified_gmt":"2025-12-18T07:00:25","slug":"lobe-pumps","status":"publish","type":"page","link":"https:\/\/arpon.com.tr\/en\/how-do-pumps-and-blowers-work\/lobe-pumps\/","title":{"rendered":"Lobe Pumps"},"content":{"rendered":"\t\t<div data-elementor-type=\"wp-page\" data-elementor-id=\"12841\" class=\"elementor elementor-12841 elementor-7433\">\n\t\t\t\t<div class=\"wd-negative-gap elementor-element elementor-element-f6065ff e-flex e-con-boxed e-con e-parent\" data-id=\"f6065ff\" data-element_type=\"container\" data-e-type=\"container\">\n\t\t\t\t\t<div class=\"e-con-inner\">\n\t\t\t\t<div class=\"elementor-element elementor-element-c815c8a wd-el-breadcrumbs text-left elementor-widget elementor-widget-wd_wc_breadcrumb\" data-id=\"c815c8a\" data-element_type=\"widget\" data-e-type=\"widget\" data-widget_type=\"wd_wc_breadcrumb.default\">\n\t\t\t\t<div class=\"elementor-widget-container\">\n\t\t\t\t\t<nav class=\"wd-breadcrumbs woocommerce-breadcrumb\" aria-label=\"Breadcrumb\">\t\t\t\t<span class=\"wd-last\">\n\t\t\t\t\tHome\t\t\t\t<\/span>\n\t\t\t<\/nav>\t\t\t\t<\/div>\n\t\t\t\t<\/div>\n\t\t\t\t\t<\/div>\n\t\t\t\t<\/div>\n\t\t\t\t<section class=\"wd-negative-gap elementor-section elementor-top-section elementor-element elementor-element-2dffe21 elementor-section-content-middle elementor-section-boxed elementor-section-height-default elementor-section-height-default\" data-id=\"2dffe21\" data-element_type=\"section\" data-e-type=\"section\">\n\t\t\t\t\t\t<div class=\"elementor-container elementor-column-gap-default\">\n\t\t\t\t\t<div class=\"elementor-column elementor-col-50 elementor-top-column elementor-element elementor-element-da321e2\" data-id=\"da321e2\" data-element_type=\"column\" data-e-type=\"column\">\n\t\t\t<div class=\"elementor-widget-wrap elementor-element-populated\">\n\t\t\t\t\t\t<div class=\"elementor-element elementor-element-adb044b wd-width-100 elementor-widget elementor-widget-wd_title\" data-id=\"adb044b\" data-element_type=\"widget\" data-e-type=\"widget\" data-widget_type=\"wd_title.default\">\n\t\t\t\t<div class=\"elementor-widget-container\">\n\t\t\t\t\t\t\t<div class=\"title-wrapper wd-set-mb reset-last-child wd-title-color-default wd-title-style-default wd-title-size-small text-left\">\n\n\t\t\t\n\t\t\t<div class=\"liner-continer\">\n\t\t\t\t<h4 class=\"woodmart-title-container title wd-fontsize-m\">How Do Lobe Pumps Work?<\/h4> \n\t\t\t\t\t\t\t<\/div>\n\n\t\t\t\t\t<\/div>\n\t\t\t\t\t\t<\/div>\n\t\t\t\t<\/div>\n\t\t\t\t<div class=\"elementor-element elementor-element-c5e2856 elementor-widget elementor-widget-wd_text_block\" data-id=\"c5e2856\" data-element_type=\"widget\" data-e-type=\"widget\" data-widget_type=\"wd_text_block.default\">\n\t\t\t\t<div class=\"elementor-widget-container\">\n\t\t\t\t\t\t\t<div class=\"wd-text-block reset-last-child text-left\">\n\t\t\t\n\t\t\t<p>All rotary lobe and circumferential piston pumps are designed according to the same construction principle.<\/p>\n\t\t\t\t\t<\/div>\n\t\t\t\t\t\t<\/div>\n\t\t\t\t<\/div>\n\t\t\t\t\t<\/div>\n\t\t<\/div>\n\t\t\t\t<div class=\"elementor-column elementor-col-50 elementor-top-column elementor-element elementor-element-79a1702\" data-id=\"79a1702\" data-element_type=\"column\" data-e-type=\"column\">\n\t\t\t<div class=\"elementor-widget-wrap elementor-element-populated\">\n\t\t\t\t\t\t<div class=\"elementor-element elementor-element-ef9bfaa elementor-widget elementor-widget-wd_image_or_svg\" data-id=\"ef9bfaa\" data-element_type=\"widget\" data-e-type=\"widget\" data-widget_type=\"wd_image_or_svg.default\">\n\t\t\t\t<div class=\"elementor-widget-container\">\n\t\t\t\t\t\n\t\t<div class=\"wd-image text-center\">\n\t\t\t\t\t\t\t\t<img decoding=\"async\" width=\"150\" height=\"150\" src=\"https:\/\/arpon.com.tr\/wp-content\/uploads\/2025\/10\/ROTARY-LOBE-PUMPS-150x150.png\" class=\"attachment-thumbnail size-thumbnail\" alt=\"\" srcset=\"https:\/\/arpon.com.tr\/wp-content\/uploads\/2025\/10\/ROTARY-LOBE-PUMPS-150x150.png 150w, https:\/\/arpon.com.tr\/wp-content\/uploads\/2025\/10\/ROTARY-LOBE-PUMPS-300x300.png 300w, https:\/\/arpon.com.tr\/wp-content\/uploads\/2025\/10\/ROTARY-LOBE-PUMPS.png 512w\" sizes=\"(max-width: 150px) 100vw, 150px\" \/>\t\t\t\t\t<\/div>\n\n\t\t\t\t\t\t<\/div>\n\t\t\t\t<\/div>\n\t\t\t\t\t<\/div>\n\t\t<\/div>\n\t\t\t\t\t<\/div>\n\t\t<\/section>\n\t\t<div class=\"wd-negative-gap elementor-element elementor-element-6dccda5 e-flex e-con-boxed e-con e-parent\" data-id=\"6dccda5\" data-element_type=\"container\" data-e-type=\"container\">\n\t\t\t\t\t<div class=\"e-con-inner\">\n\t\t\t\t<div class=\"elementor-element elementor-element-d7fd7a2 elementor-widget elementor-widget-wd_text_block\" data-id=\"d7fd7a2\" data-element_type=\"widget\" data-e-type=\"widget\" data-widget_type=\"wd_text_block.default\">\n\t\t\t\t<div class=\"elementor-widget-container\">\n\t\t\t\t\t\t\t<div class=\"wd-text-block reset-last-child text-left\">\n\t\t\t\n\t\t\t<p>Two displacement elements mounted on parallel shafts are supported by an external gearbox. These two displacement elements rotate in opposite directions with minimal radial and axial clearances. They do not contact each other or the surrounding pump housing. The shafts are synchronized with spur gears.  <\/p><p>Lobe pumps are positive displacement pumps designed to reliably transfer fluids with high and low viscosities. As the viscosity of the product increases, the pump's efficiency also increases.<\/p><p>They provide a low-pulsation and continuous flow without damaging the product. Therefore, they are widely preferred in the food, beverage, pharmaceutical, and chemical industries.<\/p>\n\t\t\t\t\t<\/div>\n\t\t\t\t\t\t<\/div>\n\t\t\t\t<\/div>\n\t\t\t\t\t<\/div>\n\t\t\t\t<\/div>\n\t\t<div class=\"wd-negative-gap elementor-element elementor-element-41e3f37 e-grid e-con-boxed e-con e-parent\" data-id=\"41e3f37\" data-element_type=\"container\" data-e-type=\"container\">\n\t\t\t\t\t<div class=\"e-con-inner\">\n\t\t\t\t<div class=\"elementor-element elementor-element-6246893 elementor-widget elementor-widget-wd_text_block\" data-id=\"6246893\" data-element_type=\"widget\" data-e-type=\"widget\" data-widget_type=\"wd_text_block.default\">\n\t\t\t\t<div class=\"elementor-widget-container\">\n\t\t\t\t\t\t\t<div class=\"wd-text-block reset-last-child text-left\">\n\t\t\t\n\t\t\t<p><span style=\"font-size: 14pt;\"><strong>Operating Principle of Lobe and Piston Pumps<\/strong><\/span><\/p><ul><li>As the rotors turn, the inlet volume increases, and the product is drawn into the pump.<\/li><li>The liquid is transported between the rotor and the housing (chamber) throughout the pump.<\/li><li>The fluid is pushed towards the discharge line and transferred in a controlled manner from the pump outlet.<\/li><\/ul>\n\t\t\t\t\t<\/div>\n\t\t\t\t\t\t<\/div>\n\t\t\t\t<\/div>\n\t\t\t\t<div class=\"elementor-element elementor-element-0208a64 elementor-widget elementor-widget-wd_image_or_svg\" data-id=\"0208a64\" data-element_type=\"widget\" data-e-type=\"widget\" data-widget_type=\"wd_image_or_svg.default\">\n\t\t\t\t<div class=\"elementor-widget-container\">\n\t\t\t\t\t\n\t\t<div class=\"wd-image text-center\">\n\t\t\t\t\t\t\t\t<img fetchpriority=\"high\" decoding=\"async\" width=\"500\" height=\"300\" src=\"https:\/\/arpon.com.tr\/wp-content\/uploads\/2025\/11\/ZL-1-500x300.jpg\" class=\"attachment-500x300 size-500x300\" alt=\"\" \/>\t\t\t\t\t<\/div>\n\n\t\t\t\t\t\t<\/div>\n\t\t\t\t<\/div>\n\t\t\t\t\t<\/div>\n\t\t\t\t<\/div>\n\t\t<div class=\"wd-negative-gap elementor-element elementor-element-46dfce2 e-flex e-con-boxed e-con e-parent\" data-id=\"46dfce2\" data-element_type=\"container\" data-e-type=\"container\">\n\t\t\t\t\t<div class=\"e-con-inner\">\n\t\t\t\t<div class=\"elementor-element elementor-element-2abd1c5 elementor-widget elementor-widget-wd_text_block\" data-id=\"2abd1c5\" data-element_type=\"widget\" data-e-type=\"widget\" data-widget_type=\"wd_text_block.default\">\n\t\t\t\t<div class=\"elementor-widget-container\">\n\t\t\t\t\t\t\t<div class=\"wd-text-block reset-last-child text-left\">\n\t\t\t\n\t\t\t<p><span style=\"font-size: 14pt;\"><strong>Advantages of Lobe Pumps<\/strong><\/span><\/p><p>\u2714 <strong>Damage-Free Transport:<\/strong> Widely used in food applications because lobe pumps can transport solid particles without damaging the product.<br>\u2714 <strong>Large Particle Sizes:<\/strong> Lobe pumps can pump larger particle sizes compared to other positive displacement pumps.<br>\u2714 <strong>Low-Viscosity Liquids:<\/strong> Low-viscosity liquids can also be processed, although performance may decrease slightly.<br>\u2714 <strong>No Metal-to-Metal Contact:<\/strong> Pump components do not directly contact, reducing wear.<br>\u2714 <strong>Suitable for Hygienic Applications:<\/strong> Easy to clean with excellent CIP\/SIP (Cleaning in Place\/ Sterilization in Place) properties.<\/p><p>The main advantages of using a lobe pump are its excellent cleanability, ease of maintenance, and long service life due to its advanced design. These pumps ensure the reliable and safe transport of sensitive liquids such as food and pharmaceuticals. <\/p>\n\t\t\t\t\t<\/div>\n\t\t\t\t\t\t<\/div>\n\t\t\t\t<\/div>\n\t\t\t\t\t<\/div>\n\t\t\t\t<\/div>\n\t\t<div class=\"wd-negative-gap elementor-element elementor-element-72e7fc0 e-grid e-con-boxed e-con e-parent\" data-id=\"72e7fc0\" data-element_type=\"container\" data-e-type=\"container\">\n\t\t\t\t\t<div class=\"e-con-inner\">\n\t\t\t\t<div class=\"elementor-element elementor-element-3d9ab42 elementor-widget elementor-widget-wd_image_or_svg\" data-id=\"3d9ab42\" data-element_type=\"widget\" data-e-type=\"widget\" data-widget_type=\"wd_image_or_svg.default\">\n\t\t\t\t<div class=\"elementor-widget-container\">\n\t\t\t\t\t\n\t\t<div class=\"wd-image text-center\">\n\t\t\t\t\t\t\t\t<img decoding=\"async\" width=\"300\" height=\"251\" src=\"https:\/\/arpon.com.tr\/wp-content\/uploads\/2025\/11\/csm_Packo_HP_Series_964a948ba0-300x251.png\" class=\"attachment-medium size-medium\" alt=\"\" srcset=\"https:\/\/arpon.com.tr\/wp-content\/uploads\/2025\/11\/csm_Packo_HP_Series_964a948ba0-300x251.png 300w, https:\/\/arpon.com.tr\/wp-content\/uploads\/2025\/11\/csm_Packo_HP_Series_964a948ba0-150x126.png 150w, https:\/\/arpon.com.tr\/wp-content\/uploads\/2025\/11\/csm_Packo_HP_Series_964a948ba0.png 533w\" sizes=\"(max-width: 300px) 100vw, 300px\" \/>\t\t\t\t\t<\/div>\n\n\t\t\t\t\t\t<\/div>\n\t\t\t\t<\/div>\n\t\t\t\t<div class=\"elementor-element elementor-element-182b1aa elementor-widget elementor-widget-wd_text_block\" data-id=\"182b1aa\" data-element_type=\"widget\" data-e-type=\"widget\" data-widget_type=\"wd_text_block.default\">\n\t\t\t\t<div class=\"elementor-widget-container\">\n\t\t\t\t\t\t\t<div class=\"wd-text-block reset-last-child text-left\">\n\t\t\t\n\t\t\t<p><span style=\"font-size: 14pt;\"><strong>Application Areas of Lobe Pumps<\/strong><\/span><\/p><p>Lobe pumps can be used in various applications, including but not limited to:<\/p><ul><li>Polymers<\/li><li>Paper coatings<\/li><li>Soaps and surfactants<\/li><li>Paints and pigments<\/li><li>Pharmaceutical industry applications<\/li><li>Food applications<\/li><\/ul>\n\t\t\t\t\t<\/div>\n\t\t\t\t\t\t<\/div>\n\t\t\t\t<\/div>\n\t\t\t\t\t<\/div>\n\t\t\t\t<\/div>\n\t\t<div class=\"wd-negative-gap elementor-element elementor-element-9c1252d e-flex e-con-boxed e-con e-parent\" data-id=\"9c1252d\" data-element_type=\"container\" data-e-type=\"container\">\n\t\t\t\t\t<div class=\"e-con-inner\">\n\t\t\t\t<div class=\"elementor-element elementor-element-fe7d9a6 elementor-widget elementor-widget-wd_text_block\" data-id=\"fe7d9a6\" data-element_type=\"widget\" data-e-type=\"widget\" data-widget_type=\"wd_text_block.default\">\n\t\t\t\t<div class=\"elementor-widget-container\">\n\t\t\t\t\t\t\t<div class=\"wd-text-block reset-last-child text-left\">\n\t\t\t\n\t\t\t<p><span style=\"font-size: 14pt;\"><strong>Advantages of Packo Lobe Pumps<\/strong><\/span><\/p><p>These positive displacement pumps are <strong>perfectly suited for pumping high-viscosity hygienic products<\/strong>. As the viscosity of the product increases, the pump's efficiency also increases. <\/p><p>Lobe pump technology offers the greatest flexibility in the shape of the rotor, depending on the product to be transported. Single, double, triple, multiple, circumferential piston, or helical lobe options are available. <\/p><ul><li><strong>Single and double lobes<\/strong> are used in applications requiring a larger free passage opening.<\/li><li><strong>Triple and multiple lobes<\/strong> are preferred in sensitive applications requiring dosing.<\/li><li><strong>Helical lobe<\/strong> provides vibration-free operation, low NPSHr, and flexibility to operate with high\/low viscosity at different speeds.<\/li><\/ul><p>In addition to standard stainless steel (316L) versions, <strong>models with rubber rotors suitable for the wine industry are also available<\/strong>. There are also alloys that allow metal contact between the rotor and pump housing without causing damage (<strong>non-galling rotors<\/strong>). <\/p><p>Thanks to the <strong>custom-built configuration principle<\/strong>, Packo lobe and circumferential piston pumps can be fully customized to customer requirements. Multiple connection options, seal configurations, and various elastomers can be applied. <\/p><p><strong>Fast delivery is possible<\/strong> with the priority order option; the delivery time can be shortened despite the custom configuration.<\/p><p><span style=\"font-size: 14pt;\"><strong>Why Buy Rotary Lobe Pumps from Arpon?<\/strong><\/span><\/p><p>\u2714 We specialize in hygienic lobe pumps and large lobe pumps.<br>\u2714 We have some lobe pumps in stock, allowing delivery of bare shaft pumps in 2-3 days and new pump sets in less than 4 weeks.<br>\u2714 We have hygienic pump components and kits in stock for on-site support, and these are typically available within 2-3 days.<br>\u2714 We offer three types of rotary lobe pumps:<\/p><ul><li><strong>Rubber-coated lobe pumps<\/strong> (for industrial applications)<\/li><li><strong>Hygienic rotary lobe pumps<\/strong> (for low-to-medium viscosity applications)<\/li><li><strong>External circumferential piston pumps<\/strong> (for more sensitive and hygienic requirements)<\/li><\/ul><p>The <strong>Packo external circumferential piston pump<\/strong> is developed from the traditional lobe pump design. The <strong>long sealing path<\/strong> reduces leakage and ensures gentle handling of particles. It is suitable for working with low and high viscosity liquids, even with abrasive contents. <\/p><p><span style=\"font-size: 14pt;\"><strong>Maintenance of Rotary Lobe Pumps<\/strong><\/span><\/p><p>Rotary lobe pumps typically have both bearings and gear motors, and <strong>bearings and gears should be lubricated regularly<\/strong>.<\/p><p>Many rotary lobe pumps also <strong>use mechanical seals<\/strong>, which should be checked regularly. In particular, it is important to inspect whether the bearing oil on the outside of the mechanical seal is in a position where it could leak into the liquid. <\/p><p>Over time, <strong>if there is a decrease in flow rate or pressure<\/strong>, the internal components may be worn. The solution to this problem is to <strong>replace the lobes\/vanes with larger spare parts and maintain the original tolerances by reducing the inner wall thickness<\/strong>. <\/p><p>Maintenance requirements may vary by brand and model. <strong>Always follow the manufacturer's instructions and recommended maintenance intervals<\/strong>.<\/p><p><span style=\"font-size: 14pt;\"><strong>Things to Consider When Choosing a Rotary Lobe Pump<\/strong><\/span><\/p><ul><li><strong>Fluid Compatibility:<\/strong> Check if the pump is chemically compatible with the fluid to be transported.<\/li><li><strong>Flow Rate and Pressure Requirements:<\/strong> Determine the flow rate and pressure you need.<\/li><li><strong>Fluid Viscosity:<\/strong> Verify that the pump is suitable for the viscosity of the fluid to be transported.<\/li><li><strong>Solid Particle Handling Capability:<\/strong> Choose a model with a suitable rotor design for fluids containing solid particles.<\/li><li><strong>Hygiene and Cleaning:<\/strong> Evaluate whether it meets hygiene standards in sectors such as food, pharmaceuticals, or cosmetics.<\/li><li><strong>Material Compatibility:<\/strong> Ensure that the pump materials do not react with the fluid and will not deteriorate over time.<\/li><li><strong>Temperature Range:<\/strong> Check if the pump supports the temperature range of the fluid to be transported.<\/li><li><strong>Ease of Maintenance and Service:<\/strong> Evaluate ease of maintenance and availability of spare parts.<\/li><\/ul><p>For more information or technical support about Lobe Pumps, please <a href=\"https:\/\/arpon.com.tr\/en\/contact-us\/\">contact us<\/a>.<\/p>\n\t\t\t\t\t<\/div>\n\t\t\t\t\t\t<\/div>\n\t\t\t\t<\/div>\n\t\t\t\t\t<\/div>\n\t\t\t\t<\/div>\n\t\t\t\t<\/div>\n\t\t","protected":false},"excerpt":{"rendered":"<p>Home How Do Lobe Pumps Work? All rotary lobe and circumferential piston pumps are designed according to the same construction<\/p>\n","protected":false},"author":1,"featured_media":0,"parent":12349,"menu_order":48,"comment_status":"closed","ping_status":"closed","template":"elementor_header_footer","meta":{"_acf_changed":false,"_angie_page":false,"_eb_attr":"","footnotes":""},"page_tag":[],"class_list":["post-12841","page","type-page","status-publish","hentry"],"acf":[],"yoast_head":"<!-- This site is optimized with the Yoast SEO Premium plugin v27.3 (Yoast SEO v27.4) - https:\/\/yoast.com\/product\/yoast-seo-premium-wordpress\/ -->\n<title>Lobe Pumps - ARPON | Pompa,Blower,Dif\u00fcz\u00f6r,Dozaj,End\u00fcstriyel Hava Filtrasyon<\/title>\n<meta name=\"robots\" content=\"index, follow, max-snippet:-1, max-image-preview:large, max-video-preview:-1\" \/>\n<link rel=\"canonical\" href=\"https:\/\/arpon.com.tr\/en\/how-do-pumps-and-blowers-work\/lobe-pumps\/\" \/>\n<meta property=\"og:locale\" content=\"en_US\" \/>\n<meta property=\"og:type\" content=\"article\" \/>\n<meta property=\"og:title\" content=\"Lobe Pumps\" \/>\n<meta property=\"og:description\" content=\"Home How Do Lobe Pumps Work? All rotary lobe and circumferential piston pumps are designed according to the same construction\" \/>\n<meta property=\"og:url\" content=\"https:\/\/arpon.com.tr\/en\/how-do-pumps-and-blowers-work\/lobe-pumps\/\" \/>\n<meta property=\"og:site_name\" content=\"ARPON | Pompa,Blower,Dif\u00fcz\u00f6r,Dozaj,End\u00fcstriyel Hava Filtrasyon\" \/>\n<meta property=\"article:modified_time\" content=\"2025-12-18T07:00:25+00:00\" \/>\n<meta property=\"og:image\" content=\"https:\/\/arpon.com.tr\/wp-content\/uploads\/2025\/10\/ROTARY-LOBE-PUMPS-150x150.png\" \/>\n<meta name=\"twitter:card\" content=\"summary_large_image\" \/>\n<meta name=\"twitter:label1\" content=\"Est. reading time\" \/>\n\t<meta name=\"twitter:data1\" content=\"5 minutes\" \/>\n<!-- \/ Yoast SEO Premium plugin. -->","yoast_head_json":{"title":"Lobe Pumps - ARPON | Pompa,Blower,Dif\u00fcz\u00f6r,Dozaj,End\u00fcstriyel Hava Filtrasyon","robots":{"index":"index","follow":"follow","max-snippet":"max-snippet:-1","max-image-preview":"max-image-preview:large","max-video-preview":"max-video-preview:-1"},"canonical":"https:\/\/arpon.com.tr\/en\/how-do-pumps-and-blowers-work\/lobe-pumps\/","og_locale":"en_US","og_type":"article","og_title":"Lobe Pumps","og_description":"Home How Do Lobe Pumps Work? All rotary lobe and circumferential piston pumps are designed according to the same construction","og_url":"https:\/\/arpon.com.tr\/en\/how-do-pumps-and-blowers-work\/lobe-pumps\/","og_site_name":"ARPON | Pompa,Blower,Dif\u00fcz\u00f6r,Dozaj,End\u00fcstriyel Hava Filtrasyon","article_modified_time":"2025-12-18T07:00:25+00:00","og_image":[{"url":"https:\/\/arpon.com.tr\/wp-content\/uploads\/2025\/10\/ROTARY-LOBE-PUMPS-150x150.png","type":"","width":"","height":""}],"twitter_card":"summary_large_image","twitter_misc":{"Est. reading time":"5 minutes"},"schema":{"@context":"https:\/\/schema.org","@graph":[{"@type":"WebPage","@id":"https:\/\/arpon.com.tr\/en\/how-do-pumps-and-blowers-work\/lobe-pumps\/","url":"https:\/\/arpon.com.tr\/en\/how-do-pumps-and-blowers-work\/lobe-pumps\/","name":"Lobe Pumps - ARPON | Pompa,Blower,Dif\u00fcz\u00f6r,Dozaj,End\u00fcstriyel Hava Filtrasyon","isPartOf":{"@id":"https:\/\/arpon.com.tr\/en\/#website"},"primaryImageOfPage":{"@id":"https:\/\/arpon.com.tr\/en\/how-do-pumps-and-blowers-work\/lobe-pumps\/#primaryimage"},"image":{"@id":"https:\/\/arpon.com.tr\/en\/how-do-pumps-and-blowers-work\/lobe-pumps\/#primaryimage"},"thumbnailUrl":"https:\/\/arpon.com.tr\/wp-content\/uploads\/2025\/10\/ROTARY-LOBE-PUMPS-150x150.png","datePublished":"2025-10-16T11:27:03+00:00","dateModified":"2025-12-18T07:00:25+00:00","breadcrumb":{"@id":"https:\/\/arpon.com.tr\/en\/how-do-pumps-and-blowers-work\/lobe-pumps\/#breadcrumb"},"inLanguage":"en-US","potentialAction":[{"@type":"ReadAction","target":["https:\/\/arpon.com.tr\/en\/how-do-pumps-and-blowers-work\/lobe-pumps\/"]}]},{"@type":"ImageObject","inLanguage":"en-US","@id":"https:\/\/arpon.com.tr\/en\/how-do-pumps-and-blowers-work\/lobe-pumps\/#primaryimage","url":"https:\/\/arpon.com.tr\/wp-content\/uploads\/2025\/10\/ROTARY-LOBE-PUMPS-150x150.png","contentUrl":"https:\/\/arpon.com.tr\/wp-content\/uploads\/2025\/10\/ROTARY-LOBE-PUMPS-150x150.png"},{"@type":"BreadcrumbList","@id":"https:\/\/arpon.com.tr\/en\/how-do-pumps-and-blowers-work\/lobe-pumps\/#breadcrumb","itemListElement":[{"@type":"ListItem","position":1,"name":"Anasayfa","item":"https:\/\/arpon.com.tr\/en\/"},{"@type":"ListItem","position":2,"name":"How Do Pumps and Blowers Work?","item":"https:\/\/arpon.com.tr\/en\/how-do-pumps-and-blowers-work\/"},{"@type":"ListItem","position":3,"name":"Lobe Pumps"}]},{"@type":"WebSite","@id":"https:\/\/arpon.com.tr\/en\/#website","url":"https:\/\/arpon.com.tr\/en\/","name":"ARPON | Pompa, Blower, Dif\u00fcz\u00f6r, Dozaj, End\u00fcstriyel Hava Filtrasyon","description":"ARPON","publisher":{"@id":"https:\/\/arpon.com.tr\/en\/#organization"},"potentialAction":[{"@type":"SearchAction","target":{"@type":"EntryPoint","urlTemplate":"https:\/\/arpon.com.tr\/en\/?s={search_term_string}"},"query-input":{"@type":"PropertyValueSpecification","valueRequired":true,"valueName":"search_term_string"}}],"inLanguage":"en-US"},{"@type":["Organization","Place"],"@id":"https:\/\/arpon.com.tr\/en\/#organization","name":"Arpon End\u00fcstriyel Ekipmanlar San. Tic. Ltd. \u015eti.","url":"https:\/\/arpon.com.tr\/en\/","logo":{"@id":"https:\/\/arpon.com.tr\/en\/how-do-pumps-and-blowers-work\/lobe-pumps\/#local-main-organization-logo"},"image":{"@id":"https:\/\/arpon.com.tr\/en\/how-do-pumps-and-blowers-work\/lobe-pumps\/#local-main-organization-logo"},"sameAs":["https:\/\/www.youtube.com\/channel\/UCwjBY3SvkX5IBFH4PsIOaxw","https:\/\/www.linkedin.com\/company\/arpon-endstriyel"],"telephone":[],"openingHoursSpecification":[{"@type":"OpeningHoursSpecification","dayOfWeek":["Monday","Tuesday","Wednesday","Thursday","Friday","Saturday","Sunday"],"opens":"09:00","closes":"17:00"}]},{"@type":"ImageObject","inLanguage":"en-US","@id":"https:\/\/arpon.com.tr\/en\/how-do-pumps-and-blowers-work\/lobe-pumps\/#local-main-organization-logo","url":"https:\/\/arpon.com.tr\/wp-content\/uploads\/2025\/10\/arpon-default.png","contentUrl":"https:\/\/arpon.com.tr\/wp-content\/uploads\/2025\/10\/arpon-default.png","width":300,"height":200,"caption":"Arpon End\u00fcstriyel Ekipmanlar San. Tic. Ltd. \u015eti."}]}},"_links":{"self":[{"href":"https:\/\/arpon.com.tr\/en\/wp-json\/wp\/v2\/pages\/12841","targetHints":{"allow":["GET"]}}],"collection":[{"href":"https:\/\/arpon.com.tr\/en\/wp-json\/wp\/v2\/pages"}],"about":[{"href":"https:\/\/arpon.com.tr\/en\/wp-json\/wp\/v2\/types\/page"}],"author":[{"embeddable":true,"href":"https:\/\/arpon.com.tr\/en\/wp-json\/wp\/v2\/users\/1"}],"replies":[{"embeddable":true,"href":"https:\/\/arpon.com.tr\/en\/wp-json\/wp\/v2\/comments?post=12841"}],"version-history":[{"count":1,"href":"https:\/\/arpon.com.tr\/en\/wp-json\/wp\/v2\/pages\/12841\/revisions"}],"predecessor-version":[{"id":12843,"href":"https:\/\/arpon.com.tr\/en\/wp-json\/wp\/v2\/pages\/12841\/revisions\/12843"}],"up":[{"embeddable":true,"href":"https:\/\/arpon.com.tr\/en\/wp-json\/wp\/v2\/pages\/12349"}],"wp:attachment":[{"href":"https:\/\/arpon.com.tr\/en\/wp-json\/wp\/v2\/media?parent=12841"}],"wp:term":[{"taxonomy":"page_tag","embeddable":true,"href":"https:\/\/arpon.com.tr\/en\/wp-json\/wp\/v2\/page_tag?post=12841"}],"curies":[{"name":"wp","href":"https:\/\/api.w.org\/{rel}","templated":true}]}}