{"id":12162,"date":"2025-10-30T10:10:26","date_gmt":"2025-10-30T07:10:26","guid":{"rendered":"https:\/\/arpon.com.tr\/urun\/microdos-oem-pumps\/"},"modified":"2025-10-30T10:10:26","modified_gmt":"2025-10-30T07:10:26","slug":"microdos-oem-pumps","status":"publish","type":"product","link":"https:\/\/arpon.com.tr\/en\/urun\/microdos-oem-pumps\/","title":{"rendered":"Microdos OEM Pumps"},"content":{"rendered":"<p>Microdos OEM peristaltic tube pumps are suitable for integration into dosing, distribution, vending, transfer, and bottle filling systems.<\/p>\n<p>Units are available with different flow rate options ranging from 1.4 ml\/min to 2200 ml\/min.<\/p>\n<p>Motor specifications may vary according to the application; for example, for commercial vending, hygienic or dirty industrial and extraction environments.<\/p>\n","protected":false},"excerpt":{"rendered":"<p>Microdos OEM peristaltic tube pumps are suitable for integration into dosing, distribution, vending, transfer, and bottle filling systems.<\/p>\n","protected":false},"featured_media":8950,"template":"","meta":{"_acf_changed":false,"_angie_page":false,"_eb_attr":""},"product_brand":[410],"product_cat":[468,462,432],"product_tag":[],"class_list":{"0":"post-12162","1":"product","2":"type-product","3":"status-publish","4":"has-post-thumbnail","6":"product_brand-microdos","7":"product_cat-peristaltic-pumps","8":"product_cat-positive-displacement-pumps","9":"product_cat-products","11":"first","12":"instock","13":"downloadable","14":"shipping-taxable","15":"product-type-simple"},"acf":[],"yoast_head":"<!-- This site is optimized with the Yoast SEO Premium plugin v27.3 (Yoast SEO v27.4) - https:\/\/yoast.com\/product\/yoast-seo-premium-wordpress\/ -->\n<title>Peristaltic Pump: With Different Flow Rate Options - ARPON | Pompa,Blower,Dif\u00fcz\u00f6r,Dozaj,End\u00fcstriyel Hava Filtrasyon<\/title>\n<meta name=\"description\" content=\"Our peristaltic tube pump solutions can be integrated into measurement and distribution systems. They are also available with various flow rate options!\" \/>\n<meta name=\"robots\" content=\"index, follow, max-snippet:-1, max-image-preview:large, max-video-preview:-1\" \/>\n<link rel=\"canonical\" href=\"https:\/\/arpon.com.tr\/en\/urun\/microdos-oem-pumps\/\" \/>\n<meta property=\"og:locale\" content=\"en_US\" \/>\n<meta property=\"og:type\" content=\"article\" \/>\n<meta property=\"og:title\" content=\"Microdos OEM Pumps\" \/>\n<meta property=\"og:description\" content=\"Our peristaltic tube pump solutions can be integrated into measurement and distribution systems. They are also available with various flow rate options!\" \/>\n<meta property=\"og:url\" content=\"https:\/\/arpon.com.tr\/en\/urun\/microdos-oem-pumps\/\" \/>\n<meta property=\"og:site_name\" content=\"ARPON | Pompa,Blower,Dif\u00fcz\u00f6r,Dozaj,End\u00fcstriyel Hava Filtrasyon\" \/>\n<meta property=\"og:image\" content=\"https:\/\/arpon.com.tr\/wp-content\/uploads\/2025\/10\/VF_STEPTRONIC_OEM_PANEL_MOUNTED-fotor-20251024151335.png\" \/>\n\t<meta property=\"og:image:width\" content=\"533\" \/>\n\t<meta property=\"og:image:height\" content=\"453\" \/>\n\t<meta property=\"og:image:type\" content=\"image\/png\" \/>\n<meta name=\"twitter:card\" content=\"summary_large_image\" \/>\n<meta name=\"twitter:label1\" content=\"Price\" \/>\n\t<meta name=\"twitter:data1\" content=\"\" \/>\n\t<meta name=\"twitter:label2\" content=\"Availability\" \/>\n\t<meta name=\"twitter:data2\" content=\"In stock\" \/>\n<meta property=\"product:price:amount\" content=\"0.00\" \/>\n<meta property=\"product:price:currency\" content=\"TRY\" \/>\n<meta property=\"og:availability\" content=\"instock\" \/>\n<meta property=\"product:availability\" content=\"instock\" \/>\n<meta property=\"product:condition\" content=\"new\" \/>\n<!-- \/ Yoast SEO Premium plugin. -->","yoast_head_json":{"title":"Peristaltic Pump: With Different Flow Rate Options - ARPON | Pompa,Blower,Dif\u00fcz\u00f6r,Dozaj,End\u00fcstriyel Hava Filtrasyon","description":"Our peristaltic tube pump solutions can be integrated into measurement and distribution systems. They are also available with various flow rate options!","robots":{"index":"index","follow":"follow","max-snippet":"max-snippet:-1","max-image-preview":"max-image-preview:large","max-video-preview":"max-video-preview:-1"},"canonical":"https:\/\/arpon.com.tr\/en\/urun\/microdos-oem-pumps\/","og_locale":"en_US","og_type":"article","og_title":"Microdos OEM Pumps","og_description":"Our peristaltic tube pump solutions can be integrated into measurement and distribution systems. They are also available with various flow rate options!","og_url":"https:\/\/arpon.com.tr\/en\/urun\/microdos-oem-pumps\/","og_site_name":"ARPON | Pompa,Blower,Dif\u00fcz\u00f6r,Dozaj,End\u00fcstriyel Hava Filtrasyon","og_image":[{"width":533,"height":453,"url":"https:\/\/arpon.com.tr\/wp-content\/uploads\/2025\/10\/VF_STEPTRONIC_OEM_PANEL_MOUNTED-fotor-20251024151335.png","type":"image\/png"}],"twitter_card":"summary_large_image","twitter_misc":{"Price":"","Availability":"In stock"},"schema":{"@context":"https:\/\/schema.org","@graph":[{"@type":"WebPage","@id":"https:\/\/arpon.com.tr\/en\/urun\/microdos-oem-pumps\/","url":"https:\/\/arpon.com.tr\/en\/urun\/microdos-oem-pumps\/","name":"Peristaltic Pump: With Different Flow Rate Options - ARPON | Pompa,Blower,Dif\u00fcz\u00f6r,Dozaj,End\u00fcstriyel Hava Filtrasyon","isPartOf":{"@id":"https:\/\/arpon.com.tr\/en\/#website"},"primaryImageOfPage":{"@id":"https:\/\/arpon.com.tr\/en\/urun\/microdos-oem-pumps\/#primaryimage"},"image":{"@id":"https:\/\/arpon.com.tr\/en\/urun\/microdos-oem-pumps\/#primaryimage"},"thumbnailUrl":"https:\/\/arpon.com.tr\/wp-content\/uploads\/2025\/10\/VF_STEPTRONIC_OEM_PANEL_MOUNTED-fotor-20251024151335.png","datePublished":"2025-10-30T07:10:26+00:00","description":"Our peristaltic tube pump solutions can be integrated into measurement and distribution systems. They are also available with various flow rate options!","breadcrumb":{"@id":"https:\/\/arpon.com.tr\/en\/urun\/microdos-oem-pumps\/#breadcrumb"},"inLanguage":"en-US","potentialAction":[{"@type":"ReadAction","target":["https:\/\/arpon.com.tr\/en\/urun\/microdos-oem-pumps\/"]}]},{"@type":"ImageObject","inLanguage":"en-US","@id":"https:\/\/arpon.com.tr\/en\/urun\/microdos-oem-pumps\/#primaryimage","url":"https:\/\/arpon.com.tr\/wp-content\/uploads\/2025\/10\/VF_STEPTRONIC_OEM_PANEL_MOUNTED-fotor-20251024151335.png","contentUrl":"https:\/\/arpon.com.tr\/wp-content\/uploads\/2025\/10\/VF_STEPTRONIC_OEM_PANEL_MOUNTED-fotor-20251024151335.png","width":533,"height":453},{"@type":"BreadcrumbList","@id":"https:\/\/arpon.com.tr\/en\/urun\/microdos-oem-pumps\/#breadcrumb","itemListElement":[{"@type":"ListItem","position":1,"name":"Anasayfa","item":"https:\/\/arpon.com.tr\/en\/"},{"@type":"ListItem","position":2,"name":"Shop","item":"https:\/\/arpon.com.tr\/en\/shop\/"},{"@type":"ListItem","position":3,"name":"Microdos OEM Pumps"}]},{"@type":"WebSite","@id":"https:\/\/arpon.com.tr\/en\/#website","url":"https:\/\/arpon.com.tr\/en\/","name":"ARPON | Pompa, Blower, Dif\u00fcz\u00f6r, Dozaj, End\u00fcstriyel Hava Filtrasyon","description":"ARPON","publisher":{"@id":"https:\/\/arpon.com.tr\/en\/#organization"},"potentialAction":[{"@type":"SearchAction","target":{"@type":"EntryPoint","urlTemplate":"https:\/\/arpon.com.tr\/en\/?s={search_term_string}"},"query-input":{"@type":"PropertyValueSpecification","valueRequired":true,"valueName":"search_term_string"}}],"inLanguage":"en-US"},{"@type":["Organization","Place"],"@id":"https:\/\/arpon.com.tr\/en\/#organization","name":"Arpon End\u00fcstriyel Ekipmanlar San. Tic. Ltd. \u015eti.","url":"https:\/\/arpon.com.tr\/en\/","logo":{"@id":"https:\/\/arpon.com.tr\/en\/urun\/microdos-oem-pumps\/#local-main-organization-logo"},"image":{"@id":"https:\/\/arpon.com.tr\/en\/urun\/microdos-oem-pumps\/#local-main-organization-logo"},"sameAs":["https:\/\/www.youtube.com\/channel\/UCwjBY3SvkX5IBFH4PsIOaxw","https:\/\/www.linkedin.com\/company\/arpon-endstriyel"],"telephone":[],"openingHoursSpecification":[{"@type":"OpeningHoursSpecification","dayOfWeek":["Monday","Tuesday","Wednesday","Thursday","Friday","Saturday","Sunday"],"opens":"09:00","closes":"17:00"}]},{"@type":"ImageObject","inLanguage":"en-US","@id":"https:\/\/arpon.com.tr\/en\/urun\/microdos-oem-pumps\/#local-main-organization-logo","url":"https:\/\/arpon.com.tr\/wp-content\/uploads\/2025\/10\/arpon-default.png","contentUrl":"https:\/\/arpon.com.tr\/wp-content\/uploads\/2025\/10\/arpon-default.png","width":300,"height":200,"caption":"Arpon End\u00fcstriyel Ekipmanlar San. Tic. Ltd. \u015eti."}]},"product_price_amount":"0.00","product_price_currency":"TRY","og_availability":"instock","product_availability":"instock","product_condition":"new"},"_links":{"self":[{"href":"https:\/\/arpon.com.tr\/en\/wp-json\/wp\/v2\/product\/12162","targetHints":{"allow":["GET"]}}],"collection":[{"href":"https:\/\/arpon.com.tr\/en\/wp-json\/wp\/v2\/product"}],"about":[{"href":"https:\/\/arpon.com.tr\/en\/wp-json\/wp\/v2\/types\/product"}],"version-history":[{"count":0,"href":"https:\/\/arpon.com.tr\/en\/wp-json\/wp\/v2\/product\/12162\/revisions"}],"wp:featuredmedia":[{"embeddable":true,"href":"https:\/\/arpon.com.tr\/en\/wp-json\/wp\/v2\/media\/8950"}],"wp:attachment":[{"href":"https:\/\/arpon.com.tr\/en\/wp-json\/wp\/v2\/media?parent=12162"}],"wp:term":[{"taxonomy":"product_brand","embeddable":true,"href":"https:\/\/arpon.com.tr\/en\/wp-json\/wp\/v2\/product_brand?post=12162"},{"taxonomy":"product_cat","embeddable":true,"href":"https:\/\/arpon.com.tr\/en\/wp-json\/wp\/v2\/product_cat?post=12162"},{"taxonomy":"product_tag","embeddable":true,"href":"https:\/\/arpon.com.tr\/en\/wp-json\/wp\/v2\/product_tag?post=12162"}],"curies":[{"name":"wp","href":"https:\/\/api.w.org\/{rel}","templated":true}]}}