{"id":12971,"date":"2025-10-22T15:50:41","date_gmt":"2025-10-22T12:50:41","guid":{"rendered":"https:\/\/arpon.com.tr\/urun\/nederman-dust-collection-units-mcp-mep-and-mjc\/"},"modified":"2025-12-19T13:22:16","modified_gmt":"2025-12-19T10:22:16","slug":"nederman-dust-collection-units-mcp-mep-and-mjc","status":"publish","type":"product","link":"https:\/\/arpon.com.tr\/en\/urun\/nederman-dust-collection-units-mcp-mep-and-mjc\/","title":{"rendered":"Nederman Dust Collection Units (MCP, MEP and MJC)"},"content":{"rendered":"<p>Dust Collection Units effectively capture dust, smoke, and gas particles generated by processes in industrial environments, ensuring that work areas remain clean, safe, and compliant with environmental standards. The MCP SmartFilter, MEP SmartFilter, and MJC-Mini models offer solutions in different capacities, suitable for various dust types and applications. <\/p>\n<p>Thanks to their modular design, they can be used both as standalone systems and in integrated lines with multiple filter configurations. The advanced pulse jet cleaning system, high-efficiency cartridge and bag filter technologies, and Insight Ready intelligent control structure ensure long filter life, low energy consumption, and minimal maintenance requirements.<\/p>\n","protected":false},"excerpt":{"rendered":"<p>Dust Collection Units effectively capture dust, smoke, and gas particles generated by processes in industrial environments, ensuring that work areas remain clean, safe, and compliant with environmental standards.<\/p>\n","protected":false},"featured_media":8018,"template":"","meta":{"_acf_changed":false,"_angie_page":false,"_eb_attr":""},"product_brand":[292],"product_cat":[449,448,432],"product_tag":[],"class_list":{"0":"post-12971","1":"product","2":"type-product","3":"status-publish","4":"has-post-thumbnail","6":"product_brand-nederman","7":"product_cat-articulated-extraction-arms","8":"product_cat-industrial-dust-and-fume-extraction-systems","9":"product_cat-products","11":"first","12":"instock","13":"downloadable","14":"shipping-taxable","15":"product-type-simple"},"acf":[],"yoast_head":"<!-- This site is optimized with the Yoast SEO Premium plugin v27.3 (Yoast SEO v27.4) - https:\/\/yoast.com\/product\/yoast-seo-premium-wordpress\/ -->\n<title>Nederman Dust Collection Units (MCP, MEP and MJC) - ARPON | Pompa,Blower,Dif\u00fcz\u00f6r,Dozaj,End\u00fcstriyel Hava Filtrasyon<\/title>\n<meta name=\"robots\" content=\"index, follow, max-snippet:-1, max-image-preview:large, max-video-preview:-1\" \/>\n<link rel=\"canonical\" href=\"https:\/\/arpon.com.tr\/en\/urun\/nederman-dust-collection-units-mcp-mep-and-mjc\/\" \/>\n<meta property=\"og:locale\" content=\"en_US\" \/>\n<meta property=\"og:type\" content=\"article\" \/>\n<meta property=\"og:title\" content=\"Nederman Dust Collection Units (MCP, MEP and MJC)\" \/>\n<meta property=\"og:description\" content=\"Dust Collection Units effectively capture dust, smoke, and gas particles generated by processes in industrial environments, ensuring that work areas remain clean, safe, and compliant with environmental standards.\" \/>\n<meta property=\"og:url\" content=\"https:\/\/arpon.com.tr\/en\/urun\/nederman-dust-collection-units-mcp-mep-and-mjc\/\" \/>\n<meta property=\"og:site_name\" content=\"ARPON | Pompa,Blower,Dif\u00fcz\u00f6r,Dozaj,End\u00fcstriyel Hava Filtrasyon\" \/>\n<meta property=\"article:modified_time\" content=\"2025-12-19T10:22:16+00:00\" \/>\n<meta property=\"og:image\" content=\"https:\/\/arpon.com.tr\/wp-content\/uploads\/2025\/10\/VAKUM-CLEANER-SABIT-1.jpg\" \/>\n\t<meta property=\"og:image:width\" content=\"1600\" \/>\n\t<meta property=\"og:image:height\" content=\"1200\" \/>\n\t<meta property=\"og:image:type\" content=\"image\/jpeg\" \/>\n<meta name=\"twitter:card\" content=\"summary_large_image\" \/>\n<meta name=\"twitter:label1\" content=\"Price\" \/>\n\t<meta name=\"twitter:data1\" content=\"\" \/>\n\t<meta name=\"twitter:label2\" content=\"Availability\" \/>\n\t<meta name=\"twitter:data2\" content=\"In stock\" \/>\n<meta property=\"product:price:amount\" content=\"0.00\" \/>\n<meta property=\"product:price:currency\" content=\"TRY\" \/>\n<meta property=\"og:availability\" content=\"instock\" \/>\n<meta property=\"product:availability\" content=\"instock\" \/>\n<meta property=\"product:condition\" content=\"new\" \/>\n<!-- \/ Yoast SEO Premium plugin. -->","yoast_head_json":{"title":"Nederman Dust Collection Units (MCP, MEP and MJC) - ARPON | Pompa,Blower,Dif\u00fcz\u00f6r,Dozaj,End\u00fcstriyel Hava Filtrasyon","robots":{"index":"index","follow":"follow","max-snippet":"max-snippet:-1","max-image-preview":"max-image-preview:large","max-video-preview":"max-video-preview:-1"},"canonical":"https:\/\/arpon.com.tr\/en\/urun\/nederman-dust-collection-units-mcp-mep-and-mjc\/","og_locale":"en_US","og_type":"article","og_title":"Nederman Dust Collection Units (MCP, MEP and MJC)","og_description":"Dust Collection Units effectively capture dust, smoke, and gas particles generated by processes in industrial environments, ensuring that work areas remain clean, safe, and compliant with environmental standards.","og_url":"https:\/\/arpon.com.tr\/en\/urun\/nederman-dust-collection-units-mcp-mep-and-mjc\/","og_site_name":"ARPON | Pompa,Blower,Dif\u00fcz\u00f6r,Dozaj,End\u00fcstriyel Hava Filtrasyon","article_modified_time":"2025-12-19T10:22:16+00:00","og_image":[{"width":1600,"height":1200,"url":"https:\/\/arpon.com.tr\/wp-content\/uploads\/2025\/10\/VAKUM-CLEANER-SABIT-1.jpg","type":"image\/jpeg"}],"twitter_card":"summary_large_image","twitter_misc":{"Price":"","Availability":"In stock"},"schema":{"@context":"https:\/\/schema.org","@graph":[{"@type":"WebPage","@id":"https:\/\/arpon.com.tr\/en\/urun\/nederman-dust-collection-units-mcp-mep-and-mjc\/","url":"https:\/\/arpon.com.tr\/en\/urun\/nederman-dust-collection-units-mcp-mep-and-mjc\/","name":"Nederman Dust Collection Units (MCP, MEP and MJC) - ARPON | Pompa,Blower,Dif\u00fcz\u00f6r,Dozaj,End\u00fcstriyel Hava Filtrasyon","isPartOf":{"@id":"https:\/\/arpon.com.tr\/en\/#website"},"primaryImageOfPage":{"@id":"https:\/\/arpon.com.tr\/en\/urun\/nederman-dust-collection-units-mcp-mep-and-mjc\/#primaryimage"},"image":{"@id":"https:\/\/arpon.com.tr\/en\/urun\/nederman-dust-collection-units-mcp-mep-and-mjc\/#primaryimage"},"thumbnailUrl":"https:\/\/arpon.com.tr\/wp-content\/uploads\/2025\/10\/VAKUM-CLEANER-SABIT-1.jpg","datePublished":"2025-10-22T12:50:41+00:00","dateModified":"2025-12-19T10:22:16+00:00","breadcrumb":{"@id":"https:\/\/arpon.com.tr\/en\/urun\/nederman-dust-collection-units-mcp-mep-and-mjc\/#breadcrumb"},"inLanguage":"en-US","potentialAction":[{"@type":"ReadAction","target":["https:\/\/arpon.com.tr\/en\/urun\/nederman-dust-collection-units-mcp-mep-and-mjc\/"]}]},{"@type":"ImageObject","inLanguage":"en-US","@id":"https:\/\/arpon.com.tr\/en\/urun\/nederman-dust-collection-units-mcp-mep-and-mjc\/#primaryimage","url":"https:\/\/arpon.com.tr\/wp-content\/uploads\/2025\/10\/VAKUM-CLEANER-SABIT-1.jpg","contentUrl":"https:\/\/arpon.com.tr\/wp-content\/uploads\/2025\/10\/VAKUM-CLEANER-SABIT-1.jpg","width":1600,"height":1200},{"@type":"BreadcrumbList","@id":"https:\/\/arpon.com.tr\/en\/urun\/nederman-dust-collection-units-mcp-mep-and-mjc\/#breadcrumb","itemListElement":[{"@type":"ListItem","position":1,"name":"Anasayfa","item":"https:\/\/arpon.com.tr\/en\/"},{"@type":"ListItem","position":2,"name":"Shop","item":"https:\/\/arpon.com.tr\/en\/shop\/"},{"@type":"ListItem","position":3,"name":"Nederman Dust Collection Units (MCP, MEP and MJC)"}]},{"@type":"WebSite","@id":"https:\/\/arpon.com.tr\/en\/#website","url":"https:\/\/arpon.com.tr\/en\/","name":"ARPON | Pompa, Blower, Dif\u00fcz\u00f6r, Dozaj, End\u00fcstriyel Hava Filtrasyon","description":"ARPON","publisher":{"@id":"https:\/\/arpon.com.tr\/en\/#organization"},"potentialAction":[{"@type":"SearchAction","target":{"@type":"EntryPoint","urlTemplate":"https:\/\/arpon.com.tr\/en\/?s={search_term_string}"},"query-input":{"@type":"PropertyValueSpecification","valueRequired":true,"valueName":"search_term_string"}}],"inLanguage":"en-US"},{"@type":["Organization","Place"],"@id":"https:\/\/arpon.com.tr\/en\/#organization","name":"Arpon End\u00fcstriyel Ekipmanlar San. Tic. Ltd. \u015eti.","url":"https:\/\/arpon.com.tr\/en\/","logo":{"@id":"https:\/\/arpon.com.tr\/en\/urun\/nederman-dust-collection-units-mcp-mep-and-mjc\/#local-main-organization-logo"},"image":{"@id":"https:\/\/arpon.com.tr\/en\/urun\/nederman-dust-collection-units-mcp-mep-and-mjc\/#local-main-organization-logo"},"sameAs":["https:\/\/www.youtube.com\/channel\/UCwjBY3SvkX5IBFH4PsIOaxw","https:\/\/www.linkedin.com\/company\/arpon-endstriyel"],"telephone":[],"openingHoursSpecification":[{"@type":"OpeningHoursSpecification","dayOfWeek":["Monday","Tuesday","Wednesday","Thursday","Friday","Saturday","Sunday"],"opens":"09:00","closes":"17:00"}]},{"@type":"ImageObject","inLanguage":"en-US","@id":"https:\/\/arpon.com.tr\/en\/urun\/nederman-dust-collection-units-mcp-mep-and-mjc\/#local-main-organization-logo","url":"https:\/\/arpon.com.tr\/wp-content\/uploads\/2025\/10\/arpon-default.png","contentUrl":"https:\/\/arpon.com.tr\/wp-content\/uploads\/2025\/10\/arpon-default.png","width":300,"height":200,"caption":"Arpon End\u00fcstriyel Ekipmanlar San. Tic. Ltd. \u015eti."}]},"product_price_amount":"0.00","product_price_currency":"TRY","og_availability":"instock","product_availability":"instock","product_condition":"new"},"_links":{"self":[{"href":"https:\/\/arpon.com.tr\/en\/wp-json\/wp\/v2\/product\/12971","targetHints":{"allow":["GET"]}}],"collection":[{"href":"https:\/\/arpon.com.tr\/en\/wp-json\/wp\/v2\/product"}],"about":[{"href":"https:\/\/arpon.com.tr\/en\/wp-json\/wp\/v2\/types\/product"}],"version-history":[{"count":1,"href":"https:\/\/arpon.com.tr\/en\/wp-json\/wp\/v2\/product\/12971\/revisions"}],"predecessor-version":[{"id":12974,"href":"https:\/\/arpon.com.tr\/en\/wp-json\/wp\/v2\/product\/12971\/revisions\/12974"}],"wp:featuredmedia":[{"embeddable":true,"href":"https:\/\/arpon.com.tr\/en\/wp-json\/wp\/v2\/media\/8018"}],"wp:attachment":[{"href":"https:\/\/arpon.com.tr\/en\/wp-json\/wp\/v2\/media?parent=12971"}],"wp:term":[{"taxonomy":"product_brand","embeddable":true,"href":"https:\/\/arpon.com.tr\/en\/wp-json\/wp\/v2\/product_brand?post=12971"},{"taxonomy":"product_cat","embeddable":true,"href":"https:\/\/arpon.com.tr\/en\/wp-json\/wp\/v2\/product_cat?post=12971"},{"taxonomy":"product_tag","embeddable":true,"href":"https:\/\/arpon.com.tr\/en\/wp-json\/wp\/v2\/product_tag?post=12971"}],"curies":[{"name":"wp","href":"https:\/\/api.w.org\/{rel}","templated":true}]}}