{"id":12996,"date":"2025-10-22T14:47:12","date_gmt":"2025-10-22T11:47:12","guid":{"rendered":"https:\/\/arpon.com.tr\/urun\/fox-vibration-dampers\/"},"modified":"2025-10-22T14:47:12","modified_gmt":"2025-10-22T11:47:12","slug":"fox-vibration-dampers","status":"publish","type":"product","link":"https:\/\/arpon.com.tr\/en\/urun\/fox-vibration-dampers\/","title":{"rendered":"FOX Vibration Dampers"},"content":{"rendered":"<p>Pre-pressurized with nitrogen, it is produced in bladder, diaphragm, piston, bellows, in-line spherical and hybrid types. Threaded cover, welded body or forged bar construction options are available. <\/p>\n<p>All our pulsation dampers are designed for maintenance via top, bottom, or disassembly. The BHP, HGVS, and SMF series are maintenance-free and contain no service-required parts. <\/p>\n<p>Our products hold numerous international certifications, including PED 97\/23\/EC, ASME VIII Div.1 &amp; 2, ASME U-Stamp, DOSH, ARH, CUTR, NR-13, SELO, KOSHA, Lloyd&#8217;s, RINA, ABS, DNV, and AS1210.<\/p>\n","protected":false},"excerpt":{"rendered":"<p>They are produced in pre-pressurized nitrogen-based types; bladder, diaphragm, piston, bellows, in-line spherical and hybrid types.<\/p>\n","protected":false},"featured_media":7987,"template":"","meta":{"_acf_changed":false,"_angie_page":false,"_eb_attr":""},"product_brand":[408],"product_cat":[462,432,461,429],"product_tag":[],"class_list":{"0":"post-12996","1":"product","2":"type-product","3":"status-publish","4":"has-post-thumbnail","6":"product_brand-fox","7":"product_cat-positive-displacement-pumps","8":"product_cat-products","9":"product_cat-pumps-and-accessories","10":"product_cat-uncategorized","12":"first","13":"instock","14":"downloadable","15":"shipping-taxable","16":"product-type-simple"},"acf":[],"yoast_head":"<!-- This site is optimized with the Yoast SEO Premium plugin v27.2 (Yoast SEO v27.2) - https:\/\/yoast.com\/product\/yoast-seo-premium-wordpress\/ -->\n<title>FOX Vibration Dampers - ARPON | Pompa,Blower,Dif\u00fcz\u00f6r,Dozaj,End\u00fcstriyel Hava Filtrasyon<\/title>\n<meta name=\"robots\" content=\"index, follow, max-snippet:-1, max-image-preview:large, max-video-preview:-1\" \/>\n<link rel=\"canonical\" href=\"https:\/\/arpon.com.tr\/en\/urun\/fox-vibration-dampers\/\" \/>\n<meta property=\"og:locale\" content=\"en_US\" \/>\n<meta property=\"og:type\" content=\"article\" \/>\n<meta property=\"og:title\" content=\"FOX Vibration Dampers\" \/>\n<meta property=\"og:description\" content=\"They are produced in pre-pressurized nitrogen-based types; bladder, diaphragm, piston, bellows, in-line spherical and hybrid types.\" \/>\n<meta property=\"og:url\" content=\"https:\/\/arpon.com.tr\/en\/urun\/fox-vibration-dampers\/\" \/>\n<meta property=\"og:site_name\" content=\"ARPON | Pompa,Blower,Dif\u00fcz\u00f6r,Dozaj,End\u00fcstriyel Hava Filtrasyon\" \/>\n<meta property=\"og:image\" content=\"https:\/\/arpon.com.tr\/wp-content\/uploads\/2025\/10\/CFE6185-fotor-20251022145737.png\" \/>\n\t<meta property=\"og:image:width\" content=\"1600\" \/>\n\t<meta property=\"og:image:height\" content=\"1200\" \/>\n\t<meta property=\"og:image:type\" content=\"image\/png\" \/>\n<meta name=\"twitter:card\" content=\"summary_large_image\" \/>\n<meta name=\"twitter:label1\" content=\"Price\" \/>\n\t<meta name=\"twitter:data1\" content=\"\" \/>\n\t<meta name=\"twitter:label2\" content=\"Availability\" \/>\n\t<meta name=\"twitter:data2\" content=\"In stock\" \/>\n<meta property=\"product:price:amount\" content=\"0.00\" \/>\n<meta property=\"product:price:currency\" content=\"TRY\" \/>\n<meta property=\"og:availability\" content=\"instock\" \/>\n<meta property=\"product:availability\" content=\"instock\" \/>\n<meta property=\"product:condition\" content=\"new\" \/>\n<!-- \/ Yoast SEO Premium plugin. -->","yoast_head_json":{"title":"FOX Vibration Dampers - ARPON | Pompa,Blower,Dif\u00fcz\u00f6r,Dozaj,End\u00fcstriyel Hava Filtrasyon","robots":{"index":"index","follow":"follow","max-snippet":"max-snippet:-1","max-image-preview":"max-image-preview:large","max-video-preview":"max-video-preview:-1"},"canonical":"https:\/\/arpon.com.tr\/en\/urun\/fox-vibration-dampers\/","og_locale":"en_US","og_type":"article","og_title":"FOX Vibration Dampers","og_description":"They are produced in pre-pressurized nitrogen-based types; bladder, diaphragm, piston, bellows, in-line spherical and hybrid types.","og_url":"https:\/\/arpon.com.tr\/en\/urun\/fox-vibration-dampers\/","og_site_name":"ARPON | Pompa,Blower,Dif\u00fcz\u00f6r,Dozaj,End\u00fcstriyel Hava Filtrasyon","og_image":[{"width":1600,"height":1200,"url":"https:\/\/arpon.com.tr\/wp-content\/uploads\/2025\/10\/CFE6185-fotor-20251022145737.png","type":"image\/png"}],"twitter_card":"summary_large_image","twitter_misc":{"Price":"","Availability":"In stock"},"schema":{"@context":"https:\/\/schema.org","@graph":[{"@type":"WebPage","@id":"https:\/\/arpon.com.tr\/en\/urun\/fox-vibration-dampers\/","url":"https:\/\/arpon.com.tr\/en\/urun\/fox-vibration-dampers\/","name":"FOX Vibration Dampers - ARPON | Pompa,Blower,Dif\u00fcz\u00f6r,Dozaj,End\u00fcstriyel Hava Filtrasyon","isPartOf":{"@id":"https:\/\/arpon.com.tr\/en\/#website"},"primaryImageOfPage":{"@id":"https:\/\/arpon.com.tr\/en\/urun\/fox-vibration-dampers\/#primaryimage"},"image":{"@id":"https:\/\/arpon.com.tr\/en\/urun\/fox-vibration-dampers\/#primaryimage"},"thumbnailUrl":"https:\/\/arpon.com.tr\/wp-content\/uploads\/2025\/10\/CFE6185-fotor-20251022145737.png","datePublished":"2025-10-22T11:47:12+00:00","breadcrumb":{"@id":"https:\/\/arpon.com.tr\/en\/urun\/fox-vibration-dampers\/#breadcrumb"},"inLanguage":"en-US","potentialAction":[{"@type":"ReadAction","target":["https:\/\/arpon.com.tr\/en\/urun\/fox-vibration-dampers\/"]}]},{"@type":"ImageObject","inLanguage":"en-US","@id":"https:\/\/arpon.com.tr\/en\/urun\/fox-vibration-dampers\/#primaryimage","url":"https:\/\/arpon.com.tr\/wp-content\/uploads\/2025\/10\/CFE6185-fotor-20251022145737.png","contentUrl":"https:\/\/arpon.com.tr\/wp-content\/uploads\/2025\/10\/CFE6185-fotor-20251022145737.png","width":1600,"height":1200},{"@type":"BreadcrumbList","@id":"https:\/\/arpon.com.tr\/en\/urun\/fox-vibration-dampers\/#breadcrumb","itemListElement":[{"@type":"ListItem","position":1,"name":"Anasayfa","item":"https:\/\/arpon.com.tr\/en\/"},{"@type":"ListItem","position":2,"name":"Shop","item":"https:\/\/arpon.com.tr\/en\/shop\/"},{"@type":"ListItem","position":3,"name":"FOX Vibration Dampers"}]},{"@type":"WebSite","@id":"https:\/\/arpon.com.tr\/en\/#website","url":"https:\/\/arpon.com.tr\/en\/","name":"ARPON | Pompa, Blower, Dif\u00fcz\u00f6r, Dozaj, End\u00fcstriyel Hava Filtrasyon","description":"ARPON","publisher":{"@id":"https:\/\/arpon.com.tr\/en\/#organization"},"potentialAction":[{"@type":"SearchAction","target":{"@type":"EntryPoint","urlTemplate":"https:\/\/arpon.com.tr\/en\/?s={search_term_string}"},"query-input":{"@type":"PropertyValueSpecification","valueRequired":true,"valueName":"search_term_string"}}],"inLanguage":"en-US"},{"@type":["Organization","Place"],"@id":"https:\/\/arpon.com.tr\/en\/#organization","name":"Arpon End\u00fcstriyel Ekipmanlar San. Tic. Ltd. \u015eti.","url":"https:\/\/arpon.com.tr\/en\/","logo":{"@id":"https:\/\/arpon.com.tr\/en\/urun\/fox-vibration-dampers\/#local-main-organization-logo"},"image":{"@id":"https:\/\/arpon.com.tr\/en\/urun\/fox-vibration-dampers\/#local-main-organization-logo"},"sameAs":["https:\/\/www.youtube.com\/channel\/UCwjBY3SvkX5IBFH4PsIOaxw","https:\/\/www.linkedin.com\/company\/arpon-endstriyel"],"telephone":[],"openingHoursSpecification":[{"@type":"OpeningHoursSpecification","dayOfWeek":["Monday","Tuesday","Wednesday","Thursday","Friday","Saturday","Sunday"],"opens":"09:00","closes":"17:00"}]},{"@type":"ImageObject","inLanguage":"en-US","@id":"https:\/\/arpon.com.tr\/en\/urun\/fox-vibration-dampers\/#local-main-organization-logo","url":"https:\/\/arpon.com.tr\/wp-content\/uploads\/2025\/10\/arpon-default.png","contentUrl":"https:\/\/arpon.com.tr\/wp-content\/uploads\/2025\/10\/arpon-default.png","width":300,"height":200,"caption":"Arpon End\u00fcstriyel Ekipmanlar San. Tic. Ltd. \u015eti."}]},"product_price_amount":"0.00","product_price_currency":"TRY","og_availability":"instock","product_availability":"instock","product_condition":"new"},"_links":{"self":[{"href":"https:\/\/arpon.com.tr\/en\/wp-json\/wp\/v2\/product\/12996","targetHints":{"allow":["GET"]}}],"collection":[{"href":"https:\/\/arpon.com.tr\/en\/wp-json\/wp\/v2\/product"}],"about":[{"href":"https:\/\/arpon.com.tr\/en\/wp-json\/wp\/v2\/types\/product"}],"version-history":[{"count":0,"href":"https:\/\/arpon.com.tr\/en\/wp-json\/wp\/v2\/product\/12996\/revisions"}],"wp:featuredmedia":[{"embeddable":true,"href":"https:\/\/arpon.com.tr\/en\/wp-json\/wp\/v2\/media\/7987"}],"wp:attachment":[{"href":"https:\/\/arpon.com.tr\/en\/wp-json\/wp\/v2\/media?parent=12996"}],"wp:term":[{"taxonomy":"product_brand","embeddable":true,"href":"https:\/\/arpon.com.tr\/en\/wp-json\/wp\/v2\/product_brand?post=12996"},{"taxonomy":"product_cat","embeddable":true,"href":"https:\/\/arpon.com.tr\/en\/wp-json\/wp\/v2\/product_cat?post=12996"},{"taxonomy":"product_tag","embeddable":true,"href":"https:\/\/arpon.com.tr\/en\/wp-json\/wp\/v2\/product_tag?post=12996"}],"curies":[{"name":"wp","href":"https:\/\/api.w.org\/{rel}","templated":true}]}}