{"id":13066,"date":"2025-10-21T13:36:25","date_gmt":"2025-10-21T10:36:25","guid":{"rendered":"https:\/\/arpon.com.tr\/urun\/packo-sfp2-sfp3-high-shear-mixer-pump\/"},"modified":"2025-10-21T13:36:25","modified_gmt":"2025-10-21T10:36:25","slug":"packo-sfp2-sfp3-high-shear-mixer-pump","status":"publish","type":"product","link":"https:\/\/arpon.com.tr\/en\/urun\/packo-sfp2-sfp3-high-shear-mixer-pump\/","title":{"rendered":"Packo SFP2-SFP3 High Shear Mixer Pump"},"content":{"rendered":"<p>The SFP series is a high-shear pump with a closed impeller and patented stator design. It has been specifically developed for applications requiring high flow rates and pressures. <\/p>\n<p>&#x2714; The shear effect is created in the gap between the rotor and the optimized perforated stator.<br \/>\n&#x2714; The cutting level can be optimized and improved by increasing the rotational speed.<br \/>\n&#x2714; At a maximum speed of 3600 rpm, cutting rates of 60,000 s\u207b\u00b9 can be achieved in the SFP3 series and 100,000 s\u207b\u00b9 in the SFP2 series.<\/p>\n<p>This pump is widely used in the pharmaceutical, biotechnology, food, and chemical industries to homogenize, disperse, and mix liquids of varying viscosities.<\/p>\n","protected":false},"excerpt":{"rendered":"<p>The SFP series is a high-shear pump with a closed impeller and patented stator design. It has been specifically developed for applications requiring high flow rates and pressures. <\/p>\n","protected":false},"featured_media":7831,"template":"","meta":{"_acf_changed":false,"_angie_page":false,"_eb_attr":""},"product_brand":[416,320],"product_cat":[471,473,432,461],"product_tag":[],"class_list":{"0":"post-13066","1":"product","2":"type-product","3":"status-publish","4":"has-post-thumbnail","6":"product_brand-mikserli-ogutuculu-pompalar","7":"product_brand-packo","8":"product_cat-centrifugal-pumps","9":"product_cat-hygienic-pumps","10":"product_cat-products","11":"product_cat-pumps-and-accessories","13":"first","14":"instock","15":"downloadable","16":"shipping-taxable","17":"product-type-simple"},"acf":[],"yoast_head":"<!-- This site is optimized with the Yoast SEO Premium plugin v27.3 (Yoast SEO v27.4) - https:\/\/yoast.com\/product\/yoast-seo-premium-wordpress\/ -->\n<title>Packo SFP2-SFP3 High Shear Mixer Pump - ARPON | Pompa,Blower,Dif\u00fcz\u00f6r,Dozaj,End\u00fcstriyel Hava Filtrasyon<\/title>\n<meta name=\"robots\" content=\"index, follow, max-snippet:-1, max-image-preview:large, max-video-preview:-1\" \/>\n<link rel=\"canonical\" href=\"https:\/\/arpon.com.tr\/en\/urun\/packo-sfp2-sfp3-high-shear-mixer-pump\/\" \/>\n<meta property=\"og:locale\" content=\"en_US\" \/>\n<meta property=\"og:type\" content=\"article\" \/>\n<meta property=\"og:title\" content=\"Packo SFP2-SFP3 High Shear Mixer Pump\" \/>\n<meta property=\"og:description\" content=\"The SFP series is a high-shear pump with a closed impeller and patented stator design. It has been specifically developed for applications requiring high flow rates and pressures.\" \/>\n<meta property=\"og:url\" content=\"https:\/\/arpon.com.tr\/en\/urun\/packo-sfp2-sfp3-high-shear-mixer-pump\/\" \/>\n<meta property=\"og:site_name\" content=\"ARPON | Pompa,Blower,Dif\u00fcz\u00f6r,Dozaj,End\u00fcstriyel Hava Filtrasyon\" \/>\n<meta property=\"og:image\" content=\"https:\/\/arpon.com.tr\/wp-content\/uploads\/2025\/10\/SFP3_2.jpg\" \/>\n\t<meta property=\"og:image:width\" content=\"1600\" \/>\n\t<meta property=\"og:image:height\" content=\"1200\" \/>\n\t<meta property=\"og:image:type\" content=\"image\/jpeg\" \/>\n<meta name=\"twitter:card\" content=\"summary_large_image\" \/>\n<meta name=\"twitter:label1\" content=\"Price\" \/>\n\t<meta name=\"twitter:data1\" content=\"\" \/>\n\t<meta name=\"twitter:label2\" content=\"Availability\" \/>\n\t<meta name=\"twitter:data2\" content=\"In stock\" \/>\n<meta property=\"product:price:amount\" content=\"0.00\" \/>\n<meta property=\"product:price:currency\" content=\"TRY\" \/>\n<meta property=\"og:availability\" content=\"instock\" \/>\n<meta property=\"product:availability\" content=\"instock\" \/>\n<meta property=\"product:condition\" content=\"new\" \/>\n<!-- \/ Yoast SEO Premium plugin. -->","yoast_head_json":{"title":"Packo SFP2-SFP3 High Shear Mixer Pump - ARPON | Pompa,Blower,Dif\u00fcz\u00f6r,Dozaj,End\u00fcstriyel Hava Filtrasyon","robots":{"index":"index","follow":"follow","max-snippet":"max-snippet:-1","max-image-preview":"max-image-preview:large","max-video-preview":"max-video-preview:-1"},"canonical":"https:\/\/arpon.com.tr\/en\/urun\/packo-sfp2-sfp3-high-shear-mixer-pump\/","og_locale":"en_US","og_type":"article","og_title":"Packo SFP2-SFP3 High Shear Mixer Pump","og_description":"The SFP series is a high-shear pump with a closed impeller and patented stator design. It has been specifically developed for applications requiring high flow rates and pressures.","og_url":"https:\/\/arpon.com.tr\/en\/urun\/packo-sfp2-sfp3-high-shear-mixer-pump\/","og_site_name":"ARPON | Pompa,Blower,Dif\u00fcz\u00f6r,Dozaj,End\u00fcstriyel Hava Filtrasyon","og_image":[{"width":1600,"height":1200,"url":"https:\/\/arpon.com.tr\/wp-content\/uploads\/2025\/10\/SFP3_2.jpg","type":"image\/jpeg"}],"twitter_card":"summary_large_image","twitter_misc":{"Price":"","Availability":"In stock"},"schema":{"@context":"https:\/\/schema.org","@graph":[{"@type":"WebPage","@id":"https:\/\/arpon.com.tr\/en\/urun\/packo-sfp2-sfp3-high-shear-mixer-pump\/","url":"https:\/\/arpon.com.tr\/en\/urun\/packo-sfp2-sfp3-high-shear-mixer-pump\/","name":"Packo SFP2-SFP3 High Shear Mixer Pump - ARPON | Pompa,Blower,Dif\u00fcz\u00f6r,Dozaj,End\u00fcstriyel Hava Filtrasyon","isPartOf":{"@id":"https:\/\/arpon.com.tr\/en\/#website"},"primaryImageOfPage":{"@id":"https:\/\/arpon.com.tr\/en\/urun\/packo-sfp2-sfp3-high-shear-mixer-pump\/#primaryimage"},"image":{"@id":"https:\/\/arpon.com.tr\/en\/urun\/packo-sfp2-sfp3-high-shear-mixer-pump\/#primaryimage"},"thumbnailUrl":"https:\/\/arpon.com.tr\/wp-content\/uploads\/2025\/10\/SFP3_2.jpg","datePublished":"2025-10-21T10:36:25+00:00","breadcrumb":{"@id":"https:\/\/arpon.com.tr\/en\/urun\/packo-sfp2-sfp3-high-shear-mixer-pump\/#breadcrumb"},"inLanguage":"en-US","potentialAction":[{"@type":"ReadAction","target":["https:\/\/arpon.com.tr\/en\/urun\/packo-sfp2-sfp3-high-shear-mixer-pump\/"]}]},{"@type":"ImageObject","inLanguage":"en-US","@id":"https:\/\/arpon.com.tr\/en\/urun\/packo-sfp2-sfp3-high-shear-mixer-pump\/#primaryimage","url":"https:\/\/arpon.com.tr\/wp-content\/uploads\/2025\/10\/SFP3_2.jpg","contentUrl":"https:\/\/arpon.com.tr\/wp-content\/uploads\/2025\/10\/SFP3_2.jpg","width":1600,"height":1200},{"@type":"BreadcrumbList","@id":"https:\/\/arpon.com.tr\/en\/urun\/packo-sfp2-sfp3-high-shear-mixer-pump\/#breadcrumb","itemListElement":[{"@type":"ListItem","position":1,"name":"Anasayfa","item":"https:\/\/arpon.com.tr\/en\/"},{"@type":"ListItem","position":2,"name":"Shop","item":"https:\/\/arpon.com.tr\/en\/shop\/"},{"@type":"ListItem","position":3,"name":"Packo SFP2-SFP3 High Shear Mixer Pump"}]},{"@type":"WebSite","@id":"https:\/\/arpon.com.tr\/en\/#website","url":"https:\/\/arpon.com.tr\/en\/","name":"ARPON | Pompa, Blower, Dif\u00fcz\u00f6r, Dozaj, End\u00fcstriyel Hava Filtrasyon","description":"ARPON","publisher":{"@id":"https:\/\/arpon.com.tr\/en\/#organization"},"potentialAction":[{"@type":"SearchAction","target":{"@type":"EntryPoint","urlTemplate":"https:\/\/arpon.com.tr\/en\/?s={search_term_string}"},"query-input":{"@type":"PropertyValueSpecification","valueRequired":true,"valueName":"search_term_string"}}],"inLanguage":"en-US"},{"@type":["Organization","Place"],"@id":"https:\/\/arpon.com.tr\/en\/#organization","name":"Arpon End\u00fcstriyel Ekipmanlar San. Tic. Ltd. \u015eti.","url":"https:\/\/arpon.com.tr\/en\/","logo":{"@id":"https:\/\/arpon.com.tr\/en\/urun\/packo-sfp2-sfp3-high-shear-mixer-pump\/#local-main-organization-logo"},"image":{"@id":"https:\/\/arpon.com.tr\/en\/urun\/packo-sfp2-sfp3-high-shear-mixer-pump\/#local-main-organization-logo"},"sameAs":["https:\/\/www.youtube.com\/channel\/UCwjBY3SvkX5IBFH4PsIOaxw","https:\/\/www.linkedin.com\/company\/arpon-endstriyel"],"telephone":[],"openingHoursSpecification":[{"@type":"OpeningHoursSpecification","dayOfWeek":["Monday","Tuesday","Wednesday","Thursday","Friday","Saturday","Sunday"],"opens":"09:00","closes":"17:00"}]},{"@type":"ImageObject","inLanguage":"en-US","@id":"https:\/\/arpon.com.tr\/en\/urun\/packo-sfp2-sfp3-high-shear-mixer-pump\/#local-main-organization-logo","url":"https:\/\/arpon.com.tr\/wp-content\/uploads\/2025\/10\/arpon-default.png","contentUrl":"https:\/\/arpon.com.tr\/wp-content\/uploads\/2025\/10\/arpon-default.png","width":300,"height":200,"caption":"Arpon End\u00fcstriyel Ekipmanlar San. Tic. Ltd. \u015eti."}]},"product_price_amount":"0.00","product_price_currency":"TRY","og_availability":"instock","product_availability":"instock","product_condition":"new"},"_links":{"self":[{"href":"https:\/\/arpon.com.tr\/en\/wp-json\/wp\/v2\/product\/13066","targetHints":{"allow":["GET"]}}],"collection":[{"href":"https:\/\/arpon.com.tr\/en\/wp-json\/wp\/v2\/product"}],"about":[{"href":"https:\/\/arpon.com.tr\/en\/wp-json\/wp\/v2\/types\/product"}],"version-history":[{"count":0,"href":"https:\/\/arpon.com.tr\/en\/wp-json\/wp\/v2\/product\/13066\/revisions"}],"wp:featuredmedia":[{"embeddable":true,"href":"https:\/\/arpon.com.tr\/en\/wp-json\/wp\/v2\/media\/7831"}],"wp:attachment":[{"href":"https:\/\/arpon.com.tr\/en\/wp-json\/wp\/v2\/media?parent=13066"}],"wp:term":[{"taxonomy":"product_brand","embeddable":true,"href":"https:\/\/arpon.com.tr\/en\/wp-json\/wp\/v2\/product_brand?post=13066"},{"taxonomy":"product_cat","embeddable":true,"href":"https:\/\/arpon.com.tr\/en\/wp-json\/wp\/v2\/product_cat?post=13066"},{"taxonomy":"product_tag","embeddable":true,"href":"https:\/\/arpon.com.tr\/en\/wp-json\/wp\/v2\/product_tag?post=13066"}],"curies":[{"name":"wp","href":"https:\/\/api.w.org\/{rel}","templated":true}]}}