{"id":13092,"date":"2025-10-21T14:55:55","date_gmt":"2025-10-21T11:55:55","guid":{"rendered":"https:\/\/arpon.com.tr\/urun\/packo-55-series-ultima\/"},"modified":"2025-10-21T14:55:55","modified_gmt":"2025-10-21T11:55:55","slug":"packo-55-series-ultima","status":"publish","type":"product","link":"https:\/\/arpon.com.tr\/en\/urun\/packo-55-series-ultima\/","title":{"rendered":"Packo 55 Series &amp; Ultima"},"content":{"rendered":"<ul>\n<li>Fully Self-Draining Pump Head: Prevents accumulation of process fluids or cleaning agents, enabling rapid decontamination and product changeover.<\/li>\n<li>External Rotor Mounting: There are no gaps or recesses in the internal parts, thus offering hygiene and ease of cleaning.<\/li>\n<li>Low Carbon 316L Stainless Steel: Provides maximum corrosion resistance.<\/li>\n<li>Hygienic Seal Design: A hygienic sealing ring is used for all static seals instead of an O-ring.<\/li>\n<\/ul>\n<h4><strong>Shaft Seal Design:<\/strong><\/h4>\n<ul>\n<li>It offers superior sealing and complete drainage capability.<\/li>\n<li>Its gapless structure ensures a hygienic working environment.<\/li>\n<li>Front access allows for easy inspection and quick maintenance.<\/li>\n<\/ul>\n<h4><strong>Surface Treatment Options:<\/strong><\/h4>\n<ul>\n<li>Standard surface roughness: 0.8\u00b5m (150 grit)<\/li>\n<li>Optional surface treatment: 0.5\u00b5m (240 grit) and electropolishing.<\/li>\n<\/ul>\n<h4><strong>Additional Features:<\/strong><\/h4>\n<ul>\n<li>Optional vapor\/sterile liquid barriers are available at the connection points and front cover seal for truly aseptic processes.<\/li>\n<li>High efficiency: Minimizes damage from low-viscosity fluids with shear sensitivity.<\/li>\n<\/ul>\n","protected":false},"excerpt":{"rendered":"<p>Fully Self-Draining Pump Head: Prevents accumulation of process fluids or cleaning agents, enabling rapid decontamination and product changeover.<\/p>\n","protected":false},"featured_media":7849,"template":"","meta":{"_acf_changed":false,"_angie_page":false,"_eb_attr":""},"product_brand":[320,415],"product_cat":[471,473,432,461],"product_tag":[],"class_list":{"0":"post-13092","1":"product","2":"type-product","3":"status-publish","4":"has-post-thumbnail","6":"product_brand-packo","7":"product_brand-pozitif-deplasmanli-hijyenik-pompalar","8":"product_cat-centrifugal-pumps","9":"product_cat-hygienic-pumps","10":"product_cat-products","11":"product_cat-pumps-and-accessories","13":"first","14":"instock","15":"downloadable","16":"shipping-taxable","17":"product-type-simple"},"acf":[],"yoast_head":"<!-- This site is optimized with the Yoast SEO Premium plugin v27.3 (Yoast SEO v27.4) - https:\/\/yoast.com\/product\/yoast-seo-premium-wordpress\/ -->\n<title>Packo 55 Series &amp; Ultima - ARPON | Pompa,Blower,Dif\u00fcz\u00f6r,Dozaj,End\u00fcstriyel Hava Filtrasyon<\/title>\n<meta name=\"robots\" content=\"index, follow, max-snippet:-1, max-image-preview:large, max-video-preview:-1\" \/>\n<link rel=\"canonical\" href=\"https:\/\/arpon.com.tr\/en\/urun\/packo-55-series-ultima\/\" \/>\n<meta property=\"og:locale\" content=\"en_US\" \/>\n<meta property=\"og:type\" content=\"article\" \/>\n<meta property=\"og:title\" content=\"Packo 55 Series &amp; Ultima\" \/>\n<meta property=\"og:description\" content=\"Fully Self-Draining Pump Head: Prevents accumulation of process fluids or cleaning agents, enabling rapid decontamination and product changeover.\" \/>\n<meta property=\"og:url\" content=\"https:\/\/arpon.com.tr\/en\/urun\/packo-55-series-ultima\/\" \/>\n<meta property=\"og:site_name\" content=\"ARPON | Pompa,Blower,Dif\u00fcz\u00f6r,Dozaj,End\u00fcstriyel Hava Filtrasyon\" \/>\n<meta property=\"og:image\" content=\"https:\/\/arpon.com.tr\/wp-content\/uploads\/2025\/10\/55-ULTIMA.jpg\" \/>\n\t<meta property=\"og:image:width\" content=\"1600\" \/>\n\t<meta property=\"og:image:height\" content=\"1200\" \/>\n\t<meta property=\"og:image:type\" content=\"image\/jpeg\" \/>\n<meta name=\"twitter:card\" content=\"summary_large_image\" \/>\n<meta name=\"twitter:label1\" content=\"Price\" \/>\n\t<meta name=\"twitter:data1\" content=\"\" \/>\n\t<meta name=\"twitter:label2\" content=\"Availability\" \/>\n\t<meta name=\"twitter:data2\" content=\"In stock\" \/>\n<meta property=\"product:price:amount\" content=\"0.00\" \/>\n<meta property=\"product:price:currency\" content=\"TRY\" \/>\n<meta property=\"og:availability\" content=\"instock\" \/>\n<meta property=\"product:availability\" content=\"instock\" \/>\n<meta property=\"product:condition\" content=\"new\" \/>\n<!-- \/ Yoast SEO Premium plugin. -->","yoast_head_json":{"title":"Packo 55 Series &amp; Ultima - ARPON | Pompa,Blower,Dif\u00fcz\u00f6r,Dozaj,End\u00fcstriyel Hava Filtrasyon","robots":{"index":"index","follow":"follow","max-snippet":"max-snippet:-1","max-image-preview":"max-image-preview:large","max-video-preview":"max-video-preview:-1"},"canonical":"https:\/\/arpon.com.tr\/en\/urun\/packo-55-series-ultima\/","og_locale":"en_US","og_type":"article","og_title":"Packo 55 Series &amp; Ultima","og_description":"Fully Self-Draining Pump Head: Prevents accumulation of process fluids or cleaning agents, enabling rapid decontamination and product changeover.","og_url":"https:\/\/arpon.com.tr\/en\/urun\/packo-55-series-ultima\/","og_site_name":"ARPON | Pompa,Blower,Dif\u00fcz\u00f6r,Dozaj,End\u00fcstriyel Hava Filtrasyon","og_image":[{"width":1600,"height":1200,"url":"https:\/\/arpon.com.tr\/wp-content\/uploads\/2025\/10\/55-ULTIMA.jpg","type":"image\/jpeg"}],"twitter_card":"summary_large_image","twitter_misc":{"Price":"","Availability":"In stock"},"schema":{"@context":"https:\/\/schema.org","@graph":[{"@type":"WebPage","@id":"https:\/\/arpon.com.tr\/en\/urun\/packo-55-series-ultima\/","url":"https:\/\/arpon.com.tr\/en\/urun\/packo-55-series-ultima\/","name":"Packo 55 Series &amp; Ultima - ARPON | Pompa,Blower,Dif\u00fcz\u00f6r,Dozaj,End\u00fcstriyel Hava Filtrasyon","isPartOf":{"@id":"https:\/\/arpon.com.tr\/en\/#website"},"primaryImageOfPage":{"@id":"https:\/\/arpon.com.tr\/en\/urun\/packo-55-series-ultima\/#primaryimage"},"image":{"@id":"https:\/\/arpon.com.tr\/en\/urun\/packo-55-series-ultima\/#primaryimage"},"thumbnailUrl":"https:\/\/arpon.com.tr\/wp-content\/uploads\/2025\/10\/55-ULTIMA.jpg","datePublished":"2025-10-21T11:55:55+00:00","breadcrumb":{"@id":"https:\/\/arpon.com.tr\/en\/urun\/packo-55-series-ultima\/#breadcrumb"},"inLanguage":"en-US","potentialAction":[{"@type":"ReadAction","target":["https:\/\/arpon.com.tr\/en\/urun\/packo-55-series-ultima\/"]}]},{"@type":"ImageObject","inLanguage":"en-US","@id":"https:\/\/arpon.com.tr\/en\/urun\/packo-55-series-ultima\/#primaryimage","url":"https:\/\/arpon.com.tr\/wp-content\/uploads\/2025\/10\/55-ULTIMA.jpg","contentUrl":"https:\/\/arpon.com.tr\/wp-content\/uploads\/2025\/10\/55-ULTIMA.jpg","width":1600,"height":1200},{"@type":"BreadcrumbList","@id":"https:\/\/arpon.com.tr\/en\/urun\/packo-55-series-ultima\/#breadcrumb","itemListElement":[{"@type":"ListItem","position":1,"name":"Anasayfa","item":"https:\/\/arpon.com.tr\/en\/"},{"@type":"ListItem","position":2,"name":"Shop","item":"https:\/\/arpon.com.tr\/en\/shop\/"},{"@type":"ListItem","position":3,"name":"Packo 55 Series &amp; Ultima"}]},{"@type":"WebSite","@id":"https:\/\/arpon.com.tr\/en\/#website","url":"https:\/\/arpon.com.tr\/en\/","name":"ARPON | Pompa, Blower, Dif\u00fcz\u00f6r, Dozaj, End\u00fcstriyel Hava Filtrasyon","description":"ARPON","publisher":{"@id":"https:\/\/arpon.com.tr\/en\/#organization"},"potentialAction":[{"@type":"SearchAction","target":{"@type":"EntryPoint","urlTemplate":"https:\/\/arpon.com.tr\/en\/?s={search_term_string}"},"query-input":{"@type":"PropertyValueSpecification","valueRequired":true,"valueName":"search_term_string"}}],"inLanguage":"en-US"},{"@type":["Organization","Place"],"@id":"https:\/\/arpon.com.tr\/en\/#organization","name":"Arpon End\u00fcstriyel Ekipmanlar San. Tic. Ltd. \u015eti.","url":"https:\/\/arpon.com.tr\/en\/","logo":{"@id":"https:\/\/arpon.com.tr\/en\/urun\/packo-55-series-ultima\/#local-main-organization-logo"},"image":{"@id":"https:\/\/arpon.com.tr\/en\/urun\/packo-55-series-ultima\/#local-main-organization-logo"},"sameAs":["https:\/\/www.youtube.com\/channel\/UCwjBY3SvkX5IBFH4PsIOaxw","https:\/\/www.linkedin.com\/company\/arpon-endstriyel"],"telephone":[],"openingHoursSpecification":[{"@type":"OpeningHoursSpecification","dayOfWeek":["Monday","Tuesday","Wednesday","Thursday","Friday","Saturday","Sunday"],"opens":"09:00","closes":"17:00"}]},{"@type":"ImageObject","inLanguage":"en-US","@id":"https:\/\/arpon.com.tr\/en\/urun\/packo-55-series-ultima\/#local-main-organization-logo","url":"https:\/\/arpon.com.tr\/wp-content\/uploads\/2025\/10\/arpon-default.png","contentUrl":"https:\/\/arpon.com.tr\/wp-content\/uploads\/2025\/10\/arpon-default.png","width":300,"height":200,"caption":"Arpon End\u00fcstriyel Ekipmanlar San. Tic. Ltd. \u015eti."}]},"product_price_amount":"0.00","product_price_currency":"TRY","og_availability":"instock","product_availability":"instock","product_condition":"new"},"_links":{"self":[{"href":"https:\/\/arpon.com.tr\/en\/wp-json\/wp\/v2\/product\/13092","targetHints":{"allow":["GET"]}}],"collection":[{"href":"https:\/\/arpon.com.tr\/en\/wp-json\/wp\/v2\/product"}],"about":[{"href":"https:\/\/arpon.com.tr\/en\/wp-json\/wp\/v2\/types\/product"}],"version-history":[{"count":0,"href":"https:\/\/arpon.com.tr\/en\/wp-json\/wp\/v2\/product\/13092\/revisions"}],"wp:featuredmedia":[{"embeddable":true,"href":"https:\/\/arpon.com.tr\/en\/wp-json\/wp\/v2\/media\/7849"}],"wp:attachment":[{"href":"https:\/\/arpon.com.tr\/en\/wp-json\/wp\/v2\/media?parent=13092"}],"wp:term":[{"taxonomy":"product_brand","embeddable":true,"href":"https:\/\/arpon.com.tr\/en\/wp-json\/wp\/v2\/product_brand?post=13092"},{"taxonomy":"product_cat","embeddable":true,"href":"https:\/\/arpon.com.tr\/en\/wp-json\/wp\/v2\/product_cat?post=13092"},{"taxonomy":"product_tag","embeddable":true,"href":"https:\/\/arpon.com.tr\/en\/wp-json\/wp\/v2\/product_tag?post=13092"}],"curies":[{"name":"wp","href":"https:\/\/api.w.org\/{rel}","templated":true}]}}