{"id":13190,"date":"2025-10-09T10:57:07","date_gmt":"2025-10-09T07:57:07","guid":{"rendered":"https:\/\/arpon.com.tr\/urun\/zenit-bluebox-pumping-stations\/"},"modified":"2025-10-09T10:57:07","modified_gmt":"2025-10-09T07:57:07","slug":"zenit-bluebox-pumping-stations","status":"publish","type":"product","link":"https:\/\/arpon.com.tr\/en\/urun\/zenit-bluebox-pumping-stations\/","title":{"rendered":"Zenit blueBOX Pumping Stations"},"content":{"rendered":"<p>Pumping stations have become indispensable for those seeking a low-cost, safe, and environmentally friendly solution.<\/p>\n<p>Polyethylene blueBOX pumping stations are an effective solution for collecting and pumping wastewater or drainage water into the sewer system. They are used in situations where the sewer system is very far away or where gravity discharge is not possible. <\/p>\n<p>These systems are preferred in facilities located below sewer level or in building renovation projects where the intended use of areas requiring hydraulic connections is changed.<\/p>\n<p>blueBOX booster stations can be mounted on the ground or underground and can be installed in a FIXED configuration or with an Automatic Connection System (DAC).<\/p>\n","protected":false},"excerpt":{"rendered":"<p>Polyethylene blueBOX pumping stations are an effective solution for collecting and pumping wastewater or drainage water into the sewer system. They are used in situations where the sewer system is very far away or where gravity discharge is not possible. <\/p>\n","protected":false},"featured_media":6353,"template":"","meta":{"_acf_changed":false,"_angie_page":false,"_eb_attr":""},"product_brand":[309],"product_cat":[471,432,461,472],"product_tag":[],"class_list":{"0":"post-13190","1":"product","2":"type-product","3":"status-publish","4":"has-post-thumbnail","6":"product_brand-zenit","7":"product_cat-centrifugal-pumps","8":"product_cat-products","9":"product_cat-pumps-and-accessories","10":"product_cat-wastewater-pumps","12":"first","13":"instock","14":"downloadable","15":"shipping-taxable","16":"product-type-simple"},"acf":[],"yoast_head":"<!-- This site is optimized with the Yoast SEO Premium plugin v27.3 (Yoast SEO v27.4) - https:\/\/yoast.com\/product\/yoast-seo-premium-wordpress\/ -->\n<title>Zenit blueBOX Pumping Stations - ARPON | Pompa,Blower,Dif\u00fcz\u00f6r,Dozaj,End\u00fcstriyel Hava Filtrasyon<\/title>\n<meta name=\"description\" content=\"Cost-effective and safe ZENIT pumping stations are ideal for wastewater pumping. Discover them now to quickly find a solution!\" \/>\n<meta name=\"robots\" content=\"index, follow, max-snippet:-1, max-image-preview:large, max-video-preview:-1\" \/>\n<link rel=\"canonical\" href=\"https:\/\/arpon.com.tr\/en\/urun\/zenit-bluebox-pumping-stations\/\" \/>\n<meta property=\"og:locale\" content=\"en_US\" \/>\n<meta property=\"og:type\" content=\"article\" \/>\n<meta property=\"og:title\" content=\"Zenit blueBOX Pumping Stations\" \/>\n<meta property=\"og:description\" content=\"Cost-effective and safe ZENIT pumping stations are ideal for wastewater pumping. Discover them now to quickly find a solution!\" \/>\n<meta property=\"og:url\" content=\"https:\/\/arpon.com.tr\/en\/urun\/zenit-bluebox-pumping-stations\/\" \/>\n<meta property=\"og:site_name\" content=\"ARPON | Pompa,Blower,Dif\u00fcz\u00f6r,Dozaj,End\u00fcstriyel Hava Filtrasyon\" \/>\n<meta property=\"og:image\" content=\"https:\/\/arpon.com.tr\/wp-content\/uploads\/2025\/10\/bluebox-1.jpg\" \/>\n\t<meta property=\"og:image:width\" content=\"1600\" \/>\n\t<meta property=\"og:image:height\" content=\"1200\" \/>\n\t<meta property=\"og:image:type\" content=\"image\/jpeg\" \/>\n<meta name=\"twitter:card\" content=\"summary_large_image\" \/>\n<meta name=\"twitter:label1\" content=\"Price\" \/>\n\t<meta name=\"twitter:data1\" content=\"\" \/>\n\t<meta name=\"twitter:label2\" content=\"Availability\" \/>\n\t<meta name=\"twitter:data2\" content=\"In stock\" \/>\n<meta property=\"product:price:amount\" content=\"0.00\" \/>\n<meta property=\"product:price:currency\" content=\"TRY\" \/>\n<meta property=\"og:availability\" content=\"instock\" \/>\n<meta property=\"product:availability\" content=\"instock\" \/>\n<meta property=\"product:condition\" content=\"new\" \/>\n<!-- \/ Yoast SEO Premium plugin. -->","yoast_head_json":{"title":"Zenit blueBOX Pumping Stations - ARPON | Pompa,Blower,Dif\u00fcz\u00f6r,Dozaj,End\u00fcstriyel Hava Filtrasyon","description":"Cost-effective and safe ZENIT pumping stations are ideal for wastewater pumping. Discover them now to quickly find a solution!","robots":{"index":"index","follow":"follow","max-snippet":"max-snippet:-1","max-image-preview":"max-image-preview:large","max-video-preview":"max-video-preview:-1"},"canonical":"https:\/\/arpon.com.tr\/en\/urun\/zenit-bluebox-pumping-stations\/","og_locale":"en_US","og_type":"article","og_title":"Zenit blueBOX Pumping Stations","og_description":"Cost-effective and safe ZENIT pumping stations are ideal for wastewater pumping. Discover them now to quickly find a solution!","og_url":"https:\/\/arpon.com.tr\/en\/urun\/zenit-bluebox-pumping-stations\/","og_site_name":"ARPON | Pompa,Blower,Dif\u00fcz\u00f6r,Dozaj,End\u00fcstriyel Hava Filtrasyon","og_image":[{"width":1600,"height":1200,"url":"https:\/\/arpon.com.tr\/wp-content\/uploads\/2025\/10\/bluebox-1.jpg","type":"image\/jpeg"}],"twitter_card":"summary_large_image","twitter_misc":{"Price":"","Availability":"In stock"},"schema":{"@context":"https:\/\/schema.org","@graph":[{"@type":"WebPage","@id":"https:\/\/arpon.com.tr\/en\/urun\/zenit-bluebox-pumping-stations\/","url":"https:\/\/arpon.com.tr\/en\/urun\/zenit-bluebox-pumping-stations\/","name":"Zenit blueBOX Pumping Stations - ARPON | Pompa,Blower,Dif\u00fcz\u00f6r,Dozaj,End\u00fcstriyel Hava Filtrasyon","isPartOf":{"@id":"https:\/\/arpon.com.tr\/en\/#website"},"primaryImageOfPage":{"@id":"https:\/\/arpon.com.tr\/en\/urun\/zenit-bluebox-pumping-stations\/#primaryimage"},"image":{"@id":"https:\/\/arpon.com.tr\/en\/urun\/zenit-bluebox-pumping-stations\/#primaryimage"},"thumbnailUrl":"https:\/\/arpon.com.tr\/wp-content\/uploads\/2025\/10\/bluebox-1.jpg","datePublished":"2025-10-09T07:57:07+00:00","description":"Cost-effective and safe ZENIT pumping stations are ideal for wastewater pumping. Discover them now to quickly find a solution!","breadcrumb":{"@id":"https:\/\/arpon.com.tr\/en\/urun\/zenit-bluebox-pumping-stations\/#breadcrumb"},"inLanguage":"en-US","potentialAction":[{"@type":"ReadAction","target":["https:\/\/arpon.com.tr\/en\/urun\/zenit-bluebox-pumping-stations\/"]}]},{"@type":"ImageObject","inLanguage":"en-US","@id":"https:\/\/arpon.com.tr\/en\/urun\/zenit-bluebox-pumping-stations\/#primaryimage","url":"https:\/\/arpon.com.tr\/wp-content\/uploads\/2025\/10\/bluebox-1.jpg","contentUrl":"https:\/\/arpon.com.tr\/wp-content\/uploads\/2025\/10\/bluebox-1.jpg","width":1600,"height":1200},{"@type":"BreadcrumbList","@id":"https:\/\/arpon.com.tr\/en\/urun\/zenit-bluebox-pumping-stations\/#breadcrumb","itemListElement":[{"@type":"ListItem","position":1,"name":"Anasayfa","item":"https:\/\/arpon.com.tr\/en\/"},{"@type":"ListItem","position":2,"name":"Shop","item":"https:\/\/arpon.com.tr\/en\/shop\/"},{"@type":"ListItem","position":3,"name":"Zenit blueBOX Pumping Stations"}]},{"@type":"WebSite","@id":"https:\/\/arpon.com.tr\/en\/#website","url":"https:\/\/arpon.com.tr\/en\/","name":"ARPON | Pompa, Blower, Dif\u00fcz\u00f6r, Dozaj, End\u00fcstriyel Hava Filtrasyon","description":"ARPON","publisher":{"@id":"https:\/\/arpon.com.tr\/en\/#organization"},"potentialAction":[{"@type":"SearchAction","target":{"@type":"EntryPoint","urlTemplate":"https:\/\/arpon.com.tr\/en\/?s={search_term_string}"},"query-input":{"@type":"PropertyValueSpecification","valueRequired":true,"valueName":"search_term_string"}}],"inLanguage":"en-US"},{"@type":["Organization","Place"],"@id":"https:\/\/arpon.com.tr\/en\/#organization","name":"Arpon End\u00fcstriyel Ekipmanlar San. Tic. Ltd. \u015eti.","url":"https:\/\/arpon.com.tr\/en\/","logo":{"@id":"https:\/\/arpon.com.tr\/en\/urun\/zenit-bluebox-pumping-stations\/#local-main-organization-logo"},"image":{"@id":"https:\/\/arpon.com.tr\/en\/urun\/zenit-bluebox-pumping-stations\/#local-main-organization-logo"},"sameAs":["https:\/\/www.youtube.com\/channel\/UCwjBY3SvkX5IBFH4PsIOaxw","https:\/\/www.linkedin.com\/company\/arpon-endstriyel"],"telephone":[],"openingHoursSpecification":[{"@type":"OpeningHoursSpecification","dayOfWeek":["Monday","Tuesday","Wednesday","Thursday","Friday","Saturday","Sunday"],"opens":"09:00","closes":"17:00"}]},{"@type":"ImageObject","inLanguage":"en-US","@id":"https:\/\/arpon.com.tr\/en\/urun\/zenit-bluebox-pumping-stations\/#local-main-organization-logo","url":"https:\/\/arpon.com.tr\/wp-content\/uploads\/2025\/10\/arpon-default.png","contentUrl":"https:\/\/arpon.com.tr\/wp-content\/uploads\/2025\/10\/arpon-default.png","width":300,"height":200,"caption":"Arpon End\u00fcstriyel Ekipmanlar San. Tic. Ltd. \u015eti."}]},"product_price_amount":"0.00","product_price_currency":"TRY","og_availability":"instock","product_availability":"instock","product_condition":"new"},"_links":{"self":[{"href":"https:\/\/arpon.com.tr\/en\/wp-json\/wp\/v2\/product\/13190","targetHints":{"allow":["GET"]}}],"collection":[{"href":"https:\/\/arpon.com.tr\/en\/wp-json\/wp\/v2\/product"}],"about":[{"href":"https:\/\/arpon.com.tr\/en\/wp-json\/wp\/v2\/types\/product"}],"version-history":[{"count":0,"href":"https:\/\/arpon.com.tr\/en\/wp-json\/wp\/v2\/product\/13190\/revisions"}],"wp:featuredmedia":[{"embeddable":true,"href":"https:\/\/arpon.com.tr\/en\/wp-json\/wp\/v2\/media\/6353"}],"wp:attachment":[{"href":"https:\/\/arpon.com.tr\/en\/wp-json\/wp\/v2\/media?parent=13190"}],"wp:term":[{"taxonomy":"product_brand","embeddable":true,"href":"https:\/\/arpon.com.tr\/en\/wp-json\/wp\/v2\/product_brand?post=13190"},{"taxonomy":"product_cat","embeddable":true,"href":"https:\/\/arpon.com.tr\/en\/wp-json\/wp\/v2\/product_cat?post=13190"},{"taxonomy":"product_tag","embeddable":true,"href":"https:\/\/arpon.com.tr\/en\/wp-json\/wp\/v2\/product_tag?post=13190"}],"curies":[{"name":"wp","href":"https:\/\/api.w.org\/{rel}","templated":true}]}}