{"id":13215,"date":"2025-10-09T10:32:20","date_gmt":"2025-10-09T07:32:20","guid":{"rendered":"https:\/\/arpon.com.tr\/urun\/zenit-uniqa-series-chopper-pumps\/"},"modified":"2025-10-09T10:32:20","modified_gmt":"2025-10-09T07:32:20","slug":"zenit-uniqa-series-chopper-pumps","status":"publish","type":"product","link":"https:\/\/arpon.com.tr\/en\/urun\/zenit-uniqa-series-chopper-pumps\/","title":{"rendered":"Zenit UNIQA Series Chopper Pumps"},"content":{"rendered":"<p>Zenit has expanded its UNIQA series by developing models equipped with high-efficiency engines specifically designed for heavily contaminated wastewater and a special Chopper hydraulic system.<\/p>\n<p>Thanks to their efficient shredding system, these pumps can cut and discharge all biodegradable solids in wastewater, thus ensuring uninterrupted and reliable operation.<\/p>\n<p>Wastewater treatment plants tend to accumulate high amounts of solid matter, including large-sized solid waste. This can cause impeller clogging and pipe blockage, significantly reducing the efficiency of the pumping station. <\/p>\n<p>The use of filter grids is not an effective solution because in environments with high volumes of contaminated water, continuous monitoring and frequent cleaning of collected solid waste are required.<\/p>\n","protected":false},"excerpt":{"rendered":"<p>Zenit has expanded its UNIQA series by developing models equipped with high-efficiency engines specifically designed for heavily contaminated wastewater and a special Chopper hydraulic system.<\/p>\n","protected":false},"featured_media":6345,"template":"","meta":{"_acf_changed":false,"_angie_page":false,"_eb_attr":""},"product_brand":[309],"product_cat":[471,432,461,472],"product_tag":[],"class_list":{"0":"post-13215","1":"product","2":"type-product","3":"status-publish","4":"has-post-thumbnail","6":"product_brand-zenit","7":"product_cat-centrifugal-pumps","8":"product_cat-products","9":"product_cat-pumps-and-accessories","10":"product_cat-wastewater-pumps","12":"first","13":"instock","14":"downloadable","15":"shipping-taxable","16":"product-type-simple"},"acf":[],"yoast_head":"<!-- This site is optimized with the Yoast SEO Premium plugin v27.3 (Yoast SEO v27.4) - https:\/\/yoast.com\/product\/yoast-seo-premium-wordpress\/ -->\n<title>Zenit UNIQA Series Chopper Pumps - ARPON | Pompa,Blower,Dif\u00fcz\u00f6r,Dozaj,End\u00fcstriyel Hava Filtrasyon<\/title>\n<meta name=\"description\" content=\"Zenit UNIQA Series shredding pumps offer high efficiency for heavily contaminated wastewater. Choose them for reliable operation with an effective shredding system.\" \/>\n<meta name=\"robots\" content=\"index, follow, max-snippet:-1, max-image-preview:large, max-video-preview:-1\" \/>\n<link rel=\"canonical\" href=\"https:\/\/arpon.com.tr\/en\/urun\/zenit-uniqa-series-chopper-pumps\/\" \/>\n<meta property=\"og:locale\" content=\"en_US\" \/>\n<meta property=\"og:type\" content=\"article\" \/>\n<meta property=\"og:title\" content=\"Zenit UNIQA Series Chopper Pumps\" \/>\n<meta property=\"og:description\" content=\"Zenit UNIQA Series shredding pumps offer high efficiency for heavily contaminated wastewater. Choose them for reliable operation with an effective shredding system.\" \/>\n<meta property=\"og:url\" content=\"https:\/\/arpon.com.tr\/en\/urun\/zenit-uniqa-series-chopper-pumps\/\" \/>\n<meta property=\"og:site_name\" content=\"ARPON | Pompa,Blower,Dif\u00fcz\u00f6r,Dozaj,End\u00fcstriyel Hava Filtrasyon\" \/>\n<meta property=\"og:image\" content=\"https:\/\/arpon.com.tr\/wp-content\/uploads\/2025\/10\/Impeller_Uniqa_CP_v2.jpg\" \/>\n\t<meta property=\"og:image:width\" content=\"1600\" \/>\n\t<meta property=\"og:image:height\" content=\"1200\" \/>\n\t<meta property=\"og:image:type\" content=\"image\/jpeg\" \/>\n<meta name=\"twitter:card\" content=\"summary_large_image\" \/>\n<meta name=\"twitter:label1\" content=\"Price\" \/>\n\t<meta name=\"twitter:data1\" content=\"\" \/>\n\t<meta name=\"twitter:label2\" content=\"Availability\" \/>\n\t<meta name=\"twitter:data2\" content=\"In stock\" \/>\n<meta property=\"product:price:amount\" content=\"0.00\" \/>\n<meta property=\"product:price:currency\" content=\"TRY\" \/>\n<meta property=\"og:availability\" content=\"instock\" \/>\n<meta property=\"product:availability\" content=\"instock\" \/>\n<meta property=\"product:condition\" content=\"new\" \/>\n<!-- \/ Yoast SEO Premium plugin. -->","yoast_head_json":{"title":"Zenit UNIQA Series Chopper Pumps - ARPON | Pompa,Blower,Dif\u00fcz\u00f6r,Dozaj,End\u00fcstriyel Hava Filtrasyon","description":"Zenit UNIQA Series shredding pumps offer high efficiency for heavily contaminated wastewater. Choose them for reliable operation with an effective shredding system.","robots":{"index":"index","follow":"follow","max-snippet":"max-snippet:-1","max-image-preview":"max-image-preview:large","max-video-preview":"max-video-preview:-1"},"canonical":"https:\/\/arpon.com.tr\/en\/urun\/zenit-uniqa-series-chopper-pumps\/","og_locale":"en_US","og_type":"article","og_title":"Zenit UNIQA Series Chopper Pumps","og_description":"Zenit UNIQA Series shredding pumps offer high efficiency for heavily contaminated wastewater. Choose them for reliable operation with an effective shredding system.","og_url":"https:\/\/arpon.com.tr\/en\/urun\/zenit-uniqa-series-chopper-pumps\/","og_site_name":"ARPON | Pompa,Blower,Dif\u00fcz\u00f6r,Dozaj,End\u00fcstriyel Hava Filtrasyon","og_image":[{"width":1600,"height":1200,"url":"https:\/\/arpon.com.tr\/wp-content\/uploads\/2025\/10\/Impeller_Uniqa_CP_v2.jpg","type":"image\/jpeg"}],"twitter_card":"summary_large_image","twitter_misc":{"Price":"","Availability":"In stock"},"schema":{"@context":"https:\/\/schema.org","@graph":[{"@type":"WebPage","@id":"https:\/\/arpon.com.tr\/en\/urun\/zenit-uniqa-series-chopper-pumps\/","url":"https:\/\/arpon.com.tr\/en\/urun\/zenit-uniqa-series-chopper-pumps\/","name":"Zenit UNIQA Series Chopper Pumps - ARPON | Pompa,Blower,Dif\u00fcz\u00f6r,Dozaj,End\u00fcstriyel Hava Filtrasyon","isPartOf":{"@id":"https:\/\/arpon.com.tr\/en\/#website"},"primaryImageOfPage":{"@id":"https:\/\/arpon.com.tr\/en\/urun\/zenit-uniqa-series-chopper-pumps\/#primaryimage"},"image":{"@id":"https:\/\/arpon.com.tr\/en\/urun\/zenit-uniqa-series-chopper-pumps\/#primaryimage"},"thumbnailUrl":"https:\/\/arpon.com.tr\/wp-content\/uploads\/2025\/10\/Impeller_Uniqa_CP_v2.jpg","datePublished":"2025-10-09T07:32:20+00:00","description":"Zenit UNIQA Series shredding pumps offer high efficiency for heavily contaminated wastewater. Choose them for reliable operation with an effective shredding system.","breadcrumb":{"@id":"https:\/\/arpon.com.tr\/en\/urun\/zenit-uniqa-series-chopper-pumps\/#breadcrumb"},"inLanguage":"en-US","potentialAction":[{"@type":"ReadAction","target":["https:\/\/arpon.com.tr\/en\/urun\/zenit-uniqa-series-chopper-pumps\/"]}]},{"@type":"ImageObject","inLanguage":"en-US","@id":"https:\/\/arpon.com.tr\/en\/urun\/zenit-uniqa-series-chopper-pumps\/#primaryimage","url":"https:\/\/arpon.com.tr\/wp-content\/uploads\/2025\/10\/Impeller_Uniqa_CP_v2.jpg","contentUrl":"https:\/\/arpon.com.tr\/wp-content\/uploads\/2025\/10\/Impeller_Uniqa_CP_v2.jpg","width":1600,"height":1200},{"@type":"BreadcrumbList","@id":"https:\/\/arpon.com.tr\/en\/urun\/zenit-uniqa-series-chopper-pumps\/#breadcrumb","itemListElement":[{"@type":"ListItem","position":1,"name":"Anasayfa","item":"https:\/\/arpon.com.tr\/en\/"},{"@type":"ListItem","position":2,"name":"Shop","item":"https:\/\/arpon.com.tr\/en\/shop\/"},{"@type":"ListItem","position":3,"name":"Zenit UNIQA Series Chopper Pumps"}]},{"@type":"WebSite","@id":"https:\/\/arpon.com.tr\/en\/#website","url":"https:\/\/arpon.com.tr\/en\/","name":"ARPON | Pompa, Blower, Dif\u00fcz\u00f6r, Dozaj, End\u00fcstriyel Hava Filtrasyon","description":"ARPON","publisher":{"@id":"https:\/\/arpon.com.tr\/en\/#organization"},"potentialAction":[{"@type":"SearchAction","target":{"@type":"EntryPoint","urlTemplate":"https:\/\/arpon.com.tr\/en\/?s={search_term_string}"},"query-input":{"@type":"PropertyValueSpecification","valueRequired":true,"valueName":"search_term_string"}}],"inLanguage":"en-US"},{"@type":["Organization","Place"],"@id":"https:\/\/arpon.com.tr\/en\/#organization","name":"Arpon End\u00fcstriyel Ekipmanlar San. Tic. Ltd. \u015eti.","url":"https:\/\/arpon.com.tr\/en\/","logo":{"@id":"https:\/\/arpon.com.tr\/en\/urun\/zenit-uniqa-series-chopper-pumps\/#local-main-organization-logo"},"image":{"@id":"https:\/\/arpon.com.tr\/en\/urun\/zenit-uniqa-series-chopper-pumps\/#local-main-organization-logo"},"sameAs":["https:\/\/www.youtube.com\/channel\/UCwjBY3SvkX5IBFH4PsIOaxw","https:\/\/www.linkedin.com\/company\/arpon-endstriyel"],"telephone":[],"openingHoursSpecification":[{"@type":"OpeningHoursSpecification","dayOfWeek":["Monday","Tuesday","Wednesday","Thursday","Friday","Saturday","Sunday"],"opens":"09:00","closes":"17:00"}]},{"@type":"ImageObject","inLanguage":"en-US","@id":"https:\/\/arpon.com.tr\/en\/urun\/zenit-uniqa-series-chopper-pumps\/#local-main-organization-logo","url":"https:\/\/arpon.com.tr\/wp-content\/uploads\/2025\/10\/arpon-default.png","contentUrl":"https:\/\/arpon.com.tr\/wp-content\/uploads\/2025\/10\/arpon-default.png","width":300,"height":200,"caption":"Arpon End\u00fcstriyel Ekipmanlar San. Tic. Ltd. \u015eti."}]},"product_price_amount":"0.00","product_price_currency":"TRY","og_availability":"instock","product_availability":"instock","product_condition":"new"},"_links":{"self":[{"href":"https:\/\/arpon.com.tr\/en\/wp-json\/wp\/v2\/product\/13215","targetHints":{"allow":["GET"]}}],"collection":[{"href":"https:\/\/arpon.com.tr\/en\/wp-json\/wp\/v2\/product"}],"about":[{"href":"https:\/\/arpon.com.tr\/en\/wp-json\/wp\/v2\/types\/product"}],"version-history":[{"count":0,"href":"https:\/\/arpon.com.tr\/en\/wp-json\/wp\/v2\/product\/13215\/revisions"}],"wp:featuredmedia":[{"embeddable":true,"href":"https:\/\/arpon.com.tr\/en\/wp-json\/wp\/v2\/media\/6345"}],"wp:attachment":[{"href":"https:\/\/arpon.com.tr\/en\/wp-json\/wp\/v2\/media?parent=13215"}],"wp:term":[{"taxonomy":"product_brand","embeddable":true,"href":"https:\/\/arpon.com.tr\/en\/wp-json\/wp\/v2\/product_brand?post=13215"},{"taxonomy":"product_cat","embeddable":true,"href":"https:\/\/arpon.com.tr\/en\/wp-json\/wp\/v2\/product_cat?post=13215"},{"taxonomy":"product_tag","embeddable":true,"href":"https:\/\/arpon.com.tr\/en\/wp-json\/wp\/v2\/product_tag?post=13215"}],"curies":[{"name":"wp","href":"https:\/\/api.w.org\/{rel}","templated":true}]}}