{"id":13326,"date":"2025-09-30T15:44:00","date_gmt":"2025-09-30T12:44:00","guid":{"rendered":"https:\/\/arpon.com.tr\/urun\/wanner-hydra-cell-safety-valves\/"},"modified":"2025-09-30T15:44:00","modified_gmt":"2025-09-30T12:44:00","slug":"wanner-hydra-cell-safety-valves","status":"publish","type":"product","link":"https:\/\/arpon.com.tr\/en\/urun\/wanner-hydra-cell-safety-valves\/","title":{"rendered":"WANNER&#x2122; Hydra-Cell\u00ae Safety Valves"},"content":{"rendered":"<p>In bypass systems, Hydra-Cell regulating valves automatically open to relieve pressure in the pipeline in the event of sudden, unwanted overpressure, and return to their original position once the system has drained and the pressure has returned to its previous value.<\/p>\n<p>In multiple spray applications, these valves help balance the system.<\/p>\n<p>The design consists of a pointed conical thrust shaft and valve seat. If the system pressure exceeds the normal operating pressure, a spring on the thrust shaft separates it from the seat, diverting the flow to the bypass side and reducing the system pressure. Thanks to a special baffle on the other side of the shaft inside the valve, the fluid is discharged without directly contacting or damaging the internal parts. Access to the internal parts and maintenance can be achieved by opening the top of the body; worn parts can be replaced quickly and easily, and these operations can be performed in the field without removing the valves.   <\/p>\n<p>Various body materials and pressure ranges are available.<\/p>\n<p>&nbsp;<\/p>\n","protected":false},"excerpt":{"rendered":"<p>In bypass systems, Hydra-Cell regulating valves automatically open to relieve pressure in the pipeline in the event of sudden, unwanted overpressure, and return to their original position once the system has drained and the pressure has returned to its previous value.<\/p>\n","protected":false},"featured_media":7630,"template":"","meta":{"_acf_changed":false,"_angie_page":false,"_eb_attr":""},"product_brand":[404],"product_cat":[462,432,461],"product_tag":[],"class_list":{"0":"post-13326","1":"product","2":"type-product","3":"status-publish","4":"has-post-thumbnail","6":"product_brand-wanner-hydra-cell","7":"product_cat-positive-displacement-pumps","8":"product_cat-products","9":"product_cat-pumps-and-accessories","11":"first","12":"instock","13":"downloadable","14":"shipping-taxable","15":"product-type-simple"},"acf":[],"yoast_head":"<!-- This site is optimized with the Yoast SEO Premium plugin v27.3 (Yoast SEO v27.4) - https:\/\/yoast.com\/product\/yoast-seo-premium-wordpress\/ -->\n<title>WANNER&#x2122; Hydra-Cell\u00ae Safety Valves - ARPON | Pompa,Blower,Dif\u00fcz\u00f6r,Dozaj,End\u00fcstriyel Hava Filtrasyon<\/title>\n<meta name=\"robots\" content=\"index, follow, max-snippet:-1, max-image-preview:large, max-video-preview:-1\" \/>\n<link rel=\"canonical\" href=\"https:\/\/arpon.com.tr\/en\/urun\/wanner-hydra-cell-safety-valves\/\" \/>\n<meta property=\"og:locale\" content=\"en_US\" \/>\n<meta property=\"og:type\" content=\"article\" \/>\n<meta property=\"og:title\" content=\"WANNER&#x2122; Hydra-Cell\u00ae Safety Valves\" \/>\n<meta property=\"og:description\" content=\"In bypass systems, Hydra-Cell regulating valves automatically open to relieve pressure in the pipeline in the event of sudden, unwanted overpressure, and return to their original position once the system has drained and the pressure has returned to its previous value.\" \/>\n<meta property=\"og:url\" content=\"https:\/\/arpon.com.tr\/en\/urun\/wanner-hydra-cell-safety-valves\/\" \/>\n<meta property=\"og:site_name\" content=\"ARPON | Pompa,Blower,Dif\u00fcz\u00f6r,Dozaj,End\u00fcstriyel Hava Filtrasyon\" \/>\n<meta property=\"og:image\" content=\"https:\/\/arpon.com.tr\/wp-content\/uploads\/2025\/09\/P_CONTROLLER_Kit.jpg\" \/>\n\t<meta property=\"og:image:width\" content=\"1600\" \/>\n\t<meta property=\"og:image:height\" content=\"1200\" \/>\n\t<meta property=\"og:image:type\" content=\"image\/jpeg\" \/>\n<meta name=\"twitter:card\" content=\"summary_large_image\" \/>\n<meta name=\"twitter:label1\" content=\"Price\" \/>\n\t<meta name=\"twitter:data1\" content=\"\" \/>\n\t<meta name=\"twitter:label2\" content=\"Availability\" \/>\n\t<meta name=\"twitter:data2\" content=\"In stock\" \/>\n<meta property=\"product:price:amount\" content=\"0.00\" \/>\n<meta property=\"product:price:currency\" content=\"TRY\" \/>\n<meta property=\"og:availability\" content=\"instock\" \/>\n<meta property=\"product:availability\" content=\"instock\" \/>\n<meta property=\"product:condition\" content=\"new\" \/>\n<!-- \/ Yoast SEO Premium plugin. -->","yoast_head_json":{"title":"WANNER&#x2122; Hydra-Cell\u00ae Safety Valves - ARPON | Pompa,Blower,Dif\u00fcz\u00f6r,Dozaj,End\u00fcstriyel Hava Filtrasyon","robots":{"index":"index","follow":"follow","max-snippet":"max-snippet:-1","max-image-preview":"max-image-preview:large","max-video-preview":"max-video-preview:-1"},"canonical":"https:\/\/arpon.com.tr\/en\/urun\/wanner-hydra-cell-safety-valves\/","og_locale":"en_US","og_type":"article","og_title":"WANNER&#x2122; Hydra-Cell\u00ae Safety Valves","og_description":"In bypass systems, Hydra-Cell regulating valves automatically open to relieve pressure in the pipeline in the event of sudden, unwanted overpressure, and return to their original position once the system has drained and the pressure has returned to its previous value.","og_url":"https:\/\/arpon.com.tr\/en\/urun\/wanner-hydra-cell-safety-valves\/","og_site_name":"ARPON | Pompa,Blower,Dif\u00fcz\u00f6r,Dozaj,End\u00fcstriyel Hava Filtrasyon","og_image":[{"width":1600,"height":1200,"url":"https:\/\/arpon.com.tr\/wp-content\/uploads\/2025\/09\/P_CONTROLLER_Kit.jpg","type":"image\/jpeg"}],"twitter_card":"summary_large_image","twitter_misc":{"Price":"","Availability":"In stock"},"schema":{"@context":"https:\/\/schema.org","@graph":[{"@type":"WebPage","@id":"https:\/\/arpon.com.tr\/en\/urun\/wanner-hydra-cell-safety-valves\/","url":"https:\/\/arpon.com.tr\/en\/urun\/wanner-hydra-cell-safety-valves\/","name":"WANNER&#x2122; Hydra-Cell\u00ae Safety Valves - ARPON | Pompa,Blower,Dif\u00fcz\u00f6r,Dozaj,End\u00fcstriyel Hava Filtrasyon","isPartOf":{"@id":"https:\/\/arpon.com.tr\/en\/#website"},"primaryImageOfPage":{"@id":"https:\/\/arpon.com.tr\/en\/urun\/wanner-hydra-cell-safety-valves\/#primaryimage"},"image":{"@id":"https:\/\/arpon.com.tr\/en\/urun\/wanner-hydra-cell-safety-valves\/#primaryimage"},"thumbnailUrl":"https:\/\/arpon.com.tr\/wp-content\/uploads\/2025\/09\/P_CONTROLLER_Kit.jpg","datePublished":"2025-09-30T12:44:00+00:00","breadcrumb":{"@id":"https:\/\/arpon.com.tr\/en\/urun\/wanner-hydra-cell-safety-valves\/#breadcrumb"},"inLanguage":"en-US","potentialAction":[{"@type":"ReadAction","target":["https:\/\/arpon.com.tr\/en\/urun\/wanner-hydra-cell-safety-valves\/"]}]},{"@type":"ImageObject","inLanguage":"en-US","@id":"https:\/\/arpon.com.tr\/en\/urun\/wanner-hydra-cell-safety-valves\/#primaryimage","url":"https:\/\/arpon.com.tr\/wp-content\/uploads\/2025\/09\/P_CONTROLLER_Kit.jpg","contentUrl":"https:\/\/arpon.com.tr\/wp-content\/uploads\/2025\/09\/P_CONTROLLER_Kit.jpg","width":1600,"height":1200},{"@type":"BreadcrumbList","@id":"https:\/\/arpon.com.tr\/en\/urun\/wanner-hydra-cell-safety-valves\/#breadcrumb","itemListElement":[{"@type":"ListItem","position":1,"name":"Anasayfa","item":"https:\/\/arpon.com.tr\/en\/"},{"@type":"ListItem","position":2,"name":"Shop","item":"https:\/\/arpon.com.tr\/en\/shop\/"},{"@type":"ListItem","position":3,"name":"WANNER&#x2122; Hydra-Cell\u00ae Safety Valves"}]},{"@type":"WebSite","@id":"https:\/\/arpon.com.tr\/en\/#website","url":"https:\/\/arpon.com.tr\/en\/","name":"ARPON | Pompa, Blower, Dif\u00fcz\u00f6r, Dozaj, End\u00fcstriyel Hava Filtrasyon","description":"ARPON","publisher":{"@id":"https:\/\/arpon.com.tr\/en\/#organization"},"potentialAction":[{"@type":"SearchAction","target":{"@type":"EntryPoint","urlTemplate":"https:\/\/arpon.com.tr\/en\/?s={search_term_string}"},"query-input":{"@type":"PropertyValueSpecification","valueRequired":true,"valueName":"search_term_string"}}],"inLanguage":"en-US"},{"@type":["Organization","Place"],"@id":"https:\/\/arpon.com.tr\/en\/#organization","name":"Arpon End\u00fcstriyel Ekipmanlar San. Tic. Ltd. \u015eti.","url":"https:\/\/arpon.com.tr\/en\/","logo":{"@id":"https:\/\/arpon.com.tr\/en\/urun\/wanner-hydra-cell-safety-valves\/#local-main-organization-logo"},"image":{"@id":"https:\/\/arpon.com.tr\/en\/urun\/wanner-hydra-cell-safety-valves\/#local-main-organization-logo"},"sameAs":["https:\/\/www.youtube.com\/channel\/UCwjBY3SvkX5IBFH4PsIOaxw","https:\/\/www.linkedin.com\/company\/arpon-endstriyel"],"telephone":[],"openingHoursSpecification":[{"@type":"OpeningHoursSpecification","dayOfWeek":["Monday","Tuesday","Wednesday","Thursday","Friday","Saturday","Sunday"],"opens":"09:00","closes":"17:00"}]},{"@type":"ImageObject","inLanguage":"en-US","@id":"https:\/\/arpon.com.tr\/en\/urun\/wanner-hydra-cell-safety-valves\/#local-main-organization-logo","url":"https:\/\/arpon.com.tr\/wp-content\/uploads\/2025\/10\/arpon-default.png","contentUrl":"https:\/\/arpon.com.tr\/wp-content\/uploads\/2025\/10\/arpon-default.png","width":300,"height":200,"caption":"Arpon End\u00fcstriyel Ekipmanlar San. Tic. Ltd. \u015eti."}]},"product_price_amount":"0.00","product_price_currency":"TRY","og_availability":"instock","product_availability":"instock","product_condition":"new"},"_links":{"self":[{"href":"https:\/\/arpon.com.tr\/en\/wp-json\/wp\/v2\/product\/13326","targetHints":{"allow":["GET"]}}],"collection":[{"href":"https:\/\/arpon.com.tr\/en\/wp-json\/wp\/v2\/product"}],"about":[{"href":"https:\/\/arpon.com.tr\/en\/wp-json\/wp\/v2\/types\/product"}],"version-history":[{"count":0,"href":"https:\/\/arpon.com.tr\/en\/wp-json\/wp\/v2\/product\/13326\/revisions"}],"wp:featuredmedia":[{"embeddable":true,"href":"https:\/\/arpon.com.tr\/en\/wp-json\/wp\/v2\/media\/7630"}],"wp:attachment":[{"href":"https:\/\/arpon.com.tr\/en\/wp-json\/wp\/v2\/media?parent=13326"}],"wp:term":[{"taxonomy":"product_brand","embeddable":true,"href":"https:\/\/arpon.com.tr\/en\/wp-json\/wp\/v2\/product_brand?post=13326"},{"taxonomy":"product_cat","embeddable":true,"href":"https:\/\/arpon.com.tr\/en\/wp-json\/wp\/v2\/product_cat?post=13326"},{"taxonomy":"product_tag","embeddable":true,"href":"https:\/\/arpon.com.tr\/en\/wp-json\/wp\/v2\/product_tag?post=13326"}],"curies":[{"name":"wp","href":"https:\/\/api.w.org\/{rel}","templated":true}]}}