{"id":13434,"date":"2025-09-29T12:49:05","date_gmt":"2025-09-29T09:49:05","guid":{"rendered":"https:\/\/arpon.com.tr\/urun\/verderair-hc-pure-series-air-diaphragm-pumps\/"},"modified":"2026-01-05T16:07:23","modified_gmt":"2026-01-05T13:07:23","slug":"verderair-hc-pure-series-air-diaphragm-pumps","status":"publish","type":"product","link":"https:\/\/arpon.com.tr\/en\/urun\/verderair-hc-pure-series-air-diaphragm-pumps\/","title":{"rendered":"Verderair HC-PURE Series Air Diaphragm Pumps"},"content":{"rendered":"<p>Verderair HC-PURE series hygienic double diaphragm pumps are designed for a variety of hygienic applications. Electropolished surfaces reduce bacterial growth and the risk of contamination.  The pumps are manufactured from SS 316L stainless steel, meeting the highest hygienic design standards. Easy maintenance and long service life increase efficiency by reducing downtime in your production process. <\/p>\n<p><em><span style=\"font-size: 14pt;\"><strong>Hygienic durability thanks to excellent cleanability.<\/strong><\/span><\/em><\/p>\n<ul>\n<li>Compliant with EN 1935\/2004 &amp; FDA standards.<\/li>\n<li>Electropolished surface<\/li>\n<li>Easy maintenance<\/li>\n<li>DIN 11851 or Tri-Clamp fittings.<\/li>\n<\/ul>\n<p>&nbsp;<\/p>\n","protected":false},"excerpt":{"rendered":"<p>Verderair HC-PURE series hygienic double diaphragm pumps are designed for a variety of hygienic applications. Electropolished surfaces reduce bacterial growth and the risk of contamination. <\/p>\n","protected":false},"featured_media":13435,"template":"","meta":{"_acf_changed":false,"_angie_page":false,"_eb_attr":""},"product_brand":[291],"product_cat":[466,462,461],"product_tag":[],"class_list":{"0":"post-13434","1":"product","2":"type-product","3":"status-publish","4":"has-post-thumbnail","6":"product_brand-verder-air","7":"product_cat-air-diaphragm-pumps","8":"product_cat-positive-displacement-pumps","9":"product_cat-pumps-and-accessories","11":"first","12":"instock","13":"downloadable","14":"shipping-taxable","15":"product-type-simple"},"acf":[],"yoast_head":"<!-- This site is optimized with the Yoast SEO Premium plugin v27.2 (Yoast SEO v27.2) - https:\/\/yoast.com\/product\/yoast-seo-premium-wordpress\/ -->\n<title>Verderair HC-PURE Series Air Diaphragm Pumps - ARPON | Pompa,Blower,Dif\u00fcz\u00f6r,Dozaj,End\u00fcstriyel Hava Filtrasyon<\/title>\n<meta name=\"robots\" content=\"index, follow, max-snippet:-1, max-image-preview:large, max-video-preview:-1\" \/>\n<link rel=\"canonical\" href=\"https:\/\/arpon.com.tr\/en\/urun\/verderair-hc-pure-series-air-diaphragm-pumps\/\" \/>\n<meta property=\"og:locale\" content=\"en_US\" \/>\n<meta property=\"og:type\" content=\"article\" \/>\n<meta property=\"og:title\" content=\"Verderair HC-PURE Series Air Diaphragm Pumps\" \/>\n<meta property=\"og:description\" content=\"Verderair HC-PURE series hygienic double diaphragm pumps are designed for a variety of hygienic applications. Electropolished surfaces reduce bacterial growth and the risk of contamination.\" \/>\n<meta property=\"og:url\" content=\"https:\/\/arpon.com.tr\/en\/urun\/verderair-hc-pure-series-air-diaphragm-pumps\/\" \/>\n<meta property=\"og:site_name\" content=\"ARPON | Pompa,Blower,Dif\u00fcz\u00f6r,Dozaj,End\u00fcstriyel Hava Filtrasyon\" \/>\n<meta property=\"article:modified_time\" content=\"2026-01-05T13:07:23+00:00\" \/>\n<meta property=\"og:image\" content=\"https:\/\/arpon.com.tr\/wp-content\/uploads\/2025\/09\/HC-PURE.jpg\" \/>\n\t<meta property=\"og:image:width\" content=\"1600\" \/>\n\t<meta property=\"og:image:height\" content=\"1200\" \/>\n\t<meta property=\"og:image:type\" content=\"image\/jpeg\" \/>\n<meta name=\"twitter:card\" content=\"summary_large_image\" \/>\n<meta name=\"twitter:label1\" content=\"Price\" \/>\n\t<meta name=\"twitter:data1\" content=\"\" \/>\n\t<meta name=\"twitter:label2\" content=\"Availability\" \/>\n\t<meta name=\"twitter:data2\" content=\"In stock\" \/>\n<meta property=\"product:price:amount\" content=\"0.00\" \/>\n<meta property=\"product:price:currency\" content=\"TRY\" \/>\n<meta property=\"og:availability\" content=\"instock\" \/>\n<meta property=\"product:availability\" content=\"instock\" \/>\n<meta property=\"product:condition\" content=\"new\" \/>\n<!-- \/ Yoast SEO Premium plugin. -->","yoast_head_json":{"title":"Verderair HC-PURE Series Air Diaphragm Pumps - ARPON | Pompa,Blower,Dif\u00fcz\u00f6r,Dozaj,End\u00fcstriyel Hava Filtrasyon","robots":{"index":"index","follow":"follow","max-snippet":"max-snippet:-1","max-image-preview":"max-image-preview:large","max-video-preview":"max-video-preview:-1"},"canonical":"https:\/\/arpon.com.tr\/en\/urun\/verderair-hc-pure-series-air-diaphragm-pumps\/","og_locale":"en_US","og_type":"article","og_title":"Verderair HC-PURE Series Air Diaphragm Pumps","og_description":"Verderair HC-PURE series hygienic double diaphragm pumps are designed for a variety of hygienic applications. Electropolished surfaces reduce bacterial growth and the risk of contamination.","og_url":"https:\/\/arpon.com.tr\/en\/urun\/verderair-hc-pure-series-air-diaphragm-pumps\/","og_site_name":"ARPON | Pompa,Blower,Dif\u00fcz\u00f6r,Dozaj,End\u00fcstriyel Hava Filtrasyon","article_modified_time":"2026-01-05T13:07:23+00:00","og_image":[{"width":1600,"height":1200,"url":"https:\/\/arpon.com.tr\/wp-content\/uploads\/2025\/09\/HC-PURE.jpg","type":"image\/jpeg"}],"twitter_card":"summary_large_image","twitter_misc":{"Price":"","Availability":"In stock"},"schema":{"@context":"https:\/\/schema.org","@graph":[{"@type":"WebPage","@id":"https:\/\/arpon.com.tr\/en\/urun\/verderair-hc-pure-series-air-diaphragm-pumps\/","url":"https:\/\/arpon.com.tr\/en\/urun\/verderair-hc-pure-series-air-diaphragm-pumps\/","name":"Verderair HC-PURE Series Air Diaphragm Pumps - ARPON | Pompa,Blower,Dif\u00fcz\u00f6r,Dozaj,End\u00fcstriyel Hava Filtrasyon","isPartOf":{"@id":"https:\/\/arpon.com.tr\/en\/#website"},"primaryImageOfPage":{"@id":"https:\/\/arpon.com.tr\/en\/urun\/verderair-hc-pure-series-air-diaphragm-pumps\/#primaryimage"},"image":{"@id":"https:\/\/arpon.com.tr\/en\/urun\/verderair-hc-pure-series-air-diaphragm-pumps\/#primaryimage"},"thumbnailUrl":"https:\/\/arpon.com.tr\/wp-content\/uploads\/2025\/09\/HC-PURE.jpg","datePublished":"2025-09-29T09:49:05+00:00","dateModified":"2026-01-05T13:07:23+00:00","breadcrumb":{"@id":"https:\/\/arpon.com.tr\/en\/urun\/verderair-hc-pure-series-air-diaphragm-pumps\/#breadcrumb"},"inLanguage":"en-US","potentialAction":[{"@type":"ReadAction","target":["https:\/\/arpon.com.tr\/en\/urun\/verderair-hc-pure-series-air-diaphragm-pumps\/"]}]},{"@type":"ImageObject","inLanguage":"en-US","@id":"https:\/\/arpon.com.tr\/en\/urun\/verderair-hc-pure-series-air-diaphragm-pumps\/#primaryimage","url":"https:\/\/arpon.com.tr\/wp-content\/uploads\/2025\/09\/HC-PURE.jpg","contentUrl":"https:\/\/arpon.com.tr\/wp-content\/uploads\/2025\/09\/HC-PURE.jpg","width":1600,"height":1200},{"@type":"BreadcrumbList","@id":"https:\/\/arpon.com.tr\/en\/urun\/verderair-hc-pure-series-air-diaphragm-pumps\/#breadcrumb","itemListElement":[{"@type":"ListItem","position":1,"name":"Anasayfa","item":"https:\/\/arpon.com.tr\/en\/"},{"@type":"ListItem","position":2,"name":"Shop","item":"https:\/\/arpon.com.tr\/en\/shop\/"},{"@type":"ListItem","position":3,"name":"Verderair HC-PURE Series Air Diaphragm Pumps"}]},{"@type":"WebSite","@id":"https:\/\/arpon.com.tr\/en\/#website","url":"https:\/\/arpon.com.tr\/en\/","name":"ARPON | Pompa, Blower, Dif\u00fcz\u00f6r, Dozaj, End\u00fcstriyel Hava Filtrasyon","description":"ARPON","publisher":{"@id":"https:\/\/arpon.com.tr\/en\/#organization"},"potentialAction":[{"@type":"SearchAction","target":{"@type":"EntryPoint","urlTemplate":"https:\/\/arpon.com.tr\/en\/?s={search_term_string}"},"query-input":{"@type":"PropertyValueSpecification","valueRequired":true,"valueName":"search_term_string"}}],"inLanguage":"en-US"},{"@type":["Organization","Place"],"@id":"https:\/\/arpon.com.tr\/en\/#organization","name":"Arpon End\u00fcstriyel Ekipmanlar San. Tic. Ltd. \u015eti.","url":"https:\/\/arpon.com.tr\/en\/","logo":{"@id":"https:\/\/arpon.com.tr\/en\/urun\/verderair-hc-pure-series-air-diaphragm-pumps\/#local-main-organization-logo"},"image":{"@id":"https:\/\/arpon.com.tr\/en\/urun\/verderair-hc-pure-series-air-diaphragm-pumps\/#local-main-organization-logo"},"sameAs":["https:\/\/www.youtube.com\/channel\/UCwjBY3SvkX5IBFH4PsIOaxw","https:\/\/www.linkedin.com\/company\/arpon-endstriyel"],"telephone":[],"openingHoursSpecification":[{"@type":"OpeningHoursSpecification","dayOfWeek":["Monday","Tuesday","Wednesday","Thursday","Friday","Saturday","Sunday"],"opens":"09:00","closes":"17:00"}]},{"@type":"ImageObject","inLanguage":"en-US","@id":"https:\/\/arpon.com.tr\/en\/urun\/verderair-hc-pure-series-air-diaphragm-pumps\/#local-main-organization-logo","url":"https:\/\/arpon.com.tr\/wp-content\/uploads\/2025\/10\/arpon-default.png","contentUrl":"https:\/\/arpon.com.tr\/wp-content\/uploads\/2025\/10\/arpon-default.png","width":300,"height":200,"caption":"Arpon End\u00fcstriyel Ekipmanlar San. Tic. Ltd. \u015eti."}]},"product_price_amount":"0.00","product_price_currency":"TRY","og_availability":"instock","product_availability":"instock","product_condition":"new"},"_links":{"self":[{"href":"https:\/\/arpon.com.tr\/en\/wp-json\/wp\/v2\/product\/13434","targetHints":{"allow":["GET"]}}],"collection":[{"href":"https:\/\/arpon.com.tr\/en\/wp-json\/wp\/v2\/product"}],"about":[{"href":"https:\/\/arpon.com.tr\/en\/wp-json\/wp\/v2\/types\/product"}],"version-history":[{"count":1,"href":"https:\/\/arpon.com.tr\/en\/wp-json\/wp\/v2\/product\/13434\/revisions"}],"predecessor-version":[{"id":13507,"href":"https:\/\/arpon.com.tr\/en\/wp-json\/wp\/v2\/product\/13434\/revisions\/13507"}],"wp:featuredmedia":[{"embeddable":true,"href":"https:\/\/arpon.com.tr\/en\/wp-json\/wp\/v2\/media\/13435"}],"wp:attachment":[{"href":"https:\/\/arpon.com.tr\/en\/wp-json\/wp\/v2\/media?parent=13434"}],"wp:term":[{"taxonomy":"product_brand","embeddable":true,"href":"https:\/\/arpon.com.tr\/en\/wp-json\/wp\/v2\/product_brand?post=13434"},{"taxonomy":"product_cat","embeddable":true,"href":"https:\/\/arpon.com.tr\/en\/wp-json\/wp\/v2\/product_cat?post=13434"},{"taxonomy":"product_tag","embeddable":true,"href":"https:\/\/arpon.com.tr\/en\/wp-json\/wp\/v2\/product_tag?post=13434"}],"curies":[{"name":"wp","href":"https:\/\/api.w.org\/{rel}","templated":true}]}}