{"id":13473,"date":"2025-09-30T11:52:07","date_gmt":"2025-09-30T08:52:07","guid":{"rendered":"https:\/\/arpon.com.tr\/urun\/verderair-eodd-2nd-generation-series-air-diaphragm-pumps\/"},"modified":"2026-02-23T11:50:14","modified_gmt":"2026-02-23T08:50:14","slug":"verderair-eodd-2nd-generation-series-air-diaphragm-pumps","status":"publish","type":"product","link":"https:\/\/arpon.com.tr\/en\/urun\/verderair-eodd-2nd-generation-series-air-diaphragm-pumps\/","title":{"rendered":"Verderair EODD 2nd Generation Series Air Diaphragm Pumps"},"content":{"rendered":"<p>The second generation of Verderair EODD pumps (Electrically Operated Double Diaphragm Pumps) combines all the advantages of air-operated diaphragm pumps (AODD) with the energy efficiency of electrically operated pumps. They are designed to be quieter, lighter, more reliable, and easier to maintain. Compared to pneumatic pumps, they reduce energy consumption and costs by up to 80%.   <\/p>\n<p><span style=\"font-size: 14pt;\"><em><strong>Verderair EODD 2nd Generation: A Step Towards the Future! <\/strong><\/em><\/span><\/p>\n<p>Verderair EODD Generation 2 takes a big step towards the future while maintaining ease of use and operation.<\/p>\n","protected":false},"excerpt":{"rendered":"<p>The second generation of Verderair EODD pumps (Electrically Operated Double Diaphragm Pumps) combines all the advantages of air-operated diaphragm pumps (AODD) with the energy efficiency of electrically operated pumps. <\/p>\n","protected":false},"featured_media":13476,"template":"","meta":{"_acf_changed":false,"_angie_page":false,"_eb_attr":""},"product_brand":[291],"product_cat":[466,462,461],"product_tag":[],"class_list":{"0":"post-13473","1":"product","2":"type-product","3":"status-publish","4":"has-post-thumbnail","6":"product_brand-verder-air","7":"product_cat-air-diaphragm-pumps","8":"product_cat-positive-displacement-pumps","9":"product_cat-pumps-and-accessories","11":"first","12":"instock","13":"downloadable","14":"shipping-taxable","15":"product-type-simple"},"acf":[],"yoast_head":"<!-- This site is optimized with the Yoast SEO Premium plugin v27.2 (Yoast SEO v27.2) - https:\/\/yoast.com\/product\/yoast-seo-premium-wordpress\/ -->\n<title>Verderair EODD 2nd Generation Series Air Diaphragm Pumps - ARPON | Pompa,Blower,Dif\u00fcz\u00f6r,Dozaj,End\u00fcstriyel Hava Filtrasyon<\/title>\n<meta name=\"robots\" content=\"index, follow, max-snippet:-1, max-image-preview:large, max-video-preview:-1\" \/>\n<link rel=\"canonical\" href=\"https:\/\/arpon.com.tr\/en\/urun\/verderair-eodd-2nd-generation-series-air-diaphragm-pumps\/\" \/>\n<meta property=\"og:locale\" content=\"en_US\" \/>\n<meta property=\"og:type\" content=\"article\" \/>\n<meta property=\"og:title\" content=\"Verderair EODD 2nd Generation Series Air Diaphragm Pumps\" \/>\n<meta property=\"og:description\" content=\"The second generation of Verderair EODD pumps (Electrically Operated Double Diaphragm Pumps) combines all the advantages of air-operated diaphragm pumps (AODD) with the energy efficiency of electrically operated pumps.\" \/>\n<meta property=\"og:url\" content=\"https:\/\/arpon.com.tr\/en\/urun\/verderair-eodd-2nd-generation-series-air-diaphragm-pumps\/\" \/>\n<meta property=\"og:site_name\" content=\"ARPON | Pompa,Blower,Dif\u00fcz\u00f6r,Dozaj,End\u00fcstriyel Hava Filtrasyon\" \/>\n<meta property=\"article:modified_time\" content=\"2026-02-23T08:50:14+00:00\" \/>\n<meta property=\"og:image\" content=\"https:\/\/arpon.com.tr\/wp-content\/uploads\/2025\/09\/EODD-2-1.jpg\" \/>\n\t<meta property=\"og:image:width\" content=\"1600\" \/>\n\t<meta property=\"og:image:height\" content=\"1200\" \/>\n\t<meta property=\"og:image:type\" content=\"image\/jpeg\" \/>\n<meta name=\"twitter:card\" content=\"summary_large_image\" \/>\n<meta name=\"twitter:label1\" content=\"Price\" \/>\n\t<meta name=\"twitter:data1\" content=\"\" \/>\n\t<meta name=\"twitter:label2\" content=\"Availability\" \/>\n\t<meta name=\"twitter:data2\" content=\"In stock\" \/>\n<meta property=\"product:price:amount\" content=\"0.00\" \/>\n<meta property=\"product:price:currency\" content=\"TRY\" \/>\n<meta property=\"og:availability\" content=\"instock\" \/>\n<meta property=\"product:availability\" content=\"instock\" \/>\n<meta property=\"product:condition\" content=\"new\" \/>\n<!-- \/ Yoast SEO Premium plugin. -->","yoast_head_json":{"title":"Verderair EODD 2nd Generation Series Air Diaphragm Pumps - ARPON | Pompa,Blower,Dif\u00fcz\u00f6r,Dozaj,End\u00fcstriyel Hava Filtrasyon","robots":{"index":"index","follow":"follow","max-snippet":"max-snippet:-1","max-image-preview":"max-image-preview:large","max-video-preview":"max-video-preview:-1"},"canonical":"https:\/\/arpon.com.tr\/en\/urun\/verderair-eodd-2nd-generation-series-air-diaphragm-pumps\/","og_locale":"en_US","og_type":"article","og_title":"Verderair EODD 2nd Generation Series Air Diaphragm Pumps","og_description":"The second generation of Verderair EODD pumps (Electrically Operated Double Diaphragm Pumps) combines all the advantages of air-operated diaphragm pumps (AODD) with the energy efficiency of electrically operated pumps.","og_url":"https:\/\/arpon.com.tr\/en\/urun\/verderair-eodd-2nd-generation-series-air-diaphragm-pumps\/","og_site_name":"ARPON | Pompa,Blower,Dif\u00fcz\u00f6r,Dozaj,End\u00fcstriyel Hava Filtrasyon","article_modified_time":"2026-02-23T08:50:14+00:00","og_image":[{"width":1600,"height":1200,"url":"https:\/\/arpon.com.tr\/wp-content\/uploads\/2025\/09\/EODD-2-1.jpg","type":"image\/jpeg"}],"twitter_card":"summary_large_image","twitter_misc":{"Price":"","Availability":"In stock"},"schema":{"@context":"https:\/\/schema.org","@graph":[{"@type":"WebPage","@id":"https:\/\/arpon.com.tr\/en\/urun\/verderair-eodd-2nd-generation-series-air-diaphragm-pumps\/","url":"https:\/\/arpon.com.tr\/en\/urun\/verderair-eodd-2nd-generation-series-air-diaphragm-pumps\/","name":"Verderair EODD 2nd Generation Series Air Diaphragm Pumps - ARPON | Pompa,Blower,Dif\u00fcz\u00f6r,Dozaj,End\u00fcstriyel Hava Filtrasyon","isPartOf":{"@id":"https:\/\/arpon.com.tr\/en\/#website"},"primaryImageOfPage":{"@id":"https:\/\/arpon.com.tr\/en\/urun\/verderair-eodd-2nd-generation-series-air-diaphragm-pumps\/#primaryimage"},"image":{"@id":"https:\/\/arpon.com.tr\/en\/urun\/verderair-eodd-2nd-generation-series-air-diaphragm-pumps\/#primaryimage"},"thumbnailUrl":"https:\/\/arpon.com.tr\/wp-content\/uploads\/2025\/09\/EODD-2-1.jpg","datePublished":"2025-09-30T08:52:07+00:00","dateModified":"2026-02-23T08:50:14+00:00","breadcrumb":{"@id":"https:\/\/arpon.com.tr\/en\/urun\/verderair-eodd-2nd-generation-series-air-diaphragm-pumps\/#breadcrumb"},"inLanguage":"en-US","potentialAction":[{"@type":"ReadAction","target":["https:\/\/arpon.com.tr\/en\/urun\/verderair-eodd-2nd-generation-series-air-diaphragm-pumps\/"]}]},{"@type":"ImageObject","inLanguage":"en-US","@id":"https:\/\/arpon.com.tr\/en\/urun\/verderair-eodd-2nd-generation-series-air-diaphragm-pumps\/#primaryimage","url":"https:\/\/arpon.com.tr\/wp-content\/uploads\/2025\/09\/EODD-2-1.jpg","contentUrl":"https:\/\/arpon.com.tr\/wp-content\/uploads\/2025\/09\/EODD-2-1.jpg","width":1600,"height":1200},{"@type":"BreadcrumbList","@id":"https:\/\/arpon.com.tr\/en\/urun\/verderair-eodd-2nd-generation-series-air-diaphragm-pumps\/#breadcrumb","itemListElement":[{"@type":"ListItem","position":1,"name":"Anasayfa","item":"https:\/\/arpon.com.tr\/en\/"},{"@type":"ListItem","position":2,"name":"Shop","item":"https:\/\/arpon.com.tr\/en\/shop\/"},{"@type":"ListItem","position":3,"name":"Verderair EODD 2nd Generation Series Air Diaphragm Pumps"}]},{"@type":"WebSite","@id":"https:\/\/arpon.com.tr\/en\/#website","url":"https:\/\/arpon.com.tr\/en\/","name":"ARPON | Pompa, Blower, Dif\u00fcz\u00f6r, Dozaj, End\u00fcstriyel Hava Filtrasyon","description":"ARPON","publisher":{"@id":"https:\/\/arpon.com.tr\/en\/#organization"},"potentialAction":[{"@type":"SearchAction","target":{"@type":"EntryPoint","urlTemplate":"https:\/\/arpon.com.tr\/en\/?s={search_term_string}"},"query-input":{"@type":"PropertyValueSpecification","valueRequired":true,"valueName":"search_term_string"}}],"inLanguage":"en-US"},{"@type":["Organization","Place"],"@id":"https:\/\/arpon.com.tr\/en\/#organization","name":"Arpon End\u00fcstriyel Ekipmanlar San. Tic. Ltd. \u015eti.","url":"https:\/\/arpon.com.tr\/en\/","logo":{"@id":"https:\/\/arpon.com.tr\/en\/urun\/verderair-eodd-2nd-generation-series-air-diaphragm-pumps\/#local-main-organization-logo"},"image":{"@id":"https:\/\/arpon.com.tr\/en\/urun\/verderair-eodd-2nd-generation-series-air-diaphragm-pumps\/#local-main-organization-logo"},"sameAs":["https:\/\/www.youtube.com\/channel\/UCwjBY3SvkX5IBFH4PsIOaxw","https:\/\/www.linkedin.com\/company\/arpon-endstriyel"],"telephone":[],"openingHoursSpecification":[{"@type":"OpeningHoursSpecification","dayOfWeek":["Monday","Tuesday","Wednesday","Thursday","Friday","Saturday","Sunday"],"opens":"09:00","closes":"17:00"}]},{"@type":"ImageObject","inLanguage":"en-US","@id":"https:\/\/arpon.com.tr\/en\/urun\/verderair-eodd-2nd-generation-series-air-diaphragm-pumps\/#local-main-organization-logo","url":"https:\/\/arpon.com.tr\/wp-content\/uploads\/2025\/10\/arpon-default.png","contentUrl":"https:\/\/arpon.com.tr\/wp-content\/uploads\/2025\/10\/arpon-default.png","width":300,"height":200,"caption":"Arpon End\u00fcstriyel Ekipmanlar San. Tic. Ltd. \u015eti."}]},"product_price_amount":"0.00","product_price_currency":"TRY","og_availability":"instock","product_availability":"instock","product_condition":"new"},"_links":{"self":[{"href":"https:\/\/arpon.com.tr\/en\/wp-json\/wp\/v2\/product\/13473","targetHints":{"allow":["GET"]}}],"collection":[{"href":"https:\/\/arpon.com.tr\/en\/wp-json\/wp\/v2\/product"}],"about":[{"href":"https:\/\/arpon.com.tr\/en\/wp-json\/wp\/v2\/types\/product"}],"version-history":[{"count":1,"href":"https:\/\/arpon.com.tr\/en\/wp-json\/wp\/v2\/product\/13473\/revisions"}],"predecessor-version":[{"id":14004,"href":"https:\/\/arpon.com.tr\/en\/wp-json\/wp\/v2\/product\/13473\/revisions\/14004"}],"wp:featuredmedia":[{"embeddable":true,"href":"https:\/\/arpon.com.tr\/en\/wp-json\/wp\/v2\/media\/13476"}],"wp:attachment":[{"href":"https:\/\/arpon.com.tr\/en\/wp-json\/wp\/v2\/media?parent=13473"}],"wp:term":[{"taxonomy":"product_brand","embeddable":true,"href":"https:\/\/arpon.com.tr\/en\/wp-json\/wp\/v2\/product_brand?post=13473"},{"taxonomy":"product_cat","embeddable":true,"href":"https:\/\/arpon.com.tr\/en\/wp-json\/wp\/v2\/product_cat?post=13473"},{"taxonomy":"product_tag","embeddable":true,"href":"https:\/\/arpon.com.tr\/en\/wp-json\/wp\/v2\/product_tag?post=13473"}],"curies":[{"name":"wp","href":"https:\/\/api.w.org\/{rel}","templated":true}]}}