{"id":13743,"date":"2026-01-16T10:57:24","date_gmt":"2026-01-16T07:57:24","guid":{"rendered":"https:\/\/arpon.com.tr\/?post_type=product&#038;p=13743"},"modified":"2026-02-23T11:50:32","modified_gmt":"2026-02-23T08:50:32","slug":"microdos-oem-pumps-kopya-kopya","status":"publish","type":"product","link":"https:\/\/arpon.com.tr\/en\/urun\/microdos-oem-pumps-kopya-kopya\/","title":{"rendered":"SULZER AHLSTAR A Process Pumps"},"content":{"rendered":"<p>AHLSTAR A suction-inlet single-stage centrifugal process pumps are used in demanding industrial applications to ensure process reliability, high efficiency, and low operating costs.<\/p>\n<p>This pump can be safely used in a wide range of applications, including clean and slightly contaminated liquids, viscous fluids, fibrous slurry, liquids containing large solid particles, gaseous fluids, and self-priming applications.<br \/>\n With years of field experience proven across all industrial segments, its superior performance makes it suitable for the most demanding industrial applications. Thanks to its unique, patented, and superior design features, it offers high efficiency and reliability while minimizing lifecycle costs. <\/p>\n<p style=\"text-align: center;\"><em><span style=\"font-size: 14pt;\"><strong>&#8220;Developed for demanding applications!&#8221;<\/strong><\/span><\/em><\/p>\n","protected":false},"excerpt":{"rendered":"<p>AHLSTAR A suction-inlet single-stage centrifugal process pumps are used in demanding industrial applications to ensure process reliability, high efficiency, and low operating costs.<\/p>\n","protected":false},"featured_media":13746,"template":"","meta":{"_acf_changed":false,"_angie_page":false,"_eb_attr":""},"product_brand":[492],"product_cat":[471,432],"product_tag":[],"class_list":{"0":"post-13743","1":"product","2":"type-product","3":"status-publish","4":"has-post-thumbnail","6":"product_brand-sulzer","7":"product_cat-centrifugal-pumps","8":"product_cat-products","10":"first","11":"instock","12":"downloadable","13":"shipping-taxable","14":"product-type-simple"},"acf":[],"yoast_head":"<!-- This site is optimized with the Yoast SEO Premium plugin v27.3 (Yoast SEO v27.4) - https:\/\/yoast.com\/product\/yoast-seo-premium-wordpress\/ -->\n<title>Peristaltic Pump: With Different Flow Rate Options - ARPON | Pompa,Blower,Dif\u00fcz\u00f6r,Dozaj,End\u00fcstriyel Hava Filtrasyon<\/title>\n<meta name=\"description\" content=\"Our peristaltic tube pump solutions can be integrated into measurement and distribution systems. They are also available with various flow rate options!\" \/>\n<meta name=\"robots\" content=\"index, follow, max-snippet:-1, max-image-preview:large, max-video-preview:-1\" \/>\n<link rel=\"canonical\" href=\"https:\/\/arpon.com.tr\/en\/urun\/microdos-oem-pumps-kopya-kopya\/\" \/>\n<meta property=\"og:locale\" content=\"en_US\" \/>\n<meta property=\"og:type\" content=\"article\" \/>\n<meta property=\"og:title\" content=\"SULZER AHLSTAR A Process Pumps\" \/>\n<meta property=\"og:description\" content=\"Our peristaltic tube pump solutions can be integrated into measurement and distribution systems. They are also available with various flow rate options!\" \/>\n<meta property=\"og:url\" content=\"https:\/\/arpon.com.tr\/en\/urun\/microdos-oem-pumps-kopya-kopya\/\" \/>\n<meta property=\"og:site_name\" content=\"ARPON | Pompa,Blower,Dif\u00fcz\u00f6r,Dozaj,End\u00fcstriyel Hava Filtrasyon\" \/>\n<meta property=\"article:modified_time\" content=\"2026-02-23T08:50:32+00:00\" \/>\n<meta property=\"og:image\" content=\"https:\/\/arpon.com.tr\/wp-content\/uploads\/2026\/01\/sulzer-AHLSTAR-A.jpg\" \/>\n\t<meta property=\"og:image:width\" content=\"827\" \/>\n\t<meta property=\"og:image:height\" content=\"551\" \/>\n\t<meta property=\"og:image:type\" content=\"image\/jpeg\" \/>\n<meta name=\"twitter:card\" content=\"summary_large_image\" \/>\n<meta name=\"twitter:label1\" content=\"Price\" \/>\n\t<meta name=\"twitter:data1\" content=\"\" \/>\n\t<meta name=\"twitter:label2\" content=\"Availability\" \/>\n\t<meta name=\"twitter:data2\" content=\"In stock\" \/>\n<meta property=\"product:price:amount\" content=\"0.00\" \/>\n<meta property=\"product:price:currency\" content=\"TRY\" \/>\n<meta property=\"og:availability\" content=\"instock\" \/>\n<meta property=\"product:availability\" content=\"instock\" \/>\n<meta property=\"product:condition\" content=\"new\" \/>\n<!-- \/ Yoast SEO Premium plugin. -->","yoast_head_json":{"title":"Peristaltic Pump: With Different Flow Rate Options - ARPON | Pompa,Blower,Dif\u00fcz\u00f6r,Dozaj,End\u00fcstriyel Hava Filtrasyon","description":"Our peristaltic tube pump solutions can be integrated into measurement and distribution systems. They are also available with various flow rate options!","robots":{"index":"index","follow":"follow","max-snippet":"max-snippet:-1","max-image-preview":"max-image-preview:large","max-video-preview":"max-video-preview:-1"},"canonical":"https:\/\/arpon.com.tr\/en\/urun\/microdos-oem-pumps-kopya-kopya\/","og_locale":"en_US","og_type":"article","og_title":"SULZER AHLSTAR A Process Pumps","og_description":"Our peristaltic tube pump solutions can be integrated into measurement and distribution systems. They are also available with various flow rate options!","og_url":"https:\/\/arpon.com.tr\/en\/urun\/microdos-oem-pumps-kopya-kopya\/","og_site_name":"ARPON | Pompa,Blower,Dif\u00fcz\u00f6r,Dozaj,End\u00fcstriyel Hava Filtrasyon","article_modified_time":"2026-02-23T08:50:32+00:00","og_image":[{"width":827,"height":551,"url":"https:\/\/arpon.com.tr\/wp-content\/uploads\/2026\/01\/sulzer-AHLSTAR-A.jpg","type":"image\/jpeg"}],"twitter_card":"summary_large_image","twitter_misc":{"Price":"","Availability":"In stock"},"schema":{"@context":"https:\/\/schema.org","@graph":[{"@type":"WebPage","@id":"https:\/\/arpon.com.tr\/en\/urun\/microdos-oem-pumps-kopya-kopya\/","url":"https:\/\/arpon.com.tr\/en\/urun\/microdos-oem-pumps-kopya-kopya\/","name":"Peristaltic Pump: With Different Flow Rate Options - ARPON | Pompa,Blower,Dif\u00fcz\u00f6r,Dozaj,End\u00fcstriyel Hava Filtrasyon","isPartOf":{"@id":"https:\/\/arpon.com.tr\/en\/#website"},"primaryImageOfPage":{"@id":"https:\/\/arpon.com.tr\/en\/urun\/microdos-oem-pumps-kopya-kopya\/#primaryimage"},"image":{"@id":"https:\/\/arpon.com.tr\/en\/urun\/microdos-oem-pumps-kopya-kopya\/#primaryimage"},"thumbnailUrl":"https:\/\/arpon.com.tr\/wp-content\/uploads\/2026\/01\/sulzer-AHLSTAR-A.jpg","datePublished":"2026-01-16T07:57:24+00:00","dateModified":"2026-02-23T08:50:32+00:00","description":"Our peristaltic tube pump solutions can be integrated into measurement and distribution systems. They are also available with various flow rate options!","breadcrumb":{"@id":"https:\/\/arpon.com.tr\/en\/urun\/microdos-oem-pumps-kopya-kopya\/#breadcrumb"},"inLanguage":"en-US","potentialAction":[{"@type":"ReadAction","target":["https:\/\/arpon.com.tr\/en\/urun\/microdos-oem-pumps-kopya-kopya\/"]}]},{"@type":"ImageObject","inLanguage":"en-US","@id":"https:\/\/arpon.com.tr\/en\/urun\/microdos-oem-pumps-kopya-kopya\/#primaryimage","url":"https:\/\/arpon.com.tr\/wp-content\/uploads\/2026\/01\/sulzer-AHLSTAR-A.jpg","contentUrl":"https:\/\/arpon.com.tr\/wp-content\/uploads\/2026\/01\/sulzer-AHLSTAR-A.jpg","width":827,"height":551},{"@type":"BreadcrumbList","@id":"https:\/\/arpon.com.tr\/en\/urun\/microdos-oem-pumps-kopya-kopya\/#breadcrumb","itemListElement":[{"@type":"ListItem","position":1,"name":"Anasayfa","item":"https:\/\/arpon.com.tr\/en\/"},{"@type":"ListItem","position":2,"name":"Shop","item":"https:\/\/arpon.com.tr\/en\/shop\/"},{"@type":"ListItem","position":3,"name":"SULZER AHLSTAR A Process Pumps"}]},{"@type":"WebSite","@id":"https:\/\/arpon.com.tr\/en\/#website","url":"https:\/\/arpon.com.tr\/en\/","name":"ARPON | Pompa, Blower, Dif\u00fcz\u00f6r, Dozaj, End\u00fcstriyel Hava Filtrasyon","description":"ARPON","publisher":{"@id":"https:\/\/arpon.com.tr\/en\/#organization"},"potentialAction":[{"@type":"SearchAction","target":{"@type":"EntryPoint","urlTemplate":"https:\/\/arpon.com.tr\/en\/?s={search_term_string}"},"query-input":{"@type":"PropertyValueSpecification","valueRequired":true,"valueName":"search_term_string"}}],"inLanguage":"en-US"},{"@type":["Organization","Place"],"@id":"https:\/\/arpon.com.tr\/en\/#organization","name":"Arpon End\u00fcstriyel Ekipmanlar San. Tic. Ltd. \u015eti.","url":"https:\/\/arpon.com.tr\/en\/","logo":{"@id":"https:\/\/arpon.com.tr\/en\/urun\/microdos-oem-pumps-kopya-kopya\/#local-main-organization-logo"},"image":{"@id":"https:\/\/arpon.com.tr\/en\/urun\/microdos-oem-pumps-kopya-kopya\/#local-main-organization-logo"},"sameAs":["https:\/\/www.youtube.com\/channel\/UCwjBY3SvkX5IBFH4PsIOaxw","https:\/\/www.linkedin.com\/company\/arpon-endstriyel"],"telephone":[],"openingHoursSpecification":[{"@type":"OpeningHoursSpecification","dayOfWeek":["Monday","Tuesday","Wednesday","Thursday","Friday","Saturday","Sunday"],"opens":"09:00","closes":"17:00"}]},{"@type":"ImageObject","inLanguage":"en-US","@id":"https:\/\/arpon.com.tr\/en\/urun\/microdos-oem-pumps-kopya-kopya\/#local-main-organization-logo","url":"https:\/\/arpon.com.tr\/wp-content\/uploads\/2025\/10\/arpon-default.png","contentUrl":"https:\/\/arpon.com.tr\/wp-content\/uploads\/2025\/10\/arpon-default.png","width":300,"height":200,"caption":"Arpon End\u00fcstriyel Ekipmanlar San. Tic. Ltd. \u015eti."}]},"product_price_amount":"0.00","product_price_currency":"TRY","og_availability":"instock","product_availability":"instock","product_condition":"new"},"_links":{"self":[{"href":"https:\/\/arpon.com.tr\/en\/wp-json\/wp\/v2\/product\/13743","targetHints":{"allow":["GET"]}}],"collection":[{"href":"https:\/\/arpon.com.tr\/en\/wp-json\/wp\/v2\/product"}],"about":[{"href":"https:\/\/arpon.com.tr\/en\/wp-json\/wp\/v2\/types\/product"}],"version-history":[{"count":2,"href":"https:\/\/arpon.com.tr\/en\/wp-json\/wp\/v2\/product\/13743\/revisions"}],"predecessor-version":[{"id":14015,"href":"https:\/\/arpon.com.tr\/en\/wp-json\/wp\/v2\/product\/13743\/revisions\/14015"}],"wp:featuredmedia":[{"embeddable":true,"href":"https:\/\/arpon.com.tr\/en\/wp-json\/wp\/v2\/media\/13746"}],"wp:attachment":[{"href":"https:\/\/arpon.com.tr\/en\/wp-json\/wp\/v2\/media?parent=13743"}],"wp:term":[{"taxonomy":"product_brand","embeddable":true,"href":"https:\/\/arpon.com.tr\/en\/wp-json\/wp\/v2\/product_brand?post=13743"},{"taxonomy":"product_cat","embeddable":true,"href":"https:\/\/arpon.com.tr\/en\/wp-json\/wp\/v2\/product_cat?post=13743"},{"taxonomy":"product_tag","embeddable":true,"href":"https:\/\/arpon.com.tr\/en\/wp-json\/wp\/v2\/product_tag?post=13743"}],"curies":[{"name":"wp","href":"https:\/\/api.w.org\/{rel}","templated":true}]}}