{"id":13762,"date":"2026-01-16T16:25:30","date_gmt":"2026-01-16T13:25:30","guid":{"rendered":"https:\/\/arpon.com.tr\/?post_type=product&#038;p=13762"},"modified":"2026-02-23T11:49:53","modified_gmt":"2026-02-23T08:49:53","slug":"microdos-oem-pumps-kopya-kopya-kopya-3","status":"publish","type":"product","link":"https:\/\/arpon.com.tr\/en\/urun\/microdos-oem-pumps-kopya-kopya-kopya-3\/","title":{"rendered":"SULZER AHLSTAR NPP\/T Non-Clogging Type Process Pump"},"content":{"rendered":"<p>AHLSTAR NPP\/T are non-clogging, single-stage centrifugal process pumps with suction inlet, designed to provide a smooth and reliable solution for transferring fluids containing large solid particles.<\/p>\n<p>It focuses on preventing clogging during the transfer of liquids and slurries containing large solid particles, fibrous slurries containing large solid particles, liquids and slurries containing large solid particles and gases, and self-priming applications involving liquids and slurries containing large solid particles.<\/p>\n<p style=\"text-align: center;\"><span style=\"font-size: 14pt;\"><strong><em>&#8220;Effortless pumping for tough solids!&#8221;<\/em><\/strong><\/span><\/p>\n","protected":false},"excerpt":{"rendered":"<p>AHLSTAR NPP\/T are non-clogging, single-stage centrifugal process pumps with suction inlet, designed to provide a smooth and reliable solution for transferring fluids containing large solid particles.<\/p>\n","protected":false},"featured_media":13765,"template":"","meta":{"_acf_changed":false,"_angie_page":false,"_eb_attr":""},"product_brand":[492],"product_cat":[471,432],"product_tag":[],"class_list":{"0":"post-13762","1":"product","2":"type-product","3":"status-publish","4":"has-post-thumbnail","6":"product_brand-sulzer","7":"product_cat-centrifugal-pumps","8":"product_cat-products","10":"first","11":"instock","12":"downloadable","13":"shipping-taxable","14":"product-type-simple"},"acf":[],"yoast_head":"<!-- This site is optimized with the Yoast SEO Premium plugin v27.3 (Yoast SEO v27.4) - https:\/\/yoast.com\/product\/yoast-seo-premium-wordpress\/ -->\n<title>Peristaltic Pump: With Different Flow Rate Options - ARPON | Pompa,Blower,Dif\u00fcz\u00f6r,Dozaj,End\u00fcstriyel Hava Filtrasyon<\/title>\n<meta name=\"description\" content=\"Our peristaltic tube pump solutions can be integrated into measurement and distribution systems. They are also available with various flow rate options!\" \/>\n<meta name=\"robots\" content=\"index, follow, max-snippet:-1, max-image-preview:large, max-video-preview:-1\" \/>\n<link rel=\"canonical\" href=\"https:\/\/arpon.com.tr\/en\/urun\/microdos-oem-pumps-kopya-kopya-kopya-3\/\" \/>\n<meta property=\"og:locale\" content=\"en_US\" \/>\n<meta property=\"og:type\" content=\"article\" \/>\n<meta property=\"og:title\" content=\"SULZER AHLSTAR NPP\/T Non-Clogging Type Process Pump\" \/>\n<meta property=\"og:description\" content=\"Our peristaltic tube pump solutions can be integrated into measurement and distribution systems. They are also available with various flow rate options!\" \/>\n<meta property=\"og:url\" content=\"https:\/\/arpon.com.tr\/en\/urun\/microdos-oem-pumps-kopya-kopya-kopya-3\/\" \/>\n<meta property=\"og:site_name\" content=\"ARPON | Pompa,Blower,Dif\u00fcz\u00f6r,Dozaj,End\u00fcstriyel Hava Filtrasyon\" \/>\n<meta property=\"article:modified_time\" content=\"2026-02-23T08:49:53+00:00\" \/>\n<meta property=\"og:image\" content=\"https:\/\/arpon.com.tr\/wp-content\/uploads\/2026\/01\/ahlstar_range_type_npp_t_w1-sulzer.jpg\" \/>\n\t<meta property=\"og:image:width\" content=\"827\" \/>\n\t<meta property=\"og:image:height\" content=\"551\" \/>\n\t<meta property=\"og:image:type\" content=\"image\/jpeg\" \/>\n<meta name=\"twitter:card\" content=\"summary_large_image\" \/>\n<meta name=\"twitter:label1\" content=\"Price\" \/>\n\t<meta name=\"twitter:data1\" content=\"\" \/>\n\t<meta name=\"twitter:label2\" content=\"Availability\" \/>\n\t<meta name=\"twitter:data2\" content=\"In stock\" \/>\n<meta property=\"product:price:amount\" content=\"0.00\" \/>\n<meta property=\"product:price:currency\" content=\"TRY\" \/>\n<meta property=\"og:availability\" content=\"instock\" \/>\n<meta property=\"product:availability\" content=\"instock\" \/>\n<meta property=\"product:condition\" content=\"new\" \/>\n<!-- \/ Yoast SEO Premium plugin. -->","yoast_head_json":{"title":"Peristaltic Pump: With Different Flow Rate Options - ARPON | Pompa,Blower,Dif\u00fcz\u00f6r,Dozaj,End\u00fcstriyel Hava Filtrasyon","description":"Our peristaltic tube pump solutions can be integrated into measurement and distribution systems. They are also available with various flow rate options!","robots":{"index":"index","follow":"follow","max-snippet":"max-snippet:-1","max-image-preview":"max-image-preview:large","max-video-preview":"max-video-preview:-1"},"canonical":"https:\/\/arpon.com.tr\/en\/urun\/microdos-oem-pumps-kopya-kopya-kopya-3\/","og_locale":"en_US","og_type":"article","og_title":"SULZER AHLSTAR NPP\/T Non-Clogging Type Process Pump","og_description":"Our peristaltic tube pump solutions can be integrated into measurement and distribution systems. They are also available with various flow rate options!","og_url":"https:\/\/arpon.com.tr\/en\/urun\/microdos-oem-pumps-kopya-kopya-kopya-3\/","og_site_name":"ARPON | Pompa,Blower,Dif\u00fcz\u00f6r,Dozaj,End\u00fcstriyel Hava Filtrasyon","article_modified_time":"2026-02-23T08:49:53+00:00","og_image":[{"width":827,"height":551,"url":"https:\/\/arpon.com.tr\/wp-content\/uploads\/2026\/01\/ahlstar_range_type_npp_t_w1-sulzer.jpg","type":"image\/jpeg"}],"twitter_card":"summary_large_image","twitter_misc":{"Price":"","Availability":"In stock"},"schema":{"@context":"https:\/\/schema.org","@graph":[{"@type":"WebPage","@id":"https:\/\/arpon.com.tr\/en\/urun\/microdos-oem-pumps-kopya-kopya-kopya-3\/","url":"https:\/\/arpon.com.tr\/en\/urun\/microdos-oem-pumps-kopya-kopya-kopya-3\/","name":"Peristaltic Pump: With Different Flow Rate Options - ARPON | Pompa,Blower,Dif\u00fcz\u00f6r,Dozaj,End\u00fcstriyel Hava Filtrasyon","isPartOf":{"@id":"https:\/\/arpon.com.tr\/en\/#website"},"primaryImageOfPage":{"@id":"https:\/\/arpon.com.tr\/en\/urun\/microdos-oem-pumps-kopya-kopya-kopya-3\/#primaryimage"},"image":{"@id":"https:\/\/arpon.com.tr\/en\/urun\/microdos-oem-pumps-kopya-kopya-kopya-3\/#primaryimage"},"thumbnailUrl":"https:\/\/arpon.com.tr\/wp-content\/uploads\/2026\/01\/ahlstar_range_type_npp_t_w1-sulzer.jpg","datePublished":"2026-01-16T13:25:30+00:00","dateModified":"2026-02-23T08:49:53+00:00","description":"Our peristaltic tube pump solutions can be integrated into measurement and distribution systems. They are also available with various flow rate options!","breadcrumb":{"@id":"https:\/\/arpon.com.tr\/en\/urun\/microdos-oem-pumps-kopya-kopya-kopya-3\/#breadcrumb"},"inLanguage":"en-US","potentialAction":[{"@type":"ReadAction","target":["https:\/\/arpon.com.tr\/en\/urun\/microdos-oem-pumps-kopya-kopya-kopya-3\/"]}]},{"@type":"ImageObject","inLanguage":"en-US","@id":"https:\/\/arpon.com.tr\/en\/urun\/microdos-oem-pumps-kopya-kopya-kopya-3\/#primaryimage","url":"https:\/\/arpon.com.tr\/wp-content\/uploads\/2026\/01\/ahlstar_range_type_npp_t_w1-sulzer.jpg","contentUrl":"https:\/\/arpon.com.tr\/wp-content\/uploads\/2026\/01\/ahlstar_range_type_npp_t_w1-sulzer.jpg","width":827,"height":551},{"@type":"BreadcrumbList","@id":"https:\/\/arpon.com.tr\/en\/urun\/microdos-oem-pumps-kopya-kopya-kopya-3\/#breadcrumb","itemListElement":[{"@type":"ListItem","position":1,"name":"Anasayfa","item":"https:\/\/arpon.com.tr\/en\/"},{"@type":"ListItem","position":2,"name":"Shop","item":"https:\/\/arpon.com.tr\/en\/shop\/"},{"@type":"ListItem","position":3,"name":"SULZER AHLSTAR NPP\/T Non-Clogging Type Process Pump"}]},{"@type":"WebSite","@id":"https:\/\/arpon.com.tr\/en\/#website","url":"https:\/\/arpon.com.tr\/en\/","name":"ARPON | Pompa, Blower, Dif\u00fcz\u00f6r, Dozaj, End\u00fcstriyel Hava Filtrasyon","description":"ARPON","publisher":{"@id":"https:\/\/arpon.com.tr\/en\/#organization"},"potentialAction":[{"@type":"SearchAction","target":{"@type":"EntryPoint","urlTemplate":"https:\/\/arpon.com.tr\/en\/?s={search_term_string}"},"query-input":{"@type":"PropertyValueSpecification","valueRequired":true,"valueName":"search_term_string"}}],"inLanguage":"en-US"},{"@type":["Organization","Place"],"@id":"https:\/\/arpon.com.tr\/en\/#organization","name":"Arpon End\u00fcstriyel Ekipmanlar San. Tic. Ltd. \u015eti.","url":"https:\/\/arpon.com.tr\/en\/","logo":{"@id":"https:\/\/arpon.com.tr\/en\/urun\/microdos-oem-pumps-kopya-kopya-kopya-3\/#local-main-organization-logo"},"image":{"@id":"https:\/\/arpon.com.tr\/en\/urun\/microdos-oem-pumps-kopya-kopya-kopya-3\/#local-main-organization-logo"},"sameAs":["https:\/\/www.youtube.com\/channel\/UCwjBY3SvkX5IBFH4PsIOaxw","https:\/\/www.linkedin.com\/company\/arpon-endstriyel"],"telephone":[],"openingHoursSpecification":[{"@type":"OpeningHoursSpecification","dayOfWeek":["Monday","Tuesday","Wednesday","Thursday","Friday","Saturday","Sunday"],"opens":"09:00","closes":"17:00"}]},{"@type":"ImageObject","inLanguage":"en-US","@id":"https:\/\/arpon.com.tr\/en\/urun\/microdos-oem-pumps-kopya-kopya-kopya-3\/#local-main-organization-logo","url":"https:\/\/arpon.com.tr\/wp-content\/uploads\/2025\/10\/arpon-default.png","contentUrl":"https:\/\/arpon.com.tr\/wp-content\/uploads\/2025\/10\/arpon-default.png","width":300,"height":200,"caption":"Arpon End\u00fcstriyel Ekipmanlar San. Tic. Ltd. \u015eti."}]},"product_price_amount":"0.00","product_price_currency":"TRY","og_availability":"instock","product_availability":"instock","product_condition":"new"},"_links":{"self":[{"href":"https:\/\/arpon.com.tr\/en\/wp-json\/wp\/v2\/product\/13762","targetHints":{"allow":["GET"]}}],"collection":[{"href":"https:\/\/arpon.com.tr\/en\/wp-json\/wp\/v2\/product"}],"about":[{"href":"https:\/\/arpon.com.tr\/en\/wp-json\/wp\/v2\/types\/product"}],"version-history":[{"count":2,"href":"https:\/\/arpon.com.tr\/en\/wp-json\/wp\/v2\/product\/13762\/revisions"}],"predecessor-version":[{"id":13997,"href":"https:\/\/arpon.com.tr\/en\/wp-json\/wp\/v2\/product\/13762\/revisions\/13997"}],"wp:featuredmedia":[{"embeddable":true,"href":"https:\/\/arpon.com.tr\/en\/wp-json\/wp\/v2\/media\/13765"}],"wp:attachment":[{"href":"https:\/\/arpon.com.tr\/en\/wp-json\/wp\/v2\/media?parent=13762"}],"wp:term":[{"taxonomy":"product_brand","embeddable":true,"href":"https:\/\/arpon.com.tr\/en\/wp-json\/wp\/v2\/product_brand?post=13762"},{"taxonomy":"product_cat","embeddable":true,"href":"https:\/\/arpon.com.tr\/en\/wp-json\/wp\/v2\/product_cat?post=13762"},{"taxonomy":"product_tag","embeddable":true,"href":"https:\/\/arpon.com.tr\/en\/wp-json\/wp\/v2\/product_tag?post=13762"}],"curies":[{"name":"wp","href":"https:\/\/api.w.org\/{rel}","templated":true}]}}