{"id":13767,"date":"2026-01-16T16:48:35","date_gmt":"2026-01-16T13:48:35","guid":{"rendered":"https:\/\/arpon.com.tr\/?post_type=product&#038;p=13767"},"modified":"2026-02-23T11:50:26","modified_gmt":"2026-02-23T08:50:26","slug":"microdos-oem-pumps-kopya-kopya-kopya-kopya","status":"publish","type":"product","link":"https:\/\/arpon.com.tr\/en\/urun\/microdos-oem-pumps-kopya-kopya-kopya-kopya\/","title":{"rendered":"SULZER NRN High Pressure Process Pump"},"content":{"rendered":"<p>NRN is a versatile series of high-pressure process pumps developed for demanding applications; it is a horizontal, single-stage, suction-inlet process pump designed for heavy-duty conditions in various industries.<\/p>\n<p>With its structure exceeding the requirements of ISO 5199 and ISO 13709 (API 610) 11th edition OH1 type, it offers high reliability and maximum efficiency, while being designed to meet process requirements in general industrial applications for the transfer of clean and slightly contaminated liquids, corrosive and abrasive liquids, and slurry fluids with tailor-made solutions for your process needs.<\/p>\n","protected":false},"excerpt":{"rendered":"<p>NRN is a versatile series of high-pressure process pumps developed for demanding applications; it is a horizontal, single-stage, suction-inlet process pump designed for heavy-duty conditions in various industries.<\/p>\n","protected":false},"featured_media":13771,"template":"","meta":{"_acf_changed":false,"_angie_page":false,"_eb_attr":""},"product_brand":[492],"product_cat":[471,432],"product_tag":[],"class_list":{"0":"post-13767","1":"product","2":"type-product","3":"status-publish","4":"has-post-thumbnail","6":"product_brand-sulzer","7":"product_cat-centrifugal-pumps","8":"product_cat-products","10":"first","11":"instock","12":"downloadable","13":"shipping-taxable","14":"product-type-simple"},"acf":[],"yoast_head":"<!-- This site is optimized with the Yoast SEO Premium plugin v27.3 (Yoast SEO v27.4) - https:\/\/yoast.com\/product\/yoast-seo-premium-wordpress\/ -->\n<title>Peristaltic Pump: With Different Flow Rate Options - ARPON | Pompa,Blower,Dif\u00fcz\u00f6r,Dozaj,End\u00fcstriyel Hava Filtrasyon<\/title>\n<meta name=\"description\" content=\"Our peristaltic tube pump solutions can be integrated into measurement and distribution systems. They are also available with various flow rate options!\" \/>\n<meta name=\"robots\" content=\"index, follow, max-snippet:-1, max-image-preview:large, max-video-preview:-1\" \/>\n<link rel=\"canonical\" href=\"https:\/\/arpon.com.tr\/en\/urun\/microdos-oem-pumps-kopya-kopya-kopya-kopya\/\" \/>\n<meta property=\"og:locale\" content=\"en_US\" \/>\n<meta property=\"og:type\" content=\"article\" \/>\n<meta property=\"og:title\" content=\"SULZER NRN High Pressure Process Pump\" \/>\n<meta property=\"og:description\" content=\"Our peristaltic tube pump solutions can be integrated into measurement and distribution systems. They are also available with various flow rate options!\" \/>\n<meta property=\"og:url\" content=\"https:\/\/arpon.com.tr\/en\/urun\/microdos-oem-pumps-kopya-kopya-kopya-kopya\/\" \/>\n<meta property=\"og:site_name\" content=\"ARPON | Pompa,Blower,Dif\u00fcz\u00f6r,Dozaj,End\u00fcstriyel Hava Filtrasyon\" \/>\n<meta property=\"article:modified_time\" content=\"2026-02-23T08:50:26+00:00\" \/>\n<meta property=\"og:image\" content=\"https:\/\/arpon.com.tr\/wp-content\/uploads\/2026\/01\/nrn_high-pressure_process_pump-SULZER.jpg\" \/>\n\t<meta property=\"og:image:width\" content=\"827\" \/>\n\t<meta property=\"og:image:height\" content=\"551\" \/>\n\t<meta property=\"og:image:type\" content=\"image\/jpeg\" \/>\n<meta name=\"twitter:card\" content=\"summary_large_image\" \/>\n<meta name=\"twitter:label1\" content=\"Price\" \/>\n\t<meta name=\"twitter:data1\" content=\"\" \/>\n\t<meta name=\"twitter:label2\" content=\"Availability\" \/>\n\t<meta name=\"twitter:data2\" content=\"In stock\" \/>\n<meta property=\"product:price:amount\" content=\"0.00\" \/>\n<meta property=\"product:price:currency\" content=\"TRY\" \/>\n<meta property=\"og:availability\" content=\"instock\" \/>\n<meta property=\"product:availability\" content=\"instock\" \/>\n<meta property=\"product:condition\" content=\"new\" \/>\n<!-- \/ Yoast SEO Premium plugin. -->","yoast_head_json":{"title":"Peristaltic Pump: With Different Flow Rate Options - ARPON | Pompa,Blower,Dif\u00fcz\u00f6r,Dozaj,End\u00fcstriyel Hava Filtrasyon","description":"Our peristaltic tube pump solutions can be integrated into measurement and distribution systems. They are also available with various flow rate options!","robots":{"index":"index","follow":"follow","max-snippet":"max-snippet:-1","max-image-preview":"max-image-preview:large","max-video-preview":"max-video-preview:-1"},"canonical":"https:\/\/arpon.com.tr\/en\/urun\/microdos-oem-pumps-kopya-kopya-kopya-kopya\/","og_locale":"en_US","og_type":"article","og_title":"SULZER NRN High Pressure Process Pump","og_description":"Our peristaltic tube pump solutions can be integrated into measurement and distribution systems. They are also available with various flow rate options!","og_url":"https:\/\/arpon.com.tr\/en\/urun\/microdos-oem-pumps-kopya-kopya-kopya-kopya\/","og_site_name":"ARPON | Pompa,Blower,Dif\u00fcz\u00f6r,Dozaj,End\u00fcstriyel Hava Filtrasyon","article_modified_time":"2026-02-23T08:50:26+00:00","og_image":[{"width":827,"height":551,"url":"https:\/\/arpon.com.tr\/wp-content\/uploads\/2026\/01\/nrn_high-pressure_process_pump-SULZER.jpg","type":"image\/jpeg"}],"twitter_card":"summary_large_image","twitter_misc":{"Price":"","Availability":"In stock"},"schema":{"@context":"https:\/\/schema.org","@graph":[{"@type":"WebPage","@id":"https:\/\/arpon.com.tr\/en\/urun\/microdos-oem-pumps-kopya-kopya-kopya-kopya\/","url":"https:\/\/arpon.com.tr\/en\/urun\/microdos-oem-pumps-kopya-kopya-kopya-kopya\/","name":"Peristaltic Pump: With Different Flow Rate Options - ARPON | Pompa,Blower,Dif\u00fcz\u00f6r,Dozaj,End\u00fcstriyel Hava Filtrasyon","isPartOf":{"@id":"https:\/\/arpon.com.tr\/en\/#website"},"primaryImageOfPage":{"@id":"https:\/\/arpon.com.tr\/en\/urun\/microdos-oem-pumps-kopya-kopya-kopya-kopya\/#primaryimage"},"image":{"@id":"https:\/\/arpon.com.tr\/en\/urun\/microdos-oem-pumps-kopya-kopya-kopya-kopya\/#primaryimage"},"thumbnailUrl":"https:\/\/arpon.com.tr\/wp-content\/uploads\/2026\/01\/nrn_high-pressure_process_pump-SULZER.jpg","datePublished":"2026-01-16T13:48:35+00:00","dateModified":"2026-02-23T08:50:26+00:00","description":"Our peristaltic tube pump solutions can be integrated into measurement and distribution systems. They are also available with various flow rate options!","breadcrumb":{"@id":"https:\/\/arpon.com.tr\/en\/urun\/microdos-oem-pumps-kopya-kopya-kopya-kopya\/#breadcrumb"},"inLanguage":"en-US","potentialAction":[{"@type":"ReadAction","target":["https:\/\/arpon.com.tr\/en\/urun\/microdos-oem-pumps-kopya-kopya-kopya-kopya\/"]}]},{"@type":"ImageObject","inLanguage":"en-US","@id":"https:\/\/arpon.com.tr\/en\/urun\/microdos-oem-pumps-kopya-kopya-kopya-kopya\/#primaryimage","url":"https:\/\/arpon.com.tr\/wp-content\/uploads\/2026\/01\/nrn_high-pressure_process_pump-SULZER.jpg","contentUrl":"https:\/\/arpon.com.tr\/wp-content\/uploads\/2026\/01\/nrn_high-pressure_process_pump-SULZER.jpg","width":827,"height":551},{"@type":"BreadcrumbList","@id":"https:\/\/arpon.com.tr\/en\/urun\/microdos-oem-pumps-kopya-kopya-kopya-kopya\/#breadcrumb","itemListElement":[{"@type":"ListItem","position":1,"name":"Anasayfa","item":"https:\/\/arpon.com.tr\/en\/"},{"@type":"ListItem","position":2,"name":"Shop","item":"https:\/\/arpon.com.tr\/en\/shop\/"},{"@type":"ListItem","position":3,"name":"SULZER NRN High Pressure Process Pump"}]},{"@type":"WebSite","@id":"https:\/\/arpon.com.tr\/en\/#website","url":"https:\/\/arpon.com.tr\/en\/","name":"ARPON | Pompa, Blower, Dif\u00fcz\u00f6r, Dozaj, End\u00fcstriyel Hava Filtrasyon","description":"ARPON","publisher":{"@id":"https:\/\/arpon.com.tr\/en\/#organization"},"potentialAction":[{"@type":"SearchAction","target":{"@type":"EntryPoint","urlTemplate":"https:\/\/arpon.com.tr\/en\/?s={search_term_string}"},"query-input":{"@type":"PropertyValueSpecification","valueRequired":true,"valueName":"search_term_string"}}],"inLanguage":"en-US"},{"@type":["Organization","Place"],"@id":"https:\/\/arpon.com.tr\/en\/#organization","name":"Arpon End\u00fcstriyel Ekipmanlar San. Tic. Ltd. \u015eti.","url":"https:\/\/arpon.com.tr\/en\/","logo":{"@id":"https:\/\/arpon.com.tr\/en\/urun\/microdos-oem-pumps-kopya-kopya-kopya-kopya\/#local-main-organization-logo"},"image":{"@id":"https:\/\/arpon.com.tr\/en\/urun\/microdos-oem-pumps-kopya-kopya-kopya-kopya\/#local-main-organization-logo"},"sameAs":["https:\/\/www.youtube.com\/channel\/UCwjBY3SvkX5IBFH4PsIOaxw","https:\/\/www.linkedin.com\/company\/arpon-endstriyel"],"telephone":[],"openingHoursSpecification":[{"@type":"OpeningHoursSpecification","dayOfWeek":["Monday","Tuesday","Wednesday","Thursday","Friday","Saturday","Sunday"],"opens":"09:00","closes":"17:00"}]},{"@type":"ImageObject","inLanguage":"en-US","@id":"https:\/\/arpon.com.tr\/en\/urun\/microdos-oem-pumps-kopya-kopya-kopya-kopya\/#local-main-organization-logo","url":"https:\/\/arpon.com.tr\/wp-content\/uploads\/2025\/10\/arpon-default.png","contentUrl":"https:\/\/arpon.com.tr\/wp-content\/uploads\/2025\/10\/arpon-default.png","width":300,"height":200,"caption":"Arpon End\u00fcstriyel Ekipmanlar San. Tic. Ltd. \u015eti."}]},"product_price_amount":"0.00","product_price_currency":"TRY","og_availability":"instock","product_availability":"instock","product_condition":"new"},"_links":{"self":[{"href":"https:\/\/arpon.com.tr\/en\/wp-json\/wp\/v2\/product\/13767","targetHints":{"allow":["GET"]}}],"collection":[{"href":"https:\/\/arpon.com.tr\/en\/wp-json\/wp\/v2\/product"}],"about":[{"href":"https:\/\/arpon.com.tr\/en\/wp-json\/wp\/v2\/types\/product"}],"version-history":[{"count":3,"href":"https:\/\/arpon.com.tr\/en\/wp-json\/wp\/v2\/product\/13767\/revisions"}],"predecessor-version":[{"id":14012,"href":"https:\/\/arpon.com.tr\/en\/wp-json\/wp\/v2\/product\/13767\/revisions\/14012"}],"wp:featuredmedia":[{"embeddable":true,"href":"https:\/\/arpon.com.tr\/en\/wp-json\/wp\/v2\/media\/13771"}],"wp:attachment":[{"href":"https:\/\/arpon.com.tr\/en\/wp-json\/wp\/v2\/media?parent=13767"}],"wp:term":[{"taxonomy":"product_brand","embeddable":true,"href":"https:\/\/arpon.com.tr\/en\/wp-json\/wp\/v2\/product_brand?post=13767"},{"taxonomy":"product_cat","embeddable":true,"href":"https:\/\/arpon.com.tr\/en\/wp-json\/wp\/v2\/product_cat?post=13767"},{"taxonomy":"product_tag","embeddable":true,"href":"https:\/\/arpon.com.tr\/en\/wp-json\/wp\/v2\/product_tag?post=13767"}],"curies":[{"name":"wp","href":"https:\/\/api.w.org\/{rel}","templated":true}]}}