{"id":13809,"date":"2026-02-02T13:21:38","date_gmt":"2026-02-02T10:21:38","guid":{"rendered":"https:\/\/arpon.com.tr\/?post_type=product&#038;p=13809"},"modified":"2026-02-23T11:50:08","modified_gmt":"2026-02-23T08:50:08","slug":"seepex-t-series-kopya","status":"publish","type":"product","link":"https:\/\/arpon.com.tr\/en\/urun\/seepex-t-series-kopya\/","title":{"rendered":"SEEPEX M-Macerator"},"content":{"rendered":"<p>SEEPEX&#8217;s new generation <strong>MACM Easy Maintenance Shredder<\/strong> <strong>solution<\/strong> <strong>combines<\/strong> <strong>precision<\/strong> cutting technology with maximum ease of maintenance.<br \/>\n By breaking down solid and fibrous materials to an ultra-fine level before pumping, it ensures more efficient operation, longer equipment life, and superior operational reliability.<\/p>\n<p> <span style=\"font-size: 14pt;\"><strong><em>\u201cRazor Sharpness for Maximum Performance \u2013 Finest Shrinkage for Seamless Pumping\u201d<\/em><\/strong><\/span><\/p>\n<p> Thanks to the new cutting geometry, large and fibrous particles in the fluid are broken down into very fine sizes, creating a smooth, fluid medium for the pump.<br \/>\n The upwardly foldable cutting unit design significantly simplifies and speeds up maintenance procedures.<\/p>\n","protected":false},"excerpt":{"rendered":"<p>SEEPEX&#8217;s new generation MACM Easy Maintenance Shredder solution combines precision cutting technology with maximum ease of maintenance.<br \/>\n By breaking down solid and fibrous materials to an ultra-fine level before pumping, it ensures more efficient operation, longer equipment life, and superior operational reliability.<\/p>\n","protected":false},"featured_media":13813,"template":"","meta":{"_acf_changed":false,"_angie_page":false,"_eb_attr":""},"product_brand":[411],"product_cat":[432,461,429],"product_tag":[],"class_list":{"0":"post-13809","1":"product","2":"type-product","3":"status-publish","4":"has-post-thumbnail","6":"product_brand-seepex","7":"product_cat-products","8":"product_cat-pumps-and-accessories","9":"product_cat-uncategorized","11":"first","12":"instock","13":"downloadable","14":"shipping-taxable","15":"product-type-simple"},"acf":[],"yoast_head":"<!-- This site is optimized with the Yoast SEO Premium plugin v27.3 (Yoast SEO v27.4) - https:\/\/yoast.com\/product\/yoast-seo-premium-wordpress\/ -->\n<title>SEEPEX M-Macerator - ARPON | Pompa,Blower,Dif\u00fcz\u00f6r,Dozaj,End\u00fcstriyel Hava Filtrasyon<\/title>\n<meta name=\"robots\" content=\"index, follow, max-snippet:-1, max-image-preview:large, max-video-preview:-1\" \/>\n<link rel=\"canonical\" href=\"https:\/\/arpon.com.tr\/en\/urun\/seepex-t-series-kopya\/\" \/>\n<meta property=\"og:locale\" content=\"en_US\" \/>\n<meta property=\"og:type\" content=\"article\" \/>\n<meta property=\"og:title\" content=\"SEEPEX M-Macerator\" \/>\n<meta property=\"og:description\" content=\"SEEPEX&#039;s new generation MACM Easy Maintenance Shredder solution combines precision cutting technology with maximum ease of maintenance. By breaking down solid and fibrous materials to an ultra-fine level before pumping, it ensures more efficient operation, longer equipment life, and superior operational reliability.\" \/>\n<meta property=\"og:url\" content=\"https:\/\/arpon.com.tr\/en\/urun\/seepex-t-series-kopya\/\" \/>\n<meta property=\"og:site_name\" content=\"ARPON | Pompa,Blower,Dif\u00fcz\u00f6r,Dozaj,End\u00fcstriyel Hava Filtrasyon\" \/>\n<meta property=\"article:modified_time\" content=\"2026-02-23T08:50:08+00:00\" \/>\n<meta property=\"og:image\" content=\"https:\/\/arpon.com.tr\/wp-content\/uploads\/2026\/02\/MACM_Perspektive_offen_Headerbild_800x600_Webseite_weis.webp\" \/>\n\t<meta property=\"og:image:width\" content=\"800\" \/>\n\t<meta property=\"og:image:height\" content=\"600\" \/>\n\t<meta property=\"og:image:type\" content=\"image\/webp\" \/>\n<meta name=\"twitter:card\" content=\"summary_large_image\" \/>\n<meta name=\"twitter:label1\" content=\"Price\" \/>\n\t<meta name=\"twitter:data1\" content=\"\" \/>\n\t<meta name=\"twitter:label2\" content=\"Availability\" \/>\n\t<meta name=\"twitter:data2\" content=\"In stock\" \/>\n<meta property=\"product:price:amount\" content=\"0.00\" \/>\n<meta property=\"product:price:currency\" content=\"TRY\" \/>\n<meta property=\"og:availability\" content=\"instock\" \/>\n<meta property=\"product:availability\" content=\"instock\" \/>\n<meta property=\"product:condition\" content=\"new\" \/>\n<!-- \/ Yoast SEO Premium plugin. -->","yoast_head_json":{"title":"SEEPEX M-Macerator - ARPON | Pompa,Blower,Dif\u00fcz\u00f6r,Dozaj,End\u00fcstriyel Hava Filtrasyon","robots":{"index":"index","follow":"follow","max-snippet":"max-snippet:-1","max-image-preview":"max-image-preview:large","max-video-preview":"max-video-preview:-1"},"canonical":"https:\/\/arpon.com.tr\/en\/urun\/seepex-t-series-kopya\/","og_locale":"en_US","og_type":"article","og_title":"SEEPEX M-Macerator","og_description":"SEEPEX's new generation MACM Easy Maintenance Shredder solution combines precision cutting technology with maximum ease of maintenance. By breaking down solid and fibrous materials to an ultra-fine level before pumping, it ensures more efficient operation, longer equipment life, and superior operational reliability.","og_url":"https:\/\/arpon.com.tr\/en\/urun\/seepex-t-series-kopya\/","og_site_name":"ARPON | Pompa,Blower,Dif\u00fcz\u00f6r,Dozaj,End\u00fcstriyel Hava Filtrasyon","article_modified_time":"2026-02-23T08:50:08+00:00","og_image":[{"width":800,"height":600,"url":"https:\/\/arpon.com.tr\/wp-content\/uploads\/2026\/02\/MACM_Perspektive_offen_Headerbild_800x600_Webseite_weis.webp","type":"image\/webp"}],"twitter_card":"summary_large_image","twitter_misc":{"Price":"","Availability":"In stock"},"schema":{"@context":"https:\/\/schema.org","@graph":[{"@type":"WebPage","@id":"https:\/\/arpon.com.tr\/en\/urun\/seepex-t-series-kopya\/","url":"https:\/\/arpon.com.tr\/en\/urun\/seepex-t-series-kopya\/","name":"SEEPEX M-Macerator - ARPON | Pompa,Blower,Dif\u00fcz\u00f6r,Dozaj,End\u00fcstriyel Hava Filtrasyon","isPartOf":{"@id":"https:\/\/arpon.com.tr\/en\/#website"},"primaryImageOfPage":{"@id":"https:\/\/arpon.com.tr\/en\/urun\/seepex-t-series-kopya\/#primaryimage"},"image":{"@id":"https:\/\/arpon.com.tr\/en\/urun\/seepex-t-series-kopya\/#primaryimage"},"thumbnailUrl":"https:\/\/arpon.com.tr\/wp-content\/uploads\/2026\/02\/MACM_Perspektive_offen_Headerbild_800x600_Webseite_weis.webp","datePublished":"2026-02-02T10:21:38+00:00","dateModified":"2026-02-23T08:50:08+00:00","breadcrumb":{"@id":"https:\/\/arpon.com.tr\/en\/urun\/seepex-t-series-kopya\/#breadcrumb"},"inLanguage":"en-US","potentialAction":[{"@type":"ReadAction","target":["https:\/\/arpon.com.tr\/en\/urun\/seepex-t-series-kopya\/"]}]},{"@type":"ImageObject","inLanguage":"en-US","@id":"https:\/\/arpon.com.tr\/en\/urun\/seepex-t-series-kopya\/#primaryimage","url":"https:\/\/arpon.com.tr\/wp-content\/uploads\/2026\/02\/MACM_Perspektive_offen_Headerbild_800x600_Webseite_weis.webp","contentUrl":"https:\/\/arpon.com.tr\/wp-content\/uploads\/2026\/02\/MACM_Perspektive_offen_Headerbild_800x600_Webseite_weis.webp","width":800,"height":600},{"@type":"BreadcrumbList","@id":"https:\/\/arpon.com.tr\/en\/urun\/seepex-t-series-kopya\/#breadcrumb","itemListElement":[{"@type":"ListItem","position":1,"name":"Anasayfa","item":"https:\/\/arpon.com.tr\/en\/"},{"@type":"ListItem","position":2,"name":"Shop","item":"https:\/\/arpon.com.tr\/en\/shop\/"},{"@type":"ListItem","position":3,"name":"SEEPEX M-Macerator"}]},{"@type":"WebSite","@id":"https:\/\/arpon.com.tr\/en\/#website","url":"https:\/\/arpon.com.tr\/en\/","name":"ARPON | Pompa, Blower, Dif\u00fcz\u00f6r, Dozaj, End\u00fcstriyel Hava Filtrasyon","description":"ARPON","publisher":{"@id":"https:\/\/arpon.com.tr\/en\/#organization"},"potentialAction":[{"@type":"SearchAction","target":{"@type":"EntryPoint","urlTemplate":"https:\/\/arpon.com.tr\/en\/?s={search_term_string}"},"query-input":{"@type":"PropertyValueSpecification","valueRequired":true,"valueName":"search_term_string"}}],"inLanguage":"en-US"},{"@type":["Organization","Place"],"@id":"https:\/\/arpon.com.tr\/en\/#organization","name":"Arpon End\u00fcstriyel Ekipmanlar San. Tic. Ltd. \u015eti.","url":"https:\/\/arpon.com.tr\/en\/","logo":{"@id":"https:\/\/arpon.com.tr\/en\/urun\/seepex-t-series-kopya\/#local-main-organization-logo"},"image":{"@id":"https:\/\/arpon.com.tr\/en\/urun\/seepex-t-series-kopya\/#local-main-organization-logo"},"sameAs":["https:\/\/www.youtube.com\/channel\/UCwjBY3SvkX5IBFH4PsIOaxw","https:\/\/www.linkedin.com\/company\/arpon-endstriyel"],"telephone":[],"openingHoursSpecification":[{"@type":"OpeningHoursSpecification","dayOfWeek":["Monday","Tuesday","Wednesday","Thursday","Friday","Saturday","Sunday"],"opens":"09:00","closes":"17:00"}]},{"@type":"ImageObject","inLanguage":"en-US","@id":"https:\/\/arpon.com.tr\/en\/urun\/seepex-t-series-kopya\/#local-main-organization-logo","url":"https:\/\/arpon.com.tr\/wp-content\/uploads\/2025\/10\/arpon-default.png","contentUrl":"https:\/\/arpon.com.tr\/wp-content\/uploads\/2025\/10\/arpon-default.png","width":300,"height":200,"caption":"Arpon End\u00fcstriyel Ekipmanlar San. Tic. Ltd. \u015eti."}]},"product_price_amount":"0.00","product_price_currency":"TRY","og_availability":"instock","product_availability":"instock","product_condition":"new"},"_links":{"self":[{"href":"https:\/\/arpon.com.tr\/en\/wp-json\/wp\/v2\/product\/13809","targetHints":{"allow":["GET"]}}],"collection":[{"href":"https:\/\/arpon.com.tr\/en\/wp-json\/wp\/v2\/product"}],"about":[{"href":"https:\/\/arpon.com.tr\/en\/wp-json\/wp\/v2\/types\/product"}],"version-history":[{"count":3,"href":"https:\/\/arpon.com.tr\/en\/wp-json\/wp\/v2\/product\/13809\/revisions"}],"predecessor-version":[{"id":14003,"href":"https:\/\/arpon.com.tr\/en\/wp-json\/wp\/v2\/product\/13809\/revisions\/14003"}],"wp:featuredmedia":[{"embeddable":true,"href":"https:\/\/arpon.com.tr\/en\/wp-json\/wp\/v2\/media\/13813"}],"wp:attachment":[{"href":"https:\/\/arpon.com.tr\/en\/wp-json\/wp\/v2\/media?parent=13809"}],"wp:term":[{"taxonomy":"product_brand","embeddable":true,"href":"https:\/\/arpon.com.tr\/en\/wp-json\/wp\/v2\/product_brand?post=13809"},{"taxonomy":"product_cat","embeddable":true,"href":"https:\/\/arpon.com.tr\/en\/wp-json\/wp\/v2\/product_cat?post=13809"},{"taxonomy":"product_tag","embeddable":true,"href":"https:\/\/arpon.com.tr\/en\/wp-json\/wp\/v2\/product_tag?post=13809"}],"curies":[{"name":"wp","href":"https:\/\/api.w.org\/{rel}","templated":true}]}}